{"id":90,"date":"2019-03-05T14:57:10","date_gmt":"2019-03-05T13:57:10","guid":{"rendered":"https:\/\/lefthander-consulting.org\/en\/?page_id=90"},"modified":"2020-11-02T12:26:07","modified_gmt":"2020-11-02T11:26:07","slug":"imprint","status":"publish","type":"page","link":"https:\/\/lefthander-consulting.org\/english\/imprint\/","title":{"rendered":"Imprint"},"content":{"rendered":"<p>&nbsp;<\/p>\n<p><b>Erste deutsche Beratungs- und Informationsstelle f\u00fcr Linksh\u00e4nder und umgeschulte Linksh\u00e4nder e.V.<\/b><\/p>\n<p><b><span lang=\"EN-US\">Consulting and Information Center for Left-handers and Converted Left-handers<\/span><\/b><\/p>\n<p>Sendlinger Str. 17<br \/>\nD &#8211; 80331 M\u00fcnchen<br \/>\nGermany \/ Europe<\/p>\n<p>Tel.\/ Fax +49 \/ 89 \/ 26 86 14<\/p>\n<p><a href=\"http:\/\/www.lefthander-consulting.org\/\">http:\/\/www.lefthander-consulting.org<\/a><\/p>\n<p><span class=\"SpellE\">e-mail<\/span>:\u00a0<a href=\"mailto:info@linkshaender-beratung.de\">info@lefthander-consulting.org<\/a><\/p>\n<p><i><span lang=\"EN-US\">Direction:\u00a0<\/span><\/i><span lang=\"EN-US\">Dr. Johanna Barbara Sattler, licensed psychotherapist, psychologist<\/span><\/p>\n<p><span lang=\"EN-US\">Most of the work at the Consulting Center is carried out on an honorary basis.<\/span><\/p>\n","protected":false},"excerpt":{"rendered":"<p>&nbsp; Erste deutsche Beratungs- und Informationsstelle f\u00fcr Linksh\u00e4nder und umgeschulte Linksh\u00e4nder e.V. Consulting and Information Center for Left-handers and Converted Left-handers Sendlinger Str. 17 D &#8211; 80331 M\u00fcnchen Germany \/ Europe Tel.\/ Fax +49 \/ 89 \/ 26 86 14 http:\/\/www.lefthander-consulting.org e-mail:\u00a0info@lefthander-consulting.org Direction:\u00a0Dr. Johanna Barbara Sattler, licensed psychotherapist, psychologist Most of the work at the Consulting Center is carried out on an honorary basis.<\/p>\n","protected":false},"author":1,"featured_media":0,"parent":0,"menu_order":3,"comment_status":"closed","ping_status":"closed","template":"","meta":{"footnotes":""},"class_list":["post-90","page","type-page","status-publish"],"_links":{"self":[{"href":"https:\/\/lefthander-consulting.org\/english\/wp-json\/wp\/v2\/pages\/90","targetHints":{"allow":["GET"]}}],"collection":[{"href":"https:\/\/lefthander-consulting.org\/english\/wp-json\/wp\/v2\/pages"}],"about":[{"href":"https:\/\/lefthander-consulting.org\/english\/wp-json\/wp\/v2\/types\/page"}],"author":[{"embeddable":true,"href":"https:\/\/lefthander-consulting.org\/english\/wp-json\/wp\/v2\/users\/1"}],"replies":[{"embeddable":true,"href":"https:\/\/lefthander-consulting.org\/english\/wp-json\/wp\/v2\/comments?post=90"}],"version-history":[{"count":3,"href":"https:\/\/lefthander-consulting.org\/english\/wp-json\/wp\/v2\/pages\/90\/revisions"}],"predecessor-version":[{"id":477,"href":"https:\/\/lefthander-consulting.org\/english\/wp-json\/wp\/v2\/pages\/90\/revisions\/477"}],"wp:attachment":[{"href":"https:\/\/lefthander-consulting.org\/english\/wp-json\/wp\/v2\/media?parent=90"}],"curies":[{"name":"wp","href":"https:\/\/api.w.org\/{rel}","templated":true}]}}