{"id":88,"date":"2019-03-05T14:56:38","date_gmt":"2019-03-05T13:56:38","guid":{"rendered":"https:\/\/lefthander-consulting.org\/en\/?page_id=88"},"modified":"2024-01-18T13:05:58","modified_gmt":"2024-01-18T12:05:58","slug":"lefthandershops","status":"publish","type":"page","link":"https:\/\/lefthander-consulting.org\/english\/network\/lefthandershops\/","title":{"rendered":"Lefthandershops"},"content":{"rendered":"<p><b><strong>Lefthandershops in different countries<\/strong><\/b><\/p>\n<p><b><strong>GERMANY<\/strong><\/b><\/p>\n<p><b><strong>Baden-W\u00fcrttemberg<\/strong><\/b><\/p>\n<table width=\"0\">\n<tbody>\n<tr>\n<td width=\"246\"><img loading=\"lazy\" decoding=\"async\" class=\"alignright size-medium wp-image-1607\" src=\"https:\/\/lefthander-consulting.org\/deutsch\/wp-content\/uploads\/2018\/12\/Linkshaender_Siegel_07_blau_RGB_72dpi-268x300.jpg\" alt=\"\" width=\"268\" height=\"300\" \/>\u00ae<\/td>\n<td width=\"826\"><b><strong>Zertifizierte Schreibwarenfachh\u00e4ndlerInnen in Baden-W\u00fcrttemberg<\/strong><\/b><\/p>\n<p>B\u00fcrosysteme Bammental GmbH,\u00a0<a href=\"http:\/\/www.bsbgmbh.de\/\">www.bsbgmbh.de<\/a>, E-Mail:\u00a0<a href=\"mailto:christine_grebing@web.de\">christine_grebing@web.de<\/a>,\u00a0<b><strong>Christine Grebing<\/strong><\/b>\u00a0(zertifiziert), Hauptstr. 81,\u00a0<b><strong>69245 Bammental<\/strong><\/b><\/p>\n<p>Paperie Gerald Anger, Gerald Anger,\u00a0<a href=\"http:\/\/www.paperie-anger.de\/\">www.paperie-anger.de<\/a>, E-Mail:\u00a0<a href=\"mailto:info@paperie-anger.de\">info@paperie-anger.de<\/a>,<b><strong>\u00a0Gerald Anger<\/strong><\/b>\u00a0(zertifiziert), Hauptstr. 35,<b><strong>\u00a074321 Bietigheim-Bissingen<\/strong><\/b><\/p>\n<p>Papier- und Schreibwaren S\u00fc\u00dfmuth, Bettina Menzel,\u00a0<a href=\"http:\/\/www.schreibwarensuessmuth.de\/\">www.schreibwarensuessmuth.de<\/a>, E-Mail:\u00a0<a href=\"mailto:info@schreibwarensuessmuth.de\">info@schreibwarensuessmuth.de<\/a>,<b><strong>\u00a0Bettina Menzel<\/strong><\/b>\u00a0(zertifiziert), Marktstra\u00dfe 13,<b><strong>\u00a089537 Giengen an der Brenz<\/strong><\/b><b><strong>\u00a0<\/strong><\/b><\/td>\n<\/tr>\n<\/tbody>\n<\/table>\n<ul>\n<li>Papier und Buchladen Kressborn, Tzschorn &amp; Stibitz GbR, <a href=\"http:\/\/www.papier-und-buchladen.de\">www.papier-und-buchladen.de<\/a>, E-mail: <a href=\"info@papier-und-buchladen.de\">info@papier-und-buchladen.de<\/a>, Hemigkofener Stra\u00dfe 12, <strong>88079 Kressbronn<\/strong><\/li>\n<\/ul>\n<p>&nbsp;<\/p>\n<p><b><strong>Bayern<\/strong><\/b><\/p>\n<table width=\"0\">\n<tbody>\n<tr>\n<td width=\"246\"><img loading=\"lazy\" decoding=\"async\" class=\"alignright size-medium wp-image-1607\" src=\"https:\/\/lefthander-consulting.org\/deutsch\/wp-content\/uploads\/2018\/12\/Linkshaender_Siegel_07_blau_RGB_72dpi-268x300.jpg\" alt=\"\" width=\"268\" height=\"300\" \/>\u00a0\u00ae<\/td>\n<td width=\"826\"><b><strong>Zertifizierte Schreibwarenfachh\u00e4ndlerInnen in Bayern<\/strong><\/b><\/p>\n<p>Schreibwaren Schnarr GmbH,\u00a0<a href=\"http:\/\/www.schreibwaren-schnarr.de\/\">www.schreibwaren-schnarr.de<\/a>, E-Mail:\u00a0<a href=\"mailto:g.schnarr@gmx.de\">g.schnarr@gmx.de<\/a>,\u00a0<b><strong>Petra Balonier<\/strong><\/b>\u00a0(zertifiziert), Marienstr. 19,\u00a0<b><strong>63820 Elsenfeld<\/strong><\/b><\/p>\n<p>Elke\u2019s Bastelgrube, E-Mail:\u00a0<a href=\"mailto:elkes-bastelgrube@online.de\">elkes-bastelgrube@online.de<\/a>,\u00a0<b><strong>Elke Mai<\/strong><\/b>\u00a0(zertifiziert), Auf der Wies 7,\u00a0<b><strong>87727 Babenhausen<\/strong><\/b><\/p>\n<p><b><strong>\u00a0<\/strong><\/b><\/td>\n<\/tr>\n<\/tbody>\n<\/table>\n<ul>\n<li>LINKOPFOTIA, Agnes Maria Forsthofer, Winterstra\u00dfe 6,\u00a0<b><strong>81543 M\u00fcnchen<\/strong><\/b><\/li>\n<li>sinErgo, Versand f\u00fcr Linksh\u00e4nder,\u00a0<a href=\"http:\/\/www.sinergo.de\/\">www.sinergo.de<\/a>, E-Mail:\u00a0<a href=\"mailto:info@sinErgo.com\">info@sinErgo.com<\/a><\/li>\n<li>tk-tec &amp; design e.K., Karin Tzschorn, <a href=\"http:\/\/www.tk-tec.de\">www.tk-tec.de<\/a>, E-Mail: <a href=\"mailto:shop@tk-tec.de\">shop@tk-tec.de<\/a>, Lugecksiedlung 5,\u00a0<b><strong>88131 Lindau<\/strong><\/b><\/li>\n<\/ul>\n<p><b><strong>\u00a0<\/strong><\/b><b><strong>Hessen<\/strong><\/b><\/p>\n<table width=\"0\">\n<tbody>\n<tr>\n<td><img loading=\"lazy\" decoding=\"async\" class=\"alignright size-medium wp-image-1607\" src=\"https:\/\/lefthander-consulting.org\/deutsch\/wp-content\/uploads\/2018\/12\/Linkshaender_Siegel_07_blau_RGB_72dpi-268x300.jpg\" alt=\"\" width=\"268\" height=\"300\" \/>\u00ae<\/td>\n<td><b><strong>Zertifizierte Schreibwarenfachh\u00e4ndlerInnen in Hessen<\/strong><\/b><\/p>\n<p>Hoffmann-schreiben-spielen-schenken,\u00a0<a href=\"http:\/\/www.schreibwaren-hoffmann.de\/\">www.schreibwaren-hoffmann.de<\/a>, E-Mail:\u00a0<a href=\"mailto:info@schreibwaren-hoffmann.de\">info@schreibwaren-hoffmann.de<\/a>,\u00a0<b><strong>Birgit Hoffmann\u00a0<\/strong><\/b>(zertifiziert), Herrnstra\u00dfe 10,\u00a0<b><strong>63179 Obertshausen<\/strong><\/b><\/p>\n<p>Daniel\/Foto-Buch-Papier-Spiel, Margaretha Seitz,\u00a0<a href=\"http:\/\/www.daniel-eiterfeld.de\/\">www.daniel-eiterfeld.de\u00a0<\/a>, E-Mail:\u00a0<a href=\"mailto:info@daniel-eiterfeld.de\">info@daniel-eiterfeld.de\u00a0<\/a>,\u00a0<b><strong>Margaretha Seitz<\/strong><\/b>\u00a0(zertifiziert), Bahnhofstra\u00dfe 17,\u00a0<b><strong>36132 Eiterfeld<\/strong><\/b><\/td>\n<\/tr>\n<\/tbody>\n<\/table>\n<p>&nbsp;<\/p>\n<p><b><strong>Niedersachsen<\/strong><\/b><\/p>\n<table width=\"0\">\n<tbody>\n<tr>\n<td width=\"246\"><img loading=\"lazy\" decoding=\"async\" class=\"alignright size-medium wp-image-1607\" src=\"https:\/\/lefthander-consulting.org\/deutsch\/wp-content\/uploads\/2018\/12\/Linkshaender_Siegel_07_blau_RGB_72dpi-268x300.jpg\" alt=\"\" width=\"268\" height=\"300\" \/><\/p>\n<p>\u00ae<\/td>\n<td width=\"826\"><b><strong>Zertifizierte Schreibwarenfachh\u00e4ndlerInnen in Niedersachsen<\/strong><\/b><\/p>\n<p>Bimarkt GmbH &amp; Co. KG, Carla Gundlach,\u00a0<a href=\"http:\/\/www.bimarkt.de\/\">www.bimarkt.de<\/a>,<b><strong>\u00a0Heike Varbelow\u00a0<\/strong><\/b>(zertifiziert), Hannoversche Str. 82,\u00a0<b><strong>49084 Osnabr\u00fcck<\/strong><\/b><b><strong>\u00a0<\/strong><\/b><\/p>\n<p>Buchhandlung Ullrich, Elke Fricke,\u00a0<a href=\"http:\/\/www.buecher-ullrich.de\/\">www.buecher-ullrich.de<\/a>, E-Mail:\u00a0<a href=\"mailto:info@buecher-ullrich.de\">info@buecher-ullrich.de<\/a>,<b><strong>\u00a0Thorsten Fricke\u00a0<\/strong><\/b>(zertifiziert), Bahnhofstr. 4,<b><strong>\u00a029386 Hankensb\u00fcttel<\/strong><\/b><b><strong>\u00a0<\/strong><\/b><\/p>\n<p>DODT Einzelhandel UG Buch Papier Schule,\u00a0<a href=\"http:\/\/www.schreibwaren-dodt.de\/\">www.schreibwaren-dodt.de<\/a>, E-Mail:\u00a0<a href=\"mailto:info@schreibwaren-dodt.de\">info@schreibwaren-dodt.de<\/a>,<b><strong>\u00a0Malgorzata Torandt\u00a0<\/strong><\/b>(zertifiziert), Hauptstr. 3,<b><strong>\u00a029646 Bispingen<\/strong><\/b><\/p>\n<p>Schreib Gut(h), E-Mail:\u00a0<a href=\"mailto:schreibgut-arnum@web.de\">schreibgut-arnum@web.de<\/a>,<b><strong>\u00a0Elke Guth\u00a0<\/strong><\/b>(zertifiziert), G\u00f6ttinger Stra\u00dfe 62,<b><strong>\u00a030966 Hemmingen<\/strong><\/b><\/td>\n<\/tr>\n<\/tbody>\n<\/table>\n<ul>\n<li><b><strong>\u00a0<\/strong><\/b>LAF\u00dcLIKI, Fachhandel f\u00fcr Linksh\u00e4nder und Feinmotorik, J\u00f6rg und Cerstin Bayer,\u00a0\u00a0<a href=\"http:\/\/www.lafueliki.com\/\">www.lafueliki.com<\/a>, E-Mail:\u00a0<a href=\"mailto:info@laefuliki.de\">info@lafueliki.de<\/a>, Sch\u00f6ttlingerstr. 7a,\u00a0<b><strong>31698 Lindhorst<\/strong><\/b><\/li>\n<\/ul>\n<p><b><strong>Nordrhein-Westfalen<\/strong><\/b><\/p>\n<table width=\"0\">\n<tbody>\n<tr>\n<td width=\"246\"><img loading=\"lazy\" decoding=\"async\" class=\"alignright size-medium wp-image-1607\" src=\"https:\/\/lefthander-consulting.org\/deutsch\/wp-content\/uploads\/2018\/12\/Linkshaender_Siegel_07_blau_RGB_72dpi-268x300.jpg\" alt=\"\" width=\"268\" height=\"300\" \/>\u00ae<\/td>\n<td width=\"826\"><b><strong>Zertifizierte Schreibwarenfachh\u00e4ndlerInnen in Nordrhein-Westfalen<\/strong><\/b><\/p>\n<p>Weitz &amp; Franken GmbH, E-Mail:\u00a0<a href=\"mailto:info@weitz-franken.de\">info@weitz-franken.de<\/a>,\u00a0<b><strong>Berthold Franken<\/strong><\/b> (zertifiziert), Bachstra\u00dfe 32c, <b><strong>41352 Korschenbroich<\/strong><\/b><\/p>\n<p>Korf B\u00fcrozentrum GmbH, E-Mail:\u00a0<a href=\"mailto:{825ce7bd96552d1387c5a289f2c5d726b29c9493506ae97cbdb5f5336ecdc2a9}20o.krieger@korf.de\">o.krieger@korf.de<\/a>,\u00a0<b><strong>Olga Krieger<\/strong><\/b> (zertifiziert), Liemer Weg 49, <b><strong>32657 Lemgo<\/strong><\/b><\/p>\n<p>BABALU Geschenke-Spiele-Buchhandlung, Ren\u00e9 Ronig, E-Mail:\u00a0<a href=\"mailto:babalu.ronig@t-online.de\">babalu.ronig@t-online.de<\/a>,\u00a0<b><strong>Karin Ronig<\/strong><\/b>\u00a0(zertifiziert), Im Unterdorf 4,\u00a0<b><strong>52393 H\u00fcrtgenwald<\/strong><\/b><\/p>\n<p>Stempel-Meyer KG, Gisela Schroer,\u00a0<a href=\"http:\/\/www.stempel-meyer.de\/\">www.stempel-meyer.de<\/a>, E-Mail:\u00a0<a href=\"mailto:info@stempel-meyer.de\">info@stempel-meyer.de<\/a>,\u00a0<b><strong>Andrea Schroer-Uci <\/strong><\/b>(zertifiziert),\u00a0<b><strong>Sandra Tekniepe<\/strong><\/b>\u00a0(zertifiziert), Kurf\u00fcrstenstr. 16,\u00a0<b><strong>46399 Bocholt<\/strong><\/b><\/p>\n<p><b><strong>\u00a0<\/strong><\/b><\/td>\n<\/tr>\n<\/tbody>\n<\/table>\n<p><b><strong>\u00a0<\/strong><\/b><b><strong>Rheinland-Pfalz<\/strong><\/b><\/p>\n<table width=\"0\">\n<tbody>\n<tr>\n<td width=\"246\"><img loading=\"lazy\" decoding=\"async\" class=\"alignright size-medium wp-image-1607\" src=\"https:\/\/lefthander-consulting.org\/deutsch\/wp-content\/uploads\/2018\/12\/Linkshaender_Siegel_07_blau_RGB_72dpi-268x300.jpg\" alt=\"\" width=\"268\" height=\"300\" \/><\/p>\n<p>\u00ae<\/td>\n<td width=\"826\"><b><strong>Zertifizierte Schreibwarenfachh\u00e4ndlerInnen in Rheinland-Pfalz<\/strong><\/b><\/p>\n<p>Papeterie Breuer, Anna Breuer,\u00a0<a href=\"http:\/\/www.papeteriebreuer.de\/\">www.papeteriebreuer.de<\/a>, E-Mail:\u00a0<a href=\"mailto:info@papeteriebreuer.de\">info@papeteriebreuer.de<\/a>,\u00a0<b><strong>Anna Breuer\u00a0<\/strong><\/b>(zertifiziert), Hauptstr. 28,\u00a0<b><strong>67269 Gr\u00fcnstadt<\/strong><\/b><\/p>\n<p>Spickzettel, Karin Ehrhardt,\u00a0<a href=\"http:\/\/www.spickzettel-ehrhardt.de\/\">www.spickzettel-ehrhardt.de<\/a>, E-Mail:\u00a0<a href=\"mailto:karin-ehrhardt@web.de\">karin-ehrhardt@web.de<\/a>,\u00a0<b><strong>Karin Ehrhardt<\/strong><\/b>\u00a0(zertifiziert), Mittlere Ortsstra\u00dfe 95,\u00a0<b><strong>76761 R\u00fclzheim<\/strong><\/b><\/p>\n<p><b><strong>\u00a0<\/strong><\/b><\/td>\n<\/tr>\n<\/tbody>\n<\/table>\n<p><b><strong>\u00a0<\/strong><\/b><b><strong>Sachsen-Anhalt<\/strong><\/b><\/p>\n<ul>\n<li>K\u00fcnstlerbedarf und mehr, Silvia Fischer, Steinweg 55,\u00a0<b><strong>06110 Halle<\/strong><\/b><\/li>\n<li>Linkshandprodukte im Fachgesch\u00e4ft f\u00fcr Stahlwaren (nur Schneidinstrumente), Wolfgang Lehmann, Gr. Kalandstr. 10,\u00a0<b><strong>06667 Wei\u00dfenfels<\/strong><\/b><b><strong><br \/>\n<\/strong><\/b><\/li>\n<\/ul>\n<p><b><strong>Schleswig-Holstein<\/strong><\/b><\/p>\n<ul>\n<li>ZAUBERKISTE, Sachen f\u00fcr Linksh\u00e4nder, Versand, Praxis f\u00fcr Ergotherapie, Wiebke Kaas, Lankenstr. 9,<strong> 23758 Oldenburg i.H.<\/strong><\/li>\n<li>Evers Papier, Evers Druck GmbH,\u00a0 <a href=\"http:\/\/www.everspapier.de\/\">www.everspapier.de<\/a>, E-Mail: <a href=\"mailto:evers.papier@eversfrank.com\">evers.papier@eversfrank.com<\/a>,\u00a0Marktstr. 2,\u00a0<b><strong>25704 Meldorf<\/strong><\/b><\/li>\n<\/ul>\n<p><b><strong>Th\u00fcringen<\/strong><\/b><\/p>\n<ul>\n<li>Linksh\u00e4nder &amp; Co GmbH, Heiko Hilscher,\u00a0\u00a0<a href=\"http:\/\/www.linkshaender.de\/\">www.linkshaender.de<\/a>, E-Mail:\u00a0<a href=\"mailto:info@linkshaender.de\">info@linkshaender.de<\/a>, Kr\u00e4merbr\u00fccke 24,\u00a0<b><strong>99084 Erfurt<\/strong><\/b><\/li>\n<\/ul>\n<p>&nbsp;<\/p>\n<p><b><strong>OTHER\u00a0\u00a0COUNTRIES<\/strong><\/b><\/p>\n<p><b><strong>AUSTRALIA<br \/>\n<\/strong><\/b><\/p>\n<ul>\n<li>Lefty\u2019s Left Handed Products, <a href=\"http:\/\/www.leftys.com.au\">www.leftys.com.au<\/a>, Email: <a href=\"asklefty@leftys.com.au\">asklefty@leftys.com.au<\/a>, ABN 60 103 682 006, Post: PO Box 4247, <b><strong>Marayong<\/strong><\/b> NSW 2148 Australia<\/li>\n<\/ul>\n<p><b><strong>AUSTRIA<\/strong><\/b><\/p>\n<ul>\n<li>Dar Z\u00e4odl e.U., Schreibwaren-B\u00fcromaterial-Linksh\u00e4ndershop, Brigitte Hagen, E-Mail: <a href=\"office@zaeodl.at\">office@zaeodl.at<\/a>, Maria Theresien Str. 19, <b><strong>A &#8211; 6890 Lustenau<\/strong><\/b><\/li>\n<\/ul>\n<p><b><strong>CANADA<\/strong><\/b><\/p>\n<ul>\n<li>lesgauchers.com,\u00a0<a href=\"http:\/\/www.lesgauchers.com\/\">www.lesgauchers.com<\/a>, E-Mail: <a href=\"mailto:assos.lesgauchers@free.fr\">assos.lesgauchers@free.fr<\/a>, 12 rue Marcel Bourotte, <b><strong>19100 Brive la Gaillarde\u00a0<\/strong><\/b><\/li>\n<\/ul>\n<p><b><strong>ENGLAND<\/strong><\/b><\/p>\n<ul>\n<li>Ernest Thomas (Hendon) Ltd,\u00a0<b><strong>Wholesalers<\/strong><\/b><b><strong>\u00a0\/ Gro\u00dfhandel<\/strong><\/b>, Managing Director: Ian Lowden,\u00a0<a href=\"http:\/\/www.ethomasltd.com\">www.ethomasltd.com<\/a>, E-Mail:\u00a0<a href=\"ian@ethomasltd.com\">ian@ethomasltd.com<\/a>,\u00a0 1<sup>st<\/sup> Floor, Talbot House, 231 High Street, Crowthorne, Berks RG45 7AQ<\/li>\n<li>Anything Left-Handed Ltd, 1<sup>st<\/sup> Floor Sterling Centre, <strong>Bracknell, Berks RG12 2PW<\/strong>, <a href=\"http:\/\/www.anythingleft-handed.co.uk\/\">www.anythingleft-handed.co.uk<\/a>, E-Mail:\u00a0<a href=\"mailto:enquiry@anythingleft-handed.co.uk\">enquiry@anythingleft-handed.co.uk<\/a><\/li>\n<li>Left n Write Ltd, Mark Steward, <a href=\"http:\/\/www.leftshoponline.co.uk\">www.leftshoponline.co.uk<\/a>\u00a0 E-Mail: <a href=\"mailto:info@leftshoponline.co.uk\">info@leftshoponline.co.uk<\/a>\u00a0 c\/o 5 Deansway, Worcester WR1 2JG<\/li>\n<\/ul>\n<p><b><strong>FRANCE<\/strong><\/b><\/p>\n<ul>\n<li>La Main Gauche,\u00a0<a href=\"http:\/\/www.lamaingauche.com\/\">www.lamaingauche.com<\/a>, E-Mail:\u00a0<a href=\"mailto:lamaingauche@orange.fr\">lamaingauche@orange.fr<\/a>, BP 10 008, <b><strong>77930 Chailly en Biere<br \/>\n<\/strong><\/b><\/li>\n<\/ul>\n<p><b><strong>GREECE<\/strong><\/b><\/p>\n<ul>\n<li>ARISTEROXEIRAS, S. Abatzis &amp; Co. E.E., 25, Emmanouil Benaki Street, <b><strong>106 78, Athens<\/strong><\/b>, Greece<b><strong>,\u00a0<\/strong><\/b><a href=\"http:\/\/www.aristeroxeiras.gr\/\">www.aristeroxeiras.gr<\/a><b><strong>,\u00a0<\/strong><\/b>E-Mail:\u00a0<a href=\"info@paper1.gr\">info@paper1.gr<\/a>, <a href=\"sabatzis@paper1.gr\">sabatzis@paper1.gr<\/a><\/li>\n<\/ul>\n<p><b><strong>NETHERLANDS<\/strong><\/b><\/p>\n<ul>\n<li>De officiele Linkshandigen Winkel,\u00a0<a href=\"http:\/\/www.delinkshandigenwinkel.nl\/\">www.delinkshandigenwinkel.nl<\/a>,\u00a0E-Mail: <a href=\"mailto:service@delinkshandigenwinkel.nl\">service@delinkshandigenwinkel.nl<\/a>, Hotel de Wereldstraat 8,\u00a0<b><strong>NL- 1318 AR Almere<\/strong><\/b><\/li>\n<\/ul>\n<p><b><strong>RUSSIA<\/strong><\/b><\/p>\n<ul>\n<li>FC Forum, <a href=\"http:\/\/www.forum-ok.ru\/\">www.forum-ok.ru<\/a>, E-Mail: <a href=\"mailto:forum@forum-ok.ru\">forum@forum-ok.ru<\/a>,\u00a0\u00a0Fayansovaia str., 22,\u00a0<b><strong>192019\u00a0<\/strong><\/b><b><strong>St<\/strong><\/b><b><strong>.-<\/strong><\/b><b><strong>Petersburg<\/strong><\/b><\/li>\n<\/ul>\n<p><b><strong>SWITZERLAND<\/strong><\/b><\/p>\n<ul>\n<li>Links-H\u00e4nder-Shop Nisple, Sabine und Andr\u00e9 Nisple, <a href=\"http:\/\/www.links-haender-shop.ch\">www.links-haender-shop.ch<\/a>, E-Mail:\u00a0<a href=\"info@links-haender-shop.ch\">info@links-haender-shop.ch<\/a>, Heinisolstrasse 25,\u00a0<b>CH &#8211; 8194 H\u00fcntwangen<\/b><\/li>\n<\/ul>\n<p><b><strong>HUNGARY<br \/>\n<\/strong><\/b><\/p>\n<ul>\n<li>Left Handed Star Bt., Judith Rost\u00e1n\u00e9 Csillag, <a href=\"https:\/\/balkezesgyerekek.hu\">https:\/\/balkezesgyerekek.hu<\/a>, \u00a0E-Mail: <a href=\"mailto:info@balkezesgyerekek.hu\">info@balkezesgyerekek.hu,<\/a> Arany J\u00e1nos street 134, HU &#8211; 1154 Budapest<\/li>\n<\/ul>\n<p><b><strong>USA<\/strong><\/b><\/p>\n<ul>\n<li>Lefty\u2019s San Francisco, The Left Hand Store,\u00a0<a href=\"http:\/\/www.leftyslefthanded.com\/\">www.leftyslefthanded.com<\/a>,\u00a0\u00a0E-Mail: <a href=\"mailto:contactus@leftyslefthanded.com\">contactus@leftyslefthanded.com<\/a>, 39 PIER, Box 180, <b><strong>San Francisco<\/strong><\/b>, CA 94133<\/li>\n<\/ul>\n<p>Stand: 12.07.2023<\/p>\n","protected":false},"excerpt":{"rendered":"<p>Lefthandershops in different countries GERMANY Baden-W\u00fcrttemberg \u00ae Zertifizierte Schreibwarenfachh\u00e4ndlerInnen in Baden-W\u00fcrttemberg B\u00fcrosysteme Bammental GmbH,\u00a0www.bsbgmbh.de, E-Mail:\u00a0christine_grebing@web.de,\u00a0Christine Grebing\u00a0(zertifiziert), Hauptstr. 81,\u00a069245 Bammental Paperie Gerald Anger, Gerald Anger,\u00a0www.paperie-anger.de, E-Mail:\u00a0info@paperie-anger.de,\u00a0Gerald Anger\u00a0(zertifiziert), Hauptstr. 35,\u00a074321 Bietigheim-Bissingen Papier- und Schreibwaren S\u00fc\u00dfmuth, Bettina Menzel,\u00a0www.schreibwarensuessmuth.de, E-Mail:\u00a0info@schreibwarensuessmuth.de,\u00a0Bettina Menzel\u00a0(zertifiziert), Marktstra\u00dfe 13,\u00a089537 Giengen an der Brenz\u00a0 Papier und Buchladen Kressborn, Tzschorn &amp; Stibitz GbR, www.papier-und-buchladen.de, E-mail: info@papier-und-buchladen.de, Hemigkofener Stra\u00dfe 12, 88079 Kressbronn &nbsp; Bayern \u00a0\u00ae Zertifizierte Schreibwarenfachh\u00e4ndlerInnen in Bayern Schreibwaren Schnarr GmbH,\u00a0www.schreibwaren-schnarr.de, E-Mail:\u00a0g.schnarr@gmx.de,\u00a0Petra Balonier\u00a0(zertifiziert), Marienstr. 19,\u00a063820 Elsenfeld Elke\u2019s Bastelgrube, E-Mail:\u00a0elkes-bastelgrube@online.de,\u00a0Elke Mai\u00a0(zertifiziert), Auf der Wies 7,\u00a087727 Babenhausen \u00a0 LINKOPFOTIA, Agnes Maria Forsthofer, Winterstra\u00dfe 6,\u00a081543 M\u00fcnchen sinErgo, Versand f\u00fcr Linksh\u00e4nder,\u00a0www.sinergo.de, E-Mail:\u00a0info@sinErgo.com tk-tec &amp; design e.K., Karin Tzschorn, www.tk-tec.de, E-Mail: shop@tk-tec.de, Lugecksiedlung 5,\u00a088131 Lindau \u00a0Hessen \u00ae Zertifizierte Schreibwarenfachh\u00e4ndlerInnen in Hessen Hoffmann-schreiben-spielen-schenken,\u00a0www.schreibwaren-hoffmann.de, E-Mail:\u00a0info@schreibwaren-hoffmann.de,\u00a0Birgit Hoffmann\u00a0(zertifiziert), Herrnstra\u00dfe 10,\u00a063179 Obertshausen Daniel\/Foto-Buch-Papier-Spiel, Margaretha Seitz,\u00a0www.daniel-eiterfeld.de\u00a0, E-Mail:\u00a0info@daniel-eiterfeld.de\u00a0,\u00a0Margaretha Seitz\u00a0(zertifiziert), Bahnhofstra\u00dfe 17,\u00a036132 Eiterfeld &nbsp; Niedersachsen \u00ae Zertifizierte Schreibwarenfachh\u00e4ndlerInnen in Niedersachsen Bimarkt GmbH &amp; Co. KG, Carla Gundlach,\u00a0www.bimarkt.de,\u00a0Heike Varbelow\u00a0(zertifiziert), Hannoversche Str. 82,\u00a049084 Osnabr\u00fcck\u00a0 Buchhandlung Ullrich, Elke Fricke,\u00a0www.buecher-ullrich.de, E-Mail:\u00a0info@buecher-ullrich.de,\u00a0Thorsten Fricke\u00a0(zertifiziert), Bahnhofstr. &#8230; <a title=\"Lefthandershops\" class=\"read-more\" href=\"https:\/\/lefthander-consulting.org\/english\/network\/lefthandershops\/\" aria-label=\"Read more about Lefthandershops\">Read more<\/a><\/p>\n","protected":false},"author":1,"featured_media":0,"parent":133,"menu_order":2,"comment_status":"closed","ping_status":"closed","template":"","meta":{"footnotes":""},"class_list":["post-88","page","type-page","status-publish"],"_links":{"self":[{"href":"https:\/\/lefthander-consulting.org\/english\/wp-json\/wp\/v2\/pages\/88","targetHints":{"allow":["GET"]}}],"collection":[{"href":"https:\/\/lefthander-consulting.org\/english\/wp-json\/wp\/v2\/pages"}],"about":[{"href":"https:\/\/lefthander-consulting.org\/english\/wp-json\/wp\/v2\/types\/page"}],"author":[{"embeddable":true,"href":"https:\/\/lefthander-consulting.org\/english\/wp-json\/wp\/v2\/users\/1"}],"replies":[{"embeddable":true,"href":"https:\/\/lefthander-consulting.org\/english\/wp-json\/wp\/v2\/comments?post=88"}],"version-history":[{"count":37,"href":"https:\/\/lefthander-consulting.org\/english\/wp-json\/wp\/v2\/pages\/88\/revisions"}],"predecessor-version":[{"id":910,"href":"https:\/\/lefthander-consulting.org\/english\/wp-json\/wp\/v2\/pages\/88\/revisions\/910"}],"up":[{"embeddable":true,"href":"https:\/\/lefthander-consulting.org\/english\/wp-json\/wp\/v2\/pages\/133"}],"wp:attachment":[{"href":"https:\/\/lefthander-consulting.org\/english\/wp-json\/wp\/v2\/media?parent=88"}],"curies":[{"name":"wp","href":"https:\/\/api.w.org\/{rel}","templated":true}]}}