{"id":84,"date":"2019-03-05T14:55:13","date_gmt":"2019-03-05T13:55:13","guid":{"rendered":"https:\/\/lefthander-consulting.org\/en\/?page_id=84"},"modified":"2019-04-26T15:03:40","modified_gmt":"2019-04-26T13:03:40","slug":"toy","status":"publish","type":"page","link":"https:\/\/lefthander-consulting.org\/english\/information\/toy\/","title":{"rendered":"Toy"},"content":{"rendered":"<p>&nbsp;<\/p>\n<table width=\"100%\">\n<tbody>\n<tr>\n<td><b>Toy for\u00a0<\/b><b>Left-Handed Children<br \/>\n<\/b><b>A toy which is suitable for both left-handed and right-handed children.<\/b><\/td>\n<td><img loading=\"lazy\" decoding=\"async\" class=\"alignleft size-full wp-image-214\" src=\"https:\/\/lefthander-consulting.org\/wp-content\/uploads\/2018\/06\/Image2-1.jpg\" alt=\"\" width=\"270\" height=\"196\" \/><\/td>\n<\/tr>\n<\/tbody>\n<\/table>\n<p>Play for children is their &#8220;everyday work&#8221;. Study of this area has so far totally disregarded the implications of left-handedness. However, it is vital from an educational point of view to consider what is appropriate for left-handed children to ensure that they have fun and joy with their toys.<\/p>\n<p>Essential criteria for a toy to suit both left and right-handed children are:<\/p>\n<table width=\"100%\">\n<tbody>\n<tr>\n<td><img loading=\"lazy\" decoding=\"async\" class=\"alignleft size-full wp-image-15\" src=\"https:\/\/lefthander-consulting.org\/wp-content\/uploads\/2018\/06\/Image3.jpg\" alt=\"\" width=\"295\" height=\"196\" \/><\/td>\n<td>\n<ul>\n<li>Support for left-handed children without giving this a &#8220;special status&#8221;.<\/li>\n<\/ul>\n<ul>\n<li>Both left-handed and right-handed children can play with the same toy without being at a disadvantage.<\/li>\n<\/ul>\n<ul>\n<li>A toy should only be made in one form &#8211; not different versions for left and right-handers.<\/li>\n<\/ul>\n<\/td>\n<\/tr>\n<\/tbody>\n<\/table>\n<p><span style=\"color: #000000\">The demand that not only toy manufacturers but also designers should take into account the needs of left-handed children is considered in detail for the first time in the article by Susanne von <img loading=\"lazy\" decoding=\"async\" class=\"size-full wp-image-16 alignright\" src=\"https:\/\/lefthander-consulting.org\/wp-content\/uploads\/2018\/06\/Image4.jpg\" alt=\"\" width=\"277\" height=\"183\" \/>Rotberg &#8220;<a href=\"https:\/\/lefthander-consulting.org\/english\/information\/spielzeug-fuer-linkshaendige-kinder\/\">Spielzeug f\u00fcr linksh\u00e4ndige Kinder&#8221;<\/a>.<\/span><\/p>\n<p>&nbsp;<\/p>\n<table style=\"height: 253px;width: 100%\" width=\"100%\">\n<tbody>\n<tr style=\"height: 253px\">\n<td style=\"height: 253px\">The Annual\u00a0<a href=\"https:\/\/lefthander-consulting.org\/english\/information\/toy\/\">Left-Handers&#8217; Toy of the Year Award<\/a>\u00a0should be a step in the right direction.The prize winner will be decided by a jury of expert left-hander advisiors (using the methodology of Dr. Johanna Barbara Sattler) on International Left-Handers Day, 13 August 2004.<\/p>\n<p>&nbsp;<\/td>\n<\/tr>\n<\/tbody>\n<\/table>\n<p>\u00a9 Copyright: Consulting and Information Center for Left-handers and Converted Left-handers<br \/>\n(Erste deutsche Beratungs- und Informationsstelle f\u00fcr Linksh\u00e4nder und umgeschulte Linksh\u00e4nder)<br \/>\nSendlinger Str. 17, D \u2013 80331 Munich (M\u00fcnchen), Germany \/ Europe, Tel.\/ Fax: +49 \/ 89 \/ 26 86 14<br \/>\n<a href=\"https:\/\/lefthander-consulting.org\">https:\/\/lefthander-consulting.org<\/a>, e-mail: info@lefthander-consulting.org<\/p>\n<p>&nbsp;<\/p>\n","protected":false},"excerpt":{"rendered":"<p>&nbsp; Toy for\u00a0Left-Handed Children A toy which is suitable for both left-handed and right-handed children. Play for children is their &#8220;everyday work&#8221;. Study of this area has so far totally disregarded the implications of left-handedness. However, it is vital from an educational point of view to consider what is appropriate for left-handed children to ensure that they have fun and joy with their toys. Essential criteria for a toy to suit both left and right-handed children are: Support for left-handed children without giving this a &#8220;special status&#8221;. Both left-handed and right-handed children can play with the same toy without being at a disadvantage. A toy should only be made in one form &#8211; not different versions for left and right-handers. The demand that not only toy manufacturers but also designers should take into account the needs of left-handed children is considered in detail for the first time in the article by Susanne von Rotberg &#8230; <a title=\"Toy\" class=\"read-more\" href=\"https:\/\/lefthander-consulting.org\/english\/information\/toy\/\" aria-label=\"Read more about Toy\">Read more<\/a><\/p>\n","protected":false},"author":1,"featured_media":0,"parent":131,"menu_order":3,"comment_status":"closed","ping_status":"closed","template":"","meta":{"footnotes":""},"class_list":["post-84","page","type-page","status-publish"],"_links":{"self":[{"href":"https:\/\/lefthander-consulting.org\/english\/wp-json\/wp\/v2\/pages\/84","targetHints":{"allow":["GET"]}}],"collection":[{"href":"https:\/\/lefthander-consulting.org\/english\/wp-json\/wp\/v2\/pages"}],"about":[{"href":"https:\/\/lefthander-consulting.org\/english\/wp-json\/wp\/v2\/types\/page"}],"author":[{"embeddable":true,"href":"https:\/\/lefthander-consulting.org\/english\/wp-json\/wp\/v2\/users\/1"}],"replies":[{"embeddable":true,"href":"https:\/\/lefthander-consulting.org\/english\/wp-json\/wp\/v2\/comments?post=84"}],"version-history":[{"count":15,"href":"https:\/\/lefthander-consulting.org\/english\/wp-json\/wp\/v2\/pages\/84\/revisions"}],"predecessor-version":[{"id":526,"href":"https:\/\/lefthander-consulting.org\/english\/wp-json\/wp\/v2\/pages\/84\/revisions\/526"}],"up":[{"embeddable":true,"href":"https:\/\/lefthander-consulting.org\/english\/wp-json\/wp\/v2\/pages\/131"}],"wp:attachment":[{"href":"https:\/\/lefthander-consulting.org\/english\/wp-json\/wp\/v2\/media?parent=84"}],"curies":[{"name":"wp","href":"https:\/\/api.w.org\/{rel}","templated":true}]}}