{"id":82,"date":"2019-03-05T14:54:42","date_gmt":"2019-03-05T13:54:42","guid":{"rendered":"https:\/\/lefthander-consulting.org\/en\/?page_id=82"},"modified":"2019-04-19T15:33:22","modified_gmt":"2019-04-19T13:33:22","slug":"reconversion","status":"publish","type":"page","link":"https:\/\/lefthander-consulting.org\/english\/consulting\/reconversion\/","title":{"rendered":"Reconversion"},"content":{"rendered":"<p>&nbsp;<\/p>\n<p>The reconversion of the handedness back to the dominant hand (especially for writing) is yet another interference with the brain &#8211; as was the conversion in the first place.<\/p>\n<p>Some persons having undergone reconversion feel much better afterwards while others may be confronted with new problems.<\/p>\n<p>See chapter 7 of the book: The Possibilities and Dangers of Reconverting Handedness. In: Sattler, Johanna Barbara,\u00a0<i><a href=\"https:\/\/lefthander-consulting.org\/english\/information\/literature\/the-converted-left-hander-or-the-knot-in-the-brain\/\">The Converted Left-Hander or the &#8220;Knot&#8221; in the Brain<\/a><\/i> (Der umgeschulte Linksh\u00e4nder oder Der Knoten im Gehirn). Auer Verlag, Donauw\u00f6rth, 12. Auflage 2013, pp. 143-240.<\/p>\n<p>\u00a9 Copyright: Erste deutsche Beratungs- und Informationsstelle f\u00fcr Linksh\u00e4nder und umgeschulte Linksh\u00e4nder, Sendlinger Str. 17, 80331 M\u00fcnchen, Tel. \/ Fax: +49 \/ 89 \/ 26 86 14, <a href=\"https:\/\/lefthander-consulting.org\">https:\/\/www.linkshaender-beratung.de<\/a>, e-mail: info@lefthander-consulting.org<\/p>\n","protected":false},"excerpt":{"rendered":"<p>&nbsp; The reconversion of the handedness back to the dominant hand (especially for writing) is yet another interference with the brain &#8211; as was the conversion in the first place. Some persons having undergone reconversion feel much better afterwards while others may be confronted with new problems. See chapter 7 of the book: The Possibilities and Dangers of Reconverting Handedness. In: Sattler, Johanna Barbara,\u00a0The Converted Left-Hander or the &#8220;Knot&#8221; in the Brain (Der umgeschulte Linksh\u00e4nder oder Der Knoten im Gehirn). Auer Verlag, Donauw\u00f6rth, 12. Auflage 2013, pp. 143-240. \u00a9 Copyright: Erste deutsche Beratungs- und Informationsstelle f\u00fcr Linksh\u00e4nder und umgeschulte Linksh\u00e4nder, Sendlinger Str. 17, 80331 M\u00fcnchen, Tel. \/ Fax: +49 \/ 89 \/ 26 86 14, https:\/\/www.linkshaender-beratung.de, e-mail: info@lefthander-consulting.org<\/p>\n","protected":false},"author":1,"featured_media":0,"parent":129,"menu_order":1,"comment_status":"closed","ping_status":"closed","template":"","meta":{"footnotes":""},"class_list":["post-82","page","type-page","status-publish"],"_links":{"self":[{"href":"https:\/\/lefthander-consulting.org\/english\/wp-json\/wp\/v2\/pages\/82","targetHints":{"allow":["GET"]}}],"collection":[{"href":"https:\/\/lefthander-consulting.org\/english\/wp-json\/wp\/v2\/pages"}],"about":[{"href":"https:\/\/lefthander-consulting.org\/english\/wp-json\/wp\/v2\/types\/page"}],"author":[{"embeddable":true,"href":"https:\/\/lefthander-consulting.org\/english\/wp-json\/wp\/v2\/users\/1"}],"replies":[{"embeddable":true,"href":"https:\/\/lefthander-consulting.org\/english\/wp-json\/wp\/v2\/comments?post=82"}],"version-history":[{"count":5,"href":"https:\/\/lefthander-consulting.org\/english\/wp-json\/wp\/v2\/pages\/82\/revisions"}],"predecessor-version":[{"id":485,"href":"https:\/\/lefthander-consulting.org\/english\/wp-json\/wp\/v2\/pages\/82\/revisions\/485"}],"up":[{"embeddable":true,"href":"https:\/\/lefthander-consulting.org\/english\/wp-json\/wp\/v2\/pages\/129"}],"wp:attachment":[{"href":"https:\/\/lefthander-consulting.org\/english\/wp-json\/wp\/v2\/media?parent=82"}],"curies":[{"name":"wp","href":"https:\/\/api.w.org\/{rel}","templated":true}]}}