{"id":80,"date":"2019-03-05T14:54:13","date_gmt":"2019-03-05T13:54:13","guid":{"rendered":"https:\/\/lefthander-consulting.org\/en\/?page_id=80"},"modified":"2019-04-24T11:31:13","modified_gmt":"2019-04-24T09:31:13","slug":"testing","status":"publish","type":"page","link":"https:\/\/lefthander-consulting.org\/english\/consulting\/testing\/","title":{"rendered":"Testing"},"content":{"rendered":"<p><span style=\"font-family: arial, helvetica, sans-serif\"><b><i>Diagnosis of Handedness, a Measure of Medical Prevention? Left-handed and Converted Left-handed Children and Young People<\/i><\/b><\/span><\/p>\n<p><span style=\"font-family: arial, helvetica, sans-serif\">Conversion of handedness may have severe negative consequences in school education and for the general health of a person. The cause lies in irritations and strains occurring in the cerebral processes, often leading to psychological and psychosomatical disturbances. The correct diagnosis of handedness is therefore of utmost importance. It should not be made by quick and simple testing methods as is often expected from family doctors and pediatricians.<\/span><\/p>\n<p><span style=\"font-family: arial, helvetica, sans-serif\">Among the topics discussed are the early dominance of one hand in left-handed and right-handed children respectively (first until second year of life), as well as the changing, unstable use of hands by other children (often until they start school). A comment on this phenomenon in a child&#8217;s medical file might enable purposeful preventive measures.<\/span><\/p>\n<p><span style=\"font-family: arial, helvetica, sans-serif\">A brief checklist forming part of the medical examination for school enrolment may spare some left-handed children the fate of learning to write with the right hand (i.e. as converted left-handers). In addition, however, it is necessary to initiate preventive measures and instruct parents thoroughly.<\/span><\/p>\n<p><span style=\"font-family: arial, helvetica, sans-serif\">No prognosis can be made whether or to what degree a reconversion to the dominant hand can be successful.<\/span><\/p>\n<p><span style=\"font-family: arial, helvetica, sans-serif\">Experts see also the\u00a0<i><a href=\"https:\/\/lefthander-consulting.org\/english\/Questionnaire1.htm\">Questionnaire for the evaluation of handedness<\/a><\/i>\u00a0(by Dr. Johanna Barbara Sattler) and the\u00a0<i><a href=\"https:\/\/lefthander-consulting.org\/english\/Questionnaire2.htm\">Questionnaire for the isolation of converted handedness and partial disturbances in performance<\/a><\/i>\u00a0(by Dr. Johanna Barbara Sattler as well as the article\u00a0<i><a href=\"https:\/\/lefthander-consulting.org\/english\/information\/ambidextrous-people-are-brain-damaged\/\">&#8220;&#8216;Ambidextrous People&#8217; are Brain-Damaged<\/a>&#8220;.<\/i><\/span><\/p>\n<p><span style=\"font-family: arial, helvetica, sans-serif\">\u00a9 Copyright: Consulting and Information Center for Left-handers and Converted Left-handers<\/span><br \/>\n<span style=\"font-family: arial, helvetica, sans-serif\">(Erste deutsche Beratungs- und Informationsstelle f\u00fcr Linksh\u00e4nder und umgeschulte Linksh\u00e4nder)<\/span><br \/>\n<span style=\"font-family: arial, helvetica, sans-serif\">Sendlinger Str. 17, D \u2013 80331 Munich (M\u00fcnchen), Germany \/ Europe, Tel.\/ Fax: +49 \/ 89 \/ 26 86 14<\/span><br \/>\n<span style=\"font-family: arial, helvetica, sans-serif\"><a href=\"https:\/\/lefthander-consulting.org\/\">https:\/\/lefthander-consulting.org<\/a>, e-mail: info@lefthander-consulting.org<\/span><\/p>\n","protected":false},"excerpt":{"rendered":"<p>Diagnosis of Handedness, a Measure of Medical Prevention? Left-handed and Converted Left-handed Children and Young People Conversion of handedness may have severe negative consequences in school education and for the general health of a person. The cause lies in irritations and strains occurring in the cerebral processes, often leading to psychological and psychosomatical disturbances. The correct diagnosis of handedness is therefore of utmost importance. It should not be made by quick and simple testing methods as is often expected from family doctors and pediatricians. Among the topics discussed are the early dominance of one hand in left-handed and right-handed children respectively (first until second year of life), as well as the changing, unstable use of hands by other children (often until they start school). A comment on this phenomenon in a child&#8217;s medical file might enable purposeful preventive measures. A brief checklist forming part of the medical examination for school enrolment may spare some &#8230; <a title=\"Testing\" class=\"read-more\" href=\"https:\/\/lefthander-consulting.org\/english\/consulting\/testing\/\" aria-label=\"Read more about Testing\">Read more<\/a><\/p>\n","protected":false},"author":1,"featured_media":0,"parent":129,"menu_order":2,"comment_status":"closed","ping_status":"closed","template":"","meta":{"footnotes":""},"class_list":["post-80","page","type-page","status-publish"],"_links":{"self":[{"href":"https:\/\/lefthander-consulting.org\/english\/wp-json\/wp\/v2\/pages\/80","targetHints":{"allow":["GET"]}}],"collection":[{"href":"https:\/\/lefthander-consulting.org\/english\/wp-json\/wp\/v2\/pages"}],"about":[{"href":"https:\/\/lefthander-consulting.org\/english\/wp-json\/wp\/v2\/types\/page"}],"author":[{"embeddable":true,"href":"https:\/\/lefthander-consulting.org\/english\/wp-json\/wp\/v2\/users\/1"}],"replies":[{"embeddable":true,"href":"https:\/\/lefthander-consulting.org\/english\/wp-json\/wp\/v2\/comments?post=80"}],"version-history":[{"count":4,"href":"https:\/\/lefthander-consulting.org\/english\/wp-json\/wp\/v2\/pages\/80\/revisions"}],"predecessor-version":[{"id":500,"href":"https:\/\/lefthander-consulting.org\/english\/wp-json\/wp\/v2\/pages\/80\/revisions\/500"}],"up":[{"embeddable":true,"href":"https:\/\/lefthander-consulting.org\/english\/wp-json\/wp\/v2\/pages\/129"}],"wp:attachment":[{"href":"https:\/\/lefthander-consulting.org\/english\/wp-json\/wp\/v2\/media?parent=80"}],"curies":[{"name":"wp","href":"https:\/\/api.w.org\/{rel}","templated":true}]}}