{"id":78,"date":"2019-03-05T14:50:36","date_gmt":"2019-03-05T13:50:36","guid":{"rendered":"https:\/\/lefthander-consulting.org\/en\/?page_id=78"},"modified":"2019-05-06T08:45:37","modified_gmt":"2019-05-06T06:45:37","slug":"public-relations","status":"publish","type":"page","link":"https:\/\/lefthander-consulting.org\/english\/network\/public-relations\/","title":{"rendered":"Public Relations"},"content":{"rendered":"<p><span style=\"font-family: arial, helvetica, sans-serif\"><b><i>Public reporting<\/i><\/b><\/span><\/p>\n<p><span style=\"font-family: arial, helvetica, sans-serif\">The press, radio and television play an important part in overcoming the prejudice against left-handedness. Information has to be correct and well presented; it should enlighten on the subject, which has to be treated responsibly, making it clear that handedness is the manifestation of motorial dominance of the brain hemisphere contralateral to the hand concerned. Changing the natural handedness is always an interference in a person&#8217;s brain.<\/span><\/p>\n<p><span style=\"font-family: arial, helvetica, sans-serif\">Many journalists have engaged in this educational work, sometimes presenting the subject in humorous form. The reporting about our work that has become known to us has been\u00a0<a href=\"https:\/\/lefthander-consulting.org\/netzwerk\/oeffentlichkeitsarbeit-und-medien\/dokumentation-und-berichtserstattung-ueber-taetigkeiten-der-beratungsstelle-fuer-linkshaender\/\">documented<\/a>\u00a0in a publication. This also contains interviews and parts of talkshows dealing with the subject (e.g. Franziska Bielek&#8217;s &#8220;Samstagsclub&#8221;, pp. 277-280; G\u00fcnther Jauch\/Heiner Lauterbach&#8217;s &#8220;Sag die Wahrheit&#8221;, pp. 359-367; Ilona Christen on handedness, pp. 412-416). Several articles were included in the book\u00a0<a href=\"https:\/\/lefthander-consulting.org\/english\/information\/literature\/left-and-right-in-the-perception-of-human-beings-comments-on-the-history-of-left-handedness\/\">Links und Rechts in der Wahrnehmung des Menschen. Zur Geschichte der Linksh\u00e4ndigkeit<\/a>\u00a0(meaning: Left and right in the perception of human beings. Comments on the history of left-handedness).<\/span><\/p>\n<p><span style=\"font-family: arial, helvetica, sans-serif\"><i>Article:\u00a0<\/i>Saal, Kathleen,\u00a0<i><a href=\"https:\/\/lefthander-consulting.org\/english\/information\/literature\/exercises-for-left-handers-writing-and-working-with-the-left-hand\/lefties-have-right-too\/\">Lefties have rights, too!<\/a><\/i>\u00a0In: Munich Found.<b>\u00a0<\/b>Winter 1996\/97<\/span><\/p>\n<p>&nbsp;<\/p>\n<p><span style=\"font-family: arial, helvetica, sans-serif\">\u00a9 Copyright: Consulting and Information Center for Left-handers and Converted Left-handers<\/span><br \/>\n<span style=\"font-family: arial, helvetica, sans-serif\"> (Erste deutsche Beratungs- und Informationsstelle f\u00fcr Linksh\u00e4nder und umgeschulte Linksh\u00e4nder)<\/span><br \/>\n<span style=\"font-family: arial, helvetica, sans-serif\"> Sendlinger Str. 17, D \u2013 80331 Munich (M\u00fcnchen), Germany \/ Europe, Tel.\/ Fax: +49 \/ 89 \/ 26 86 14<\/span><br \/>\n<span style=\"font-family: arial, helvetica, sans-serif\"> <a href=\"https:\/\/lefthander-consulting.org\">https:\/\/lefthander-consulting.org<\/a>, e-mail: info@lefthander-consulting.org<\/span><\/p>\n<p>&nbsp;<\/p>\n<p>&nbsp;<\/p>\n","protected":false},"excerpt":{"rendered":"<p>Public reporting The press, radio and television play an important part in overcoming the prejudice against left-handedness. Information has to be correct and well presented; it should enlighten on the subject, which has to be treated responsibly, making it clear that handedness is the manifestation of motorial dominance of the brain hemisphere contralateral to the hand concerned. Changing the natural handedness is always an interference in a person&#8217;s brain. Many journalists have engaged in this educational work, sometimes presenting the subject in humorous form. The reporting about our work that has become known to us has been\u00a0documented\u00a0in a publication. This also contains interviews and parts of talkshows dealing with the subject (e.g. Franziska Bielek&#8217;s &#8220;Samstagsclub&#8221;, pp. 277-280; G\u00fcnther Jauch\/Heiner Lauterbach&#8217;s &#8220;Sag die Wahrheit&#8221;, pp. 359-367; Ilona Christen on handedness, pp. 412-416). Several articles were included in the book\u00a0Links und Rechts in der Wahrnehmung des Menschen. Zur Geschichte der Linksh\u00e4ndigkeit\u00a0(meaning: Left and right in the &#8230; <a title=\"Public Relations\" class=\"read-more\" href=\"https:\/\/lefthander-consulting.org\/english\/network\/public-relations\/\" aria-label=\"Read more about Public Relations\">Read more<\/a><\/p>\n","protected":false},"author":1,"featured_media":0,"parent":133,"menu_order":1,"comment_status":"closed","ping_status":"closed","template":"","meta":{"footnotes":""},"class_list":["post-78","page","type-page","status-publish"],"_links":{"self":[{"href":"https:\/\/lefthander-consulting.org\/english\/wp-json\/wp\/v2\/pages\/78","targetHints":{"allow":["GET"]}}],"collection":[{"href":"https:\/\/lefthander-consulting.org\/english\/wp-json\/wp\/v2\/pages"}],"about":[{"href":"https:\/\/lefthander-consulting.org\/english\/wp-json\/wp\/v2\/types\/page"}],"author":[{"embeddable":true,"href":"https:\/\/lefthander-consulting.org\/english\/wp-json\/wp\/v2\/users\/1"}],"replies":[{"embeddable":true,"href":"https:\/\/lefthander-consulting.org\/english\/wp-json\/wp\/v2\/comments?post=78"}],"version-history":[{"count":7,"href":"https:\/\/lefthander-consulting.org\/english\/wp-json\/wp\/v2\/pages\/78\/revisions"}],"predecessor-version":[{"id":565,"href":"https:\/\/lefthander-consulting.org\/english\/wp-json\/wp\/v2\/pages\/78\/revisions\/565"}],"up":[{"embeddable":true,"href":"https:\/\/lefthander-consulting.org\/english\/wp-json\/wp\/v2\/pages\/133"}],"wp:attachment":[{"href":"https:\/\/lefthander-consulting.org\/english\/wp-json\/wp\/v2\/media?parent=78"}],"curies":[{"name":"wp","href":"https:\/\/api.w.org\/{rel}","templated":true}]}}