{"id":76,"date":"2019-03-05T14:50:06","date_gmt":"2019-03-05T13:50:06","guid":{"rendered":"https:\/\/lefthander-consulting.org\/en\/?page_id=76"},"modified":"2026-01-27T14:39:55","modified_gmt":"2026-01-27T13:39:55","slug":"literature","status":"publish","type":"page","link":"https:\/\/lefthander-consulting.org\/english\/information\/literature\/","title":{"rendered":"Literature"},"content":{"rendered":"<p style=\"font-weight: 400\"><b><strong><em>Our publications<\/em><\/strong><\/b><\/p>\n<p style=\"font-weight: 400\"><b><strong><em><u>Books<\/u><\/em><\/strong><\/b><\/p>\n<p style=\"font-weight: 400\">The books listed below reflect the results of the scientific work and the practical activities of the\u00a0<em>Erste deutsche Beratungs- und Informationsstelle f\u00fcr Linksh\u00e4nder und umgeschulte Linksh\u00e4nder<\/em>\u00a0(First German Consulting and Information Center for Left-handers and Converted Left-handers) and the expert advice given by the Center.<\/p>\n<ul>\n<li style=\"font-weight: 400\">Sattler, Johanna Barbara, <a href=\"https:\/\/lefthander-consulting.org\/deutsch\/information\/literatur\/the-converted-left-hander-or-ther-knot-in-the-brain\/\">The Converted Left-Hander or the Knot in the Brain<\/a>, Translation of the Book Der umgeschulte Linksh\u00e4nder oder Der Knoten im Gehirn. Auer Verlag, Augsburg, 1. Auflage 2025. Also available as E-Book<\/li>\n<li>Sattler, Johanna Barbara,\u00a0<a href=\"https:\/\/lefthander-consulting.org\/english\/information\/literature\/the-left-handed-child-in-elementary-school\/\">The Left-Handed Child in Elementary School<\/a> (Das linksh\u00e4ndige Kind in der Grundschule). Compiled at the request of the Bavarian Ministry for Education, Culture, Science, and Art. Published by the State Institute for Pedagogy and Educational Research, Munich. Auer Verlag, Donauw\u00f6rth, 17. Auflage 2018<\/li>\n<li>Sattler, Johanna Barbara,\u00a0<a href=\"https:\/\/lefthander-consulting.org\/english\/information\/literature\/the-converted-left-hander-or-the-knot-in-the-brain\/\">The Converted Left-Hander or the &#8220;Knot&#8221; in the Brain<\/a> (Der umgeschulte Linksh\u00e4nder oder Der Knoten im Gehirn). Auer Verlag, Donauw\u00f6rth, 14. Auflage 2020<\/li>\n<li style=\"font-weight: 400\">Sattler, Johanna Barbara,\u00a0<a href=\"https:\/\/lefthander-consulting.org\/english\/information\/literature\/exercises-for-left-handers-writing-and-working-with-the-left-hand\/\">Exercises for Left-Handers. Writing and Working with the left Hand<\/a><em><u>\u00a0<\/u><\/em>(\u00dcbungen f\u00fcr Linksh\u00e4nder. Schreiben und Hantieren mit links)<b><strong>.<\/strong><\/b> Auer Verlag, Donauw\u00f6rth, 14. Auflage 2019<\/li>\n<li style=\"font-weight: 400\">Sattler, Johanna Barbara,\u00a0<a href=\"https:\/\/lefthander-consulting.org\/english\/information\/literature\/writing-pads-for-left-handers\/\">Writing Pads for Left-Handers<\/a> (Schreibunterlagen-Block f\u00fcr Linksh\u00e4nder). Auer Verlag, Donauw\u00f6rth, 11. Auflage 2013<\/li>\n<li style=\"font-weight: 400\">Sattler, Johanna Barbara,\u00a0<a href=\"https:\/\/lefthander-consulting.org\/english\/information\/literature\/exercise-book-for-left-handers\/\">Exercise Book for Left-Handers<\/a> (\u00dcbungsheft f\u00fcr Linksh\u00e4nder). Auer Verlag, Donauw\u00f6rth, 13. Auflage 2016<\/li>\n<li style=\"font-weight: 400\">Sattler, Johanna Barbara,\u00a0<a href=\"https:\/\/lefthander-consulting.org\/english\/information\/literature\/the-psyche-of-left-handed-children-the-soul-that-can-speak-with-animals\/\">Die Psyche des linksh\u00e4ndigen Kindes. Von der Seele, die mit Tieren spricht<\/a>. (The book deals with the psyche of left-handed children and with &#8220;the soul that can speak with animals&#8221;). Auer Verlag, Donauw\u00f6rth, 7. Auflage 2015. 8<sup>th<\/sup>\u00a0on the\u00a0<a href=\"https:\/\/lefthander-consulting.org\/netzwerk\/infomaterial\/schreibtischauflagen-fuer-links-und-rechtshaender\/\">bestsellers list published by DIE ZEIT<\/a>\u00a0weekly on February 11, 1999.<\/li>\n<li style=\"font-weight: 400\">Sattler, Johanna Barbara,\u00a0<a href=\"https:\/\/lefthander-consulting.org\/english\/information\/literature\/left-and-right-in-the-perception-of-human-beings-comments-on-the-history-of-left-handedness\/\">Links und Rechts in der Wahrnehmung des Menschen. Zur Geschichte der Linksh\u00e4ndigkeit<\/a> (meaning: Left and Right in the perception of human beings. Comments on the history of left-handedness). Auer Verlag, Donauw\u00f6rth, 2000<\/li>\n<li style=\"font-weight: 400\">Sattler, Johanna Barbara,\u00a0<u><a href=\"https:\/\/lefthander-consulting.org\/english\/information\/literatur\/das-linkshaendige-kind-seine-begabungen-und-seine-schwierigkeiten\/\">Das linksh\u00e4ndige Kind &#8211; seine Begabungen und seine Schwierigkeiten<\/a><\/u>. Eine Hilfe f\u00fcr Lehrerinnen und Lehrer zur Information beim Elternabend. Auer Verlag, Donauw\u00f6rth, 2003, 7. Auflage 2021<\/li>\n<li style=\"font-weight: 400\"><a href=\"https:\/\/lefthander-consulting.org\/netzwerk\/infomaterial\/schreibtischauflagen-fuer-links-und-rechtshaender\/\">Schreibtisch-Auflage f\u00fcr Linksh\u00e4nder<\/a>, Auer Verlag, Donauw\u00f6rth, 2004<\/li>\n<li style=\"font-weight: 400\">Sattler, Johanna Barbara,\u00a0<a href=\"https:\/\/lefthander-consulting.org\/deutsch\/information\/literatur\/linkshaendige-kinder-im-kindergartenalter\/\">Linksh\u00e4ndige Kinder im Kindergartenalter.<\/a>\u00a0Eine illustrierte Praxishilfe f\u00fcr Erzieherinnen und Eltern. Auer Verlag, Donauw\u00f6rth, 2007, 2. Auflage 2013<\/li>\n<li style=\"font-weight: 400\">Sattler, Johanna Barbara,\u00a0<a href=\"https:\/\/lefthander-consulting.org\/deutsch\/information\/literatur\/schreibvoruebungen-fuer-linkshaender-mit-jobasa-teil-1-und-2\/\">Schreibvor\u00fcbungen f\u00fcr Linksh\u00e4nder mit Jobasa<\/a>. Teil 1, 6. Auflage 2022, 2012<\/li>\n<li style=\"font-weight: 400\">Sattler, Johanna Barbara,\u00a0<a href=\"https:\/\/lefthander-consulting.org\/deutsch\/information\/literatur\/schreibvoruebungen-fuer-linkshaender-mit-jobasa-teil-1-und-2\/\">Schreibvor\u00fcbungen f\u00fcr Linksh\u00e4nder mit Jobasa<\/a>. Teil 2, 4. Auflagen 2019, 2012<\/li>\n<li>Sattler, Johanna Barbara, <a href=\"https:\/\/lefthander-consulting.org\/deutsch\/information\/literatur\/zahlen-schreiben-fuer-linkshaender-mit-jobasa\/\">Zahlen schreiben f\u00fcr Linksh\u00e4nder mit Jobasa. Zahlen und Ziffern von 0 bis 10<\/a>. Auer Verlag, Augsburg, 2016<\/li>\n<li>Sattler, Johanna Barbara, <a href=\"https:\/\/lefthander-consulting.org\/deutsch\/information\/literatur\/schreibuebungen-fuer-linkshaender-jobasa-set\/\">Schreib\u00fcbungen f\u00fcr Linksh\u00e4nder mit Jobasa. Gro\u00dfe und kleine Druckbuchstaben. <\/a>Set bestehend aus Begleitheft, \u00dcbungsheft und Abstandhaltern,\u00a0 Augsburg, 2021<\/li>\n<li>Sattler, Johanna Barbara, <a href=\"https:\/\/lefthander-consulting.org\/deutsch\/information\/literatur\/schreibuebungen-fuer-linkshaender-mit-jobasa\/\">Schreib\u00fcbungen f\u00fcr Linksh\u00e4nder mit Jobasa. Gro\u00dfe und kleine Druckbuchstaben<\/a>. \u00dcbungsheft mit Abstandhaltern, Auer Verlag, Augsburg, 2021<\/li>\n<li>Sattler, Johanna Barbara, <a href=\"https:\/\/lefthander-consulting.org\/deutsch\/information\/literatur\/linkshaender-starterset\/\">Linksh\u00e4nder-Starterset<\/a>, Augsburg, 2021<\/li>\n<li>Vasterling, Almuth, Gabriele Weiland, Johanna Barbara Sattler,\u00a0<a href=\"https:\/\/lefthander-consulting.org\/deutsch\/information\/literatur\/linke-hand-rechte-hand-ein-ratgeber-zur-haendigkeit\/\">Linke Hand \u2013 Rechte Hand: Ein Ratgeber zur H\u00e4ndigkeit<\/a>. F\u00fcr Eltern, P\u00e4dagogen und Therapeuten. Schulz-Kirchner Verlag, Idstein, Herbst 2011<\/li>\n<\/ul>\n<p style=\"font-weight: 400\"><b><strong><u>Schreibtisch-Auflagen f\u00fcr Links- und Rechtsh\u00e4nder<\/u><\/strong><\/b><\/p>\n<ul>\n<li style=\"font-weight: 400\"><a href=\"https:\/\/lefthander-consulting.org\/deutsch\/information\/literatur\/desk-pad-lefty\/\">DESK-PAD LEFTY<sup>\u00ae\u00a0\u00a0<\/sup>Schreibtischauflage f\u00fcr Linksh\u00e4nder<\/a>,\u00a0in strapazierf\u00e4higem, rutschfesten Kunststoff in der Farbe blau, Auer Verlag, Donauw\u00f6rth\u00a0bzw. KUM, Erlangen, 2011<\/li>\n<li style=\"font-weight: 400\"><a href=\"https:\/\/lefthander-consulting.org\/deutsch\/information\/literatur\/desk-pad-lefty\/\">DESK-PAD LEFTY<sup>\u00ae Paper\u00a0<\/sup>\u00a0Schreibtisch-Auflage f\u00fcr Linksh\u00e4nder<\/a>, als\u00a0<b><strong>DIN A3-Papier-Block<\/strong><\/b>\u00a0mit 20 Blatt, Auer Verlag, Donauw\u00f6rth bzw. KUM, Erlangen, 2011<\/li>\n<li style=\"font-weight: 400\"><a href=\"https:\/\/lefthander-consulting.org\/netzwerk\/infomaterial\/schreibtischauflagen-fuer-links-und-rechtshaender\/\">Schreibtisch-Auflage f\u00fcr Linksh\u00e4nder<\/a>,\u00a0 seit 2004 in den Farben rot, gr\u00fcn, blau und schwarz, seit 2007 in der Farbe pink\u00a0 und seit 2009 in der Farbe froschgr\u00fcn, Auer Verlag, Donauw\u00f6rth<\/li>\n<li style=\"font-weight: 400\"><a href=\"https:\/\/lefthander-consulting.org\/english\/information\/literature\/writing-pads-for-left-handers\/\">Schreibunterlagen-Block f\u00fcr Linksh\u00e4nder<\/a>,\u00a0als\u00a0<b><strong>DIN A2-Papier-Block<\/strong><\/b>\u00a0mit 20 Blatt, Auer Verlag, Donauw\u00f6rth, 1996, 10. Auflage 2009<\/li>\n<li style=\"font-weight: 400\"><a href=\"https:\/\/lefthander-consulting.org\/deutsch\/information\/literatur\/desk-pad-righty-schreibtisch-auflage-2\/\">DESK-PAD RIGHTY\u00a0<sup>\u00ae\u00a0\u00a0<\/sup>Schreibtischauflage f\u00fcr Rechtsh\u00e4nder<\/a>,\u00a0in strapazierf\u00e4higem, rutschfesten Kunststoff in der Farbe blau, Brigg Verlag, Augsburg bzw. KUM, Erlangen, 2011<\/li>\n<li style=\"font-weight: 400\"><a href=\"https:\/\/lefthander-consulting.org\/deutsch\/information\/literatur\/desk-pad-righty-schreibtisch-auflage-2\/\">DESK-PAD RIGHTY<sup>\u00ae Paper<\/sup>\u00a0Schreibtisch-Auflage f\u00fcr Rechtsh\u00e4nder<\/a>, als\u00a0<b><strong>DIN A3-Papier-Block<\/strong><\/b>\u00a0mit 20 Blatt, Brigg Verlag, Augsburg bzw. KUM, Erlangen, 2011<\/li>\n<\/ul>\n<p style=\"font-weight: 400\">Professional translations of the principal works have been completed for printing for an English-language publishing house. However, the firm has discontinued its activities altogether, so that interested English-language readers have to be asked for some more patience.<\/p>\n<p style=\"font-weight: 400\">The\u00a0<a href=\"https:\/\/www.auer-verlag.de\/\">Auer Verlag<\/a>, a publishing house of long standing with facilities in Donauw\u00f6rth (north of Munich), Leipzig and Dortmund ranges among the leading educational publishers in Bavaria. They publish specialized pedagogical literature for educational state institutes. Their science division deserves great respect. The engagement in the problem of left-handedness on the part of the German press is owed to Auer Verlag. Many persons affected received advice and assistance through their publishing efforts.<\/p>\n<p style=\"font-weight: 400\">\u00a0\u00a0\u00a0\u00a0\u00a0\u00a0\u00a0\u00a0\u00a0\u00a0\u00a0\u00a0\u00a0\u00a0\u00a0\u00a0\u00a0\u00a0\u00a0\u00a0\u00a0\u00a0\u00a0\u00a0\u00a0\u00a0\u00a0\u00a0\u00a0\u00a0\u00a0\u00a0 Part of the historical buildings of the Auer Verlag (Publishers)<\/p>\n<p style=\"font-weight: 400\">The company was founded by and owes its name to the pedagog Ludwig Auer. The Cassianeum Foundation established by Ludwig Auer is active to this day. It holds an interest in the publishing house and also owns extensive real estate, including a former monastery with a church and annexes, which now accommodate a boarding school, the offices of the Cassianeum Foundation, and the publishing company, also the Ludwig Auer printing<\/p>\n<p style=\"font-weight: 400\">In May 2000, when the firm had its 125<sup>th<\/sup>\u00a0anniversary, Monika Hohlmeier, the Bavarian Minister of Culture and Education, was present at Donauw\u00f6rth to make a speech.<\/p>\n<p style=\"font-weight: 400\">The Cassianeum Foundation is granting a prize each year for a scientific paper about children in special situations.<\/p>\n<p style=\"font-weight: 400\">In 1997 Klett Verlag, one of the largest German publishing houses, purchased an interest in Auer Verlag.<\/p>\n<p style=\"font-weight: 400\"><b><strong><em><u>Books in preparation<\/u><\/em><\/strong><\/b><\/p>\n<ul>\n<li style=\"font-weight: 400\">Cizek, Ivo-Kurt, Johanna Barbara Sattler,\u00a0<em>Abenteuer Linksh\u00e4ndigkeit. Bitte verzeihen Sie, dass ich noch lebe<\/em>. Dieses Buch wird im Deutsch sprachigen Ausland erscheinen. Ausz\u00fcge aus diesem Buch sind in Sattler, &#8220;Links und rechts in der Wahrnehmung des Menschen&#8221; publiziert.<\/li>\n<li style=\"font-weight: 400\">Sattler, Johanna Barbara,\u00a0<em>R\u00fcckschulung der H\u00e4ndigkeit bei Kindern und Erwachsenen. Chancen und Gefahren f\u00fcr Linksh\u00e4nder und Rechtsh\u00e4nder<\/em>. Auer Verlag, Donauw\u00f6rth<\/li>\n<\/ul>\n<p style=\"font-weight: 400\"><b><strong><em><u>Articles<\/u><\/em><\/strong><\/b><\/p>\n<ul>\n<li style=\"font-weight: 400\">Sattler, J.B., &#8220;<em>Linksh\u00e4nder &#8211; Psychische Probleme durch Umschulung&#8221;<\/em>. In: Psychologie heute, Heft 10\/85, S. 8-10.<\/li>\n<li style=\"font-weight: 400\">Sattler, J.B., &#8220;<em>Umschulung der H\u00e4ndigkeit. Ein massiver Eingriff ins menschliche Gehirn&#8221;<\/em>. In: Lernen F\u00f6rdern. Zeitschrift f\u00fcr Eltern, Lehrer und Erzieher, Heft 5, 10\/86, S. 10-11.<\/li>\n<li style=\"font-weight: 400\">Sattler, J.B., &#8220;<em>Umgeschulte Linksh\u00e4nder &#8211; Links vorbeitherapiert&#8221;<\/em>. In: M\u00fcnchener Medizinische Wochenschrift, Nr. 14\/87, S. 16.<\/li>\n<li style=\"font-weight: 400\">Sattler, J.B., &#8220;<em>Hilfe f\u00fcr Linksh\u00e4nder&#8221;<\/em>. In: Psychologie heute. Heft 5\/87, S. 15-16.<\/li>\n<li style=\"font-weight: 400\">Sattler, J.B., &#8220;<em>Psychische Probleme durch Umschulung der H\u00e4ndigkeit&#8221;<\/em>. In: 9. Congress on Physiological Sciences, Istanbul; Faculty of Medicine, University of Istanbul, 22.-25.09.1987, S. IV.<\/li>\n<li style=\"font-weight: 400\">Sattler, J.B., ,,<em>Das linksh\u00e4ndige Kind bei Schuleintritt&#8221;<\/em>. In: Materialien f\u00fcr Schulberatungsstellen: Staatsinstitut f\u00fcr Schulp\u00e4dagogik und Bildungsforschung, Herbst 1987.<\/li>\n<li style=\"font-weight: 400\">Sattler, J.B., &#8220;<em>Die Linksh\u00e4ndigkeit. Ein Problem auch in der Zahnarzt-Praxis&#8221;<\/em>. In: Dental Prisma, Nr. 10, Juli\/August 1988, S.1.<\/li>\n<li style=\"font-weight: 400\">Sattler, J.B., &#8220;<em>Das linksh\u00e4ndige Kind bei Schuleintritt&#8221;<\/em>. In: Empfehlungen zur Aufnahme des Kindes in die Grundschule: Staatsinstitut f\u00fcr Schulp\u00e4dagogik und Bildungsforschung, 1989, S. 139-149.<\/li>\n<li style=\"font-weight: 400\">Sattler, J.B., &#8220;<em>Linksh\u00e4nder in der Arztpraxis&#8221;<\/em>. In: Bayerisches \u00c4rzteblatt, Nr. 4. April 1991, S. 139.<\/li>\n<li style=\"font-weight: 400\">Sattler, J.B., &#8220;<em>Der Linksh\u00e4nder. Ein irrationales Ph\u00e4nomen unserer Gesellschaft<\/em>&#8220;. In: Motorik: Zs. f\u00fcr Motop\u00e4dagogik und Mototherapie, 3. Sept. 1992, S. 148-156.<\/li>\n<li style=\"font-weight: 400\">Sattler, J.B.,\u00a0<a href=\"https:\/\/lefthander-consulting.org\/english\/information\/ambidextrous-people-are-brain-damaged\/\">&#8220;&#8221;Ambidextrous People&#8221; are Brain-Damaged&#8221;<\/a><em>.<\/em><em>\u00a0M\u00fcnch. med. Wschr. 135 (1993) Nr.21 p. 291\/35 &#8211; 294\/40<\/em>.\u00a0(&#8220;<em>&#8216;Beidh\u00e4nder&#8217; sind hirngesch\u00e4digt<\/em>&#8220;. In: M\u00fcnchener Medizinische Wochenschrift, Nr. 21, 28.05.93, S. 35-40).<\/li>\n<li style=\"font-weight: 400\">Sattler, J.B., &#8220;<em>Linksh\u00e4ndigkeit: Sauerstoffmangel im Gehirn<\/em>&#8220;. In: Psychologie heute, Febr. 94, S. 15-16.<\/li>\n<li style=\"font-weight: 400\">Sattler, J.B., &#8220;<em>Links ist nicht linkisch<\/em>&#8220;. In: Kinder. Das Journal des Kindergartens, September 1995, S. 6-10.<\/li>\n<li style=\"font-weight: 400\">Sattler, J.B., &#8220;<em>Linksh\u00e4nder und umgeschulte Linksh\u00e4nder in der Ergotherapie&#8221;<\/em>. In: praxis ergotherapie, Heft 2\/99, S. 98-110.<\/li>\n<li style=\"font-weight: 400\">Sattler, J.B., &#8220;<em>Zur Testung der Linksh\u00e4ndigkeit&#8221;<\/em>. In: Left Hand Corner, Nr. 2, 1\/1998.<\/li>\n<li style=\"font-weight: 400\">Sattler, J.B., &#8220;<em>Chancen und Gefahren einer R\u00fcckschulung der H\u00e4ndigkeit bei Erwachsenen&#8221;<\/em>. In: Left Hand Corner, Teil 1, Nr. 6, 1\/1999, S. 10-20; Teil 2, Nr. 7, 4\/1999, S. 24-29; Teil 3, Nr. 9, 10\/1999, S. 12-16.<\/li>\n<li style=\"font-weight: 400\">Sattler, J.B., I.-K. Cizek, &#8220;<em>Zur Bedeutsamkeit einer H\u00e4ndigkeitsdiagnostik f\u00fcr die berufliche Praxis aus der Sicht der Beratungs- und Informationsstelle f\u00fcr Linksh\u00e4nder und umgeschulte Linksh\u00e4nder&#8221;<\/em>. In: Left Hand Corner, Nr. 8, 7\/1999, S.\u00a0 16-21.<\/li>\n<li style=\"font-weight: 400\">Sattler, J.B., &#8220;<em>Gibt es einen zwingenden kausalen Zusammenhang zwischen Linksh\u00e4ndigkeit und Lese- und Rechtschreibschwierigkeiten?&#8221;<\/em>\u00a0In: Lese- Rechtschreib-Schwierigkeiten. Diagnose &#8211; F\u00f6rderung &#8211; Materialien. Ein Fortbildungsmodell\u00a0\u00a0\u00a0\u00a0\u00a0der Akademie f\u00fcr Lehrerfortbildung und Personalf\u00fchrung Dillingen. Projektleitung Bernd Ganser. Auer Verlag, Donauw\u00f6rth, 2000, S. 199-202. S. 201.<\/li>\n<li style=\"font-weight: 400\">Sattler, J. B., &#8220;Linksh\u00e4ndige und umgeschulte linksh\u00e4ndige Kinder und Jugendliche&#8221; (Article for Paediatricians:\u00a0<a href=\"https:\/\/lefthander-consulting.org\/english\/information\/diagnosis-of-handedness\/\">&#8220;Diagnosis of Handedness, a Measure of Medical Prevention? Left-handed and Converted Left-handed Children and Young People&#8221;<\/a>). In: Kinder- und Jugendarzt. Zeitschrift des Berufsverbandes der \u00c4rzte f\u00fcr Kinderheilkunde und Jugendmedizin Deutschlands e.V., 31. Jg., Februar 2001, S. 139-147. (Zu beziehen bei: Hansisches Verlagskontor, 23547 L\u00fcbeck, Tel. 04 51 \/ 70\u00a0\u00a0\u00a031-210)<\/li>\n<\/ul>\n","protected":false},"excerpt":{"rendered":"<p>Our publications Books The books listed below reflect the results of the scientific work and the practical activities of the\u00a0Erste deutsche Beratungs- und Informationsstelle f\u00fcr Linksh\u00e4nder und umgeschulte Linksh\u00e4nder\u00a0(First German Consulting and Information Center for Left-handers and Converted Left-handers) and the expert advice given by the Center. Sattler, Johanna Barbara, The Converted Left-Hander or the Knot in the Brain, Translation of the Book Der umgeschulte Linksh\u00e4nder oder Der Knoten im Gehirn. Auer Verlag, Augsburg, 1. Auflage 2025. Also available as E-Book Sattler, Johanna Barbara,\u00a0The Left-Handed Child in Elementary School (Das linksh\u00e4ndige Kind in der Grundschule). Compiled at the request of the Bavarian Ministry for Education, Culture, Science, and Art. Published by the State Institute for Pedagogy and Educational Research, Munich. Auer Verlag, Donauw\u00f6rth, 17. Auflage 2018 Sattler, Johanna Barbara,\u00a0The Converted Left-Hander or the &#8220;Knot&#8221; in the Brain (Der umgeschulte Linksh\u00e4nder oder Der Knoten im Gehirn). Auer Verlag, Donauw\u00f6rth, 14. Auflage 2020 Sattler, Johanna Barbara,\u00a0Exercises &#8230; <a title=\"Literature\" class=\"read-more\" href=\"https:\/\/lefthander-consulting.org\/english\/information\/literature\/\" aria-label=\"Read more about Literature\">Read more<\/a><\/p>\n","protected":false},"author":1,"featured_media":0,"parent":131,"menu_order":2,"comment_status":"closed","ping_status":"closed","template":"","meta":{"footnotes":""},"class_list":["post-76","page","type-page","status-publish"],"_links":{"self":[{"href":"https:\/\/lefthander-consulting.org\/english\/wp-json\/wp\/v2\/pages\/76","targetHints":{"allow":["GET"]}}],"collection":[{"href":"https:\/\/lefthander-consulting.org\/english\/wp-json\/wp\/v2\/pages"}],"about":[{"href":"https:\/\/lefthander-consulting.org\/english\/wp-json\/wp\/v2\/types\/page"}],"author":[{"embeddable":true,"href":"https:\/\/lefthander-consulting.org\/english\/wp-json\/wp\/v2\/users\/1"}],"replies":[{"embeddable":true,"href":"https:\/\/lefthander-consulting.org\/english\/wp-json\/wp\/v2\/comments?post=76"}],"version-history":[{"count":35,"href":"https:\/\/lefthander-consulting.org\/english\/wp-json\/wp\/v2\/pages\/76\/revisions"}],"predecessor-version":[{"id":930,"href":"https:\/\/lefthander-consulting.org\/english\/wp-json\/wp\/v2\/pages\/76\/revisions\/930"}],"up":[{"embeddable":true,"href":"https:\/\/lefthander-consulting.org\/english\/wp-json\/wp\/v2\/pages\/131"}],"wp:attachment":[{"href":"https:\/\/lefthander-consulting.org\/english\/wp-json\/wp\/v2\/media?parent=76"}],"curies":[{"name":"wp","href":"https:\/\/api.w.org\/{rel}","templated":true}]}}