{"id":74,"date":"2019-03-05T14:49:12","date_gmt":"2019-03-05T13:49:12","guid":{"rendered":"https:\/\/lefthander-consulting.org\/en\/?page_id=74"},"modified":"2019-04-26T19:11:36","modified_gmt":"2019-04-26T17:11:36","slug":"cooperation","status":"publish","type":"page","link":"https:\/\/lefthander-consulting.org\/english\/network\/cooperation\/","title":{"rendered":"Cooperation"},"content":{"rendered":"<p><b><i>The Center is working in cooperation with<\/i><\/b><\/p>\n<ul>\n<li>universities, academies and professional schools, research institutes<\/li>\n<li>post-graduate schools for higher education, adult-education centers<\/li>\n<li>consulting centers for educational and medical prevention, therapeutical institutions and offices, including ergotherapists and mototherapists, medical pedagogues, doctors and psychologists<\/li>\n<li>professional organizations of therapists<\/li>\n<li>Deutsche Brain-Breaking-Hilfe (German Brain-Breaking Aid)<\/li>\n<li>interest group for the left-handers<\/li>\n<li>left-hander initiatives and experts from different professions specialized in left-handedness<\/li>\n<li>shops and mail-order firms for left-hand articles with regard to contact addresses and expert tips about left-hand products (mainly in German speaking countries).<\/li>\n<\/ul>\n<p>\u00a9 Copyright: Consulting and Information Center for Left-handers and Converted Left-handers<br \/>\n(Erste deutsche Beratungs- und Informationsstelle f\u00fcr Linksh\u00e4nder und umgeschulte Linksh\u00e4nder)<br \/>\nSendlinger Str. 17, D \u2013 80331 Munich (M\u00fcnchen), Germany \/ Europe, Tel.\/ Fax: +49 \/ 89 \/ 26 86 14<br \/>\n<a href=\"https:\/\/lefthander-consulting.org\/\">https:\/\/lefthander-consulting.org<\/a>, e-mail: info@lefthander-consulting.org<\/p>\n","protected":false},"excerpt":{"rendered":"<p>The Center is working in cooperation with universities, academies and professional schools, research institutes post-graduate schools for higher education, adult-education centers consulting centers for educational and medical prevention, therapeutical institutions and offices, including ergotherapists and mototherapists, medical pedagogues, doctors and psychologists professional organizations of therapists Deutsche Brain-Breaking-Hilfe (German Brain-Breaking Aid) interest group for the left-handers left-hander initiatives and experts from different professions specialized in left-handedness shops and mail-order firms for left-hand articles with regard to contact addresses and expert tips about left-hand products (mainly in German speaking countries). \u00a9 Copyright: Consulting and Information Center for Left-handers and Converted Left-handers (Erste deutsche Beratungs- und Informationsstelle f\u00fcr Linksh\u00e4nder und umgeschulte Linksh\u00e4nder) Sendlinger Str. 17, D \u2013 80331 Munich (M\u00fcnchen), Germany \/ Europe, Tel.\/ Fax: +49 \/ 89 \/ 26 86 14 https:\/\/lefthander-consulting.org, e-mail: info@lefthander-consulting.org<\/p>\n","protected":false},"author":1,"featured_media":0,"parent":133,"menu_order":0,"comment_status":"closed","ping_status":"closed","template":"","meta":{"footnotes":""},"class_list":["post-74","page","type-page","status-publish"],"_links":{"self":[{"href":"https:\/\/lefthander-consulting.org\/english\/wp-json\/wp\/v2\/pages\/74","targetHints":{"allow":["GET"]}}],"collection":[{"href":"https:\/\/lefthander-consulting.org\/english\/wp-json\/wp\/v2\/pages"}],"about":[{"href":"https:\/\/lefthander-consulting.org\/english\/wp-json\/wp\/v2\/types\/page"}],"author":[{"embeddable":true,"href":"https:\/\/lefthander-consulting.org\/english\/wp-json\/wp\/v2\/users\/1"}],"replies":[{"embeddable":true,"href":"https:\/\/lefthander-consulting.org\/english\/wp-json\/wp\/v2\/comments?post=74"}],"version-history":[{"count":4,"href":"https:\/\/lefthander-consulting.org\/english\/wp-json\/wp\/v2\/pages\/74\/revisions"}],"predecessor-version":[{"id":527,"href":"https:\/\/lefthander-consulting.org\/english\/wp-json\/wp\/v2\/pages\/74\/revisions\/527"}],"up":[{"embeddable":true,"href":"https:\/\/lefthander-consulting.org\/english\/wp-json\/wp\/v2\/pages\/133"}],"wp:attachment":[{"href":"https:\/\/lefthander-consulting.org\/english\/wp-json\/wp\/v2\/media?parent=74"}],"curies":[{"name":"wp","href":"https:\/\/api.w.org\/{rel}","templated":true}]}}