{"id":70,"date":"2019-03-05T14:48:40","date_gmt":"2019-03-05T13:48:40","guid":{"rendered":"https:\/\/lefthander-consulting.org\/en\/?page_id=70"},"modified":"2019-05-03T19:28:44","modified_gmt":"2019-05-03T17:28:44","slug":"targets","status":"publish","type":"page","link":"https:\/\/lefthander-consulting.org\/english\/about\/targets\/","title":{"rendered":"Targets"},"content":{"rendered":"<p>&nbsp;<\/p>\n<p><b>Activities of the Consulting and Information Center<\/b><\/p>\n<ul>\n<li>Informing people involved about left-handedness and the\u00a0<a href=\"https:\/\/lefthander-consulting.org\/english\/information\/statistics\/some-thoughts-after-confronting-the-data-accumulated-and-the-research-studies\/\">consequences of converting the handedness<\/a><\/li>\n<li>Preventing the conversion of handedness<\/li>\n<li>Offering aids to parents and members of professional groups dealing with left-handed children and adults<\/li>\n<li>Offering aids to converted left-handers<\/li>\n<li>Offering aids and scientific support during the\u00a0<a href=\"https:\/\/lefthander-consulting.org\/english\/consulting\/reconversion\/\">reconversion<\/a>\u00a0of handedness; evaluation of the findings<\/li>\n<li>Designing workplaces and utensils for left-handers<\/li>\n<\/ul>\n<p><b>Medical record book for children<\/b><\/p>\n<p>In addition to informing those affected and preventing conversion, it is of utmost importance at an early stage to warn parents against the dangers of converting a left-handed child (first when the child is 18 months old and again at the age of about 41\/2). An information flier handed out to parents could help the family doctor to take effective precautions and pass on useful hints and tips in time.<\/p>\n<p>See also\u00a0<a href=\"https:\/\/lefthander-consulting.org\/english\/consulting\/testing\/\">TESTING<\/a><\/p>\n<p>&nbsp;<\/p>\n<p>\u00a9 Copyright: Consulting and Information Center for Left-handers and Converted Left-handers<br \/>\n(Erste deutsche Beratungs- und Informationsstelle f\u00fcr Linksh\u00e4nder und umgeschulte Linksh\u00e4nder), Sendlinger Str. 17, D \u2013 80331 Munich (M\u00fcnchen), Germany \/ Europe, Tel.\/ Fax: +49 \/ 89 \/ 26 86 14<br \/>\n<a href=\"https:\/\/lefthander-consulting.org\/\">https:\/\/lefthander-consulting.org<\/a>, e-mail: info@lefthander-consulting.org<\/p>\n","protected":false},"excerpt":{"rendered":"<p>&nbsp; Activities of the Consulting and Information Center Informing people involved about left-handedness and the\u00a0consequences of converting the handedness Preventing the conversion of handedness Offering aids to parents and members of professional groups dealing with left-handed children and adults Offering aids to converted left-handers Offering aids and scientific support during the\u00a0reconversion\u00a0of handedness; evaluation of the findings Designing workplaces and utensils for left-handers Medical record book for children In addition to informing those affected and preventing conversion, it is of utmost importance at an early stage to warn parents against the dangers of converting a left-handed child (first when the child is 18 months old and again at the age of about 41\/2). An information flier handed out to parents could help the family doctor to take effective precautions and pass on useful hints and tips in time. See also\u00a0TESTING &nbsp; \u00a9 Copyright: Consulting and Information Center for Left-handers and Converted Left-handers (Erste deutsche Beratungs- &#8230; <a title=\"Targets\" class=\"read-more\" href=\"https:\/\/lefthander-consulting.org\/english\/about\/targets\/\" aria-label=\"Read more about Targets\">Read more<\/a><\/p>\n","protected":false},"author":1,"featured_media":0,"parent":136,"menu_order":1,"comment_status":"closed","ping_status":"closed","template":"","meta":{"footnotes":""},"class_list":["post-70","page","type-page","status-publish"],"_links":{"self":[{"href":"https:\/\/lefthander-consulting.org\/english\/wp-json\/wp\/v2\/pages\/70","targetHints":{"allow":["GET"]}}],"collection":[{"href":"https:\/\/lefthander-consulting.org\/english\/wp-json\/wp\/v2\/pages"}],"about":[{"href":"https:\/\/lefthander-consulting.org\/english\/wp-json\/wp\/v2\/types\/page"}],"author":[{"embeddable":true,"href":"https:\/\/lefthander-consulting.org\/english\/wp-json\/wp\/v2\/users\/1"}],"replies":[{"embeddable":true,"href":"https:\/\/lefthander-consulting.org\/english\/wp-json\/wp\/v2\/comments?post=70"}],"version-history":[{"count":8,"href":"https:\/\/lefthander-consulting.org\/english\/wp-json\/wp\/v2\/pages\/70\/revisions"}],"predecessor-version":[{"id":563,"href":"https:\/\/lefthander-consulting.org\/english\/wp-json\/wp\/v2\/pages\/70\/revisions\/563"}],"up":[{"embeddable":true,"href":"https:\/\/lefthander-consulting.org\/english\/wp-json\/wp\/v2\/pages\/136"}],"wp:attachment":[{"href":"https:\/\/lefthander-consulting.org\/english\/wp-json\/wp\/v2\/media?parent=70"}],"curies":[{"name":"wp","href":"https:\/\/api.w.org\/{rel}","templated":true}]}}