{"id":377,"date":"2019-03-18T10:38:36","date_gmt":"2019-03-18T09:38:36","guid":{"rendered":"https:\/\/lefthander-consulting.org\/en\/information\/literature\/left-and-right-in-the-perception-of-human-beings-comments-on-the-history-of-left-handedness\/"},"modified":"2019-05-06T08:48:36","modified_gmt":"2019-05-06T06:48:36","slug":"left-and-right-in-the-perception-of-human-beings-comments-on-the-history-of-left-handedness","status":"publish","type":"page","link":"https:\/\/lefthander-consulting.org\/english\/information\/literature\/left-and-right-in-the-perception-of-human-beings-comments-on-the-history-of-left-handedness\/","title":{"rendered":"Left and Right in the perception of human beings. Comments on the history of left-handedness"},"content":{"rendered":"<p><span style=\"font-family: Arial,Helvetica\"><img loading=\"lazy\" decoding=\"async\" class=\"bild-rahmen alignleft wp-image-3744 size-full\" src=\"https:\/\/lefthander-consulting.org\/wp-content\/uploads\/2019\/02\/3200.jpg\" alt=\"\" width=\"200\" height=\"284\" \/>The book deals with the right and the left in the perception of human beings and with the phenomenon of left-handedness through the ages. <\/span><\/p>\n<p><span style=\"font-family: Arial,Helvetica\">Scientific findings yielded by perceptual psychology research into the different effects produced by the right and the left side have shown that right-handers and left-handers do not see things the same way! The asymmetry in human lateral perception and the symbolical meaning of left and right handed down through time are also reflected in the fine arts, in manners, customs, and superstitions.<\/span><\/p>\n<p><span style=\"font-family: Arial,Helvetica\">Many works of western religious art have depicted the sinners on the left and the righteous on the right. In church women are seated on the left &#8211; they are classified as &#8220;earthly&#8221; &#8211; while the right side is due to the men, &#8220;in whom the Spirit dwells&#8221;. <\/span><\/p>\n<p><span style=\"font-family: Arial,Helvetica\">The history of left-handedness is closely connected with such valuation. Left-handers have often been ascribed characteristics, which can only be attributed to the valuation of the left and right sides as was handed down through history. Even in our days e.g. even a child may occasionally be called names referring to his left-handedness. <\/span><\/p>\n<p><span style=\"font-family: Arial,Helvetica\">The second part of the book is dedicated to the present development of left-handers to free themselves from discrimination and gain more self-confidence in society. But there are also detailed descriptions of individual biographies, which show that left-handers may suffer irreparable injury if their handedness is being converted. <\/span><\/p>\n<p><span style=\"font-family: Arial,Helvetica\">The book shows clearly how deeply prejudices against left-handers are rooted and that a negative idea of ancient origin can easily manifest itself even today. <\/span><\/p>\n<p><span style=\"font-family: Arial,Helvetica\"><a href=\"https:\/\/www.auer-verlag.de\/\">Auer Verlag<\/a>, Donauw\u00f6rth, 2000, ISBN 3-403-03200-0, 462 pages <\/span><br \/>\n<span style=\"font-family: georgia, palatino, serif\">\u00a0 <\/span><\/p>\n<p><span style=\"font-family: Arial,Helvetica\">More details in the <a href=\"https:\/\/lefthander-consulting.org\/english\/information\/literature\/left-and-right-in-the-perception-of-human-beings-comments-on-the-history-of-left-handedness\/foreword-to-the-book-left-and-right-in-the-perception-of-human-beings-comments-on-the-history-of-left-handedness\/\">foreword to the book<\/a> of\u00a0 Professor Dr. Kurt M\u00fcller. <\/span><\/p>\n<p><span style=\"font-family: Arial,Helvetica\">\u00a9 Copyright: Consulting and Information Center for Left-handers and Converted Left-handers <\/span><br \/>\n<span style=\"font-family: Arial,Helvetica\">(Erste deutsche Beratungs- und Informationsstelle f\u00fcr Linksh\u00e4nder und umgeschulte Linksh\u00e4nder) <\/span><br \/>\n<span style=\"font-family: Arial,Helvetica\">Sendlinger Str. 17, D &#8211; 80331 Munich (M\u00fcnchen), Germany \/ Europe, Tel.\/ Fax: +49 \/ 89 \/ 26 86 14 <\/span><br \/>\n<span style=\"font-family: Arial,Helvetica\"><a href=\"https:\/\/lefthander-consulting.org\/english\/Welcome.htm\">http:\/\/www.lefthander-consulting.org,<\/a> e-mail: info@lefthander-consulting.org<\/span><\/p>\n","protected":false},"excerpt":{"rendered":"<p>The book deals with the right and the left in the perception of human beings and with the phenomenon of left-handedness through the ages. Scientific findings yielded by perceptual psychology research into the different effects produced by the right and the left side have shown that right-handers and left-handers do not see things the same way! The asymmetry in human lateral perception and the symbolical meaning of left and right handed down through time are also reflected in the fine arts, in manners, customs, and superstitions. Many works of western religious art have depicted the sinners on the left and the righteous on the right. In church women are seated on the left &#8211; they are classified as &#8220;earthly&#8221; &#8211; while the right side is due to the men, &#8220;in whom the Spirit dwells&#8221;. The history of left-handedness is closely connected with such valuation. Left-handers have often been ascribed characteristics, which can only be &#8230; <a title=\"Left and Right in the perception of human beings. Comments on the history of left-handedness\" class=\"read-more\" href=\"https:\/\/lefthander-consulting.org\/english\/information\/literature\/left-and-right-in-the-perception-of-human-beings-comments-on-the-history-of-left-handedness\/\" aria-label=\"Read more about Left and Right in the perception of human beings. Comments on the history of left-handedness\">Read more<\/a><\/p>\n","protected":false},"author":4,"featured_media":0,"parent":76,"menu_order":0,"comment_status":"closed","ping_status":"closed","template":"","meta":{"footnotes":""},"class_list":["post-377","page","type-page","status-publish"],"_links":{"self":[{"href":"https:\/\/lefthander-consulting.org\/english\/wp-json\/wp\/v2\/pages\/377","targetHints":{"allow":["GET"]}}],"collection":[{"href":"https:\/\/lefthander-consulting.org\/english\/wp-json\/wp\/v2\/pages"}],"about":[{"href":"https:\/\/lefthander-consulting.org\/english\/wp-json\/wp\/v2\/types\/page"}],"author":[{"embeddable":true,"href":"https:\/\/lefthander-consulting.org\/english\/wp-json\/wp\/v2\/users\/4"}],"replies":[{"embeddable":true,"href":"https:\/\/lefthander-consulting.org\/english\/wp-json\/wp\/v2\/comments?post=377"}],"version-history":[{"count":8,"href":"https:\/\/lefthander-consulting.org\/english\/wp-json\/wp\/v2\/pages\/377\/revisions"}],"predecessor-version":[{"id":566,"href":"https:\/\/lefthander-consulting.org\/english\/wp-json\/wp\/v2\/pages\/377\/revisions\/566"}],"up":[{"embeddable":true,"href":"https:\/\/lefthander-consulting.org\/english\/wp-json\/wp\/v2\/pages\/76"}],"wp:attachment":[{"href":"https:\/\/lefthander-consulting.org\/english\/wp-json\/wp\/v2\/media?parent=377"}],"curies":[{"name":"wp","href":"https:\/\/api.w.org\/{rel}","templated":true}]}}