{"id":350,"date":"2019-03-18T09:02:37","date_gmt":"2019-03-18T08:02:37","guid":{"rendered":"https:\/\/lefthander-consulting.org\/en\/information\/literature\/the-psyche-of-left-handed-children-the-soul-that-can-speak-with-animals\/"},"modified":"2019-04-25T19:10:28","modified_gmt":"2019-04-25T17:10:28","slug":"the-psyche-of-left-handed-children-the-soul-that-can-speak-with-animals","status":"publish","type":"page","link":"https:\/\/lefthander-consulting.org\/english\/information\/literature\/the-psyche-of-left-handed-children-the-soul-that-can-speak-with-animals\/","title":{"rendered":"The psyche of left-handed children. The soul that can speak with animals"},"content":{"rendered":"<p><img loading=\"lazy\" decoding=\"async\" class=\"buch-rahmen alignleft wp-image-2395 size-medium\" src=\"https:\/\/lefthander-consulting.org\/english\/wp-content\/uploads\/2019\/01\/Die_Psyche_des_linkshaendigen_Kindes_Cover-219x300.jpg\" alt=\"\" width=\"219\" height=\"300\" \/>The book deals with the psyche of left-handed children and with &#8220;the soul that can speak with animals&#8221;.<\/p>\n<p>Left-handedness and right-handedness are not only manifestations of motor dominance of one hemisphere of the human brain but appear to be linked with certain personal characteristics and typical behavioral patterns that are different in left-handers and right-handers. In the book various behavioral features and impulses for action often observed in left-handed persons are itemized, analyzed, and documented by sample cases. A comparison with right-handers demonstrates the contrast.<\/p>\n<p>Dr. Johanna Barbara Sattler, psychologist and licensed psychotherapist, the director of the M\u00fcnchen-based First Consulting and Information Center for Left-handers and Converted Left-handers in Germany, is addressing both the parents of left-handed children and the left-handers themselves. She also wishes to make pedagogs and therapists aware of the differences between left-handers and right-handers regarding their respective ways of reacting and thinking. The book wants to pave the way to better understanding especially for children, but also for adults where these are facing problems regarding their handedness. One chapter is dedicated to situations in partnerships between a left-hander and a right-hander.<\/p>\n<p>The interspersed stories from animal and human life in virgin nature written by Dr. Ivo-Kurt Cizek afford a novel sphere for children to identify themselves. They are finding an instrument helping them to see their own ways to react, to see what happens, and to understand them from a different aspect.<\/p>\n<p>8<sup>th<\/sup> on the <a href=\"http:\/\/www.linkshaender-beratung.de\/deutsch\/bestseller.htm\">bestsellers list published by DIE ZEIT<\/a> weekly on February 11, 1999.<\/p>\n<p><a href=\"http:\/\/www.linkshaender-beratung.de\/english\/Literature.htm\">Auer Verlag<\/a>, Donauw\u00f6rth, 1998, 4<sup>th<\/sup> edition 2003, ISBN 3-403-03091-1, 328 pages<br \/>\n<b>More details in the <a href=\"https:\/\/lefthander-consulting.org\/english\/information\/literature\/the-psyche-of-left-handed-children-the-soul-that-can-speak-with-animals\/foreword-to-the-book\/\">foreword to the book<\/a> of\u00a0 Professor Dr. Wihelm Franz Angermeier.<\/b><br \/>\n\u00a9 Copyright: Consulting and Information Center for Left-handers and Converted Left-handers<br \/>\n(Erste deutsche Beratungs- und Informationsstelle f\u00fcr Linksh\u00e4nder und umgeschulte Linksh\u00e4nder)<br \/>\nSendlinger Str. 17, D &#8211; 80331 Munich (M\u00fcnchen), Germany \/ Europe, Tel.\/ Fax: +49 \/ 89 \/ 26 86 14<br \/>\n<a href=\"https:\/\/lefthander-consulting.org\">http:\/\/www.lefthander-consulting.org<\/a>, e-mail: info@lefthander-consulting.org<\/p>\n","protected":false},"excerpt":{"rendered":"<p>The book deals with the psyche of left-handed children and with &#8220;the soul that can speak with animals&#8221;. Left-handedness and right-handedness are not only manifestations of motor dominance of one hemisphere of the human brain but appear to be linked with certain personal characteristics and typical behavioral patterns that are different in left-handers and right-handers. In the book various behavioral features and impulses for action often observed in left-handed persons are itemized, analyzed, and documented by sample cases. A comparison with right-handers demonstrates the contrast. Dr. Johanna Barbara Sattler, psychologist and licensed psychotherapist, the director of the M\u00fcnchen-based First Consulting and Information Center for Left-handers and Converted Left-handers in Germany, is addressing both the parents of left-handed children and the left-handers themselves. She also wishes to make pedagogs and therapists aware of the differences between left-handers and right-handers regarding their respective ways of reacting and thinking. The book wants to pave the way to &#8230; <a title=\"The psyche of left-handed children. The soul that can speak with animals\" class=\"read-more\" href=\"https:\/\/lefthander-consulting.org\/english\/information\/literature\/the-psyche-of-left-handed-children-the-soul-that-can-speak-with-animals\/\" aria-label=\"Read more about The psyche of left-handed children. The soul that can speak with animals\">Read more<\/a><\/p>\n","protected":false},"author":4,"featured_media":0,"parent":76,"menu_order":0,"comment_status":"closed","ping_status":"closed","template":"","meta":{"footnotes":""},"class_list":["post-350","page","type-page","status-publish"],"_links":{"self":[{"href":"https:\/\/lefthander-consulting.org\/english\/wp-json\/wp\/v2\/pages\/350","targetHints":{"allow":["GET"]}}],"collection":[{"href":"https:\/\/lefthander-consulting.org\/english\/wp-json\/wp\/v2\/pages"}],"about":[{"href":"https:\/\/lefthander-consulting.org\/english\/wp-json\/wp\/v2\/types\/page"}],"author":[{"embeddable":true,"href":"https:\/\/lefthander-consulting.org\/english\/wp-json\/wp\/v2\/users\/4"}],"replies":[{"embeddable":true,"href":"https:\/\/lefthander-consulting.org\/english\/wp-json\/wp\/v2\/comments?post=350"}],"version-history":[{"count":7,"href":"https:\/\/lefthander-consulting.org\/english\/wp-json\/wp\/v2\/pages\/350\/revisions"}],"predecessor-version":[{"id":511,"href":"https:\/\/lefthander-consulting.org\/english\/wp-json\/wp\/v2\/pages\/350\/revisions\/511"}],"up":[{"embeddable":true,"href":"https:\/\/lefthander-consulting.org\/english\/wp-json\/wp\/v2\/pages\/76"}],"wp:attachment":[{"href":"https:\/\/lefthander-consulting.org\/english\/wp-json\/wp\/v2\/media?parent=350"}],"curies":[{"name":"wp","href":"https:\/\/api.w.org\/{rel}","templated":true}]}}