{"id":256,"date":"2019-03-14T11:33:30","date_gmt":"2019-03-14T10:33:30","guid":{"rendered":"https:\/\/lefthander-consulting.org\/en\/information\/literature\/exercise-book-for-left-handers\/"},"modified":"2019-05-28T12:46:47","modified_gmt":"2019-05-28T10:46:47","slug":"exercise-book-for-left-handers","status":"publish","type":"page","link":"https:\/\/lefthander-consulting.org\/english\/information\/literature\/exercise-book-for-left-handers\/","title":{"rendered":"Exercise Book for Left-Handers"},"content":{"rendered":"<p><img loading=\"lazy\" decoding=\"async\" class=\"buch-rahmen alignleft wp-image-2388 size-medium\" src=\"https:\/\/lefthander-consulting.org\/english\/wp-content\/uploads\/2019\/01\/2926-212x300.jpg\" alt=\"\u00dcbungsheft f\u00fcr Linksh\u00e4nder\" width=\"212\" height=\"300\" \/><span style=\"font-family: Arial,Helvetica\">The helpful exercise book has been compiled especially for left-handed children. It should be studied under the guidance of a parent, a special education expert, teacher, ergotherapist or medical pedagog. The book is aimed at teaching a relaxed attitude as a preparation for writing.<\/span><\/p>\n<p><span style=\"font-family: Arial,Helvetica\">On large-size (DIN A4) pages short introductions are followed by sample exercises for left-handers of <i>drawing curves along lines. <\/i>(The exercise is accompanied by the Tale of the Magic Tree &#8211; a reward system to increase interest in working.) The book can also be helpful for converted left-handers who wish to reconvert themselves to their left hand for writing.<\/span><\/p>\n<p>&nbsp;<\/p>\n<p><span style=\"font-family: Arial,Helvetica\"><a href=\"https:\/\/www.auer-verlag.de\/\">Auer Verlag<\/a>, Donauw\u00f6rth, 1997, 13<sup>th<\/sup> edition 2016, ISBN 3-403-02925-5, 44 pages<\/span><br \/>\n<span style=\"font-family: Arial,Helvetica\">\u00a9 Copyright: Consulting and Information Center for Left-handers and Converted Left-handers<\/span><br \/>\n<span style=\"font-family: Arial,Helvetica\">(Erste deutsche Beratungs- und Informationsstelle f\u00fcr Linksh\u00e4nder und umgeschulte Linksh\u00e4nder)<\/span><br \/>\n<span style=\"font-family: Arial,Helvetica\">Sendlinger Str. 17, D &#8211; 80331 Munich (M\u00fcnchen), Germany \/ Europe, Tel.\/ Fax: +49 \/ 89 \/ 26 86 14<\/span><br \/>\n<span style=\"font-family: Arial,Helvetica\"><a href=\"https:\/\/lefthander-consulting.org\">http:\/\/www.lefthander-consulting.org<\/a>, e-mail: info@lefthander-consulting.org<\/span><\/p>\n<p>&nbsp;<\/p>\n","protected":false},"excerpt":{"rendered":"<p>The helpful exercise book has been compiled especially for left-handed children. It should be studied under the guidance of a parent, a special education expert, teacher, ergotherapist or medical pedagog. The book is aimed at teaching a relaxed attitude as a preparation for writing. On large-size (DIN A4) pages short introductions are followed by sample exercises for left-handers of drawing curves along lines. (The exercise is accompanied by the Tale of the Magic Tree &#8211; a reward system to increase interest in working.) The book can also be helpful for converted left-handers who wish to reconvert themselves to their left hand for writing. &nbsp; Auer Verlag, Donauw\u00f6rth, 1997, 13th edition 2016, ISBN 3-403-02925-5, 44 pages \u00a9 Copyright: Consulting and Information Center for Left-handers and Converted Left-handers (Erste deutsche Beratungs- und Informationsstelle f\u00fcr Linksh\u00e4nder und umgeschulte Linksh\u00e4nder) Sendlinger Str. 17, D &#8211; 80331 Munich (M\u00fcnchen), Germany \/ Europe, Tel.\/ Fax: +49 \/ 89 \/ 26 &#8230; <a title=\"Exercise Book for Left-Handers\" class=\"read-more\" href=\"https:\/\/lefthander-consulting.org\/english\/information\/literature\/exercise-book-for-left-handers\/\" aria-label=\"Read more about Exercise Book for Left-Handers\">Read more<\/a><\/p>\n","protected":false},"author":4,"featured_media":0,"parent":76,"menu_order":0,"comment_status":"closed","ping_status":"closed","template":"","meta":{"footnotes":""},"class_list":["post-256","page","type-page","status-publish"],"_links":{"self":[{"href":"https:\/\/lefthander-consulting.org\/english\/wp-json\/wp\/v2\/pages\/256","targetHints":{"allow":["GET"]}}],"collection":[{"href":"https:\/\/lefthander-consulting.org\/english\/wp-json\/wp\/v2\/pages"}],"about":[{"href":"https:\/\/lefthander-consulting.org\/english\/wp-json\/wp\/v2\/types\/page"}],"author":[{"embeddable":true,"href":"https:\/\/lefthander-consulting.org\/english\/wp-json\/wp\/v2\/users\/4"}],"replies":[{"embeddable":true,"href":"https:\/\/lefthander-consulting.org\/english\/wp-json\/wp\/v2\/comments?post=256"}],"version-history":[{"count":26,"href":"https:\/\/lefthander-consulting.org\/english\/wp-json\/wp\/v2\/pages\/256\/revisions"}],"predecessor-version":[{"id":590,"href":"https:\/\/lefthander-consulting.org\/english\/wp-json\/wp\/v2\/pages\/256\/revisions\/590"}],"up":[{"embeddable":true,"href":"https:\/\/lefthander-consulting.org\/english\/wp-json\/wp\/v2\/pages\/76"}],"wp:attachment":[{"href":"https:\/\/lefthander-consulting.org\/english\/wp-json\/wp\/v2\/media?parent=256"}],"curies":[{"name":"wp","href":"https:\/\/api.w.org\/{rel}","templated":true}]}}