{"id":250,"date":"2019-03-14T11:28:29","date_gmt":"2019-03-14T10:28:29","guid":{"rendered":"https:\/\/lefthander-consulting.org\/en\/information\/literature\/writing-pads-for-left-handers\/"},"modified":"2019-04-25T23:54:34","modified_gmt":"2019-04-25T21:54:34","slug":"writing-pads-for-left-handers","status":"publish","type":"page","link":"https:\/\/lefthander-consulting.org\/english\/information\/literature\/writing-pads-for-left-handers\/","title":{"rendered":"Writing Pads for Left-Handers"},"content":{"rendered":"<p><span style=\"font-family: Arial,Helvetica\"><img loading=\"lazy\" decoding=\"async\" class=\" wp-image-9 alignleft\" src=\"https:\/\/lefthander-consulting.org\/english\/wp-content\/uploads\/2018\/06\/2926.jpg\" alt=\"\" width=\"213\" height=\"150\" \/>Many left-handed children have difficulty in learning in time how to position the writing paper to suit their left hand. They often take resort to a cramped writing position, holding their hand like a &#8220;hook&#8221; above the line. The pad (of DIN A2 size) has the correct position of both the writing paper and the child&#8217;s hand printed on each sheet. It offers children timely help and should spare them future suffering in school, especially when they are using fountain pens where the ink might smear.<\/span><\/p>\n<p><span style=\"font-family: Arial,Helvetica\">In class, a suitable writing pad can be prepared by cutting off the right part of a sheet and protecting the sheet by a transparent cover.<\/span><\/p>\n<p><span style=\"font-family: Arial,Helvetica\"><a href=\"https:\/\/www.auer-verlag.de\/\">Auer Verlag<\/a>, Donauw\u00f6rth, 1996, 11th edition 2013, ISBN 3-403-02926-3, 20 sheets<\/span><\/p>\n<p><span style=\"font-family: Arial,Helvetica\">\u00a9 Copyright: Consulting and Information Center for Left-handers and Converted Left-handers<\/span><br \/>\n<span style=\"font-family: Arial,Helvetica\">(Erste deutsche Beratungs- und Informationsstelle f\u00fcr Linksh\u00e4nder und umgeschulte Linksh\u00e4nder)<\/span><br \/>\n<span style=\"font-family: Arial,Helvetica\">Sendlinger Str. 17, D &#8211; 80331 Munich (M\u00fcnchen), Germany \/ Europe, Tel.\/ Fax: +49 \/ 89 \/ 26 86 14<\/span><br \/>\n<span style=\"font-family: Arial,Helvetica\"><a href=\"https:\/\/lefthander-consulting.org\">https:\/\/lefthander-consulting.org<\/a>, e-mail: info@lefthander-consulting.org<\/span><\/p>\n","protected":false},"excerpt":{"rendered":"<p>Many left-handed children have difficulty in learning in time how to position the writing paper to suit their left hand. They often take resort to a cramped writing position, holding their hand like a &#8220;hook&#8221; above the line. The pad (of DIN A2 size) has the correct position of both the writing paper and the child&#8217;s hand printed on each sheet. It offers children timely help and should spare them future suffering in school, especially when they are using fountain pens where the ink might smear. In class, a suitable writing pad can be prepared by cutting off the right part of a sheet and protecting the sheet by a transparent cover. Auer Verlag, Donauw\u00f6rth, 1996, 11th edition 2013, ISBN 3-403-02926-3, 20 sheets \u00a9 Copyright: Consulting and Information Center for Left-handers and Converted Left-handers (Erste deutsche Beratungs- und Informationsstelle f\u00fcr Linksh\u00e4nder und umgeschulte Linksh\u00e4nder) Sendlinger Str. 17, D &#8211; 80331 Munich (M\u00fcnchen), Germany \/ &#8230; <a title=\"Writing Pads for Left-Handers\" class=\"read-more\" href=\"https:\/\/lefthander-consulting.org\/english\/information\/literature\/writing-pads-for-left-handers\/\" aria-label=\"Read more about Writing Pads for Left-Handers\">Read more<\/a><\/p>\n","protected":false},"author":4,"featured_media":0,"parent":76,"menu_order":0,"comment_status":"closed","ping_status":"closed","template":"","meta":{"footnotes":""},"class_list":["post-250","page","type-page","status-publish"],"_links":{"self":[{"href":"https:\/\/lefthander-consulting.org\/english\/wp-json\/wp\/v2\/pages\/250","targetHints":{"allow":["GET"]}}],"collection":[{"href":"https:\/\/lefthander-consulting.org\/english\/wp-json\/wp\/v2\/pages"}],"about":[{"href":"https:\/\/lefthander-consulting.org\/english\/wp-json\/wp\/v2\/types\/page"}],"author":[{"embeddable":true,"href":"https:\/\/lefthander-consulting.org\/english\/wp-json\/wp\/v2\/users\/4"}],"replies":[{"embeddable":true,"href":"https:\/\/lefthander-consulting.org\/english\/wp-json\/wp\/v2\/comments?post=250"}],"version-history":[{"count":6,"href":"https:\/\/lefthander-consulting.org\/english\/wp-json\/wp\/v2\/pages\/250\/revisions"}],"predecessor-version":[{"id":519,"href":"https:\/\/lefthander-consulting.org\/english\/wp-json\/wp\/v2\/pages\/250\/revisions\/519"}],"up":[{"embeddable":true,"href":"https:\/\/lefthander-consulting.org\/english\/wp-json\/wp\/v2\/pages\/76"}],"wp:attachment":[{"href":"https:\/\/lefthander-consulting.org\/english\/wp-json\/wp\/v2\/media?parent=250"}],"curies":[{"name":"wp","href":"https:\/\/api.w.org\/{rel}","templated":true}]}}