{"id":245,"date":"2019-03-14T11:18:54","date_gmt":"2019-03-14T10:18:54","guid":{"rendered":"https:\/\/lefthander-consulting.org\/en\/information\/literature\/exercises-for-left-handers-writing-and-working-with-the-left-hand\/lefties-have-right-too\/"},"modified":"2019-03-14T11:21:41","modified_gmt":"2019-03-14T10:21:41","slug":"lefties-have-right-too","status":"publish","type":"page","link":"https:\/\/lefthander-consulting.org\/english\/information\/literature\/exercises-for-left-handers-writing-and-working-with-the-left-hand\/lefties-have-right-too\/","title":{"rendered":"LEFTIES HAVE RIGHT, TOO!"},"content":{"rendered":"<p style=\"text-align: left\" align=\"center\"><span style=\"font-size: 20pt\"><strong>Giving southpaw a hand.<\/strong> <\/span><\/p>\n<p><span style=\"font-size: 16pt\"><strong>Kathleen Saal<\/strong><\/span><\/p>\n<p><span style=\"font-size: 12pt\">What&#8217;s right is right and what&#8217;s left is &#8211; well, wrong. For centuries, religion, myth, and custom have conspired to form a negative perception of those guided by the right side of their brains. From left-handed compliments to a left-handed oath and being out in left field, long-suffering southpaws have had to endure the discrimination of living in a right-handed world. <\/span><\/p>\n<p><span style=\"font-size: 12pt\">Researches, scientists, teachers and parents have long debated whether left-handedness is a god-given gift or an abnormality that needs to be corrected. The controversy goes back centuries. The left side of anything has long been considered a bad omen, unlucky, evil and dirty. Ancient tarot cards and pictures have often portrayed a left-handed Satan who even plays his fiddle the &#8220;wrong&#8221; way. The devil and other &#8220;bad&#8221; influences appear on the left side of Jesus in many religious drawings and paintings. In 17th century America, the accused persons at the Salem witch trails were far more likely to be found guilty if they were left-handed. <\/span><\/p>\n<p><span style=\"font-size: 12pt\">On the other hand, the right side has always been portrayed as and believed to be lucky, good and correct: in short, normal. Even in more enlightened times, lefties have faced an uphill battle in learning to use everyday items, such as scissors, can openers, corkscrews, ladles, spiral notebooks, camcorders, stringed instruments and golf clubs &#8211; all of which were designed for use by right-handers. <\/span><\/p>\n<p><span style=\"font-size: 12pt\">Help is here, though. Since 1985, Munich&#8217;s <i>Beratungsstelle f\u00fcr Linksh\u00e4nder und umgeschulte Linksh\u00e4nder<\/i> (Consulting Center for Left-Handers and Converted Left-Handers) has dedicated itself to correcting lifetimes of misgivings, misdeeds and misinformation. The center is financed by the city of Munich and is only one of its kind in Germany. It counsels left-handers and provides information about left-handedness; director Dr. Johanna Barbara Sattler is a psychologist who has written several books on the subject. <\/span><\/p>\n<p><span style=\"font-size: 12pt\">Sattler\u00b4s work has a personal as well as professional dimension, for as a child she was forced to become right-handed. She believes that genetics determine whether a person is right-handed or left-handed, just as they determine whether a child will be a boy or a girl, short or tall, brown- or blue-eyed. Her research has shown that forcing someone to change dominant hand can do more harm than good. <\/span><\/p>\n<p><span style=\"font-size: 12pt\">But long-held beliefs and opinions are slow to change. Sattler says left-handedness has only become socially acceptable in Germany in the past few decades. In the search for a prominent left-hander for the cover of her latest book<i>, \u00dcbungen f\u00fcr Linksh\u00e4nder<\/i> (Exercises for Left-Handers), which was released in November, she enlisted the help of the White House. On the book&#8217;s jacket, a picture shows a left-hander holding a pen (with proper hand placement, of course!) and asks the question <i>&#8220;Wem nur geh\u00f6ren diese H\u00e4nde?&#8221; <\/i>(Whose hands are these?). Upon opening the book, one finds a photo of Bill Clinton. Sattler says that the U.S. president is a good role model for what lefties can accomplish. <\/span><\/p>\n<p><span style=\"font-size: 12pt\">In French, left is <i>gauche<\/i>, or tactless. In Latin, left is <i>sinister<\/i>, whereas the Latin word for right <i>dexter<\/i>, is the root of &#8220;dexterity&#8221; in English. Perhaps a look at the German language can provide some insight into why public attitudes here remained prejudiced for so long. Left-handed in German is <i>linksh\u00e4ndig<\/i>, and <i>link<\/i> means double-crossing. The verb <i>linken<\/i> means to con, while <i>linkisch <\/i>is used to describe someone clumsy or awkward. Calling someone <i>ein ganz linker Hund<\/i> (a conniving dog) accuses that person of being a cheat; <i>ein linkes Ding drehen<\/i> is to do something dishonest. <i>Mit dem linken Fu\u00df zuerst aufgestanden<\/i> describes getting up on the left foot, that is, on the wrong side of bed. <i>Links liegengelassen, links b\u00fcgeln, links tragen:<\/i> these mean the item is either ignored, wrong side up, being ironed wrong side out, or being worn side out. <\/span><\/p>\n<p><span style=\"font-size: 12pt\">So left is wrong, right? <\/span><\/p>\n<p><span style=\"font-size: 12pt\">Roughly 15 percent of the world\u00b4s population &#8211; perhaps more &#8211; is left-handed, or right-brain dominant. And contrary to popular prejudice, southpaws do exhibit good traits. <\/span><\/p>\n<p><span style=\"font-size: 12pt\">Left-handers, in general, are individualistic, creative, intuitive, holistic and image-oriented. They are strategic thinkers. They have unusually good musical memories and are good at recalling pitch. And because of their exceptional sense of distance and proportion, lefties also excel in the fields of art and architecture. <\/span><\/p>\n<p><span style=\"font-size: 12pt\">Such qualities could explain why so many left-handers &#8211; past and present &#8211; have risen to greatness and have undeniably &#8220;left&#8221; their mark on history. They include: Alexander the Great, Caesar, Joan de Arc, Charlemagne, Michelangelo, Leonardo da Vinci, Napoleon, Queen Victoria, Benjamin Franklin, Albert Einstein, composers Philipp Emanuel Bach and Maurice Ravel, U.S. Presidents Harry Truman, Gerald Ford and George Bush, baseball\u00b4s Babe Ruth, tennis stars Jimmy Connors and Martina Navratilova, Microsoft founder Bill Gates, musicians Jimi Hendrix and Bob Dylan, actors Charlie Chaplin, Robert Redford, Whoopi Goldberg and Emma Thompson, and late-night talk show host Jay Leno. <\/span><\/p>\n<p><span style=\"font-size: 12pt\">And what about the famous lefties who were forced to switch hands? They include gangster Al Capone, Winston Churchill, World War II General George Patton and Erwin Rommel, Ronald Reagan and Marilyn Monroe. Some might think only left-handers are really in their right minds. <\/span><\/p>\n<p><span style=\"font-size: 12pt\">But then, some things are probably better left unsaid. <\/span><br \/>\n<span style=\"font-size: 12pt\"> \u00a0 <\/span><br \/>\n<span style=\"font-size: 12pt\">Munich Found. Winter 1996\/97. <\/span><br \/>\n<span style=\"font-size: 12pt\"> \u00a0 <\/span><br \/>\n<span style=\"font-size: 12pt\">\u00a9 Copyright: Kathleen Saal <\/span><br \/>\n<span style=\"font-size: 12pt\"> Consulting and Information Center for Left-handers and Converted Left-handers <\/span><br \/>\n<span style=\"font-size: 12pt\"> (Erste deutsche Beratungs- und Informationsstelle f\u00fcr Linksh\u00e4nder und umgeschulte Linksh\u00e4nder) <\/span><br \/>\n<span style=\"font-size: 12pt\"> Sendlinger Str. 17, D &#8211; 80331 Munich (M\u00fcnchen), Germany \/ Europe, Tel.\/ Fax: +49 \/ 89 \/ 26 86 14 <\/span><br \/>\n<span style=\"font-size: 12pt\"> <a href=\"http:\/\/www.linkshaender-beratung.de\/english\/index.htm\">http:\/\/www.lefthander-consulting.org<\/a>, e-mail: info@lefthander-consulting.org <\/span><\/p>\n","protected":false},"excerpt":{"rendered":"<p>Giving southpaw a hand. Kathleen Saal What&#8217;s right is right and what&#8217;s left is &#8211; well, wrong. For centuries, religion, myth, and custom have conspired to form a negative perception of those guided by the right side of their brains. From left-handed compliments to a left-handed oath and being out in left field, long-suffering southpaws have had to endure the discrimination of living in a right-handed world. Researches, scientists, teachers and parents have long debated whether left-handedness is a god-given gift or an abnormality that needs to be corrected. The controversy goes back centuries. The left side of anything has long been considered a bad omen, unlucky, evil and dirty. Ancient tarot cards and pictures have often portrayed a left-handed Satan who even plays his fiddle the &#8220;wrong&#8221; way. The devil and other &#8220;bad&#8221; influences appear on the left side of Jesus in many religious drawings and paintings. In 17th century America, the accused &#8230; <a title=\"LEFTIES HAVE RIGHT, TOO!\" class=\"read-more\" href=\"https:\/\/lefthander-consulting.org\/english\/information\/literature\/exercises-for-left-handers-writing-and-working-with-the-left-hand\/lefties-have-right-too\/\" aria-label=\"Read more about LEFTIES HAVE RIGHT, TOO!\">Read more<\/a><\/p>\n","protected":false},"author":4,"featured_media":0,"parent":223,"menu_order":0,"comment_status":"closed","ping_status":"closed","template":"","meta":{"footnotes":""},"class_list":["post-245","page","type-page","status-publish"],"_links":{"self":[{"href":"https:\/\/lefthander-consulting.org\/english\/wp-json\/wp\/v2\/pages\/245","targetHints":{"allow":["GET"]}}],"collection":[{"href":"https:\/\/lefthander-consulting.org\/english\/wp-json\/wp\/v2\/pages"}],"about":[{"href":"https:\/\/lefthander-consulting.org\/english\/wp-json\/wp\/v2\/types\/page"}],"author":[{"embeddable":true,"href":"https:\/\/lefthander-consulting.org\/english\/wp-json\/wp\/v2\/users\/4"}],"replies":[{"embeddable":true,"href":"https:\/\/lefthander-consulting.org\/english\/wp-json\/wp\/v2\/comments?post=245"}],"version-history":[{"count":3,"href":"https:\/\/lefthander-consulting.org\/english\/wp-json\/wp\/v2\/pages\/245\/revisions"}],"predecessor-version":[{"id":246,"href":"https:\/\/lefthander-consulting.org\/english\/wp-json\/wp\/v2\/pages\/245\/revisions\/246"}],"up":[{"embeddable":true,"href":"https:\/\/lefthander-consulting.org\/english\/wp-json\/wp\/v2\/pages\/223"}],"wp:attachment":[{"href":"https:\/\/lefthander-consulting.org\/english\/wp-json\/wp\/v2\/media?parent=245"}],"curies":[{"name":"wp","href":"https:\/\/api.w.org\/{rel}","templated":true}]}}