{"id":223,"date":"2019-03-13T10:27:45","date_gmt":"2019-03-13T09:27:45","guid":{"rendered":"https:\/\/lefthander-consulting.org\/en\/information\/literature\/exercises-for-left-handers-writing-and-working-with-the-left-hand\/"},"modified":"2019-04-25T23:27:25","modified_gmt":"2019-04-25T21:27:25","slug":"exercises-for-left-handers-writing-and-working-with-the-left-hand","status":"publish","type":"page","link":"https:\/\/lefthander-consulting.org\/english\/information\/literature\/exercises-for-left-handers-writing-and-working-with-the-left-hand\/","title":{"rendered":"Exercises for Left-handers Writing and Working with the Left Hand"},"content":{"rendered":"<p><img loading=\"lazy\" decoding=\"async\" class=\"buch-rahmen alignleft wp-image-2374 \" src=\"https:\/\/lefthander-consulting.org\/english\/wp-content\/uploads\/2019\/01\/02778-Cover-\u00dcbungen-f\u00fcr-Linksh\u00e4nder-neu-210x300.jpg\" alt=\"\" width=\"152\" height=\"217\" \/>Dr. Johanna Barbara Sattler can look back on 16 years of experience as director of the Erste deutsche Beratungs- und Informationsstelle f\u00fcr Linksh\u00e4nder und umgeschulte Linksh\u00e4nder (First Consulting and Information Center in Germany for Left-handers and Converted Left-handers). The center&#8217;s work includes the exchange of ideas and experiences with teachers, ergotherapists and mototherapists, experts in the field of medical pedagogy, and social pedagogs. This prompted her to compile the novel and unique trilogy offering practical aid for left-handed children and their parents, educators, teachers and therapists, and also guidance for converted left-handers wishing to reconvert themselves back to their naturally dominant hand.<\/p>\n<p>About, the story of the book\u00b4s jacket see the article of <i>Article: <\/i>Saal, Kathleen<i>, <a href=\"https:\/\/lefthander-consulting.org\/english\/information\/literature\/exercises-for-left-handers-writing-and-working-with-the-left-hand\/lefties-have-right-too\/\">Lefties have rights, too!<\/a><\/i> In: Munich Found.<b> <\/b>Winter 1996\/97.<\/p>\n<p><a href=\"https:\/\/lefthander-consulting.org\/english\/Literature.htm\">Auer Verlag<\/a>, Donauw\u00f6rth, 1996, 13<sup>th<\/sup> edition 2017, ISBN 3-403-02778-3, 150 pages<\/p>\n<p><b>More details in the <a href=\"https:\/\/lefthander-consulting.org\/english\/information\/literature\/exercises-for-left-handers-writing-and-working-with-the-left-hand\/foreword-to-the-book-exercises-for-left-handers-writing-and-working-with-the-left-hand\/\">foreword to the book<\/a> Professor Dr. Angelika Speck-Hamdan.<\/b><br \/>\n\u00a9 Copyright: Consulting and Information Center for Left-handers and Converted Left-handers<br \/>\n(Erste deutsche Beratungs- und Informationsstelle f\u00fcr Linksh\u00e4nder und umgeschulte Linksh\u00e4nder)<br \/>\nSendlinger Str. 17, D &#8211; 80331 Munich (M\u00fcnchen), Germany \/ Europe, Tel.\/ Fax: +49 \/ 89 \/ 26 86 14<br \/>\n<a href=\"https:\/\/lefthander-consulting.org\">https:\/\/lefthander-consulting.org<\/a>, e-mail: info@lefthander-consulting.org<\/p>\n","protected":false},"excerpt":{"rendered":"<p>Dr. Johanna Barbara Sattler can look back on 16 years of experience as director of the Erste deutsche Beratungs- und Informationsstelle f\u00fcr Linksh\u00e4nder und umgeschulte Linksh\u00e4nder (First Consulting and Information Center in Germany for Left-handers and Converted Left-handers). The center&#8217;s work includes the exchange of ideas and experiences with teachers, ergotherapists and mototherapists, experts in the field of medical pedagogy, and social pedagogs. This prompted her to compile the novel and unique trilogy offering practical aid for left-handed children and their parents, educators, teachers and therapists, and also guidance for converted left-handers wishing to reconvert themselves back to their naturally dominant hand. About, the story of the book\u00b4s jacket see the article of Article: Saal, Kathleen, Lefties have rights, too! In: Munich Found. Winter 1996\/97. Auer Verlag, Donauw\u00f6rth, 1996, 13th edition 2017, ISBN 3-403-02778-3, 150 pages More details in the foreword to the book Professor Dr. Angelika Speck-Hamdan. \u00a9 Copyright: Consulting and Information Center &#8230; <a title=\"Exercises for Left-handers Writing and Working with the Left Hand\" class=\"read-more\" href=\"https:\/\/lefthander-consulting.org\/english\/information\/literature\/exercises-for-left-handers-writing-and-working-with-the-left-hand\/\" aria-label=\"Read more about Exercises for Left-handers Writing and Working with the Left Hand\">Read more<\/a><\/p>\n","protected":false},"author":4,"featured_media":0,"parent":76,"menu_order":0,"comment_status":"closed","ping_status":"closed","template":"","meta":{"footnotes":""},"class_list":["post-223","page","type-page","status-publish"],"_links":{"self":[{"href":"https:\/\/lefthander-consulting.org\/english\/wp-json\/wp\/v2\/pages\/223","targetHints":{"allow":["GET"]}}],"collection":[{"href":"https:\/\/lefthander-consulting.org\/english\/wp-json\/wp\/v2\/pages"}],"about":[{"href":"https:\/\/lefthander-consulting.org\/english\/wp-json\/wp\/v2\/types\/page"}],"author":[{"embeddable":true,"href":"https:\/\/lefthander-consulting.org\/english\/wp-json\/wp\/v2\/users\/4"}],"replies":[{"embeddable":true,"href":"https:\/\/lefthander-consulting.org\/english\/wp-json\/wp\/v2\/comments?post=223"}],"version-history":[{"count":13,"href":"https:\/\/lefthander-consulting.org\/english\/wp-json\/wp\/v2\/pages\/223\/revisions"}],"predecessor-version":[{"id":517,"href":"https:\/\/lefthander-consulting.org\/english\/wp-json\/wp\/v2\/pages\/223\/revisions\/517"}],"up":[{"embeddable":true,"href":"https:\/\/lefthander-consulting.org\/english\/wp-json\/wp\/v2\/pages\/76"}],"wp:attachment":[{"href":"https:\/\/lefthander-consulting.org\/english\/wp-json\/wp\/v2\/media?parent=223"}],"curies":[{"name":"wp","href":"https:\/\/api.w.org\/{rel}","templated":true}]}}