{"id":177,"date":"2019-03-12T14:19:38","date_gmt":"2019-03-12T13:19:38","guid":{"rendered":"https:\/\/lefthander-consulting.org\/en\/information\/literature\/the-converted-left-hander-or-the-knot-in-the-brain\/"},"modified":"2019-05-02T08:58:35","modified_gmt":"2019-05-02T06:58:35","slug":"the-converted-left-hander-or-the-knot-in-the-brain","status":"publish","type":"page","link":"https:\/\/lefthander-consulting.org\/english\/information\/literature\/the-converted-left-hander-or-the-knot-in-the-brain\/","title":{"rendered":"The Converted Left-Hander or The Knot in the Brain"},"content":{"rendered":"<p><span style=\"font-size: 18pt\"><img loading=\"lazy\" decoding=\"async\" class=\"bild-rahmen alignleft wp-image-22 size-full\" src=\"https:\/\/lefthander-consulting.org\/wp-content\/uploads\/2018\/06\/2645.jpg\" alt=\"\" width=\"200\" height=\"290\" \/><\/span><\/p>\n<p>&nbsp;<\/p>\n<p><span style=\"font-size: 16pt;font-family: arial, helvetica, sans-serif\">Johanna Barbara Sattler<\/span><\/p>\n<p><span style=\"font-family: Arial,Helvetica\">Converting the innate handedness is a most violent attack on the human brain: the predominant use of the non-dominant hand, especially for writing, often leads to very serious disorders and irritations in the brain. In most cases individuals thereby get under enormous strain, affecting them for the rest of their lives. <\/span><\/p>\n<p><span style=\"font-family: Arial,Helvetica\">The book describes in detail the various forms in which a person&#8217;s handedness can be converted. It presents a large number of individual biographies, analyzing the different ways in which the personality may develop following conversion. Such analysis affords a well-founded insight into research findings in medical science and in the theory of education. The book also presents many practical aids for individuals affected and for professional groups faced with left-handedness and converted handedness in children and adults. Aids and tips are also offered for use in the daily work of pediatricians and experts in medical pedagogy, for ergotherapists and mototherapists, nursery, pre-school and school teachers, and also for psychologists. Hints are given regarding some psychosomatic disorders, which especially family doctors and internists are often confronted with (see the included article <i><a href=\"https:\/\/lefthander-consulting.org\/english\/information\/ambidextrous-people-are-brain-damaged\/\">&#8220;&#8216;Ambidextrous People&#8217; are Brain-Damaged&#8221;<\/a><\/i> plus many examples, the thesis <i><a href=\"https:\/\/lefthander-consulting.org\/english\/information\/postulates-derived-from-research-findings\/\">Postulates Derived from Research Findings<\/a>, <\/i>as well as <i><a href=\"https:\/\/lefthander-consulting.org\/english\/information\/statistics\/some-thoughts-after-confronting-the-data-accumulated-and-the-research-studies\/\">Some Thoughts after Confronting the Data Accumulated and the Research Studies<\/a><\/i>).<\/span><\/p>\n<p><span style=\"font-family: Arial,Helvetica\">The book includes a knowledgeable discussion on the risks and chances of reconverting handedness, which is mainly aimed at writing with the dominant hand. <\/span><\/p>\n<p><span style=\"font-family: Arial,Helvetica\"><u>The book in <b>German language<\/b> is published in:<\/u><\/span><\/p>\n<p><span style=\"font-family: Arial,Helvetica\"><a href=\"https:\/\/www.auer-verlag.de\">Auer Verlag<\/a>, Donauw\u00f6rth, 1995, 12<sup>th<\/sup> edition, 2013, ISBN 3-403-02645-0, 384 pages<\/span><br \/>\n<span style=\"font-family: Arial,Helvetica\"><b>More details in the <a href=\"https:\/\/lefthander-consulting.org\/english\/information\/literature\/the-converted-left-hander-or-the-knot-in-the-brain\/foreword-to-the-book-the-converted-left-hander-or-the-knot-in-the-brain\/\">foreword to the book <\/a>Dr. Ivo-Kurt Cizek, Dipl.-Psych., M.A. (Soz.).<\/b><\/span><br \/>\n<span style=\"font-family: Arial,Helvetica\">\u00a9 Copyright: Consulting and Information Center for Left-handers and Converted Left-handers<\/span><br \/>\n<span style=\"font-family: Arial,Helvetica\">(Erste deutsche Beratungs- und Informationsstelle f\u00fcr Linksh\u00e4nder und umgeschulte Linksh\u00e4nder)<\/span><br \/>\n<span style=\"font-family: Arial,Helvetica\">Sendlinger Str. 17, D &#8211; 80331 Munich (M\u00fcnchen), Germany \/ Europe, Tel.\/ Fax: +49 \/ 89 \/ 26 86 14<\/span><br \/>\n<span style=\"font-family: Arial,Helvetica\"><a href=\"https:\/\/lefthander-consulting.org\">https:\/lefthander-consulting.org<\/a>, e-mail: info@lefthander-consulting.org<\/span><\/p>\n","protected":false},"excerpt":{"rendered":"<p>&nbsp; Johanna Barbara Sattler Converting the innate handedness is a most violent attack on the human brain: the predominant use of the non-dominant hand, especially for writing, often leads to very serious disorders and irritations in the brain. In most cases individuals thereby get under enormous strain, affecting them for the rest of their lives. The book describes in detail the various forms in which a person&#8217;s handedness can be converted. It presents a large number of individual biographies, analyzing the different ways in which the personality may develop following conversion. Such analysis affords a well-founded insight into research findings in medical science and in the theory of education. The book also presents many practical aids for individuals affected and for professional groups faced with left-handedness and converted handedness in children and adults. Aids and tips are also offered for use in the daily work of pediatricians and experts in medical pedagogy, for ergotherapists &#8230; <a title=\"The Converted Left-Hander or The Knot in the Brain\" class=\"read-more\" href=\"https:\/\/lefthander-consulting.org\/english\/information\/literature\/the-converted-left-hander-or-the-knot-in-the-brain\/\" aria-label=\"Read more about The Converted Left-Hander or The Knot in the Brain\">Read more<\/a><\/p>\n","protected":false},"author":4,"featured_media":0,"parent":76,"menu_order":0,"comment_status":"closed","ping_status":"closed","template":"","meta":{"footnotes":""},"class_list":["post-177","page","type-page","status-publish"],"_links":{"self":[{"href":"https:\/\/lefthander-consulting.org\/english\/wp-json\/wp\/v2\/pages\/177","targetHints":{"allow":["GET"]}}],"collection":[{"href":"https:\/\/lefthander-consulting.org\/english\/wp-json\/wp\/v2\/pages"}],"about":[{"href":"https:\/\/lefthander-consulting.org\/english\/wp-json\/wp\/v2\/types\/page"}],"author":[{"embeddable":true,"href":"https:\/\/lefthander-consulting.org\/english\/wp-json\/wp\/v2\/users\/4"}],"replies":[{"embeddable":true,"href":"https:\/\/lefthander-consulting.org\/english\/wp-json\/wp\/v2\/comments?post=177"}],"version-history":[{"count":21,"href":"https:\/\/lefthander-consulting.org\/english\/wp-json\/wp\/v2\/pages\/177\/revisions"}],"predecessor-version":[{"id":560,"href":"https:\/\/lefthander-consulting.org\/english\/wp-json\/wp\/v2\/pages\/177\/revisions\/560"}],"up":[{"embeddable":true,"href":"https:\/\/lefthander-consulting.org\/english\/wp-json\/wp\/v2\/pages\/76"}],"wp:attachment":[{"href":"https:\/\/lefthander-consulting.org\/english\/wp-json\/wp\/v2\/media?parent=177"}],"curies":[{"name":"wp","href":"https:\/\/api.w.org\/{rel}","templated":true}]}}