{"id":174,"date":"2019-03-12T14:14:03","date_gmt":"2019-03-12T13:14:03","guid":{"rendered":"https:\/\/lefthander-consulting.org\/en\/information\/literature\/the-left-handed-child-in-elementary-school\/"},"modified":"2019-04-26T15:18:22","modified_gmt":"2019-04-26T13:18:22","slug":"the-left-handed-child-in-elementary-school","status":"publish","type":"page","link":"https:\/\/lefthander-consulting.org\/english\/information\/literature\/the-left-handed-child-in-elementary-school\/","title":{"rendered":"The Left-Handed Child in Elementary School"},"content":{"rendered":"<p><b><img loading=\"lazy\" decoding=\"async\" class=\"buch-rahmen alignleft wp-image-181\" src=\"https:\/\/lefthander-consulting.org\/english\/wp-content\/uploads\/sites\/2\/2019\/03\/2532_Cover-215x300.jpg\" alt=\"\" width=\"210\" height=\"293\" srcset=\"https:\/\/lefthander-consulting.org\/english\/wp-content\/uploads\/sites\/2\/2019\/03\/2532_Cover-215x300.jpg 215w, https:\/\/lefthander-consulting.org\/english\/wp-content\/uploads\/sites\/2\/2019\/03\/2532_Cover.jpg 300w\" sizes=\"auto, (max-width: 210px) 100vw, 210px\" \/><\/b><b><\/b><\/p>\n<p>The book was compiled at the request of the Bavarian State Ministry for Education, Culture, Science and Arts. The target groups are teacher, school psychologists, pedagogs, educators and other professional groups working with children in the field of medical prevention. Aids are also offered to parents, the more so as the literature available on the subject is sparse.<\/p>\n<p>The book does not present a theoretical paper on a largely neglected subject but it offers real practical assistance. Oriented to practical life and discussing the situation of left-handed children in school and in everyday life with knowledgeable profoundness, the book is unique.<\/p>\n<p>The main points discussed in the book are<\/p>\n<ul>\n<li>diagnosis and testing of handedness <i>(<a href=\"https:\/\/lefthander-consulting.org\/english\/Questionnaire1.htm\">Questionnaire for the evaluation of handedness<\/a><\/i> and the <i><a href=\"https:\/\/lefthander-consulting.org\/english\/Questionnaire2.htm\">Questionnaire for the isolation of converted handedness and partial disturbances in performance<\/a><\/i>).<\/li>\n<li>writing position and seating order<\/li>\n<li>useful utensils<\/li>\n<li>hints for needlework and manual training<\/li>\n<li>hints for music lessons<\/li>\n<li>physical training and active games<\/li>\n<li>consequences of converting handedness<\/li>\n<li>chances for reconversion to the dominant hand<\/li>\n<li>left-handedness and partial disturbances<\/li>\n<li>names and addresses<\/li>\n<\/ul>\n<p>Published by ISB-Staatsinstitut f\u00fcr Schulp\u00e4dagogik und Bildungsforschung, M\u00fcnchen 1993, distributed by <a href=\"https:\/\/lefthander-consulting.org\/english\/Literature.htm\">Auer Verlag<\/a>, Donauw\u00f6rth, 16<sup>th<\/sup> edition 2010, ISBN 3-403-02532-2, 130 pages<\/p>\n<p><b>More details in the <a href=\"https:\/\/lefthander-consulting.org\/english\/information\/literature\/the-left-handed-child-in-elementary-school\/foreword-to-the-book-the-left-handed-child-in-elementary-school\/\">foreword to the book<\/a> Dr. Peter Igl.<\/b><\/p>\n<p>\u00a9 Copyright: Consulting and Information Center for Left-handers and Converted Left-handers<br \/>\n(Erste deutsche Beratungs- und Informationsstelle f\u00fcr Linksh\u00e4nder und umgeschulte Linksh\u00e4nder)<br \/>\nSendlinger Str. 17, D &#8211; 80331 Munich (M\u00fcnchen), Germany \/ Europe, Tel.\/ Fax: +49 \/ 89 \/ 26 86 14<br \/>\n<a href=\"https:\/\/lefthander-consulting.org\/english\/Welcome.htm\">https:\/\/lefthander-consulting.org<\/a>, e-mail: info@lefthander-consulting.org<\/p>\n","protected":false},"excerpt":{"rendered":"<p>The book was compiled at the request of the Bavarian State Ministry for Education, Culture, Science and Arts. The target groups are teacher, school psychologists, pedagogs, educators and other professional groups working with children in the field of medical prevention. Aids are also offered to parents, the more so as the literature available on the subject is sparse. The book does not present a theoretical paper on a largely neglected subject but it offers real practical assistance. Oriented to practical life and discussing the situation of left-handed children in school and in everyday life with knowledgeable profoundness, the book is unique. The main points discussed in the book are diagnosis and testing of handedness (Questionnaire for the evaluation of handedness and the Questionnaire for the isolation of converted handedness and partial disturbances in performance). writing position and seating order useful utensils hints for needlework and manual training hints for music lessons physical training and &#8230; <a title=\"The Left-Handed Child in Elementary School\" class=\"read-more\" href=\"https:\/\/lefthander-consulting.org\/english\/information\/literature\/the-left-handed-child-in-elementary-school\/\" aria-label=\"Read more about The Left-Handed Child in Elementary School\">Read more<\/a><\/p>\n","protected":false},"author":4,"featured_media":0,"parent":76,"menu_order":0,"comment_status":"closed","ping_status":"closed","template":"","meta":{"footnotes":""},"class_list":["post-174","page","type-page","status-publish"],"_links":{"self":[{"href":"https:\/\/lefthander-consulting.org\/english\/wp-json\/wp\/v2\/pages\/174","targetHints":{"allow":["GET"]}}],"collection":[{"href":"https:\/\/lefthander-consulting.org\/english\/wp-json\/wp\/v2\/pages"}],"about":[{"href":"https:\/\/lefthander-consulting.org\/english\/wp-json\/wp\/v2\/types\/page"}],"author":[{"embeddable":true,"href":"https:\/\/lefthander-consulting.org\/english\/wp-json\/wp\/v2\/users\/4"}],"replies":[{"embeddable":true,"href":"https:\/\/lefthander-consulting.org\/english\/wp-json\/wp\/v2\/comments?post=174"}],"version-history":[{"count":17,"href":"https:\/\/lefthander-consulting.org\/english\/wp-json\/wp\/v2\/pages\/174\/revisions"}],"predecessor-version":[{"id":516,"href":"https:\/\/lefthander-consulting.org\/english\/wp-json\/wp\/v2\/pages\/174\/revisions\/516"}],"up":[{"embeddable":true,"href":"https:\/\/lefthander-consulting.org\/english\/wp-json\/wp\/v2\/pages\/76"}],"wp:attachment":[{"href":"https:\/\/lefthander-consulting.org\/english\/wp-json\/wp\/v2\/media?parent=174"}],"curies":[{"name":"wp","href":"https:\/\/api.w.org\/{rel}","templated":true}]}}