{"id":9988,"date":"2022-01-21T08:40:00","date_gmt":"2022-01-21T07:40:15","guid":{"rendered":"https:\/\/lefthander-consulting.org\/deutsch\/?page_id=9988"},"modified":"2022-01-21T11:28:48","modified_gmt":"2022-01-21T10:28:48","slug":"schreibuebungen-fuer-linkshaender-mit-jobasa","status":"publish","type":"page","link":"https:\/\/lefthander-consulting.org\/deutsch\/information\/literatur\/schreibuebungen-fuer-linkshaender-mit-jobasa\/","title":{"rendered":"Schreib\u00fcbungen f\u00fcr Linksh\u00e4nder mit Jobasa"},"content":{"rendered":"<div><\/div>\n<p><span style=\"font-size: 18pt\"><img loading=\"lazy\" decoding=\"async\" class=\"buch-rahmen alignleft wp-image-10004 size-medium\" src=\"https:\/\/lefthander-consulting.org\/deutsch\/wp-content\/uploads\/2022\/01\/schreibuebungen-fuer-linkshaender-mit-jobasa-219x300.jpg\" alt=\"\" width=\"219\" height=\"300\" srcset=\"https:\/\/lefthander-consulting.org\/deutsch\/wp-content\/uploads\/2022\/01\/schreibuebungen-fuer-linkshaender-mit-jobasa-219x300.jpg 219w, https:\/\/lefthander-consulting.org\/deutsch\/wp-content\/uploads\/2022\/01\/schreibuebungen-fuer-linkshaender-mit-jobasa-746x1024.jpg 746w, https:\/\/lefthander-consulting.org\/deutsch\/wp-content\/uploads\/2022\/01\/schreibuebungen-fuer-linkshaender-mit-jobasa-768x1054.jpg 768w, https:\/\/lefthander-consulting.org\/deutsch\/wp-content\/uploads\/2022\/01\/schreibuebungen-fuer-linkshaender-mit-jobasa.jpg 800w\" sizes=\"auto, (max-width: 219px) 100vw, 219px\" \/>Gro\u00dfe und kleine Druckbuchstaben.<br \/>\n<\/span><span style=\"font-size: 18pt\">\u00dcbungsheft mit Abstandhaltern<\/span><\/p>\n<div class=\"product attribute short_description\">In der Schule werden g\u00e4ngige Schulb\u00fccher und Lehrg\u00e4nge eingesetzt, die oft die besonderen Herausforderungen von linksh\u00e4ndigen Kindern nicht angemessen ber\u00fccksichtigen. Das muss nicht sein! Dieses \u00dcbungsheft unterst\u00fctzt linksh\u00e4ndige Kinder beim Schreibenlernen im Anfangsunterricht.<\/div>\n<div class=\"product attribute description\">\n<div class=\"product attribute desc\">\n<p>Die \u00dcbungen setzen zeitlich genau richtig ein, wenn die Kinder in der Schule bereits alle Buchstaben kennengelernt haben und nun eine lockere und unverkrampfte Schreibhaltung trainieren m\u00f6chten. Vielf\u00e4ltige Buchstaben-Schwung\u00fcbungen wecken die Freude am Tun und ebnen den Weg f\u00fcr lebenslange Freude am Schreiben.<\/p>\n<p><strong>Das \u00dcbungsheft enth\u00e4lt:<\/strong><\/p>\n<ul>\n<li>Vorbereitende Schwung\u00fcbungen zur Lockerung der Finger<\/li>\n<li>Schreib\u00fcbungen zu jedem Buchstaben<\/li>\n<li>Schreib\u00fcbungen zu ersten W\u00f6rtern und S\u00e4tzen<img loading=\"lazy\" decoding=\"async\" class=\"alignright wp-image-10098 size-medium\" src=\"https:\/\/lefthander-consulting.org\/deutsch\/wp-content\/uploads\/2022\/01\/Elefantenruessel-Abstandhalter-Begleitheft-2021-e1642752162903-216x300.jpg\" alt=\"\" width=\"216\" height=\"300\" srcset=\"https:\/\/lefthander-consulting.org\/deutsch\/wp-content\/uploads\/2022\/01\/Elefantenruessel-Abstandhalter-Begleitheft-2021-e1642752162903-216x300.jpg 216w, https:\/\/lefthander-consulting.org\/deutsch\/wp-content\/uploads\/2022\/01\/Elefantenruessel-Abstandhalter-Begleitheft-2021-e1642752162903.jpg 671w\" sizes=\"auto, (max-width: 216px) 100vw, 216px\" \/><\/li>\n<li>3 Elefantenr\u00fcssel-Vorlagen als Abstandhalter<\/li>\n<\/ul>\n<p>&nbsp;<\/p>\n<p><strong><span class=\"keywords-headline\">Inhaltliche Schwerpunkte<\/span><\/strong><\/p>\n<ul class=\"keywords-list\">\n<li>Schreibtraining<\/li>\n<li>Schreiblehrgang<\/li>\n<li>Linksh\u00e4nder<\/li>\n<li>Schulanf\u00e4nger<\/li>\n<\/ul>\n<\/div>\n<\/div>\n<p>&nbsp;<\/p>\n<p><a href=\"https:\/\/www.auer-verlag.de\/catalogsearch\/result\/?cat=0&amp;q=Linksh%C3%A4nder\">Auer Verlag<\/a>, Augsburg, 2021, Bestell-Nr. 08439-6<\/p>\n<p style=\"text-align: right\"><a href=\"https:\/\/jobasa.de\/\">Homepage<\/a> der Schildkr\u00f6te JOBASA:<br \/>\n<a href=\"https:\/\/jobasa.de\/\"><img loading=\"lazy\" decoding=\"async\" class=\"wp-image-6290 alignright\" src=\"https:\/\/lefthander-consulting.org\/deutsch\/wp-content\/uploads\/2019\/09\/Homepage-JOBASA-1-300x66.jpg\" alt=\"\" width=\"372\" height=\"82\" srcset=\"https:\/\/lefthander-consulting.org\/deutsch\/wp-content\/uploads\/2019\/09\/Homepage-JOBASA-1-300x66.jpg 300w, https:\/\/lefthander-consulting.org\/deutsch\/wp-content\/uploads\/2019\/09\/Homepage-JOBASA-1-768x168.jpg 768w, https:\/\/lefthander-consulting.org\/deutsch\/wp-content\/uploads\/2019\/09\/Homepage-JOBASA-1.jpg 796w\" sizes=\"auto, (max-width: 372px) 100vw, 372px\" \/><\/a><\/p>\n<div class=\"product attribute description\">\n<div class=\"product attribute desc\">\n<p>Erste deutsche Beratungs- und Informationsstelle f\u00fcr Linksh\u00e4nder und umgeschulte Linksh\u00e4nder,<br \/>\nSendlinger Str. 17, 80331 M\u00fcnchen, Tel. \/ Fax: +49 \/ 89 \/ 26 86 14,<br \/>\n<a href=\"https:\/\/lefthander-consulting.org\/\">https:\/\/lefthander-consulting.org<\/a>, e-mail: info@lefthander-consulting.org<\/p>\n<\/div>\n<\/div>\n","protected":false},"excerpt":{"rendered":"<p>Gro\u00dfe und kleine Druckbuchstaben. \u00dcbungsheft mit Abstandhaltern In der Schule werden g\u00e4ngige Schulb\u00fccher und Lehrg\u00e4nge eingesetzt, die oft die besonderen Herausforderungen von linksh\u00e4ndigen Kindern nicht angemessen ber\u00fccksichtigen. Das muss nicht sein! Dieses \u00dcbungsheft unterst\u00fctzt linksh\u00e4ndige Kinder beim Schreibenlernen im Anfangsunterricht. Die \u00dcbungen setzen zeitlich genau richtig ein, wenn die Kinder in der Schule bereits alle Buchstaben kennengelernt haben und nun eine lockere und unverkrampfte Schreibhaltung trainieren m\u00f6chten. Vielf\u00e4ltige Buchstaben-Schwung\u00fcbungen wecken die Freude am Tun und ebnen den Weg f\u00fcr lebenslange Freude am Schreiben. Das \u00dcbungsheft enth\u00e4lt: Vorbereitende Schwung\u00fcbungen zur Lockerung der Finger Schreib\u00fcbungen zu jedem Buchstaben Schreib\u00fcbungen zu ersten W\u00f6rtern und S\u00e4tzen 3 Elefantenr\u00fcssel-Vorlagen als Abstandhalter &nbsp; Inhaltliche Schwerpunkte Schreibtraining Schreiblehrgang Linksh\u00e4nder Schulanf\u00e4nger &nbsp; Auer Verlag, Augsburg, 2021, Bestell-Nr. 08439-6 Homepage der Schildkr\u00f6te JOBASA: Erste deutsche Beratungs- und Informationsstelle f\u00fcr Linksh\u00e4nder und umgeschulte Linksh\u00e4nder, Sendlinger Str. 17, 80331 M\u00fcnchen, Tel. \/ Fax: +49 \/ 89 \/ 26 86 14, https:\/\/lefthander-consulting.org, e-mail: info@lefthander-consulting.org<\/p>\n","protected":false},"author":4,"featured_media":0,"parent":41,"menu_order":1,"comment_status":"closed","ping_status":"closed","template":"","meta":{"_cbd_carousel_blocks":"[]","footnotes":""},"class_list":["post-9988","page","type-page","status-publish"],"_links":{"self":[{"href":"https:\/\/lefthander-consulting.org\/deutsch\/wp-json\/wp\/v2\/pages\/9988","targetHints":{"allow":["GET"]}}],"collection":[{"href":"https:\/\/lefthander-consulting.org\/deutsch\/wp-json\/wp\/v2\/pages"}],"about":[{"href":"https:\/\/lefthander-consulting.org\/deutsch\/wp-json\/wp\/v2\/types\/page"}],"author":[{"embeddable":true,"href":"https:\/\/lefthander-consulting.org\/deutsch\/wp-json\/wp\/v2\/users\/4"}],"replies":[{"embeddable":true,"href":"https:\/\/lefthander-consulting.org\/deutsch\/wp-json\/wp\/v2\/comments?post=9988"}],"version-history":[{"count":1,"href":"https:\/\/lefthander-consulting.org\/deutsch\/wp-json\/wp\/v2\/pages\/9988\/revisions"}],"predecessor-version":[{"id":10186,"href":"https:\/\/lefthander-consulting.org\/deutsch\/wp-json\/wp\/v2\/pages\/9988\/revisions\/10186"}],"up":[{"embeddable":true,"href":"https:\/\/lefthander-consulting.org\/deutsch\/wp-json\/wp\/v2\/pages\/41"}],"wp:attachment":[{"href":"https:\/\/lefthander-consulting.org\/deutsch\/wp-json\/wp\/v2\/media?parent=9988"}],"curies":[{"name":"wp","href":"https:\/\/api.w.org\/{rel}","templated":true}]}}