{"id":91,"date":"2018-06-07T15:33:50","date_gmt":"2018-06-07T13:33:50","guid":{"rendered":"https:\/\/lefthander-consulting.org\/?page_id=91"},"modified":"2025-08-15T14:34:42","modified_gmt":"2025-08-15T12:34:42","slug":"guetesiegel","status":"publish","type":"page","link":"https:\/\/lefthander-consulting.org\/deutsch\/beratung\/guetesiegel\/","title":{"rendered":"G\u00fctesiegel"},"content":{"rendered":"<p><img loading=\"lazy\" decoding=\"async\" class=\"alignleft wp-image-1607\" src=\"https:\/\/lefthander-consulting.org\/deutsch\/wp-content\/uploads\/2018\/12\/Linkshaender_Siegel_07_blau_RGB_72dpi-268x300.jpg\" alt=\"S-MH\u00ae\u00a0G\u00fctesiegelzur Beratungzu Linksh\u00e4nder-Produktennach MethodikDr. Johanna Barbara Sattler\" width=\"244\" height=\"273\" srcset=\"https:\/\/lefthander-consulting.org\/deutsch\/wp-content\/uploads\/2018\/12\/Linkshaender_Siegel_07_blau_RGB_72dpi-268x300.jpg 268w, https:\/\/lefthander-consulting.org\/deutsch\/wp-content\/uploads\/2018\/12\/Linkshaender_Siegel_07_blau_RGB_72dpi.jpg 619w\" sizes=\"auto, (max-width: 244px) 100vw, 244px\" \/><\/p>\n<p><span style=\"font-size: 24pt\">Qualifizierung zum\/zur<\/span><\/p>\n<p><span style=\"font-size: 24pt\"><strong>zert<\/strong><strong>.\u00a0Schreibwarenfachh\u00e4ndlerIn<\/strong><\/span><\/p>\n<p><span style=\"font-size: 18pt\">mit dem S-MH<sup>\u00ae<\/sup>\u00a0G\u00fctesiegel<\/span><br \/>\n<span style=\"font-size: 18pt\">zur Beratung <\/span><span style=\"font-size: 18pt\">zu Linksh\u00e4nder-Produkten<br \/>\nnach Methodik <\/span><span style=\"font-size: 18pt\">Dr. Johanna Barbara Sattler<\/span><br \/>\n<span style=\"font-size: 18pt\">mit Abschlusszertifikat<\/span><\/p>\n<p>&nbsp;<\/p>\n<p><span style=\"font-family: arial, helvetica, sans-serif\">Diese Qualifizierung richtet sich an Fachleute, die im Schreibwarenfachhandel in einem Laden oder durch einen Versandhandel im Internet t\u00e4tig sind.<\/span><\/p>\n<p><span style=\"font-size: 14pt\"><strong>Ziel<br \/>\n<\/strong><\/span><span style=\"font-family: Arial,Helvetica\">ist die Verbesserung der Beratung im Schreibwarenfachhandel zu Linksh\u00e4nder-Produkten.<\/span><\/p>\n<p><span style=\"font-family: Arial,Helvetica\">Die qualifizierte Beratung zum Gebrauch von Linksh\u00e4nder-Produkten ist f\u00fcr Eltern linksh\u00e4ndiger Kinder \u00e4u\u00dferst wichtig. Bislang besteht jedoch noch die Gefahr, dass Eltern, anstelle die H\u00e4ndigkeit ihres Kindes als etwas Normales, Unproblematisches im Fachhandel zu erleben, mit bagatellisierenden oder sogar falschen Hinweisen zu Produkten und zur Schreibhaltung mit links irregef\u00fchrt werden.<\/span><\/p>\n<p><span style=\"font-family: Arial,Helvetica\">Der Schreibwarenfachhandel ist ein wichtiger Ort, an dem Eltern und ihre Kinder positive Unterst\u00fctzung zur guten Integration ihrer linksh\u00e4ndigen Kinder erfahren k\u00f6nnen. <\/span><\/p>\n<p><span style=\"font-family: Arial,Helvetica\">Seit Mitte der 80iger Jahre wird durch Dr. J.B. Sattler und dem Netzwerk der\u00a0<em>Ersten deutschen Beratungs- und Informationsstelle f\u00fcr Linksh\u00e4nder und umgeschulte Linksh\u00e4nder<\/em>\u00a0in M\u00fcnchen der Fachhandel mit Linksh\u00e4nder-Produkten ideell sehr gef\u00f6rdert und durch die Bekanntgabe einer Laden- und Versandliste in der Internetseite der Beratungsstelle<\/span><br \/>\n<span style=\"font-family: Arial,Helvetica\">(<a href=\"https:\/\/lefthander-consulting.org\/deutsch\/netzwerk\/laeden-und-versand\">https:\/\/lefthander-consulting.org\/deutsch\/netzwerk\/laeden-und-versand<\/a>) u<\/span><span style=\"font-family: Arial,Helvetica\">nd in B\u00fcchern gef\u00f6rdert. In der Satzung des Vereins ist daher ausdr\u00fccklich auch die \u201eF\u00f6rderung von Verbraucherberatung auf dem Gebiet der H\u00e4ndigkeit\u201c genannt unter anderem durch den \u201eKontakt zu L\u00e4den und Versandgesch\u00e4ften, die Produkte f\u00fcr Linksh\u00e4nder vertreiben\u201c.<\/span><\/p>\n<p><span style=\"font-family: Arial,Helvetica\">Besonders auch durch die Interaktion mit der Firma <a href=\"https:\/\/www.kum.net\/\">KUM<\/a> in Erlangen, die Spitzer, Scheren, Lineale, Stifthalter und Schreibtischauflagen f\u00fcr Linksh\u00e4nder vertreibt, kam es zum Kontakt von\u00a0zert. Linksh\u00e4nder-Beraterinnen mit dem PBS-Fachgro\u00dfh\u00e4ndler Hofmann + Zeiher GmbH. Der Inhaber, Herr Matthias Zeiher, ist durch seinen linksh\u00e4ndigen Sohn selbst bestens mit dem Thema der Linksh\u00e4nder-Produkte vertraut. So entstand der Plan zu einer Interaktion zwischen dem Schreibwarenfachhandel und dem Netzwerk der\u00a0zert. Linksh\u00e4nder-Berater nach Methodik Dr. J.B. Sattler.<\/span><\/p>\n<p><span style=\"font-family: Arial,Helvetica\">Im M\u00e4rz 2013 wurde mit der Schulung des Schreibwarenfachhandels in einem 1-t\u00e4gigen Seminar in Pfungstadt begonnen. Zugrunde liegt der Arbeitsansatz S-MH<sup>\u00ae<\/sup>\u00a0von Dr. Sattler. Die Teilnehmer erfahren in einem Tagesseminar wichtige Hinweise zur Linksh\u00e4ndigkeit und zur Beratung zu Linksh\u00e4nder-Produkten.<\/span><\/p>\n<p><span style=\"font-family: Arial,Helvetica\">Durch den PBS-Fachgro\u00dfh\u00e4ndler Hofmann + Zeiher GmbH in Pfungstadt, der diese Qualifizierung seinen Kunden erm\u00f6glicht, wird ein Marketingpaket angeboten, dass dem mit dem S-MH<sup>\u00ae <\/sup>G\u00fctesiegel zert. Schreibwarenfachhandel ein einheitliches Erscheinungsbild gibt, um auf seine spezielle Qualifizierung in der Beratung zu Linksh\u00e4nder-Produkten innerhalb des Ladens und in seinem Auftritt in der \u00d6ffentlichkeit in Werbung und Presse aufmerksam zu machen.<\/span><\/p>\n<p><span style=\"font-size: 14pt\"><strong>Seminarinhalte:<\/strong><\/span><\/p>\n<ul>\n<li><span style=\"font-family: Arial,Helvetica\">Was bedeutet es, Linksh\u00e4nder in unserer\u00a0Rechtsh\u00e4ndergesellschaft\u00a0zu sein?<\/span><\/li>\n<li><span style=\"font-family: Arial,Helvetica\">Kurzer \u00dcberblick \u00fcber H\u00e4ndigkeit und Bestimmung der H\u00e4ndigkeit<\/span><\/li>\n<li><span style=\"font-family: Arial,Helvetica\">Arbeitsplatzanordnung und Gebrauchsgegenst\u00e4nde f\u00fcr das linksh\u00e4ndige Kind<\/span><\/li>\n<li><span style=\"font-family: Arial,Helvetica\">Hinweise zum Schneiden und zu einer lockeren Schreibhaltung mit links<\/span><\/li>\n<li><span style=\"font-family: Arial,Helvetica\">Gebrauchsgegenst\u00e4nde f\u00fcr den erwachsenen Linksh\u00e4nder<\/span><\/li>\n<li><span style=\"font-family: Arial,Helvetica\">Beratung zu Linksh\u00e4nder-Produkten<\/span><\/li>\n<li><span style=\"font-family: Arial,Helvetica\">Wie f\u00fchrt man im Schreibwarenfachhandel ein Elterngespr\u00e4ch \u00fcber die H\u00e4ndigkeit ihres Kindes?<\/span><\/li>\n<li><span style=\"font-family: Arial,Helvetica\">Wann ist akuter Beratungsbedarf und Weiterleitung betroffener Kunden und ihrer Kinder an\u00a0zert. Linksh\u00e4nder-BeraterInnen notwendig?<\/span><\/li>\n<li><span style=\"font-family: Arial,Helvetica\">Ein Blick auf die Literatur zur Linksh\u00e4ndigkeit.<\/span><\/li>\n<\/ul>\n<p><span style=\"font-size: 14pt\"><strong>Kooperation mit S-MH<\/strong><sup>\u00ae<\/sup><\/span><strong><span style=\"font-size: 14pt\">\u00a0Linksh\u00e4nder-BeraterInnen in der Region:<\/span><br \/>\n<\/strong><span style=\"font-family: Arial,Helvetica\">Es ist beabsichtigt, dass die\u00a0zert. Fachh\u00e4ndler mit einem\/er regional\u00a0ans\u00e4ssigen, zertifizierten\u00a0Linksh\u00e4nder-BeraterIn\u00a0anstreben, eine Zusammenarbeit aufzubauen. Diese Zusammenarbeit kann im Einzelfall bis zu gemeinsamen Aktivit\u00e4ten in der \u00d6ffentlichkeit f\u00fchren. Zum Beispiel w\u00e4re denkbar, dass gemeinsam Kinderg\u00e4rten, Schulen \/ Lehrer \/ Eltern \/ F\u00f6rdervereine, Familienbildungsst\u00e4tten, Volkshochschulen angesprochen werden, um mehr Wissen \u00fcber Hilfsmittel f\u00fcr eine lockere Schreibhaltung bei linksh\u00e4ndigen Kindern und gleichzeitig auch \u00fcber die lockere Schreibhaltung bei rechtsh\u00e4ndigen Kindern, in Kinderg\u00e4rten und Schulen zu tragen.<\/span><\/p>\n<p><strong><span style=\"font-size: 14pt\">Veranstaltungsort und Termine:<\/span><br \/>\n<\/strong><span style=\"font-family: Arial,Helvetica\">Die Qualifizierung zur Erlangung des S-MH<sup>\u00ae<\/sup>\u00a0G\u00fctesiegels zur Beratung zu Linksh\u00e4nder-Produkten wird an verschiedenen Orten und von verschiedenen Tr\u00e4gern angeboten. Durchgef\u00fchrt werden die Seminare von Dr. J. B. Sattler.<\/span><\/p>\n<p><span style=\"font-family: arial, helvetica, sans-serif\">Derzeit sind keine Seminartermine vorgesehen.<\/span><\/p>\n<p><span style=\"font-size: 14pt\"><strong>Weitere Informationen:<br \/>\n<\/strong><\/span><span style=\"font-family: Arial,Helvetica\">Erste deutsche Beratungs- und Informationsstelle f\u00fcr Linksh\u00e4nder und umgeschulte Linksh\u00e4nder e.V.<\/span><br \/>\n<span style=\"font-family: Arial,Helvetica\">Sendlinger Str. 17, 80331 M\u00fcnchen, Tel.\/Fax: 089 \/ 26 86 14<\/span><br \/>\n<span style=\"font-family: Arial,Helvetica\"><a href=\"https:\/\/lefthander-consulting.org\">www.lefthander-consulting.org<\/a>,\u00a0e-mail: info@lefthander-consulting.org<\/span><\/p>\n","protected":false},"excerpt":{"rendered":"<p>Qualifizierung zum\/zur zert.\u00a0Schreibwarenfachh\u00e4ndlerIn mit dem S-MH\u00ae\u00a0G\u00fctesiegel zur Beratung zu Linksh\u00e4nder-Produkten nach Methodik Dr. Johanna Barbara Sattler mit Abschlusszertifikat &nbsp; Diese Qualifizierung richtet sich an Fachleute, die im Schreibwarenfachhandel in einem Laden oder durch einen Versandhandel im Internet t\u00e4tig sind. Ziel ist die Verbesserung der Beratung im Schreibwarenfachhandel zu Linksh\u00e4nder-Produkten. Die qualifizierte Beratung zum Gebrauch von Linksh\u00e4nder-Produkten ist f\u00fcr Eltern linksh\u00e4ndiger Kinder \u00e4u\u00dferst wichtig. Bislang besteht jedoch noch die Gefahr, dass Eltern, anstelle die H\u00e4ndigkeit ihres Kindes als etwas Normales, Unproblematisches im Fachhandel zu erleben, mit bagatellisierenden oder sogar falschen Hinweisen zu Produkten und zur Schreibhaltung mit links irregef\u00fchrt werden. Der Schreibwarenfachhandel ist ein wichtiger Ort, an dem Eltern und ihre Kinder positive Unterst\u00fctzung zur guten Integration ihrer linksh\u00e4ndigen Kinder erfahren k\u00f6nnen. Seit Mitte der 80iger Jahre wird durch Dr. J.B. Sattler und dem Netzwerk der\u00a0Ersten deutschen Beratungs- und Informationsstelle f\u00fcr Linksh\u00e4nder und umgeschulte Linksh\u00e4nder\u00a0in M\u00fcnchen der Fachhandel mit Linksh\u00e4nder-Produkten ideell sehr gef\u00f6rdert und durch &#8230; <a title=\"G\u00fctesiegel\" class=\"read-more\" href=\"https:\/\/lefthander-consulting.org\/deutsch\/beratung\/guetesiegel\/\" aria-label=\"Mehr Informationen \u00fcber G\u00fctesiegel\">Read more<\/a><\/p>\n","protected":false},"author":1,"featured_media":0,"parent":808,"menu_order":9,"comment_status":"closed","ping_status":"closed","template":"","meta":{"_cbd_carousel_blocks":"[]","footnotes":""},"class_list":["post-91","page","type-page","status-publish"],"_links":{"self":[{"href":"https:\/\/lefthander-consulting.org\/deutsch\/wp-json\/wp\/v2\/pages\/91","targetHints":{"allow":["GET"]}}],"collection":[{"href":"https:\/\/lefthander-consulting.org\/deutsch\/wp-json\/wp\/v2\/pages"}],"about":[{"href":"https:\/\/lefthander-consulting.org\/deutsch\/wp-json\/wp\/v2\/types\/page"}],"author":[{"embeddable":true,"href":"https:\/\/lefthander-consulting.org\/deutsch\/wp-json\/wp\/v2\/users\/1"}],"replies":[{"embeddable":true,"href":"https:\/\/lefthander-consulting.org\/deutsch\/wp-json\/wp\/v2\/comments?post=91"}],"version-history":[{"count":22,"href":"https:\/\/lefthander-consulting.org\/deutsch\/wp-json\/wp\/v2\/pages\/91\/revisions"}],"predecessor-version":[{"id":5324,"href":"https:\/\/lefthander-consulting.org\/deutsch\/wp-json\/wp\/v2\/pages\/91\/revisions\/5324"}],"up":[{"embeddable":true,"href":"https:\/\/lefthander-consulting.org\/deutsch\/wp-json\/wp\/v2\/pages\/808"}],"wp:attachment":[{"href":"https:\/\/lefthander-consulting.org\/deutsch\/wp-json\/wp\/v2\/media?parent=91"}],"curies":[{"name":"wp","href":"https:\/\/api.w.org\/{rel}","templated":true}]}}