{"id":814,"date":"2018-09-13T21:14:29","date_gmt":"2018-09-13T19:14:29","guid":{"rendered":"https:\/\/lefthander-consulting.org\/?page_id=814"},"modified":"2025-08-15T14:34:42","modified_gmt":"2025-08-15T12:34:42","slug":"netzwerk","status":"publish","type":"page","link":"https:\/\/lefthander-consulting.org\/deutsch\/netzwerk\/","title":{"rendered":"Netzwerk \/ Angebote"},"content":{"rendered":"<p><span style=\"font-family: helvetica, arial, sans-serif\"><strong>Telefonische Fachberatung<\/strong> in der \u201eErsten deutschen Beratungs- und Informationsstelle f\u00fcr Linksh\u00e4nder und umgeschulte Linksh\u00e4nder e.V.\u201c in M\u00fcnchen &#8211; mittwochs 14 bis 15 Uhr und nach Vereinbarung, 089 \/ 26 86 14<\/span><\/p>\n<p><span style=\"font-family: helvetica, arial, sans-serif\"><a href=\"https:\/\/lefthander-consulting.org\/deutsch\/netzwerk\/infomaterial\/\"><strong>Informationsmaterial<\/strong><\/a> gegen frankierten R\u00fcckumschlag an \u201eErsten deutschen Beratungs- und Informationsstelle f\u00fcr Linksh\u00e4nder und umgeschulte Linksh\u00e4nder e.V.\u201c, Sendlinger Str. 17, 80331 M\u00fcnchen <\/span><\/p>\n<p><span style=\"font-family: helvetica, arial, sans-serif\"><a href=\"https:\/\/lefthander-consulting.org\/deutsch\/beratung\/berater-finden\/\"><strong>Netzwerk der zertifizierten Linksh\u00e4nder-Beraterinnen und Linksh\u00e4nder-Berater<\/strong><\/a>: Information \u00fcber Fachleute, die sich profund mit Linksh\u00e4ndigkeit auseinandersetzen und praktische Hilfe leisten k\u00f6nnen und wollen. Schwerpunkte liegen im Bereich der P\u00e4dagogik, der Ergo- und Mototherapie, Heilp\u00e4dagogik, Sozialp\u00e4dagogik, sowie Psychotherapie und Medizin.<\/span><br \/>\n<span style=\"font-family: helvetica, arial, sans-serif\">Seit 1985 ist ein Netzwerk aus lockeren, kollegialen Kontakten mit Fachleuten, die sich mit Fragen der Linksh\u00e4ndigkeit besch\u00e4ftigen, im ganzen deutschsprachigen Raum entstanden. Ein gro\u00dfer Teil dieser Fachleute wurde von und bei uns ausgebildet und viele besuchten auch weiter Supervisions-Veranstaltungen und Fachtagungen (Netzwerk der Linksh\u00e4nder Beraterinnen und Linksh\u00e4nder-Berater). Bei Anfragen von Betroffenen und von Hilfe- und Ratsuchenden bem\u00fchen wir uns, einen f\u00fcr die jeweilige individuelle Situation passende\/n Fachmann\/-frau unter dieser Gruppe zu finden.<\/span><\/p>\n<p><span style=\"font-family: helvetica, arial, sans-serif\"><strong>Zusatzausbildung zum\/zur Linksh\u00e4nder-BeraterIn<\/strong> nach Methodik Dr. Johanna Barbara Sattler k\u00f6nnen Fachleute erwerben, die eine Berufsausbildung und Berufserfahrungen in p\u00e4dagogischen, therapeutischen oder medizinischen Bereichen haben. Genauere Einzelheiten finden Sie auf unserer Seite \u201e<a href=\"https:\/\/lefthander-consulting.org\/deutsch\/aktuelles\/zusatzausbildung-zum-s-mh-berater\/\">Zusatzausbildung<\/a>\u201c.<\/span><\/p>\n<p><span style=\"font-family: helvetica, arial, sans-serif\"><a href=\"https:\/\/lefthander-consulting.org\/deutsch\/aktuelles\/veranstaltungen\/\"><strong>Vortr\u00e4ge und Seminare<\/strong><\/a> f\u00fcr Betroffene, Interessierte und mit H\u00e4ndigkeit befasste Berufsgruppen. Eine diesbez\u00fcgliche Liste umfasst Veranstaltungsangebote von mit uns kooperierenden Fachleuten und Initiativen im deutschsprachigen Raum.<br \/>\n<\/span><\/p>\n<p><span style=\"font-family: helvetica, arial, sans-serif\"><strong><a href=\"https:\/\/lefthander-consulting.org\/deutsch\/beratung\/kindergruppen\/\">Kindergruppen<\/a> zur Schreibvorbereitung mit links<\/strong> (Jobasa-Club): Die Vorbereitung einer lockeren Schreibhaltung ist f\u00fcr linksh\u00e4ndige Kinder besonders wichtig. Dadurch k\u00f6nnen unter anderem Haltungssch\u00e4den vor und in der Schulzeit und im Erwachsenenalter vorgebeugt werden, die mit der heute noch h\u00e4ufig vorkommenden verkrampften Hakenhaltung der linken Schreibhand \u201evon oben\u201c zusammenh\u00e4ngen. In diesen Kindergruppen wird auch das Selbstverst\u00e4ndnis des Kindes als Linksh\u00e4nder gef\u00f6rdert, ohne die Linksh\u00e4ndigkeit als etwas Problematisches oder Besonderes zu thematisieren.<\/span><\/p>\n<p><span style=\"font-family: helvetica, arial, sans-serif\"><a href=\"https:\/\/lefthander-consulting.org\/deutsch\/netzwerk\/laeden-und-versand\/\"><strong>L\u00e4den- und Versandlisten<\/strong><\/a>, wo Produkte f\u00fcr Linksh\u00e4nder zu beziehen sind.<\/span><\/p>\n<p><span style=\"font-family: helvetica, arial, sans-serif\"><a href=\"https:\/\/lefthander-consulting.org\/deutsch\/netzwerk\/musikinstrumente-verkauf-und-verleih\/\"><strong>Bezugsquellen von Musikinstrumenten<\/strong><\/a> f\u00fcr Linksh\u00e4nder: Verkauf und Verleih<\/span><\/p>\n","protected":false},"excerpt":{"rendered":"<p>Telefonische Fachberatung in der \u201eErsten deutschen Beratungs- und Informationsstelle f\u00fcr Linksh\u00e4nder und umgeschulte Linksh\u00e4nder e.V.\u201c in M\u00fcnchen &#8211; mittwochs 14 bis 15 Uhr und nach Vereinbarung, 089 \/ 26 86 14 Informationsmaterial gegen frankierten R\u00fcckumschlag an \u201eErsten deutschen Beratungs- und Informationsstelle f\u00fcr Linksh\u00e4nder und umgeschulte Linksh\u00e4nder e.V.\u201c, Sendlinger Str. 17, 80331 M\u00fcnchen Netzwerk der zertifizierten Linksh\u00e4nder-Beraterinnen und Linksh\u00e4nder-Berater: Information \u00fcber Fachleute, die sich profund mit Linksh\u00e4ndigkeit auseinandersetzen und praktische Hilfe leisten k\u00f6nnen und wollen. Schwerpunkte liegen im Bereich der P\u00e4dagogik, der Ergo- und Mototherapie, Heilp\u00e4dagogik, Sozialp\u00e4dagogik, sowie Psychotherapie und Medizin. Seit 1985 ist ein Netzwerk aus lockeren, kollegialen Kontakten mit Fachleuten, die sich mit Fragen der Linksh\u00e4ndigkeit besch\u00e4ftigen, im ganzen deutschsprachigen Raum entstanden. Ein gro\u00dfer Teil dieser Fachleute wurde von und bei uns ausgebildet und viele besuchten auch weiter Supervisions-Veranstaltungen und Fachtagungen (Netzwerk der Linksh\u00e4nder Beraterinnen und Linksh\u00e4nder-Berater). Bei Anfragen von Betroffenen und von Hilfe- und Ratsuchenden bem\u00fchen wir uns, einen f\u00fcr die jeweilige &#8230; <a title=\"Netzwerk \/ Angebote\" class=\"read-more\" href=\"https:\/\/lefthander-consulting.org\/deutsch\/netzwerk\/\" aria-label=\"Mehr Informationen \u00fcber Netzwerk \/ Angebote\">Read more<\/a><\/p>\n","protected":false},"author":1,"featured_media":0,"parent":0,"menu_order":44,"comment_status":"closed","ping_status":"closed","template":"","meta":{"_cbd_carousel_blocks":"[]","footnotes":""},"class_list":["post-814","page","type-page","status-publish"],"_links":{"self":[{"href":"https:\/\/lefthander-consulting.org\/deutsch\/wp-json\/wp\/v2\/pages\/814","targetHints":{"allow":["GET"]}}],"collection":[{"href":"https:\/\/lefthander-consulting.org\/deutsch\/wp-json\/wp\/v2\/pages"}],"about":[{"href":"https:\/\/lefthander-consulting.org\/deutsch\/wp-json\/wp\/v2\/types\/page"}],"author":[{"embeddable":true,"href":"https:\/\/lefthander-consulting.org\/deutsch\/wp-json\/wp\/v2\/users\/1"}],"replies":[{"embeddable":true,"href":"https:\/\/lefthander-consulting.org\/deutsch\/wp-json\/wp\/v2\/comments?post=814"}],"version-history":[{"count":1,"href":"https:\/\/lefthander-consulting.org\/deutsch\/wp-json\/wp\/v2\/pages\/814\/revisions"}],"predecessor-version":[{"id":9742,"href":"https:\/\/lefthander-consulting.org\/deutsch\/wp-json\/wp\/v2\/pages\/814\/revisions\/9742"}],"wp:attachment":[{"href":"https:\/\/lefthander-consulting.org\/deutsch\/wp-json\/wp\/v2\/media?parent=814"}],"curies":[{"name":"wp","href":"https:\/\/api.w.org\/{rel}","templated":true}]}}