{"id":811,"date":"2018-09-13T21:14:02","date_gmt":"2018-09-13T19:14:02","guid":{"rendered":"https:\/\/lefthander-consulting.org\/?page_id=811"},"modified":"2025-08-15T14:34:42","modified_gmt":"2025-08-15T12:34:42","slug":"information","status":"publish","type":"page","link":"https:\/\/lefthander-consulting.org\/deutsch\/information\/","title":{"rendered":"Information"},"content":{"rendered":"<h1 style=\"text-align: center\">S-MH<sup>\u00ae<\/sup>-KONZEPT<\/h1>\n<h2 style=\"text-align: center\"><strong>S<\/strong>attler <strong>M<\/strong>ethodik zu <strong>H<\/strong>\u00e4ndigkeitsfragen<\/h2>\n<p style=\"text-align: center\">Erste deutsche Beratungs- und Informationsstellef\u00fcr Linksh\u00e4nder und umgeschulte Linksh\u00e4nder e.V., M\u00fcnchenNetzwerk der zertifizierten Linksh\u00e4nder-Beraterinnen und Linksh\u00e4nder-Ber<a data-position=\"left\" data-toggle=\"elements\" data-tooltip=\"Add Element\" href=\"javascript%3Avoid(0)\"><\/a>ater<\/p>\n<p>Das <a href=\"https:\/\/lefthander-consulting.org\/deutsch\/information\/s-mh-konzept-definition\/\" target=\"_blank\" rel=\"noopener\"><u>S-MH<\/u><sup>\u00ae<\/sup><u>-Konzept<\/u><\/a> wird inzwischen von Fachleuten aus verschiedenen Gebieten angewendet (insbesondere aus P\u00e4dagogik, Medizin, Therapie und Psychologie). Diese Fachleute haben eine spezielle Zusatzausbildung durchlaufen, bilden sich regelm\u00e4\u00dfig weiter und sind in dem <a href=\"https:\/\/lefthander-consulting.org\/deutsch\/beratung\/berater-finden\/\">Netzwerk der zertifizierten Linksh\u00e4nder-Beraterinnen und Linksh\u00e4nder-Berater <\/a>zusammengeschlossen.Zentraler Bestandteil des S-MH<sup>\u00ae<\/sup> -Konzepts ist die H\u00e4ndigkeitsabkl\u00e4rung. Weitere Bereiche des S-MH<sup>\u00ae<\/sup>-Konzeptes werden im folgenden Schaubild dargestellt:<\/p>\n<h3><strong>Zusatzausbildung<\/strong><\/h3>\n<h4><a href=\"https:\/\/lefthander-consulting.org\/deutsch\/aktuelles\/veranstaltungen\/\" target=\"_blank\" rel=\"noopener\">Seminare<\/a><\/h4>\n<h4>Ausbildungsmaterial<\/h4>\n<p><span style=\"font-size: 20px\">&#8211; Skript- Manual &#8211; H\u00e4ndigkeitsabkl\u00e4rung S-MH<\/span><sup>\u00ae<\/sup><sup><\/sup><span style=\"font-size: 20px\">&#8211; <\/span><a href=\"https:\/\/www.linkshandtest.de\/\" target=\"_blank\" rel=\"noopener\"><span style=\"font-size: 20px\">Testmaterial \/ Material zur Abkl\u00e4rung der H\u00e4ndigkeit<\/span><\/a><span style=\"font-size: 20px\">&#8211; Dokumentationsbogen<\/span><\/p>\n<h3><strong>Zertifizierte Linksh\u00e4nder-Beratung<\/strong><\/h3>\n<h4><a href=\"https:\/\/lefthander-consulting.org\/deutsch\/netzwerk\/\" target=\"_blank\" rel=\"noopener\">H\u00e4ndigkeitsberatung<\/a><\/h4>\n<h4><a href=\"https:\/\/lefthander-consulting.org\/deutsch\/beratung\/berater-finden\/\" target=\"_blank\" rel=\"noopener\">H\u00e4ndigkeitsabkl\u00e4rung<\/a><\/h4>\n<h4><a href=\"https:\/\/lefthander-consulting.org\/deutsch\/beratung\/rueckschulung\/\" target=\"_blank\" rel=\"noopener\">R\u00fcckschulung der H\u00e4ndigkeit <\/a>nach dem S-MH<sup>\u00ae<\/sup>-Konzept<\/h4>\n<h4><a href=\"https:\/\/lefthander-consulting.org\/deutsch\/netzwerk\/kindergruppen\/\" target=\"_blank\" rel=\"noopener\">Schreibvorbereitungsgruppen f\u00fcr Kinder<\/a> nach S-MH<sup>\u00ae<\/sup>-Konzept<\/h4>\n<h3><strong>Qualit\u00e4tssicherung<\/strong><strong><\/strong><\/h3>\n<h4>Fachtagung \/ Fachtreffen<\/h4>\n<h4>Gro\u00dfgruppen \/ Kleingruppen \/ Arbeitskreise<\/h4>\n<h4>Netzwerk<\/h4>\n<h4>Supervision, Rezertifizierung<\/h4>\n<h3><strong>Ver\u00f6ffentlichungen<\/strong><\/h3>\n<h4><a href=\"https:\/\/lefthander-consulting.org\/deutsch\/information\/literatur\/\" target=\"_blank\" rel=\"noopener\">Fachb\u00fccher<\/a><\/h4>\n<h4><a href=\"https:\/\/lefthander-consulting.org\/deutsch\/netzwerk\/oeffentlichkeitsarbeit-und-medien\/dokumentation-und-berichtserstattung-ueber-taetigkeiten-der-beratungsstelle-fuer-linkshaender\/#Fachartikel\" target=\"_blank\" rel=\"noopener\">Fachartikel<\/a><\/h4>\n<h3><strong>Material<\/strong><\/h3>\n<h4><a href=\"https:\/\/lefthander-consulting.org\/deutsch\/information\/literatur\/desk-pad-lefty\/\" target=\"_blank\" rel=\"noopener\">Schreibtischauflage DESK-PAD Lefty<sup>\u00ae<\/sup> &amp; Righty<\/a><sup>\u00ae<\/sup><\/h4>\n<h4><a href=\"https:\/\/lefthander-consulting.org\/deutsch\/information\/literatur\/schreibvoruebungen-fuer-linkshaender-mit-jobasa-teil-1-und-2\/\" target=\"_blank\" rel=\"noopener\">\u00dcbungshefte<\/a> (<a href=\"https:\/\/jobasa.de\/\" target=\"_blank\" rel=\"noopener\">Jobasa<\/a> u.a.)<\/h4>\n<h4><a href=\"https:\/\/lefthander-consulting.org\/deutsch\/netzwerk\/infomaterial\/sattler-grip\/\" target=\"_blank\" rel=\"noopener\">Sattler-Grip<\/a>&nbsp; &#8211; &nbsp;<a href=\"https:\/\/lefthander-consulting.org\/deutsch\/netzwerk\/infomaterial\/sattler-tri-grip\/\" target=\"_blank\" rel=\"noopener\">Tri-Grip<\/a><\/h4>\n<h4>Scheren f\u00fcr Links- und Rechtsh\u00e4nder (<a href=\"https:\/\/lefthander-consulting.org\/deutsch\/netzwerk\/infomaterial\/kum-cut-visio\/\" target=\"_blank\" rel=\"noopener\">KUM Cut Visio<\/a>)<\/h4>\n<h3><strong>Zertifizierte <\/strong><a href=\"https:\/\/lefthander-consulting.org\/deutsch\/beratung\/guetesiegel\/\" target=\"_blank\" rel=\"noopener\"><strong>Schreibwarenfachh\u00e4ndler<\/strong><\/a><strong><\/strong>(S-MH<sup>\u00ae<\/sup> G\u00fctesiegel)<\/h3>\n<h3><strong>\u00d6ffentlichkeitsarbeit<\/strong><\/h3>\n<h4>Vortr\u00e4ge<\/h4>\n<h4><a href=\"https:\/\/lefthander-consulting.org\/deutsch\/aktuelles\/veranstaltungen\/\" target=\"_blank\" rel=\"noopener\">Seminare \/ Workshops<\/a><\/h4>\n<h4><a href=\"https:\/\/lefthander-consulting.org\/deutsch\/netzwerk\/oeffentlichkeitsarbeit-und-medien\/dokumentation-und-berichtserstattung-ueber-taetigkeiten-der-beratungsstelle-fuer-linkshaender\/\" target=\"_blank\" rel=\"noopener\">Pressearbeit<\/a><\/h4>\n<h3 style=\"text-align: center\"><strong>F\u00f6rderung der Chancengleichheit f\u00fcr Linksh\u00e4nder in folgenden Bereichen<\/strong><\/h3>\n<p style=\"text-align: center\"><a href=\"https:\/\/lefthander-consulting.org\/deutsch\/information\/kindergartenalter\/\"><strong>Krippe, Kindergarten<\/strong><\/a><\/p>\n<p style=\"text-align: center\"><a href=\"https:\/\/lefthander-consulting.org\/deutsch\/information\/schule\/\"><strong>Schule und Hort<\/strong><\/a><strong><\/strong><\/p>\n<p style=\"text-align: center\"><a href=\"https:\/\/lefthander-consulting.org\/deutsch\/information\/ausbildung\/\"><strong>Ausbildung<\/strong><\/a><\/p>\n<p style=\"text-align: center\"><a href=\"https:\/\/lefthander-consulting.org\/deutsch\/information\/beruf-und-linkshaendigkeit\/\"><strong>Beruf<\/strong><\/a><\/p>\n<p style=\"text-align: center\"><a href=\"https:\/\/lefthander-consulting.org\/deutsch\/information\/musik-und-linkshaendigkeit\/\"><strong>Musik<\/strong><\/a><\/p>\n<p style=\"text-align: center\"><a href=\"https:\/\/lefthander-consulting.org\/deutsch\/information\/sport-und-haendigkeit\/\"><strong>Sport<\/strong><\/a><\/p>\n<p style=\"text-align: center\"><a href=\"https:\/\/lefthander-consulting.org\/deutsch\/beratung\/taetigkeits-schwerpunkte\/Zusammenarbeit mit Wissenschaft\"><strong>Zusammenarbeit mit Wissenschaft<\/strong><\/a><\/p>\n<p style=\"text-align: center\"><a href=\"https:\/\/lefthander-consulting.org\/deutsch\/beratung\/taetigkeits-schwerpunkte\/Gesundheitswesen\"><strong>Gesundheitswese<\/strong>n<\/a><strong><\/strong><\/p>\n","protected":false},"excerpt":{"rendered":"<p>S-MH\u00ae-KONZEPT Sattler Methodik zu H\u00e4ndigkeitsfragen Erste deutsche Beratungs- und Informationsstellef\u00fcr Linksh\u00e4nder und umgeschulte Linksh\u00e4nder e.V., M\u00fcnchenNetzwerk der zertifizierten Linksh\u00e4nder-Beraterinnen und Linksh\u00e4nder-Berater Das S-MH\u00ae-Konzept wird inzwischen von Fachleuten aus verschiedenen Gebieten angewendet (insbesondere aus P\u00e4dagogik, Medizin, Therapie und Psychologie). Diese Fachleute haben eine spezielle Zusatzausbildung durchlaufen, bilden sich regelm\u00e4\u00dfig weiter und sind in dem Netzwerk der zertifizierten Linksh\u00e4nder-Beraterinnen und Linksh\u00e4nder-Berater zusammengeschlossen.Zentraler Bestandteil des S-MH\u00ae -Konzepts ist die H\u00e4ndigkeitsabkl\u00e4rung. Weitere Bereiche des S-MH\u00ae-Konzeptes werden im folgenden Schaubild dargestellt: Zusatzausbildung Seminare Ausbildungsmaterial &#8211; Skript- Manual &#8211; H\u00e4ndigkeitsabkl\u00e4rung S-MH\u00ae&#8211; Testmaterial \/ Material zur Abkl\u00e4rung der H\u00e4ndigkeit&#8211; Dokumentationsbogen Zertifizierte Linksh\u00e4nder-Beratung H\u00e4ndigkeitsberatung H\u00e4ndigkeitsabkl\u00e4rung R\u00fcckschulung der H\u00e4ndigkeit nach dem S-MH\u00ae-Konzept Schreibvorbereitungsgruppen f\u00fcr Kinder nach S-MH\u00ae-Konzept Qualit\u00e4tssicherung Fachtagung \/ Fachtreffen Gro\u00dfgruppen \/ Kleingruppen \/ Arbeitskreise Netzwerk Supervision, Rezertifizierung Ver\u00f6ffentlichungen Fachb\u00fccher Fachartikel Material Schreibtischauflage DESK-PAD Lefty\u00ae &amp; Righty\u00ae \u00dcbungshefte (Jobasa u.a.) Sattler-Grip&nbsp; &#8211; &nbsp;Tri-Grip Scheren f\u00fcr Links- und Rechtsh\u00e4nder (KUM Cut Visio) Zertifizierte Schreibwarenfachh\u00e4ndler(S-MH\u00ae G\u00fctesiegel) \u00d6ffentlichkeitsarbeit Vortr\u00e4ge Seminare \/ Workshops Pressearbeit F\u00f6rderung der &#8230; <a title=\"Information\" class=\"read-more\" href=\"https:\/\/lefthander-consulting.org\/deutsch\/information\/\" aria-label=\"Mehr Informationen \u00fcber Information\">Read more<\/a><\/p>\n","protected":false},"author":1,"featured_media":0,"parent":0,"menu_order":10,"comment_status":"closed","ping_status":"closed","template":"","meta":{"_cbd_carousel_blocks":"[]","footnotes":""},"class_list":["post-811","page","type-page","status-publish"],"_links":{"self":[{"href":"https:\/\/lefthander-consulting.org\/deutsch\/wp-json\/wp\/v2\/pages\/811","targetHints":{"allow":["GET"]}}],"collection":[{"href":"https:\/\/lefthander-consulting.org\/deutsch\/wp-json\/wp\/v2\/pages"}],"about":[{"href":"https:\/\/lefthander-consulting.org\/deutsch\/wp-json\/wp\/v2\/types\/page"}],"author":[{"embeddable":true,"href":"https:\/\/lefthander-consulting.org\/deutsch\/wp-json\/wp\/v2\/users\/1"}],"replies":[{"embeddable":true,"href":"https:\/\/lefthander-consulting.org\/deutsch\/wp-json\/wp\/v2\/comments?post=811"}],"version-history":[{"count":3,"href":"https:\/\/lefthander-consulting.org\/deutsch\/wp-json\/wp\/v2\/pages\/811\/revisions"}],"predecessor-version":[{"id":11543,"href":"https:\/\/lefthander-consulting.org\/deutsch\/wp-json\/wp\/v2\/pages\/811\/revisions\/11543"}],"wp:attachment":[{"href":"https:\/\/lefthander-consulting.org\/deutsch\/wp-json\/wp\/v2\/media?parent=811"}],"curies":[{"name":"wp","href":"https:\/\/api.w.org\/{rel}","templated":true}]}}