{"id":808,"date":"2018-09-13T21:13:00","date_gmt":"2018-09-13T19:13:37","guid":{"rendered":"https:\/\/lefthander-consulting.org\/?page_id=808"},"modified":"2025-08-15T14:34:41","modified_gmt":"2025-08-15T12:34:41","slug":"beratung","status":"publish","type":"page","link":"https:\/\/lefthander-consulting.org\/deutsch\/beratung\/","title":{"rendered":"Beratung"},"content":{"rendered":"<p><span style=\"font-family: helvetica, arial, sans-serif\">Die \u201eErste deutsche Beratungs- und Informationsstelle f\u00fcr Linksh\u00e4nder und umgeschulte Linksh\u00e4nder e.V.\u201c ist ein gemeinn\u00fctzig anerkannter Verein. <\/span><\/p>\n<p><span style=\"font-family: helvetica, arial, sans-serif\">Ein gro\u00dfer Teil der Beratungsarbeit wird ehrenamtlich geleistet. So gibt es mittwochs von 14 &#8211; 15 Uhr die M\u00f6glichkeit, in der Beratungsstelle anzurufen und kostenlos fachliche Beratung zu erhalten. Mailanfragen und Briefe werden auch kostenlos beantwortet. <\/span><\/p>\n<p><span style=\"font-family: helvetica, arial, sans-serif\">Zusammenarbeit besteht in der Forschung \u00fcber H\u00e4ndigkeit, umgeschulte H\u00e4ndigkeit und \u00fcber R\u00fcckschulung von umgeschulten Linksh\u00e4ndern wieder auf ihre eigentlich dominante linke Hand.<\/span><\/p>\n<p><span style=\"font-family: helvetica, arial, sans-serif\">Es werden H\u00e4ndigkeitsberatungen und H\u00e4ndigkeitsabkl\u00e4rungen durchgef\u00fchrt und dabei auf das gro\u00dfe Netzwerk der zertifizierten Linksh\u00e4nder-Beraterinnen und Linksh\u00e4nder-Berater im deutschsprachigen Raum zur\u00fcckgegriffen. Informationen zu spezialisierten Fachleuten werden gegeben. Dies geschieht telefonisch, schriftlich und \u00fcber die Netzwerkseite auf der Homepage. <\/span><\/p>\n<p><span style=\"font-family: helvetica, arial, sans-serif\">Durch individuelle Schreibberatungen und Kindergruppen zum Schreiben mit der linken Hand wird ung\u00fcnstigen und sp\u00e4ter belastenden Schreibhaltungen vorgebeugt.<\/span><\/p>\n<p><span style=\"font-family: helvetica, arial, sans-serif\">Hinweise zu Fragestellungen des Handgebrauchs, der Arbeitsplatzanordnung und der Vermittlung von Fertigkeiten f\u00fcr den Linksh\u00e4nder in der Ausbildung und im Beruf werden gegeben. <\/span><\/p>\n<p><span style=\"font-family: helvetica, arial, sans-serif\">Zu Fragestellung H\u00e4ndigkeit in Musik und Sport wird Stellung bezogen und informiert. <\/span><\/p>\n<p><span style=\"font-family: helvetica, arial, sans-serif\">Ein wichtiger Schwerpunkt liegt auch auf der kontinuierlichen \u00d6ffentlichkeitsarbeit als Pr\u00e4ventivma\u00dfnahme zur Verhinderung der Umschulung der H\u00e4ndigkeit. <\/span><\/p>\n<p><span style=\"font-family: helvetica, arial, sans-serif\">Diese Aufkl\u00e4rungsarbeit wird nicht nur in Bezug auf die betroffenen Gesellschaftsgruppen vollzogen, sondern wesentlich ist auch die Transformation der in der Beratungsstelle und mit ihr kooperierenden Forschungsprojekten gewonnenen Erkenntnissen in das Wissen anderer Berufsgruppen, wie \u00c4rzte, Ergotherapeuten, Heil- und Mototherapeuten, Lehrer, Erzieher, Psychologen und Sozialp\u00e4dagogen. Dies geschieht sowohl in Vortr\u00e4gen, Seminaren und in der Zusatzausbildung zum\/zur Linksh\u00e4nder-BeraterIn, als auch in Artikeln und durch die Vermittlung von Fachkontakten.<\/span><\/p>\n<p><span style=\"font-family: helvetica, arial, sans-serif\">Die Beratungsstelle informiert zu Literatur und anderen Ver\u00f6ffentlichungen zum Thema Linksh\u00e4ndigkeit, so auch zu Schreibmaterial wie Schreibtischauflagen, Schreibger\u00e4ten und Stifthaltern, Gebrauchsgegenst\u00e4nden f\u00fcr Linksh\u00e4nder und dar\u00fcber, wo man diese beziehen kann.<\/span><\/p>\n<p><span style=\"font-family: helvetica, arial, sans-serif\">Die Beratungsstelle ist auf Spenden und Unterst\u00fctzung angewiesen und finanziert sich auch durch die Mithilfe der Linksh\u00e4nder-BeraterInnen und durch ihre Mitglieder. Finanzielle Unterst\u00fctzungen sind sehr willkommen, um diese Arbeit aufrechterhalten zu k\u00f6nnen.<\/span><\/p>\n<p><span style=\"font-family: arial, helvetica, sans-serif\">\u00a9 Copyright: Erste deutsche Beratungs- und Informationsstelle f\u00fcr Linksh\u00e4nder und umgeschulte Linksh\u00e4nder, Sendlinger Str. 17, 80331 M\u00fcnchen, Tel. \/ Fax: +49 \/ 89 \/ 26 86 14, <a href=\"https:\/\/lefthander-consulting.org\">https:\/\/www.linkshaender-beratung.de<\/a>, e-mail: info@lefthander-consulting.org<\/span><\/p>\n","protected":false},"excerpt":{"rendered":"<p>Die \u201eErste deutsche Beratungs- und Informationsstelle f\u00fcr Linksh\u00e4nder und umgeschulte Linksh\u00e4nder e.V.\u201c ist ein gemeinn\u00fctzig anerkannter Verein. Ein gro\u00dfer Teil der Beratungsarbeit wird ehrenamtlich geleistet. So gibt es mittwochs von 14 &#8211; 15 Uhr die M\u00f6glichkeit, in der Beratungsstelle anzurufen und kostenlos fachliche Beratung zu erhalten. Mailanfragen und Briefe werden auch kostenlos beantwortet. Zusammenarbeit besteht in der Forschung \u00fcber H\u00e4ndigkeit, umgeschulte H\u00e4ndigkeit und \u00fcber R\u00fcckschulung von umgeschulten Linksh\u00e4ndern wieder auf ihre eigentlich dominante linke Hand. Es werden H\u00e4ndigkeitsberatungen und H\u00e4ndigkeitsabkl\u00e4rungen durchgef\u00fchrt und dabei auf das gro\u00dfe Netzwerk der zertifizierten Linksh\u00e4nder-Beraterinnen und Linksh\u00e4nder-Berater im deutschsprachigen Raum zur\u00fcckgegriffen. Informationen zu spezialisierten Fachleuten werden gegeben. Dies geschieht telefonisch, schriftlich und \u00fcber die Netzwerkseite auf der Homepage. Durch individuelle Schreibberatungen und Kindergruppen zum Schreiben mit der linken Hand wird ung\u00fcnstigen und sp\u00e4ter belastenden Schreibhaltungen vorgebeugt. Hinweise zu Fragestellungen des Handgebrauchs, der Arbeitsplatzanordnung und der Vermittlung von Fertigkeiten f\u00fcr den Linksh\u00e4nder in der Ausbildung und im Beruf werden gegeben. &#8230; <a title=\"Beratung\" class=\"read-more\" href=\"https:\/\/lefthander-consulting.org\/deutsch\/beratung\/\" aria-label=\"Mehr Informationen \u00fcber Beratung\">Read more<\/a><\/p>\n","protected":false},"author":1,"featured_media":0,"parent":0,"menu_order":1,"comment_status":"closed","ping_status":"closed","template":"","meta":{"_cbd_carousel_blocks":"[]","footnotes":""},"class_list":["post-808","page","type-page","status-publish"],"_links":{"self":[{"href":"https:\/\/lefthander-consulting.org\/deutsch\/wp-json\/wp\/v2\/pages\/808","targetHints":{"allow":["GET"]}}],"collection":[{"href":"https:\/\/lefthander-consulting.org\/deutsch\/wp-json\/wp\/v2\/pages"}],"about":[{"href":"https:\/\/lefthander-consulting.org\/deutsch\/wp-json\/wp\/v2\/types\/page"}],"author":[{"embeddable":true,"href":"https:\/\/lefthander-consulting.org\/deutsch\/wp-json\/wp\/v2\/users\/1"}],"replies":[{"embeddable":true,"href":"https:\/\/lefthander-consulting.org\/deutsch\/wp-json\/wp\/v2\/comments?post=808"}],"version-history":[{"count":12,"href":"https:\/\/lefthander-consulting.org\/deutsch\/wp-json\/wp\/v2\/pages\/808\/revisions"}],"predecessor-version":[{"id":5244,"href":"https:\/\/lefthander-consulting.org\/deutsch\/wp-json\/wp\/v2\/pages\/808\/revisions\/5244"}],"wp:attachment":[{"href":"https:\/\/lefthander-consulting.org\/deutsch\/wp-json\/wp\/v2\/media?parent=808"}],"curies":[{"name":"wp","href":"https:\/\/api.w.org\/{rel}","templated":true}]}}