{"id":7803,"date":"2020-08-03T17:51:16","date_gmt":"2020-08-03T15:51:16","guid":{"rendered":"https:\/\/lefthander-consulting.org\/deutsch\/beratung\/kindergruppen\/terminvereinbarung-online-schreibberatung-2\/"},"modified":"2021-08-03T14:49:55","modified_gmt":"2021-08-03T12:49:55","slug":"terminvereinbarung-online-schreibberatung-lh-tag","status":"publish","type":"page","link":"https:\/\/lefthander-consulting.org\/deutsch\/beratung\/kindergruppen\/terminvereinbarung-online-schreibberatung-lh-tag\/","title":{"rendered":"Terminvereinbarung zur Linksh\u00e4ndertag Online-Schreibberatung"},"content":{"rendered":"<p><span style=\"font-family: arial, helvetica, sans-serif;\">Hier k\u00f6nnen Sie f\u00fcr den Linksh\u00e4ndertag am 13.8.21 einen Termin buchen f\u00fcr eine kostenlose Online-Schreibberatung.<\/span><br \/>\n<iframe style=\"width: 100%; height: 1700px;\" src=\"https:\/\/meet.lefthander-consulting.org\/book\/u\/barbarasattler\/t\/linkshaendertag-online-schreibberatung\/\" frameborder=\"0\"><\/iframe><\/p>\n","protected":false},"excerpt":{"rendered":"<p>Hier k\u00f6nnen Sie f\u00fcr den Linksh\u00e4ndertag am 13.8.21 einen Termin buchen f\u00fcr eine kostenlose Online-Schreibberatung.<\/p>\n","protected":false},"author":4,"featured_media":0,"parent":97,"menu_order":2,"comment_status":"closed","ping_status":"closed","template":"","meta":{"_cbd_carousel_blocks":"[]","footnotes":""},"class_list":["post-7803","page","type-page","status-publish"],"_links":{"self":[{"href":"https:\/\/lefthander-consulting.org\/deutsch\/wp-json\/wp\/v2\/pages\/7803","targetHints":{"allow":["GET"]}}],"collection":[{"href":"https:\/\/lefthander-consulting.org\/deutsch\/wp-json\/wp\/v2\/pages"}],"about":[{"href":"https:\/\/lefthander-consulting.org\/deutsch\/wp-json\/wp\/v2\/types\/page"}],"author":[{"embeddable":true,"href":"https:\/\/lefthander-consulting.org\/deutsch\/wp-json\/wp\/v2\/users\/4"}],"replies":[{"embeddable":true,"href":"https:\/\/lefthander-consulting.org\/deutsch\/wp-json\/wp\/v2\/comments?post=7803"}],"version-history":[{"count":3,"href":"https:\/\/lefthander-consulting.org\/deutsch\/wp-json\/wp\/v2\/pages\/7803\/revisions"}],"predecessor-version":[{"id":9416,"href":"https:\/\/lefthander-consulting.org\/deutsch\/wp-json\/wp\/v2\/pages\/7803\/revisions\/9416"}],"up":[{"embeddable":true,"href":"https:\/\/lefthander-consulting.org\/deutsch\/wp-json\/wp\/v2\/pages\/97"}],"wp:attachment":[{"href":"https:\/\/lefthander-consulting.org\/deutsch\/wp-json\/wp\/v2\/media?parent=7803"}],"curies":[{"name":"wp","href":"https:\/\/api.w.org\/{rel}","templated":true}]}}