{"id":7031,"date":"2020-03-28T10:49:00","date_gmt":"2020-03-28T09:49:39","guid":{"rendered":"https:\/\/lefthander-consulting.org\/deutsch\/?page_id=7031"},"modified":"2020-04-06T18:25:12","modified_gmt":"2020-04-06T16:25:12","slug":"bildergallerie-von-hermine-seeger","status":"publish","type":"page","link":"https:\/\/lefthander-consulting.org\/deutsch\/beratung\/rueckschulung\/rueckschulung-der-haendigkeit-hermine-seeger\/bildergallerie-von-hermine-seeger\/","title":{"rendered":"Bildergalerie von Hermine Seeger"},"content":{"rendered":"<h2 style=\"text-align: center\">Zum Malen r\u00fcckgeschulte Linksh\u00e4nderin<\/h2>\n<h2 style=\"text-align: center\">Malen mit links<\/h2>\n<p><a href=\"https:\/\/lefthander-consulting.org\/deutsch\/beratung\/rueckschulung\/rueckschulung-der-haendigkeit-hermine-seeger\/\">Hermine Seeger<\/a>, eine auf die rechte Hand zum Malen und Schreiben umgeschulte Linksh\u00e4nderin, hat sich als Erwachsene zum Malen wieder auf ihre starke linke Hand zur\u00fcckgeschult. Diese ausdruckstarken Bilder sind dabei und danach entstanden.<\/p>\n<p>&nbsp;<\/p>\n<p>[row cols_nr=&#8220;2&#8243;][col size=&#8220;6&#8243;]<img loading=\"lazy\" decoding=\"async\" class=\"wp-image-6912 alignleft\" src=\"https:\/\/lefthander-consulting.org\/deutsch\/wp-content\/uploads\/2020\/03\/Hermine-Seeger-Impression-1-2018-300x225.jpg\" alt=\"\" width=\"450\" height=\"338\" srcset=\"https:\/\/lefthander-consulting.org\/deutsch\/wp-content\/uploads\/2020\/03\/Hermine-Seeger-Impression-1-2018-300x225.jpg 300w, https:\/\/lefthander-consulting.org\/deutsch\/wp-content\/uploads\/2020\/03\/Hermine-Seeger-Impression-1-2018-768x576.jpg 768w, https:\/\/lefthander-consulting.org\/deutsch\/wp-content\/uploads\/2020\/03\/Hermine-Seeger-Impression-1-2018.jpg 1024w\" sizes=\"auto, (max-width: 450px) 100vw, 450px\" \/>[\/col]<br \/>\n[col size=&#8220;6&#8243;]<img loading=\"lazy\" decoding=\"async\" class=\"wp-image-6926 alignleft\" src=\"https:\/\/lefthander-consulting.org\/deutsch\/wp-content\/uploads\/2020\/03\/Hermine-Seeger-Impression-8-2018-300x225.jpg\" alt=\"\" width=\"450\" height=\"338\" srcset=\"https:\/\/lefthander-consulting.org\/deutsch\/wp-content\/uploads\/2020\/03\/Hermine-Seeger-Impression-8-2018-300x225.jpg 300w, https:\/\/lefthander-consulting.org\/deutsch\/wp-content\/uploads\/2020\/03\/Hermine-Seeger-Impression-8-2018-768x576.jpg 768w, https:\/\/lefthander-consulting.org\/deutsch\/wp-content\/uploads\/2020\/03\/Hermine-Seeger-Impression-8-2018.jpg 1024w\" sizes=\"auto, (max-width: 450px) 100vw, 450px\" \/>[\/col]<br \/>\n[\/row]<\/p>\n<p>&nbsp;<\/p>\n<p>[row cols_nr=&#8220;2&#8243;][col size=&#8220;6&#8243;]<img loading=\"lazy\" decoding=\"async\" class=\"wp-image-6924 alignleft\" src=\"https:\/\/lefthander-consulting.org\/deutsch\/wp-content\/uploads\/2020\/03\/Hermine-Seeger-Impression-7-2018-300x225.jpg\" alt=\"\" width=\"450\" height=\"338\" srcset=\"https:\/\/lefthander-consulting.org\/deutsch\/wp-content\/uploads\/2020\/03\/Hermine-Seeger-Impression-7-2018-300x225.jpg 300w, https:\/\/lefthander-consulting.org\/deutsch\/wp-content\/uploads\/2020\/03\/Hermine-Seeger-Impression-7-2018-768x576.jpg 768w, https:\/\/lefthander-consulting.org\/deutsch\/wp-content\/uploads\/2020\/03\/Hermine-Seeger-Impression-7-2018.jpg 1024w\" sizes=\"auto, (max-width: 450px) 100vw, 450px\" \/>[\/col]<br \/>\n[col size=&#8220;6&#8243;]<img loading=\"lazy\" decoding=\"async\" class=\"alignleft wp-image-6914\" src=\"https:\/\/lefthander-consulting.org\/deutsch\/wp-content\/uploads\/2020\/03\/Hermine-Seeger-Impression-2-2018-225x300.jpg\" alt=\"\" width=\"300\" height=\"400\" srcset=\"https:\/\/lefthander-consulting.org\/deutsch\/wp-content\/uploads\/2020\/03\/Hermine-Seeger-Impression-2-2018-225x300.jpg 225w, https:\/\/lefthander-consulting.org\/deutsch\/wp-content\/uploads\/2020\/03\/Hermine-Seeger-Impression-2-2018.jpg 768w\" sizes=\"auto, (max-width: 300px) 100vw, 300px\" \/>[\/col]<br \/>\n[\/row]<\/p>\n<p>&nbsp;<\/p>\n<p>[row cols_nr=&#8220;2&#8243;][col size=&#8220;6&#8243;]<img loading=\"lazy\" decoding=\"async\" class=\"alignleft wp-image-6916\" src=\"https:\/\/lefthander-consulting.org\/deutsch\/wp-content\/uploads\/2020\/03\/Hermine-Seeger-Impression-3-2018-225x300.jpg\" alt=\"\" width=\"300\" height=\"400\" srcset=\"https:\/\/lefthander-consulting.org\/deutsch\/wp-content\/uploads\/2020\/03\/Hermine-Seeger-Impression-3-2018-225x300.jpg 225w, https:\/\/lefthander-consulting.org\/deutsch\/wp-content\/uploads\/2020\/03\/Hermine-Seeger-Impression-3-2018.jpg 768w\" sizes=\"auto, (max-width: 300px) 100vw, 300px\" \/>[\/col]<br \/>\n[col size=&#8220;6&#8243;]<img loading=\"lazy\" decoding=\"async\" class=\"alignleft wp-image-6918\" src=\"https:\/\/lefthander-consulting.org\/deutsch\/wp-content\/uploads\/2020\/03\/Hermine-Seeger-Impression-4-2018-225x300.jpg\" alt=\"\" width=\"300\" height=\"400\" srcset=\"https:\/\/lefthander-consulting.org\/deutsch\/wp-content\/uploads\/2020\/03\/Hermine-Seeger-Impression-4-2018-225x300.jpg 225w, https:\/\/lefthander-consulting.org\/deutsch\/wp-content\/uploads\/2020\/03\/Hermine-Seeger-Impression-4-2018.jpg 768w\" sizes=\"auto, (max-width: 300px) 100vw, 300px\" \/>[\/col]<br \/>\n[\/row]<\/p>\n<p>&nbsp;<\/p>\n<p>[row cols_nr=&#8220;2&#8243;][col size=&#8220;6&#8243;]<img loading=\"lazy\" decoding=\"async\" class=\"alignleft wp-image-6920\" src=\"https:\/\/lefthander-consulting.org\/deutsch\/wp-content\/uploads\/2020\/03\/Hermine-Seeger-Impression-5-2018-225x300.jpg\" alt=\"\" width=\"300\" height=\"400\" srcset=\"https:\/\/lefthander-consulting.org\/deutsch\/wp-content\/uploads\/2020\/03\/Hermine-Seeger-Impression-5-2018-225x300.jpg 225w, https:\/\/lefthander-consulting.org\/deutsch\/wp-content\/uploads\/2020\/03\/Hermine-Seeger-Impression-5-2018.jpg 768w\" sizes=\"auto, (max-width: 300px) 100vw, 300px\" \/>[\/col]<br \/>\n[col size=&#8220;6&#8243;]<img loading=\"lazy\" decoding=\"async\" class=\"alignleft wp-image-6928\" src=\"https:\/\/lefthander-consulting.org\/deutsch\/wp-content\/uploads\/2020\/03\/Hermine-Seeger-Impression-9-2018-225x300.jpg\" alt=\"\" width=\"300\" height=\"400\" srcset=\"https:\/\/lefthander-consulting.org\/deutsch\/wp-content\/uploads\/2020\/03\/Hermine-Seeger-Impression-9-2018-225x300.jpg 225w, https:\/\/lefthander-consulting.org\/deutsch\/wp-content\/uploads\/2020\/03\/Hermine-Seeger-Impression-9-2018.jpg 768w\" sizes=\"auto, (max-width: 300px) 100vw, 300px\" \/>[\/col]<br \/>\n[\/row]<\/p>\n<p>&nbsp;<\/p>\n<p>\u00a9 Copyright: <a href=\"https:\/\/www.editionseeger.com\">Hermine Seeger<\/a> und Erste deutsche Beratungs- und Informationsstelle f\u00fcr Linksh\u00e4nder und umgeschulte Linksh\u00e4nder, Sendlinger Str. 17, 80331 M\u00fcnchen, Tel. \/ Fax: +49 \/ 89 \/ 26 86 14, <a href=\"https:\/\/lefthander-consulting.org\">https:\/\/www.linkshaender-beratung.de<\/a>, e-mail: info@lefthander-consulting.org<\/p>\n<p>&nbsp;<\/p>\n","protected":false},"excerpt":{"rendered":"<p>Zum Malen r\u00fcckgeschulte Linksh\u00e4nderin Malen mit links Hermine Seeger, eine auf die rechte Hand zum Malen und Schreiben umgeschulte Linksh\u00e4nderin, hat sich als Erwachsene zum Malen wieder auf ihre starke linke Hand zur\u00fcckgeschult. Diese ausdruckstarken Bilder sind dabei und danach entstanden. &nbsp; [row cols_nr=&#8220;2&#8243;][col size=&#8220;6&#8243;][\/col] [col size=&#8220;6&#8243;][\/col] [\/row] &nbsp; [row cols_nr=&#8220;2&#8243;][col size=&#8220;6&#8243;][\/col] [col size=&#8220;6&#8243;][\/col] [\/row] &nbsp; [row cols_nr=&#8220;2&#8243;][col size=&#8220;6&#8243;][\/col] [col size=&#8220;6&#8243;][\/col] [\/row] &nbsp; [row cols_nr=&#8220;2&#8243;][col size=&#8220;6&#8243;][\/col] [col size=&#8220;6&#8243;][\/col] [\/row] &nbsp; \u00a9 Copyright: Hermine Seeger und Erste deutsche Beratungs- und Informationsstelle f\u00fcr Linksh\u00e4nder und umgeschulte Linksh\u00e4nder, Sendlinger Str. 17, 80331 M\u00fcnchen, Tel. \/ Fax: +49 \/ 89 \/ 26 86 14, https:\/\/www.linkshaender-beratung.de, e-mail: info@lefthander-consulting.org &nbsp;<\/p>\n","protected":false},"author":4,"featured_media":0,"parent":6974,"menu_order":0,"comment_status":"closed","ping_status":"closed","template":"","meta":{"_cbd_carousel_blocks":"[]","footnotes":""},"class_list":["post-7031","page","type-page","status-publish"],"_links":{"self":[{"href":"https:\/\/lefthander-consulting.org\/deutsch\/wp-json\/wp\/v2\/pages\/7031","targetHints":{"allow":["GET"]}}],"collection":[{"href":"https:\/\/lefthander-consulting.org\/deutsch\/wp-json\/wp\/v2\/pages"}],"about":[{"href":"https:\/\/lefthander-consulting.org\/deutsch\/wp-json\/wp\/v2\/types\/page"}],"author":[{"embeddable":true,"href":"https:\/\/lefthander-consulting.org\/deutsch\/wp-json\/wp\/v2\/users\/4"}],"replies":[{"embeddable":true,"href":"https:\/\/lefthander-consulting.org\/deutsch\/wp-json\/wp\/v2\/comments?post=7031"}],"version-history":[{"count":42,"href":"https:\/\/lefthander-consulting.org\/deutsch\/wp-json\/wp\/v2\/pages\/7031\/revisions"}],"predecessor-version":[{"id":7214,"href":"https:\/\/lefthander-consulting.org\/deutsch\/wp-json\/wp\/v2\/pages\/7031\/revisions\/7214"}],"up":[{"embeddable":true,"href":"https:\/\/lefthander-consulting.org\/deutsch\/wp-json\/wp\/v2\/pages\/6974"}],"wp:attachment":[{"href":"https:\/\/lefthander-consulting.org\/deutsch\/wp-json\/wp\/v2\/media?parent=7031"}],"curies":[{"name":"wp","href":"https:\/\/api.w.org\/{rel}","templated":true}]}}