{"id":6988,"date":"2020-03-30T17:24:00","date_gmt":"2020-03-30T15:24:00","guid":{"rendered":"https:\/\/lefthander-consulting.org\/deutsch\/?page_id=6988"},"modified":"2020-04-04T14:58:57","modified_gmt":"2020-04-04T12:58:57","slug":"rueckschulung-der-haendigkeit-melanie-zaehle","status":"publish","type":"page","link":"https:\/\/lefthander-consulting.org\/deutsch\/customize-homepage\/rueckschulung-der-haendigkeit-melanie-zaehle\/","title":{"rendered":"R\u00fcckschulung der H\u00e4ndigkeit von Melanie Z\u00e4hle"},"content":{"rendered":"<p><span style=\"color: #000000\"><span style=\"font-family: Arial, sans-serif\"><span style=\"font-size: large\"><span style=\"font-size: 18pt\">R\u00fcckschulung der H\u00e4ndigkeit auf die dominante linke Hand zum Schreiben<\/span><\/span><\/span><\/span><\/p>\n<p><span style=\"color: #000000\"><span style=\"font-family: Arial, sans-serif\">Melanie Z\u00e4hle wurde 1973 als Linksh\u00e4nderin geboren und in der Grundschule von der Lehrerin mit k\u00f6rperlicher Gewalt auf das Schreiben mit der rechten Hand umgeschult.<br \/>\n<\/span><\/span><\/p>\n<p><span style=\"color: #000000\"><span style=\"font-family: Arial, sans-serif\">Ihre Mutter erinnert sich noch heute daran, dass sie oft zur Lehrerin gehen musste, weil das kleine M\u00e4dchen zu Hause weinte und erz\u00e4hlte, dass die Lehrerin, sie wieder an den Haaren gezogen habe und sie in der Ecke stehen musste, um sich zu sch\u00e4men, weil sie die falsche Hand zum Schreiben und Malen be<\/span><\/span><span style=\"color: #000000\"><span style=\"font-family: Arial, sans-serif\">nutzt hatte. <\/span><\/span><\/p>\n<p><span style=\"color: #000000\"><span style=\"font-family: Arial, sans-serif\">Melanie malte schon im Kindergarten sehr gern, aber irgendwann in der Schulzeit hat sie dann mit dem Malen aufgeh\u00f6rt, weil sie nicht mehr ihre Ideen so darstellen konnte, wie zuvor.<\/span><\/span><\/p>\n<p><span style=\"color: #000000\"><span style=\"font-family: Arial, sans-serif\">Bald begannen dann auch Schulprobleme mit Blackouts, Konzentrationsschwierigkeiten und schlechter Schrift. Daf\u00fcr wurde das Kind dann wieder mit schlechten Noten <span style=\"color: #000000\">und Schimpfen durch die Lehrerin bestraft, die meinte, Melanie solle sich mehr bem\u00fchen. <\/span><\/span><\/span><\/p>\n<p style=\"margin: 0cm 0cm 6.0pt 0cm\"><span style=\"color: #000000\"><span style=\"font-family: 'Arial', sans-serif\">2014 hat sie eine Kunsttherapie gemacht und es hat <\/span><span style=\"font-family: 'Arial', sans-serif\">die inzwischen Erwachsene<\/span><span style=\"font-family: 'Arial', sans-serif\"> sehr ber\u00fchrt, eine andere Linksh\u00e4nderin <\/span><span style=\"font-family: 'Arial', sans-serif\">zu sehen, die<\/span><span style=\"font-family: 'Arial', sans-serif\"> links <\/span><span style=\"font-family: 'Arial', sans-serif\">malte und schrieb<\/span><span style=\"font-family: 'Arial', sans-serif\">. Schlie\u00dflich hat sie beschlossen, wieder mit ihrer linken Hand schreiben zu wollen und ist dazu in die Beratungsstelle f\u00fcr Linksh\u00e4nder in M\u00fcnchen gekommen.<\/span><\/span><\/p>\n<p><span style=\"color: #000000\"><span style=\"font-family: Arial, sans-serif\"><span style=\"color: #000000\">Nach e<\/span>iner ausf\u00fchrlichen H\u00e4ndigkeitsabkl\u00e4rung, Anamnese und Beratung wurde im M\u00e4rz 2015 mit der R\u00fcckschulung begonnen. <\/span><\/span><\/p>\n<p><span style=\"color: #000000\"><span style=\"font-family: Arial, sans-serif\">Das R\u00fcckschulungsprogramm \u00fcber zwei Jahre umfasste t\u00e4gliche Nachspur\u00fcbungen und Schwung\u00fcbungen, Training der Hand- und Fingermotorik, sowie Buchstabenanbindungen und Schreib\u00fcbungen. Regelm\u00e4\u00dfig wurden die \u201eHausaufgaben\u201c angesehen, besprochen und auf die lockere Schreibhaltung geachtet. Die Entwicklung der Schreibbewegungen wurde bei jedem Besuch durch eine Untersuchung mittels eines graphischen Tabletts und eines Computerprogramms untersucht.<\/span><\/span><\/p>\n<p>&nbsp;<\/p>\n<p><img loading=\"lazy\" decoding=\"async\" class=\"alignleft wp-image-7068\" src=\"https:\/\/lefthander-consulting.org\/deutsch\/wp-content\/uploads\/2020\/03\/Melanie-Z\u00e4hle-Schreiben-auf-Tablett-2-12.9.19-Foto-Sattler-1-e1585310696505-214x300.jpg\" alt=\"\" width=\"203\" height=\"285\" srcset=\"https:\/\/lefthander-consulting.org\/deutsch\/wp-content\/uploads\/2020\/03\/Melanie-Z\u00e4hle-Schreiben-auf-Tablett-2-12.9.19-Foto-Sattler-1-e1585310696505-214x300.jpg 214w, https:\/\/lefthander-consulting.org\/deutsch\/wp-content\/uploads\/2020\/03\/Melanie-Z\u00e4hle-Schreiben-auf-Tablett-2-12.9.19-Foto-Sattler-1-e1585310696505.jpg 544w\" sizes=\"auto, (max-width: 203px) 100vw, 203px\" \/> <img loading=\"lazy\" decoding=\"async\" class=\"wp-image-7008 alignleft\" src=\"https:\/\/lefthander-consulting.org\/deutsch\/wp-content\/uploads\/2020\/03\/CSWin_Entwicklung_Schreibgeschwindigkeit-289x300.jpg\" alt=\"\" width=\"272\" height=\"282\" srcset=\"https:\/\/lefthander-consulting.org\/deutsch\/wp-content\/uploads\/2020\/03\/CSWin_Entwicklung_Schreibgeschwindigkeit-289x300.jpg 289w, https:\/\/lefthander-consulting.org\/deutsch\/wp-content\/uploads\/2020\/03\/CSWin_Entwicklung_Schreibgeschwindigkeit.jpg 524w\" sizes=\"auto, (max-width: 272px) 100vw, 272px\" \/> <img loading=\"lazy\" decoding=\"async\" class=\"wp-image-7066 alignleft\" src=\"https:\/\/lefthander-consulting.org\/deutsch\/wp-content\/uploads\/2020\/03\/Melanie-Z\u00e4hle-Schreiben-3-12.9.19-Foto-Sattler-1-300x221.jpg\" alt=\"\" width=\"329\" height=\"242\" srcset=\"https:\/\/lefthander-consulting.org\/deutsch\/wp-content\/uploads\/2020\/03\/Melanie-Z\u00e4hle-Schreiben-3-12.9.19-Foto-Sattler-1-300x221.jpg 300w, https:\/\/lefthander-consulting.org\/deutsch\/wp-content\/uploads\/2020\/03\/Melanie-Z\u00e4hle-Schreiben-3-12.9.19-Foto-Sattler-1-1024x754.jpg 1024w, https:\/\/lefthander-consulting.org\/deutsch\/wp-content\/uploads\/2020\/03\/Melanie-Z\u00e4hle-Schreiben-3-12.9.19-Foto-Sattler-1-768x565.jpg 768w, https:\/\/lefthander-consulting.org\/deutsch\/wp-content\/uploads\/2020\/03\/Melanie-Z\u00e4hle-Schreiben-3-12.9.19-Foto-Sattler-1.jpg 1046w\" sizes=\"auto, (max-width: 329px) 100vw, 329px\" \/><\/p>\n<p>&nbsp;<\/p>\n<p>&nbsp;<\/p>\n<p>&nbsp;<\/p>\n<p>&nbsp;<\/p>\n<p>&nbsp;<\/p>\n<p>&nbsp;<\/p>\n<p>&nbsp;<\/p>\n<p><span style=\"color: #000000;font-size: 10pt\"><span style=\"font-family: Arial, sans-serif\">Abb. In der Grafik wird die Steigerung der Schreibgeschwindigkeit der linken Hand innerhalb von zwei Jahren bei einer erwachsenen umgeschulten Linksh\u00e4nderin dargestellt. Der rote Stern markiert die Schreibgeschwindigkeit der rechten, bisherigen Schreibhand vor Beginn der R\u00fcckschulung.<\/span><\/span><\/p>\n<p><span style=\"color: #000000\"><span style=\"font-family: Arial, sans-serif\">Im Laufe des R\u00fcckschulungsprozesses hat sich bei Melanie Z\u00e4hle das Sprachverst\u00e4ndnis besonders f\u00fcr die englische Sprache, immens verbessert. Vor der R\u00fcckschulung empfand Frau Z\u00e4hle eine innere Zerrissenheit. Inzwischen ruht sie in sich selbst und hat den Eindruck, zu ihrem wahren Wesen gekommen zu sein. <\/span><\/span><\/p>\n<p><span style=\"color: #000000\"><span style=\"font-family: Arial, sans-serif\">Im Rahmen ihrer Pers\u00f6nlichkeitsentwicklung hatte sie auch den starken Wunsch zu einer beruflichen Ver\u00e4nderung. Frau Z\u00e4hle begann im September 2017 mit einem berufsbegleitenden Studium der Sozialen Arbeit. Zu diesem Zeitpunkt war sie bereits f\u00e4hig, Mitschriften in Vorlesungen, Klausuren und die schriftlichen Nachbereitung zu Hause mit der linken Hand problemlos zu bew\u00e4ltigen. Seitdem unterschreibt sie auch alle offiziellen Dokumente mit der linken Hand und hat sich einen neuen Personalausweis ausstellen lassen. <\/span><\/span><\/p>\n<p><span style=\"color: #000000\"><span style=\"font-family: Arial, sans-serif\">Interessant an der Geschichte ist, dass Melanie Z\u00e4hle gleichzeitig mit ihrer Tochter das gleiche Studium an der gleichen Hochschule begann. Dazu gibt es inzwischen sogar mehrere Berichte: einen auf der Homepage der <\/span><a href=\"https:\/\/www.fom.de\/2018\/april\/mutter-und-tochter-lernen-gemeinsam-fuer-den-bachelor.html\"><span style=\"font-family: Arial, sans-serif\"><u>FOM<\/u><\/span><\/a><span style=\"font-family: Arial, sans-serif\"> und einen im <\/span><span style=\"font-family: Arial, sans-serif\">UniSpiegel<\/span><span style=\"font-family: Arial, sans-serif\">. <\/span><\/span><\/p>\n<p><span style=\"font-family: arial, helvetica, sans-serif\">\u00a9 Copyright: Erste deutsche Beratungs- und Informationsstelle f\u00fcr Linksh\u00e4nder und umgeschulte Linksh\u00e4nder, Sendlinger Str. 17, 80331 M\u00fcnchen, Tel. \/ Fax: +49 \/ 89 \/ 26 86 14, <a href=\"https:\/\/lefthander-consulting.org\">https:\/\/www.linkshaender-beratung.de<\/a>, e-mail: info@lefthander-consulting.org<\/span><\/p>\n","protected":false},"excerpt":{"rendered":"<p>R\u00fcckschulung der H\u00e4ndigkeit auf die dominante linke Hand zum Schreiben Melanie Z\u00e4hle wurde 1973 als Linksh\u00e4nderin geboren und in der Grundschule von der Lehrerin mit k\u00f6rperlicher Gewalt auf das Schreiben mit der rechten Hand umgeschult. Ihre Mutter erinnert sich noch heute daran, dass sie oft zur Lehrerin gehen musste, weil das kleine M\u00e4dchen zu Hause weinte und erz\u00e4hlte, dass die Lehrerin, sie wieder an den Haaren gezogen habe und sie in der Ecke stehen musste, um sich zu sch\u00e4men, weil sie die falsche Hand zum Schreiben und Malen benutzt hatte. Melanie malte schon im Kindergarten sehr gern, aber irgendwann in der Schulzeit hat sie dann mit dem Malen aufgeh\u00f6rt, weil sie nicht mehr ihre Ideen so darstellen konnte, wie zuvor. Bald begannen dann auch Schulprobleme mit Blackouts, Konzentrationsschwierigkeiten und schlechter Schrift. Daf\u00fcr wurde das Kind dann wieder mit schlechten Noten und Schimpfen durch die Lehrerin bestraft, die meinte, Melanie solle sich mehr bem\u00fchen. 2014 &#8230; <a title=\"R\u00fcckschulung der H\u00e4ndigkeit von Melanie Z\u00e4hle\" class=\"read-more\" href=\"https:\/\/lefthander-consulting.org\/deutsch\/customize-homepage\/rueckschulung-der-haendigkeit-melanie-zaehle\/\" aria-label=\"Mehr Informationen \u00fcber R\u00fcckschulung der H\u00e4ndigkeit von Melanie Z\u00e4hle\">Read more<\/a><\/p>\n","protected":false},"author":4,"featured_media":0,"parent":270,"menu_order":0,"comment_status":"closed","ping_status":"closed","template":"","meta":{"_cbd_carousel_blocks":"[]","footnotes":""},"class_list":["post-6988","page","type-page","status-publish"],"_links":{"self":[{"href":"https:\/\/lefthander-consulting.org\/deutsch\/wp-json\/wp\/v2\/pages\/6988","targetHints":{"allow":["GET"]}}],"collection":[{"href":"https:\/\/lefthander-consulting.org\/deutsch\/wp-json\/wp\/v2\/pages"}],"about":[{"href":"https:\/\/lefthander-consulting.org\/deutsch\/wp-json\/wp\/v2\/types\/page"}],"author":[{"embeddable":true,"href":"https:\/\/lefthander-consulting.org\/deutsch\/wp-json\/wp\/v2\/users\/4"}],"replies":[{"embeddable":true,"href":"https:\/\/lefthander-consulting.org\/deutsch\/wp-json\/wp\/v2\/comments?post=6988"}],"version-history":[{"count":41,"href":"https:\/\/lefthander-consulting.org\/deutsch\/wp-json\/wp\/v2\/pages\/6988\/revisions"}],"predecessor-version":[{"id":7203,"href":"https:\/\/lefthander-consulting.org\/deutsch\/wp-json\/wp\/v2\/pages\/6988\/revisions\/7203"}],"up":[{"embeddable":true,"href":"https:\/\/lefthander-consulting.org\/deutsch\/wp-json\/wp\/v2\/pages\/270"}],"wp:attachment":[{"href":"https:\/\/lefthander-consulting.org\/deutsch\/wp-json\/wp\/v2\/media?parent=6988"}],"curies":[{"name":"wp","href":"https:\/\/api.w.org\/{rel}","templated":true}]}}