{"id":6974,"date":"2020-03-27T09:14:00","date_gmt":"2020-03-27T08:14:39","guid":{"rendered":"https:\/\/lefthander-consulting.org\/deutsch\/?page_id=6974"},"modified":"2020-04-17T09:37:01","modified_gmt":"2020-04-17T07:37:01","slug":"rueckschulung-der-haendigkeit-hermine-seeger","status":"publish","type":"page","link":"https:\/\/lefthander-consulting.org\/deutsch\/beratung\/rueckschulung\/rueckschulung-der-haendigkeit-hermine-seeger\/","title":{"rendered":"R\u00fcckschulungsbericht beim Malen"},"content":{"rendered":"<p><strong><span style=\"font-size: 18pt\"><span style=\"color: #000000\"><span style=\"font-family: Arial, sans-serif\">R\u00fcckschulung der H\u00e4ndigkeit von Hermine Seeger auf ihre dominante linke Hand zum Malen<\/span><\/span><\/span><\/strong><\/p>\n<p><img loading=\"lazy\" decoding=\"async\" class=\" wp-image-7228 alignright\" src=\"https:\/\/lefthander-consulting.org\/deutsch\/wp-content\/uploads\/2020\/04\/Impression-11-c-Hermine-Seeger-2018-Kopie-82x300.jpg\" alt=\"\" width=\"243\" height=\"890\" srcset=\"https:\/\/lefthander-consulting.org\/deutsch\/wp-content\/uploads\/2020\/04\/Impression-11-c-Hermine-Seeger-2018-Kopie-82x300.jpg 82w, https:\/\/lefthander-consulting.org\/deutsch\/wp-content\/uploads\/2020\/04\/Impression-11-c-Hermine-Seeger-2018-Kopie-280x1024.jpg 280w\" sizes=\"auto, (max-width: 243px) 100vw, 243px\" \/><\/p>\n<p><span style=\"font-family: arial, helvetica, sans-serif;color: #000000\">Manche Menschen schulen sich nicht zum Schreiben, sondern z.B. zum Malen oder auf dem Musikinstrument auf ihre dominante Hand als F\u00fchrungshand zur\u00fcck.<\/span><\/p>\n<p><span style=\"color: #000000;font-family: arial, helvetica, sans-serif\">Besonders beeindruckend ist die Entwicklung, die die Heilpraktikerin <a href=\"http:\/\/www.editionseeger.com\">Hermine Seeger<\/a> erlebt hat. Ihre sehr <a href=\"https:\/\/lefthander-consulting.org\/deutsch\/beratung\/rueckschulung\/rueckschulung-der-haendigkeit-hermine-seeger\/bildergallerie-von-hermine-seeger\/\">ausdrucksstarken Bilder<\/a> d\u00fcrfen wir hier zeigen.<\/span><\/p>\n<p><span style=\"color: #000000;font-family: arial, helvetica, sans-serif\">Hermine Seeger wurde 1950 als Linksh\u00e4nderin geboren und &#8211; wie alle Kinder in dieser Zeit &#8211; auf die rechte Hand umgeschult. Sie schrieb uns:<\/span><\/p>\n<p><span style=\"font-family: arial, helvetica, sans-serif\"><span style=\"color: #000000\">\u201eBei allen Kulturtechniken wie Schreiben, Malen, Handarbeiten durfte ich nur die rechte, die \u201esch\u00f6ne Hand\u201c benutzen, die linke Hand musste pas<\/span><span style=\"color: #000000\">siv sein. Das fiel mir sehr schwer und die Ergebnisse waren entsprechend.<\/span><\/span><\/p>\n<p><span style=\"color: #000000;font-family: arial, helvetica, sans-serif\">In den letzten Jahren habe ich versucht, meiner Sehnsucht nach Farben und Formen nachzusp\u00fcren und begann, auf gro\u00dfem Papier mit dem Pinsel in der linken Hand zu malen. Es kostete anfangs gro\u00dfe \u00dcberwindung und Anstrengung, das langj\u00e4hrige Verbot aufzuheben und die Hand zu befreien. Ich war sehr \u00fcberrascht, welche Bilder entstanden, denn meine erlernten Rechtshandbilder waren vollkommen anders.<\/span><\/p>\n<p><span style=\"color: #000000\"><span style=\"font-family: Arial, sans-serif\">Obwohl es mir noch heute \u00dcberwindung kostet, mit dem Malen zu beginnen, erlebe ich am Malprozess das begl\u00fcckende Gef\u00fchl von Authentizit\u00e4t dadurch, dass ich den Impulsen der linken Hand angstfrei vertrauen lerne. <\/span><\/span><\/p>\n<p><span style=\"color: #000000\"><span style=\"font-family: Arial, sans-serif\">Ich ging jeden Winter in eine Malgruppe, die abstrakt malte, und ich war die einzige Linksh\u00e4nderin. Die angenehme Gruppe war eine gro\u00dfe Hilfe f\u00fcr mich, gleichzeitig gab es f\u00fcr mich wieder die Herausforderung, mich nicht an den anderen und deren Techniken zu orientieren, sondern nur darauf zu achten, was meine linke Hand wollte\u2026<\/span><\/span><\/p>\n<p><span style=\"color: #000000\"><span style=\"font-family: Arial, sans-serif\">Damit ich \u201eendlos\u201c weitermalen konnte, besorgte ich gro\u00dfe Rollen Transparentpapier und malte meterlange Bilder.\u201c<\/span><\/span><\/p>\n<p><span style=\"color: #000000\"><span style=\"font-family: Arial, sans-serif\">In einer ersten Ausstellung in den sch\u00f6nen R\u00e4umen der Christophorus Hospiz Verein M\u00fcnchen im Jahre 2018, hatte Hermine Seeger die M\u00f6glichkeit, ihre Bilder auszustellen.<\/span><\/span><\/p>\n<p>&nbsp;<\/p>\n<p><span style=\"font-family: arial, helvetica, sans-serif\">\u00a9 Copyright: Hermine Seeger und Erste deutsche Beratungs- und Informationsstelle f\u00fcr Linksh\u00e4nder und umgeschulte Linksh\u00e4nder, Sendlinger Str. 17, 80331 M\u00fcnchen, Tel. \/ Fax: +49 \/ 89 \/ 26 86 14, <a href=\"https:\/\/lefthander-consulting.org\">https:\/\/www.linkshaender-beratung.de<\/a>, e-mail: info@lefthander-consulting.org<\/span><\/p>\n","protected":false},"excerpt":{"rendered":"<p>R\u00fcckschulung der H\u00e4ndigkeit von Hermine Seeger auf ihre dominante linke Hand zum Malen Manche Menschen schulen sich nicht zum Schreiben, sondern z.B. zum Malen oder auf dem Musikinstrument auf ihre dominante Hand als F\u00fchrungshand zur\u00fcck. Besonders beeindruckend ist die Entwicklung, die die Heilpraktikerin Hermine Seeger erlebt hat. Ihre sehr ausdrucksstarken Bilder d\u00fcrfen wir hier zeigen. Hermine Seeger wurde 1950 als Linksh\u00e4nderin geboren und &#8211; wie alle Kinder in dieser Zeit &#8211; auf die rechte Hand umgeschult. Sie schrieb uns: \u201eBei allen Kulturtechniken wie Schreiben, Malen, Handarbeiten durfte ich nur die rechte, die \u201esch\u00f6ne Hand\u201c benutzen, die linke Hand musste passiv sein. Das fiel mir sehr schwer und die Ergebnisse waren entsprechend. In den letzten Jahren habe ich versucht, meiner Sehnsucht nach Farben und Formen nachzusp\u00fcren und begann, auf gro\u00dfem Papier mit dem Pinsel in der linken Hand zu malen. Es kostete anfangs gro\u00dfe \u00dcberwindung und Anstrengung, das langj\u00e4hrige Verbot aufzuheben und die Hand zu &#8230; <a title=\"R\u00fcckschulungsbericht beim Malen\" class=\"read-more\" href=\"https:\/\/lefthander-consulting.org\/deutsch\/beratung\/rueckschulung\/rueckschulung-der-haendigkeit-hermine-seeger\/\" aria-label=\"Mehr Informationen \u00fcber R\u00fcckschulungsbericht beim Malen\">Read more<\/a><\/p>\n","protected":false},"author":4,"featured_media":0,"parent":53,"menu_order":1,"comment_status":"closed","ping_status":"closed","template":"","meta":{"_cbd_carousel_blocks":"[]","footnotes":""},"class_list":["post-6974","page","type-page","status-publish"],"_links":{"self":[{"href":"https:\/\/lefthander-consulting.org\/deutsch\/wp-json\/wp\/v2\/pages\/6974","targetHints":{"allow":["GET"]}}],"collection":[{"href":"https:\/\/lefthander-consulting.org\/deutsch\/wp-json\/wp\/v2\/pages"}],"about":[{"href":"https:\/\/lefthander-consulting.org\/deutsch\/wp-json\/wp\/v2\/types\/page"}],"author":[{"embeddable":true,"href":"https:\/\/lefthander-consulting.org\/deutsch\/wp-json\/wp\/v2\/users\/4"}],"replies":[{"embeddable":true,"href":"https:\/\/lefthander-consulting.org\/deutsch\/wp-json\/wp\/v2\/comments?post=6974"}],"version-history":[{"count":33,"href":"https:\/\/lefthander-consulting.org\/deutsch\/wp-json\/wp\/v2\/pages\/6974\/revisions"}],"predecessor-version":[{"id":7234,"href":"https:\/\/lefthander-consulting.org\/deutsch\/wp-json\/wp\/v2\/pages\/6974\/revisions\/7234"}],"up":[{"embeddable":true,"href":"https:\/\/lefthander-consulting.org\/deutsch\/wp-json\/wp\/v2\/pages\/53"}],"wp:attachment":[{"href":"https:\/\/lefthander-consulting.org\/deutsch\/wp-json\/wp\/v2\/media?parent=6974"}],"curies":[{"name":"wp","href":"https:\/\/api.w.org\/{rel}","templated":true}]}}