{"id":65,"date":"2018-06-07T15:25:00","date_gmt":"2018-06-07T13:25:28","guid":{"rendered":"https:\/\/lefthander-consulting.org\/?page_id=65"},"modified":"2021-05-26T17:50:11","modified_gmt":"2021-05-26T15:50:11","slug":"linkshaendertag-2018","status":"publish","type":"page","link":"https:\/\/lefthander-consulting.org\/deutsch\/aktuelles\/linkshaendertag-2018\/","title":{"rendered":"Linksh\u00e4ndertag 2018"},"content":{"rendered":"<p><span style=\"font-size: 18pt\">\u00a0Aktivit\u00e4ten zum 43. Internationalen Linksh\u00e4ndertag am<\/span><br \/>\n<span style=\"font-size: 18pt\">13. August 2018 im deutschsprachigen Raum:<\/span><\/p>\n<p>Der Internationale Linksh\u00e4ndertag wurde am Freitag, den 13. August 1976 von dem Amerikaner Dean Campbell ins Leben gerufen, um die Interessen und Belange der Linksh\u00e4nder f\u00fcr die Gesellschaft aufzuzeigen. Mit diesem Datum wollte er auf die Vorurteile gegen\u00fcber Linksh\u00e4ndern hinweisen und darauf, dass diese unbegr\u00fcndet sind und Linksh\u00e4nder zu sein genauso wenig ein schlechtes Vorzeichen ist wie das Datum Freitag, der 13.<\/p>\n<p>Dieser Tag wird inzwischen in vielen L\u00e4ndern als Linksh\u00e4ndertag gefeiert.<\/p>\n<p>Artikel, Sendungen und Veranstaltungen zum Thema werden angeboten.<\/p>\n<p>&nbsp;<\/p>\n<p><span style=\"font-size: 14pt\"><strong>M\u00fcnchen<\/strong><\/span><\/p>\n<table width=\"98%\">\n<tbody>\n<tr>\n<td colspan=\"2\" width=\"99%\"><strong>Schreibberatung f\u00fcr linksh\u00e4ndige Kinder und Erwachsene zum 43. Linksh\u00e4ndertag<\/strong><\/td>\n<\/tr>\n<tr>\n<td width=\"13%\">Termin<\/td>\n<td width=\"85%\">Montag, 13.08.2018, von 15.00 \u2013 17.00 Uhr<\/td>\n<\/tr>\n<tr>\n<td width=\"13%\">Fachperson<\/td>\n<td width=\"85%\"><strong>Dr. J. Barbara Sattler, <\/strong>approbierte Psychotherapeutin<\/td>\n<\/tr>\n<tr>\n<td width=\"13%\">Ort<\/td>\n<td width=\"85%\">Erste deutsche Beratungs- und Informationsstelle f\u00fcr Linksh\u00e4nder und umgeschulte Linksh\u00e4nder, Sendlinger Str. 17, <strong>80331 M\u00fcnchen<\/strong><\/td>\n<\/tr>\n<tr>\n<td width=\"13%\">Zielgruppe<\/td>\n<td width=\"85%\">Eltern mit linksh\u00e4ndigen Kindern, umgeschulte Linksh\u00e4nder, Interessenten<\/td>\n<\/tr>\n<tr>\n<td width=\"13%\">Inhalt<\/td>\n<td width=\"85%\">&#8211; Informationen zur Schreibhaltung mit links f\u00fcr Vorschulkinder und Schulkinder<\/p>\n<p>&#8211; Informationen zu Gebrauchsgegenst\u00e4nden f\u00fcr Linksh\u00e4nder<\/td>\n<\/tr>\n<tr>\n<td width=\"13%\">Veranstalter<\/td>\n<td width=\"85%\">Erste deutsche Beratungs- und Informationsstelle f\u00fcr Linksh\u00e4nder und umgeschulte Linksh\u00e4nder e.V., M\u00fcnchen, Tel.: 089 \/ 26 86 14, <a href=\"http:\/\/www.lefthander-consulting.org\">www.lefthander-consulting.org<\/a><\/td>\n<\/tr>\n<\/tbody>\n<\/table>\n<p>&nbsp;<\/p>\n<p><span style=\"font-size: 14pt\"><strong>Kassel<\/strong><\/span><\/p>\n<table width=\"98%\">\n<tbody>\n<tr>\n<td colspan=\"2\" width=\"99%\"><strong>Aktionstag f\u00fcr Linksh\u00e4nder<\/strong><\/td>\n<\/tr>\n<tr>\n<td width=\"13%\">Termin<\/td>\n<td width=\"85%\">Montag, 13.08.2018, ab 10 Uhr<\/td>\n<\/tr>\n<tr>\n<td width=\"13%\">Ort<\/td>\n<td width=\"85%\">FARM-SOUND, Rudolf-Schwander-Str.11, 34117 Kassel<\/td>\n<\/tr>\n<tr>\n<td width=\"13%\">Zielgruppe<\/td>\n<td width=\"85%\">Linksh\u00e4nder, linksh\u00e4ndig spielende Gitarrenspieler, Interessenten<\/td>\n<\/tr>\n<tr>\n<td width=\"13%\">Inhalt<\/td>\n<td width=\"85%\">Zusatzausstellung mit einigen zus\u00e4tzlichen sch\u00f6nen Linkshandgitarren, die bis zum 31.08.2018 die normale Ausstellung erweitern. An diesem Tag werden alle von Kunden mitgebrachten Linksh\u00e4ndergitarren kostenlos neu besaitet, der Kunde bezahlt lediglich die gew\u00fcnschten Saiten, die Arbeit des Umziehens \u00fcbernimmt Farm-Sound kostenlos.<\/p>\n<p>Ab 19:00 Uhr: Fachvortrag (mit viel Musik) zum Thema Linksh\u00e4ndigkeit durch den zertifizierten S-MH\u00ae Linksh\u00e4nderberater Stefan Prost: Seine Themen sind:<br \/>\n&#8211; Auf grunds\u00e4tzliche Probleme der Linksh\u00e4nder wird eingegangen und Erkl\u00e4rung,<br \/>\nwelche Probleme die Umerziehung nach sich ziehen kann.<\/td>\n<\/tr>\n<tr>\n<td width=\"13%\">Veranstalter<\/td>\n<td width=\"85%\">FARM-SOUND, 34117 Kassel, Tel. 0561 \/ 77 77 69<\/td>\n<\/tr>\n<\/tbody>\n<\/table>\n<p>&nbsp;<\/p>\n<p><span style=\"font-size: 14pt\"><strong>Lindhorst<\/strong><\/span><\/p>\n<table width=\"98%\">\n<tbody>\n<tr>\n<td colspan=\"2\" width=\"99%\">\u00a0<strong>INFOVERANSTALTUNG zum 43. Linksh\u00e4ndertag<\/strong><\/td>\n<\/tr>\n<tr>\n<td width=\"14%\">Termin<\/td>\n<td width=\"85%\">Montag, 13.08.2018, von 0.00 Uhr bis 24.00 Uhr<\/td>\n<\/tr>\n<tr>\n<td width=\"14%\">Fachpersonen<\/td>\n<td width=\"85%\"><strong>Cerstin Bayer, <\/strong>zert. Linksh\u00e4nder-Beraterin<\/td>\n<\/tr>\n<tr>\n<td width=\"14%\">Ort<\/td>\n<td width=\"85%\">LAF\u00dcLIKI, Fachhandel f\u00fcr Linksh\u00e4nder und Feinmotorik, Sch\u00f6ttlinger Str. 7a, 31698 <strong>Lindhorst<\/strong><\/td>\n<\/tr>\n<tr>\n<td width=\"14%\">Zielgruppe<\/td>\n<td width=\"85%\">Beratung f\u00fcr Linksh\u00e4nder und Betroffene jeden Alters von 0- 99 Jahren<\/td>\n<\/tr>\n<tr>\n<td width=\"14%\">Inhalt<\/td>\n<td width=\"85%\">&#8211; LAF\u00dcLIKI pr\u00e4sentiert ab dem 13. August eine neue exklusive Laf\u00fcliki- Produkt &#8211; Edition in Zusammenarbeit mit einer linksh\u00e4ndigen K\u00fcnstlerin.<br \/>\nAlle LAF\u00dcLIKI Kunden d\u00fcrfen sich auf wundervolle, neue Produkte bei <a href=\"https:\/\/www.lafueliki.de\">https:\/\/www.lafueliki.de<\/a> freuen, mehr sei noch nicht verraten\u2026- Telefonberatungs &#8211; Marathon am Weltlinksh\u00e4ndertag, 24 Stunden beantwortet<br \/>\nFrau Cerstin Bayer, Linksh\u00e4nder-Beraterin nach Methodik Dr. J. B. Sattler<br \/>\nalle Fragen zur Linksh\u00e4ndigkeit, Beratungstelefon 05725-5970- Onlineshop24h<\/td>\n<\/tr>\n<tr>\n<td width=\"14%\">Veranstalter<\/td>\n<td width=\"85%\">LAF\u00dcLIKI, <a href=\"https:\/\/www.lafueliki.de\">https:\/\/www.lafueliki.de<\/a> Fachhandel f\u00fcr Linksh\u00e4nder, Sch\u00f6ttlinger Str. 7a, 31698 Lindhorst, Tel. 05725 \/ 59 50<\/td>\n<\/tr>\n<\/tbody>\n<\/table>\n<p><strong>\u00a0<\/strong><\/p>\n<p><strong>\u00a0<\/strong><\/p>\n<p><span style=\"font-size: 14pt\"><strong>M\u00fcnster<\/strong><\/span><\/p>\n<table width=\"98%\">\n<tbody>\n<tr>\n<td colspan=\"2\" width=\"99%\">\n<h3><strong>\u00a0Offene Telefonsprechstunde rund um das Thema Linksh\u00e4ndigkeit<\/strong><\/h3>\n<\/td>\n<\/tr>\n<tr>\n<td width=\"14%\">Termin<\/td>\n<td width=\"85%\">Montag, 13.08.2018, von 09.30 Uhr bis 13:00 Uhr und von 14:00 Uhr bis 16:00 Uhr<\/td>\n<\/tr>\n<tr>\n<td width=\"14%\">Fachpersonen<\/td>\n<td width=\"85%\"><strong>Matthias W\u00fcstefeld, <\/strong>Sozialp\u00e4dagoge, zert. Linksh\u00e4nder-Berater<\/td>\n<\/tr>\n<tr>\n<td width=\"14%\">Ort<\/td>\n<td width=\"85%\"><strong>M\u00fcnster<\/strong><\/td>\n<\/tr>\n<tr>\n<td width=\"14%\">Zielgruppe<\/td>\n<td width=\"85%\">Beratung f\u00fcr Linksh\u00e4nder und Betroffene jeden Alters von 0- 99 Jahren<\/td>\n<\/tr>\n<tr>\n<td width=\"14%\">Inhalt<\/td>\n<td width=\"85%\">Anl\u00e4sslich zum 43. Internationalen Linksh\u00e4ndertag bietet Matthias W\u00fcstefeld am Montag, den 13. August 2018 eine offene Telefonsprechstunde rund um das Thema Linksh\u00e4ndigkeit unter der Telefonnummer 0251 \/ 9 87 11 05 an. F\u00fcr die Telefonsprechstunde zum Internationalen Linksh\u00e4ndertag entstehen keine Kosten.<\/p>\n<p>An diesem Tag werden keine H\u00e4ndigkeitsbefundungen durchgef\u00fchrt<\/td>\n<\/tr>\n<tr>\n<td width=\"14%\">Veranstalter<\/td>\n<td width=\"85%\">Matthias W\u00fcstefeld, Tel. 0251 \/ 9 87 11 05<\/td>\n<\/tr>\n<\/tbody>\n<\/table>\n<p><strong>\u00a0<\/strong><\/p>\n<p><strong>\u00a0<\/strong><\/p>\n<p><span style=\"font-size: 14pt\"><strong>Wien<\/strong><\/span><\/p>\n<table width=\"98%\">\n<tbody>\n<tr>\n<td colspan=\"2\" width=\"99%\"><strong>Veranstaltung am <\/strong><strong>Linksh\u00e4ndertag<\/strong><strong> 2018<\/strong><\/td>\n<\/tr>\n<tr>\n<td width=\"14%\">Termin<\/td>\n<td width=\"85%\">Sonntag, 12.08.2018 18.00-21.00 Uhr<\/td>\n<\/tr>\n<tr>\n<td width=\"14%\">Fachpersonen<\/td>\n<td width=\"85%\"><strong>Mag. Andrea Hayek-Schwarz, Brigitte <\/strong><strong>Radlinger<\/strong><strong>, Iris Campregher <\/strong>zert. Linksh\u00e4nderberaterinnen<\/td>\n<\/tr>\n<tr>\n<td width=\"14%\">Ort<\/td>\n<td width=\"85%\">T\u00fcrkenschanzpark 1180\u00a0 Wien<\/td>\n<\/tr>\n<tr>\n<td width=\"14%\">Zielgruppe<\/td>\n<td width=\"85%\">Linksh\u00e4nderInnen, Eltern, P\u00e4dagogInnen, TherapeutInnen, Interessierte<\/td>\n<\/tr>\n<tr>\n<td width=\"14%\">Inhalt<\/td>\n<td width=\"85%\">&#8222;Alles mit links&#8220;<\/p>\n<p>Outdoor-, Gesellschafts- und Geschicklichkeitsspiele &#8211; Wetth\u00e4mmern und Dosen Schie\u00dfen nat\u00fcrlich nur mit links! . Au\u00dferdem: &#8211; Information zu den Themen Linksh\u00e4ndigkeit, Umschulung und R\u00fcckschulung, Schule mit links, &#8230;<br \/>\nSchlechtwetterprogramm: Bowling mit links &#8211; Infos auf der Website<\/td>\n<\/tr>\n<tr>\n<td width=\"14%\">Veranstalter<\/td>\n<td width=\"85%\">LinkeHand &#8211; Verein zur F\u00f6rderung linksh\u00e4ndig begabter Menschen, <a href=\"http:\/\/www.linkehand.at\/\">http:\/\/www.linkehand.at\/<\/a><\/td>\n<\/tr>\n<\/tbody>\n<\/table>\n<p><strong>\u00a0<\/strong><\/p>\n<p>Die Auszeichnung des Spielzeugs f\u00fcr linksh\u00e4ndige Kinder im Jahr 2002 &#8211; 2013<\/p>\n<p>&nbsp;<\/p>\n<p>Die Begr\u00fcndung der Auszeichnung des Spielzeugs f\u00fcr linksh\u00e4ndige Kinder im Jahr 2013<\/p>\n<p>Die Begr\u00fcndung der Auszeichnung des Spielzeugs f\u00fcr linksh\u00e4ndige Kinder im Jahr 2012<br \/>\n&#8211; Qwirkle<br \/>\n&#8211; Kaleido Gears<br \/>\n&#8211; Matador<\/p>\n<p>Die Begr\u00fcndung der Auszeichnung des Spieleugs f\u00fcr linksh\u00e4ndige Kinder im Jahr 2011<\/p>\n<p>Die Begr\u00fcndung der Auszeichnung des Spielzeugs f\u00fcr linksh\u00e4ndige Kinder im Jahr 2010<\/p>\n<p>Die Begr\u00fcndung der Auszeichnung des Spielzeugs f\u00fcr linksh\u00e4ndige Kinder im Jahr 2009<\/p>\n<p>Die Begr\u00fcndung der Auszeichnung des Spielzeugs f\u00fcr linksh\u00e4ndige Kinder im Jahr 2008<\/p>\n<p>Die Begr\u00fcndung der Auszeichnung des Spielzeugs f\u00fcr linksh\u00e4ndige Kinder im Jahr 2007<\/p>\n<p>Die Begr\u00fcndung der Auszeichnung des Spielzeugs f\u00fcr linksh\u00e4ndige Kinder im Jahr 2006<\/p>\n<p>Die Begr\u00fcndung der Auszeichnung des Spielzeugs f\u00fcr linksh\u00e4ndige Kinder im Jahr 2005<\/p>\n<p>Die Begr\u00fcndung der Auszeichnung des Spielzeugs f\u00fcr linksh\u00e4ndige Kinder im Jahr 2004<\/p>\n<p>Die Begr\u00fcndung der Auszeichnung des Spielzeugs f\u00fcr linksh\u00e4ndige Kinder im Jahr 2003<\/p>\n<p>Die Begr\u00fcndung der Auszeichnung des Spielzeugs f\u00fcr linksh\u00e4ndige Kinder im Jahr 2002<\/p>\n<p>Stand: 10. August 2018<\/p>\n","protected":false},"excerpt":{"rendered":"<p>\u00a0Aktivit\u00e4ten zum 43. Internationalen Linksh\u00e4ndertag am 13. August 2018 im deutschsprachigen Raum: Der Internationale Linksh\u00e4ndertag wurde am Freitag, den 13. August 1976 von dem Amerikaner Dean Campbell ins Leben gerufen, um die Interessen und Belange der Linksh\u00e4nder f\u00fcr die Gesellschaft aufzuzeigen. Mit diesem Datum wollte er auf die Vorurteile gegen\u00fcber Linksh\u00e4ndern hinweisen und darauf, dass diese unbegr\u00fcndet sind und Linksh\u00e4nder zu sein genauso wenig ein schlechtes Vorzeichen ist wie das Datum Freitag, der 13. Dieser Tag wird inzwischen in vielen L\u00e4ndern als Linksh\u00e4ndertag gefeiert. Artikel, Sendungen und Veranstaltungen zum Thema werden angeboten. &nbsp; M\u00fcnchen Schreibberatung f\u00fcr linksh\u00e4ndige Kinder und Erwachsene zum 43. Linksh\u00e4ndertag Termin Montag, 13.08.2018, von 15.00 \u2013 17.00 Uhr Fachperson Dr. J. Barbara Sattler, approbierte Psychotherapeutin Ort Erste deutsche Beratungs- und Informationsstelle f\u00fcr Linksh\u00e4nder und umgeschulte Linksh\u00e4nder, Sendlinger Str. 17, 80331 M\u00fcnchen Zielgruppe Eltern mit linksh\u00e4ndigen Kindern, umgeschulte Linksh\u00e4nder, Interessenten Inhalt &#8211; Informationen zur Schreibhaltung mit links f\u00fcr Vorschulkinder und Schulkinder &#8211; &#8230; <a title=\"Linksh\u00e4ndertag 2018\" class=\"read-more\" href=\"https:\/\/lefthander-consulting.org\/deutsch\/aktuelles\/linkshaendertag-2018\/\" aria-label=\"Mehr Informationen \u00fcber Linksh\u00e4ndertag 2018\">Read more<\/a><\/p>\n","protected":false},"author":1,"featured_media":0,"parent":25,"menu_order":1,"comment_status":"closed","ping_status":"closed","template":"","meta":{"_cbd_carousel_blocks":"[]","footnotes":""},"class_list":["post-65","page","type-page","status-publish"],"_links":{"self":[{"href":"https:\/\/lefthander-consulting.org\/deutsch\/wp-json\/wp\/v2\/pages\/65","targetHints":{"allow":["GET"]}}],"collection":[{"href":"https:\/\/lefthander-consulting.org\/deutsch\/wp-json\/wp\/v2\/pages"}],"about":[{"href":"https:\/\/lefthander-consulting.org\/deutsch\/wp-json\/wp\/v2\/types\/page"}],"author":[{"embeddable":true,"href":"https:\/\/lefthander-consulting.org\/deutsch\/wp-json\/wp\/v2\/users\/1"}],"replies":[{"embeddable":true,"href":"https:\/\/lefthander-consulting.org\/deutsch\/wp-json\/wp\/v2\/comments?post=65"}],"version-history":[{"count":2,"href":"https:\/\/lefthander-consulting.org\/deutsch\/wp-json\/wp\/v2\/pages\/65\/revisions"}],"predecessor-version":[{"id":9153,"href":"https:\/\/lefthander-consulting.org\/deutsch\/wp-json\/wp\/v2\/pages\/65\/revisions\/9153"}],"up":[{"embeddable":true,"href":"https:\/\/lefthander-consulting.org\/deutsch\/wp-json\/wp\/v2\/pages\/25"}],"wp:attachment":[{"href":"https:\/\/lefthander-consulting.org\/deutsch\/wp-json\/wp\/v2\/media?parent=65"}],"curies":[{"name":"wp","href":"https:\/\/api.w.org\/{rel}","templated":true}]}}