{"id":6132,"date":"2019-08-23T10:24:08","date_gmt":"2019-08-23T08:24:08","guid":{"rendered":"https:\/\/lefthander-consulting.org\/deutsch\/aktuelles\/aktuelles-zur-linkshaendigkeit\/"},"modified":"2025-08-15T14:34:43","modified_gmt":"2025-08-15T12:34:43","slug":"aktuelles-zur-linkshaendigkeit","status":"publish","type":"page","link":"https:\/\/lefthander-consulting.org\/deutsch\/aktuelles\/aktuelles-zur-linkshaendigkeit\/","title":{"rendered":"Aktuelles zur Linksh\u00e4ndigkeit"},"content":{"rendered":"\n<table id=\"tablepress-101\" class=\"tablepress tablepress-id-101\">\n<tbody class=\"row-striping row-hover\">\n<tr class=\"row-1\">\n\t<td class=\"column-1\"><\/td><td class=\"column-2\"><strong>2026<\/strong><\/td>\n<\/tr>\n<tr class=\"row-2\">\n\t<td class=\"column-1\">25.01.2026<\/td><td class=\"column-2\"><a href=\"https:\/\/lefthander-consulting.org\/deutsch\/beratung\/kindergruppen\/\">Neue Termine zur Kindergruppe<\/td>\n<\/tr>\n<tr class=\"row-3\">\n\t<td class=\"column-1\"><\/td><td class=\"column-2\"><strong>2025<\/strong><\/td>\n<\/tr>\n<tr class=\"row-4\">\n\t<td class=\"column-1\">02.12.2025<\/td><td class=\"column-2\"><a href=\"https:\/\/lefthander-consulting.org\/deutsch\/beratung\/kindergruppen\/\">Neue Termine zur Kindergruppe<\/td>\n<\/tr>\n<tr class=\"row-5\">\n\t<td class=\"column-1\">31.07.2025<\/td><td class=\"column-2\"><a href=\"https:\/\/www.nature.com\/articles\/s41598-023-28911-7\"> Artikel in \u201eScientific Reports\u201c zur R\u00fcckschulung<\/td>\n<\/tr>\n<tr class=\"row-6\">\n\t<td class=\"column-1\">30.07.2025<\/td><td class=\"column-2\"><a href=\"https:\/\/lefthander-consulting.org\/deutsch\/aktuelles\/linkshaendertag\/\"> Neue Veranstaltungen zum Internationalen Linksh\u00e4ndertag<\/td>\n<\/tr>\n<tr class=\"row-7\">\n\t<td class=\"column-1\">28.07.2025<\/td><td class=\"column-2\"><a href=\"https:\/\/lefthander-consulting.org\/deutsch\/aktuelles\/linkshaendertag\/\">  Vorbereitung der Schreibhaltung mit links f\u00fcr Vorschulkinder am Linksh\u00e4ndertag<\/td>\n<\/tr>\n<tr class=\"row-8\">\n\t<td class=\"column-1\">19.06.2025<\/td><td class=\"column-2\"><a href=\"https:\/\/lefthander-consulting.org\/deutsch\/aktuelles\/veranstaltungen\/\">Veranstaltungen zur Linksh\u00e4ndigkeit<\/td>\n<\/tr>\n<tr class=\"row-9\">\n\t<td class=\"column-1\">27.01.2025<\/td><td class=\"column-2\">Podcast in Deutschlandfunk Kultur \"Plus eins\" am 25.1.2025 <a href=\"https:\/\/www.deutschlandfunkkultur.de\/auswirkungen-einer-umschulung-endlich-wieder-linkshaender-100.html\">Martin ist endlich wieder Linksh\u00e4nder<\/td>\n<\/tr>\n<tr class=\"row-10\">\n\t<td class=\"column-1\">15.01.2025<\/td><td class=\"column-2\">Gastbeitrag im MANNHEIMER MORGEN am 4.1.2025 <a href=\"https:\/\/lefthander-consulting.org\/deutsch\/wp-content\/uploads\/2025\/01\/Mannheimer-Morgen-Artikel-Sattler-2025.01.04.pdf\">Sind Linksh\u00e4nder eine Minderheit in unserer<br \/>\nGesellschaft, die oft vergessen wird, Frau Sattler?<\/td>\n<\/tr>\n<tr class=\"row-11\">\n\t<td class=\"column-1\"><\/td><td class=\"column-2\"><strong>2024<\/strong><\/td>\n<\/tr>\n<tr class=\"row-12\">\n\t<td class=\"column-1\">13.08.2024<\/td><td class=\"column-2\"><a href=\"https:\/\/www.prosieben.de\/serien\/newstime\/videos\/tag-der-linkshaender-das-steckt-dahinter-v_34yzfkp5u221\">Pro7 newstime Tag der Linksh\u00e4nder: Das steckt dahinter<\/td>\n<\/tr>\n<tr class=\"row-13\">\n\t<td class=\"column-1\">13.08.2024<\/td><td class=\"column-2\"><a href=\"https:\/\/wdrmedien-a.akamaihd.net\/medp\/podcast\/weltweit\/fsk0\/316\/3161093\/3161093_58651794.mp3\">WDR 5 \u2013 Tagesgespr\u00e4ch<\/td>\n<\/tr>\n<tr class=\"row-14\">\n\t<td class=\"column-1\"><\/td><td class=\"column-2\"><strong>2023<\/strong><\/td>\n<\/tr>\n<tr class=\"row-15\">\n\t<td class=\"column-1\">29.03.2023<\/td><td class=\"column-2\"><a href=\"https:\/\/lefthander-consulting.org\/deutsch\/wp-content\/uploads\/2023\/03\/Sueddeutsche-Zeitung-Rueckschulung-11.3.23-1.pdf\">R\u00fcckschulung zum Schreiben von und Carsten Schroeter<\/td>\n<\/tr>\n<tr class=\"row-16\">\n\t<td class=\"column-1\">28.02.2023<\/td><td class=\"column-2\"><a href=\"https:\/\/www.swr.de\/swr2\/wissen\/linkshaender-kaum-erforschte-laune-der-natur-swr2-wissen-2023-03-01-100.html\">SWR 2 Wissen, \u201eLinksh\u00e4nder \u2013 Kaum erforschte Laune der Natur\u201e<\/td>\n<\/tr>\n<tr class=\"row-17\">\n\t<td class=\"column-1\"><\/td><td class=\"column-2\"><strong>2022<\/strong><\/td>\n<\/tr>\n<tr class=\"row-18\">\n\t<td class=\"column-1\">15.11.2022<\/td><td class=\"column-2\"><a href=\"https:\/\/detektor.fm\/gesellschaft\/zurueck-zum-thema-linkshaendigkeit\"> Wie lebt man in einer rechtsh\u00e4ndigen Welt?<\/td>\n<\/tr>\n<tr class=\"row-19\">\n\t<td class=\"column-1\">12.08.2022<\/td><td class=\"column-2\"><a href=\"https:\/\/www.zdf.de\/gesellschaft\/volle-kanne\/volle-kanne---service-taeglich-vom-12-august-2022-100.html\"> ZDF \"Volle Kanne\" am 12. August 2022<\/td>\n<\/tr>\n<tr class=\"row-20\">\n\t<td class=\"column-1\">12.08.2022<\/td><td class=\"column-2\"><a href=\"https:\/\/www.ardmediathek.de\/video\/landesschau-rheinland-pfalz\/warum-schreiben-manche-menschen-mit-der-linken-hand\/swr-rp\/Y3JpZDovL3N3ci5kZS9hZXgvbzE3MDc0MjI\">SWR Landesschau Rheinland-Pfalz \u201eGut zu wissen: Warum schreiben manche Menschen mit der linken Hand?\u201c am 12. August 2022<\/td>\n<\/tr>\n<tr class=\"row-21\">\n\t<td class=\"column-1\">05.08.2022<\/td><td class=\"column-2\"><a href=\"https:\/\/ahajftmovo.cloudimg.io\/v7\/lefthander-consulting.org\/deutsch\/wp-content\/uploads\/2022\/08\/Pressebrief-Linkshaendertag-2022.pdf?func=proxy\">Presseerkl\u00e4rung der Ersten deutschen Beratungsstelle f\u00fcr Linksh\u00e4nder<br \/>\nzum Internationalen Linksh\u00e4ndertag 2022<\/td>\n<\/tr>\n<tr class=\"row-22\">\n\t<td class=\"column-1\">04.08.2022<\/td><td class=\"column-2\"><a href=\"https:\/\/lefthander-consulting.org\/deutsch\/aktuelles\/linkshaendertag\/\">Kreative Woche in den Social-Media-Kan\u00e4len der Beratungsstelle f\u00fcr Linksh\u00e4nder, des Auer Verlags, der Firma KUM<\/td>\n<\/tr>\n<tr class=\"row-23\">\n\t<td class=\"column-1\">18.03.2022<\/td><td class=\"column-2\"><a href=\"https:\/\/lefthander-consulting.org\/deutsch\/wp-content\/uploads\/2022\/03\/Family-2-22_Das-schaffst-du-doch-mit-links.pdf\"> \"Das schaffst du doch mit links!\" in family, Nr. 2\/22<\/td>\n<\/tr>\n<tr class=\"row-24\">\n\t<td class=\"column-1\">03.01.2022<\/td><td class=\"column-2\"><a href=\"https:\/\/www.schilf-akademie.de\/linkshaendige-schueler-innen-in-der-grundschule#webinare\"> Online-Weiterbildung bei der Schilf-Akademie zur Linksh\u00e4ndigkeit am 17. Januar 2022<\/td>\n<\/tr>\n<tr class=\"row-25\">\n\t<td class=\"column-1\"><\/td><td class=\"column-2\"><strong>2021<\/strong><\/td>\n<\/tr>\n<tr class=\"row-26\">\n\t<td class=\"column-1\">16.08.2021<\/td><td class=\"column-2\"><a href=\"https:\/\/www.vhsosh.de\/kurssuche\/kurs\/Online-Kurs+Schreibhaltung+mit+links\/nr\/212A165\/bereich\/details\/#inhalt\/\">Online-Kurs: Schreibhaltung mit links f\u00fcr Vorschulkinder und Erstkl\u00e4ssler*innen<\/td>\n<\/tr>\n<tr class=\"row-27\">\n\t<td class=\"column-1\">11.08.2021<\/td><td class=\"column-2\"><a href=\"https:\/\/lefthander-consulting.org\/deutsch\/beratung\/kindergruppen\/terminvereinbarung-online-schreibberatung-lh-tag\/\">Terminvereinbarung zur Linksh\u00e4ndertag Online-Schreibberatung<\/td>\n<\/tr>\n<tr class=\"row-28\">\n\t<td class=\"column-1\">27.07.2021<\/td><td class=\"column-2\"><a href=\"\/\/www.schilf-akademie.de\/linkshaendige-schueler-innen-in-der-grundschule\/\"> Online-Weiterbildung bei der Schilf-Akademie zur Linksh\u00e4ndigkeit am 11. August 2021<\/td>\n<\/tr>\n<tr class=\"row-29\">\n\t<td class=\"column-1\">13.01.2021<\/td><td class=\"column-2\"><a href=\"https:\/\/lefthander-consulting.org\/deutsch\/wp-content\/uploads\/2021\/01\/Anmeldebogen-Kindergruppe-Weilheim-Vorschule-2021-1.pdf\">Neue Pr\u00e4senz-\/ ONLINE-Kindergruppe f\u00fcr Vorschulkinder in Weilheim 2021 je nach Corona-Situation<\/td>\n<\/tr>\n<tr class=\"row-30\">\n\t<td class=\"column-1\"><\/td><td class=\"column-2\"><strong>2020<\/strong><\/td>\n<\/tr>\n<tr class=\"row-31\">\n\t<td class=\"column-1\">25.09.2020<\/td><td class=\"column-2\"><a href=\"\/\/www.schilf-akademie.de\/linkshaendige-kinder-in-krippe-und-kindergarten#webinare\/\"> Online-Weiterbildung bei der Schilf-Akademie zur Linksh\u00e4ndigkeit am 29. Oktober 2020.<\/td>\n<\/tr>\n<tr class=\"row-32\">\n\t<td class=\"column-1\">12.08.2020<\/td><td class=\"column-2\"><a href=\"https:\/\/lefthander-consulting.org\/deutsch\/wp-content\/uploads\/2020\/08\/Anmeldebogen_KindergruppeVorschule_ONLINE_1.pdf\">ONLINE-Kindergruppe f\u00fcr Vorschulkinder <\/td>\n<\/tr>\n<tr class=\"row-33\">\n\t<td class=\"column-1\">04.08.2020<\/td><td class=\"column-2\"><a href=\"https:\/\/lefthander-consulting.org\/deutsch\/beratung\/kindergruppen\/terminvereinbarung-online-schreibberatung-lh-tag\/\">Terminvereinbarung zur Linksh\u00e4ndertag Online-Schreibberatung<\/td>\n<\/tr>\n<tr class=\"row-34\">\n\t<td class=\"column-1\">15.07.2020<\/td><td class=\"column-2\"><a href=\"https:\/\/lefthander-consulting.org\/deutsch\/information\/musik-und-linkshaendigkeit\/quellen-und-literaturangaben-zu-musik-und-linkshaendigkeit\/rezension-haendigkeit-und-instrument-von-almuth-vasterling\/\">Rezension \"H\u00e4ndigkeit und Instrument\" von Dr. Andrea Arnoldussen<\/td>\n<\/tr>\n<tr class=\"row-35\">\n\t<td class=\"column-1\">08.06.2020<\/td><td class=\"column-2\"><a href=\"https:\/\/lefthander-consulting.org\/deutsch\/wp-content\/uploads\/2020\/06\/Flyer-Neurologieseminar-Juli-20-ONLINE.pdf\">Neurologie und H\u00e4ndigkeit - ONLINE-Seminar<\/td>\n<\/tr>\n<tr class=\"row-36\">\n\t<td class=\"column-1\">03.06.2020<\/td><td class=\"column-2\"><a href=\"https:\/\/lefthander-consulting.org\/deutsch\/beratung\/kindergruppen\/\">Neue Termine zur Kindergruppe <\/td>\n<\/tr>\n<tr class=\"row-37\">\n\t<td class=\"column-1\">26.05.2020<\/td><td class=\"column-2\"><a href=\"\/\/www.schilf-akademie.de\/linkshaendige-schueler-innen-in-der-grundschule\/\"> Online-Weiterbildung bei der Schilf-Akademie zur Linksh\u00e4ndigkeit am 2. Juni 2020  und 15. September 2020.<\/td>\n<\/tr>\n<tr class=\"row-38\">\n\t<td class=\"column-1\">04.04.2020<\/td><td class=\"column-2\">Wegen der Corona-Krise werden die Kindergruppen z.T. auch online angeboten.<\/td>\n<\/tr>\n<tr class=\"row-39\">\n\t<td class=\"column-1\">03.04.2020<\/td><td class=\"column-2\"><a href=\"https:\/\/lefthander-consulting.org\/deutsch\/beratung\/rueckschulung\/\">Erlebnisberichte zur R\u00fcckschulung der H\u00e4ndigkeit zum Schreiben und Malen<\/td>\n<\/tr>\n<tr class=\"row-40\">\n\t<td class=\"column-1\">03.04.2020<\/td><td class=\"column-2\"><a href=\"https:\/\/www.schilf-akademie.de\/linkshaender-innen-in-der-grundschule\/\" \/> Wiederholung Online-Weiterbindung am 02.06.2020: Linksh\u00e4ndige Sch\u00fclerinnen und Sch\u00fcler in der Grundschule<\/td>\n<\/tr>\n<tr class=\"row-41\">\n\t<td class=\"column-1\">23.03.2020<\/td><td class=\"column-2\">Verschiebungen wegen Corona-Krise bei der jeweiligen Veranstaltung<br \/>\nsiehe<br \/>\n<a href=\"https:\/\/lefthander-consulting.org\/deutsch\/aktuelles\/veranstaltungen\/\">Veranstaltungen zur Linksh\u00e4ndigkeit<\/td>\n<\/tr>\n<tr class=\"row-42\">\n\t<td class=\"column-1\"><\/td><td class=\"column-2\"><strong>2019<\/strong><\/td>\n<\/tr>\n<tr class=\"row-43\">\n\t<td class=\"column-1\">13.08.2019<\/td><td class=\"column-2\"><a href=\"https:\/\/lefthander-consulting.org\/deutsch\/wp-content\/uploads\/2019\/08\/Pressebrief-Linksh%C3%A4ndertag-2019.pdf\">Presseerkl\u00e4rung zum Internationalen Linksh\u00e4ndertag 2019<\/td>\n<\/tr>\n<tr class=\"row-44\">\n\t<td class=\"column-1\">24.05.2019<\/td><td class=\"column-2\"><a href=\"https:\/\/www.youtube.com\/watch?v=sJIuIRIltG0&amp;feature=youtu.be\">Video zum Schneiden mit der linken Hand<\/td>\n<\/tr>\n<tr class=\"row-45\">\n\t<td class=\"column-1\">24.05.2019<\/td><td class=\"column-2\"><a href=\"https:\/\/www.youtube.com\/watch?v=67SIfWBd2MU&amp;feature=youtu.be\">Video zum Spitzen mit der linken Hand<\/td>\n<\/tr>\n<tr class=\"row-46\">\n\t<td class=\"column-1\">10.04.2019<\/td><td class=\"column-2\">Neugestaltung der Homepage der <a href=\"https:\/\/lefthander-consulting.org\/deutsch\/\"> Ersten deutschen Beratungs- und Informationsstelle f\u00fcr Linksh\u00e4nder und umgeschulte Linksh\u00e4nder e.V., M\u00fcnchen<\/td>\n<\/tr>\n<tr class=\"row-47\">\n\t<td class=\"column-1\"><\/td><td class=\"column-2\"><strong>2018<\/strong><\/td>\n<\/tr>\n<tr class=\"row-48\">\n\t<td class=\"column-1\">20.09.2018<\/td><td class=\"column-2\"><a href=\"https:\/\/www.youtube.com\/watch?v=-oOqZQhFeZ4&amp;t=441s\">Video Schreibhaltung mit links<\/td>\n<\/tr>\n<\/tbody>\n<\/table>\n<!-- #tablepress-101 from cache -->\n","protected":false},"excerpt":{"rendered":"","protected":false},"author":4,"featured_media":0,"parent":25,"menu_order":54,"comment_status":"closed","ping_status":"closed","template":"","meta":{"_cbd_carousel_blocks":"[]","footnotes":""},"class_list":["post-6132","page","type-page","status-publish"],"_links":{"self":[{"href":"https:\/\/lefthander-consulting.org\/deutsch\/wp-json\/wp\/v2\/pages\/6132","targetHints":{"allow":["GET"]}}],"collection":[{"href":"https:\/\/lefthander-consulting.org\/deutsch\/wp-json\/wp\/v2\/pages"}],"about":[{"href":"https:\/\/lefthander-consulting.org\/deutsch\/wp-json\/wp\/v2\/types\/page"}],"author":[{"embeddable":true,"href":"https:\/\/lefthander-consulting.org\/deutsch\/wp-json\/wp\/v2\/users\/4"}],"replies":[{"embeddable":true,"href":"https:\/\/lefthander-consulting.org\/deutsch\/wp-json\/wp\/v2\/comments?post=6132"}],"version-history":[{"count":3,"href":"https:\/\/lefthander-consulting.org\/deutsch\/wp-json\/wp\/v2\/pages\/6132\/revisions"}],"predecessor-version":[{"id":6520,"href":"https:\/\/lefthander-consulting.org\/deutsch\/wp-json\/wp\/v2\/pages\/6132\/revisions\/6520"}],"up":[{"embeddable":true,"href":"https:\/\/lefthander-consulting.org\/deutsch\/wp-json\/wp\/v2\/pages\/25"}],"wp:attachment":[{"href":"https:\/\/lefthander-consulting.org\/deutsch\/wp-json\/wp\/v2\/media?parent=6132"}],"curies":[{"name":"wp","href":"https:\/\/api.w.org\/{rel}","templated":true}]}}