{"id":6121,"date":"2019-08-23T09:29:54","date_gmt":"2019-08-23T07:29:54","guid":{"rendered":"https:\/\/lefthander-consulting.org\/deutsch\/aktuelles\/update\/"},"modified":"2025-08-15T14:34:43","modified_gmt":"2025-08-15T12:34:43","slug":"update","status":"publish","type":"page","link":"https:\/\/lefthander-consulting.org\/deutsch\/aktuelles\/update\/","title":{"rendered":"Update"},"content":{"rendered":"<p><span style=\"font-family: arial, helvetica, sans-serif;font-size: 14pt\">Folgende Seiten wurden erg\u00e4nzt, erweitert oder aktualisiert:<\/span><\/p>\n\n<table id=\"tablepress-100\" class=\"tablepress tablepress-id-100\">\n<tbody class=\"row-striping row-hover\">\n<tr class=\"row-1\">\n\t<td class=\"column-1\">09.04.2026<\/td><td class=\"column-2\"><a href=\"https:\/\/lefthander-consulting.org\/deutsch\/beratung\/kindergruppen\/\">Neue Termine zur Kindergruppe<\/td>\n<\/tr>\n<tr class=\"row-2\">\n\t<td class=\"column-1\">27.01.2026<\/td><td class=\"column-2\"><a href=\"https:\/\/lefthander-consulting.org\/deutsch\/information\/literatur\/the-converted-left-hander-or-ther-knot-in-the-brain\/\">The Converted Left-Hander or The Knot in The Brain<\/td>\n<\/tr>\n<tr class=\"row-3\">\n\t<td class=\"column-1\">27.01.2026<\/td><td class=\"column-2\"><a href=\"https:\/\/lefthander-consulting.org\/deutsch\/information\/literatur\/\">Literatur<\/td>\n<\/tr>\n<tr class=\"row-4\">\n\t<td class=\"column-1\">08.01.2026<\/td><td class=\"column-2\"><a href=\"https:\/\/lefthander-consulting.org\/deutsch\/aktuelles\/veranstaltungen\/\">Veranstaltungen zur Linksh\u00e4ndigkeit<\/td>\n<\/tr>\n<tr class=\"row-5\">\n\t<td class=\"column-1\">02.12.2025<\/td><td class=\"column-2\"><a href=\"https:\/\/lefthander-consulting.org\/deutsch\/beratung\/kindergruppen\/\">Neue Termine zur Kindergruppe<\/td>\n<\/tr>\n<tr class=\"row-6\">\n\t<td class=\"column-1\">30.07.2025<\/td><td class=\"column-2\"><a href=\"https:\/\/lefthander-consulting.org\/deutsch\/aktuelles\/linkshaendertag\/\"> Linksh\u00e4ndertag<\/td>\n<\/tr>\n<tr class=\"row-7\">\n\t<td class=\"column-1\">27.01.2025<\/td><td class=\"column-2\"><a href=\"https:\/\/lefthander-consulting.org\/deutsch\/netzwerk\/oeffentlichkeitsarbeit-und-medien\/dokumentation-und-berichtserstattung-ueber-taetigkeiten-der-beratungsstelle-fuer-linkshaender\/\">Dokumentation und Berichtserstattung \u00fcber T\u00e4tigkeiten der Beratungsstelle f\u00fcr Linksh\u00e4nder<\/td>\n<\/tr>\n<tr class=\"row-8\">\n\t<td class=\"column-1\">23.07.2024<\/td><td class=\"column-2\"><a href=\"https:\/\/lefthander-consulting.org\/deutsch\/aktuelles\/linkshaendertag\/\"> Linksh\u00e4ndertag<\/td>\n<\/tr>\n<tr class=\"row-9\">\n\t<td class=\"column-1\">03.05.2024<\/td><td class=\"column-2\"><a href=\"https:\/\/lefthander-consulting.org\/deutsch\/netzwerk\/musikinstrumente-verkauf-und-verleih\/\">Musikinstrumente Verkauf und Verleih<\/td>\n<\/tr>\n<tr class=\"row-10\">\n\t<td class=\"column-1\">14.03.2024<\/td><td class=\"column-2\"><a href=\"https:\/\/lefthander-consulting.org\/deutsch\/information\/wo-finde-ich-was\/\">Wo finde ich was?<\/td>\n<\/tr>\n<tr class=\"row-11\">\n\t<td class=\"column-1\">11.03.2024<\/td><td class=\"column-2\"><a href=\"https:\/\/lefthander-consulting.org\/deutsch\/netzwerk\/laeden-und-versand\/\">L\u00e4den und Vesand<\/td>\n<\/tr>\n<tr class=\"row-12\">\n\t<td class=\"column-1\">10.08.2023<\/td><td class=\"column-2\"><a href=\"https:\/\/lefthander-consulting.org\/deutsch\/beratung\/rueckschulung\/\/\"> R\u00fcckschulung der H\u00e4ndigkeit<\/td>\n<\/tr>\n<tr class=\"row-13\">\n\t<td class=\"column-1\">09.08.2023<\/td><td class=\"column-2\"><a href=\"https:\/\/lefthander-consulting.org\/deutsch\/aktuelles\/linkshaendertag\/\"> Linksh\u00e4ndertag<\/td>\n<\/tr>\n<tr class=\"row-14\">\n\t<td class=\"column-1\">02.08.2023<\/td><td class=\"column-2\"><a href=\"https:\/\/lefthander-consulting.org\/deutsch\/wp-content\/uploads\/2023\/08\/Pressemitteilung-Weltlinkshaendertag-2023.pdf\"> Presseerkl\u00e4rung zum 48. Internationalen Linksh\u00e4ndertag<\/td>\n<\/tr>\n<tr class=\"row-15\">\n\t<td class=\"column-1\">12.04.2023<\/td><td class=\"column-2\"><a href=\"https:\/\/lefthander-consulting.org\/deutsch\/information\/musik-und-linkshaendigkeit\/quellen-und-literaturangaben-zu-musik-und-linkshaendigkeit\/\">Quellen- und Literaturangaben zu Musik und Linksh\u00e4ndigkeit<\/td>\n<\/tr>\n<tr class=\"row-16\">\n\t<td class=\"column-1\">12.04.2023<\/td><td class=\"column-2\"><a href=\"https:\/\/lefthander-consulting.org\/deutsch\/information\/musik-und-linkshaendigkeit\/musikinstrumente-und-linkshaendigkeit\/blechblasinstrumente\/\">Blechblasinstrumente<\/td>\n<\/tr>\n<tr class=\"row-17\">\n\t<td class=\"column-1\">12.04.2023<\/td><td class=\"column-2\"><a href=\"https:\/\/lefthander-consulting.org\/deutsch\/information\/musik-und-linkshaendigkeit\/musikinstrumente-und-linkshaendigkeit\/holzblasinstrumente\/\">Holzblasinstrumente<\/td>\n<\/tr>\n<tr class=\"row-18\">\n\t<td class=\"column-1\">12.04.2023<\/td><td class=\"column-2\"><a href=\"https:\/\/lefthander-consulting.org\/deutsch\/information\/musik-und-linkshaendigkeit\/musikinstrumente-und-linkshaendigkeit\/schlagzeug-und-perkussionsinstrumente\/\">Schlagzeug und Schlaginstrumente<\/td>\n<\/tr>\n<tr class=\"row-19\">\n\t<td class=\"column-1\">12.04.2023<\/td><td class=\"column-2\"><a href=\"https:\/\/lefthander-consulting.org\/deutsch\/information\/musik-und-linkshaendigkeit\/musikinstrumente-und-linkshaendigkeit\/streichinstrumente\/\">Streichinstrumente<\/td>\n<\/tr>\n<tr class=\"row-20\">\n\t<td class=\"column-1\">12.04.2023<\/td><td class=\"column-2\"><a href=\"https:\/\/lefthander-consulting.org\/deutsch\/information\/musik-und-linkshaendigkeit\/musikinstrumente-und-linkshaendigkeit\/tasteninstrumente\/\">Tasteninstrumente<\/td>\n<\/tr>\n<tr class=\"row-21\">\n\t<td class=\"column-1\">28.03.2023<\/td><td class=\"column-2\"><a href=\"https:\/\/lefthander-consulting.org\/deutsch\/information\/musik-und-linkshaendigkeit\/\">Musik und Linksh\u00e4ndigkeit<\/td>\n<\/tr>\n<tr class=\"row-22\">\n\t<td class=\"column-1\">21.01.2022<\/td><td class=\"column-2\"><a href=\"https:\/\/lefthander-consulting.org\/deutsch\/information\/literatur\/\/\">Literatur zur Linksh\u00e4ndigkeit<\/td>\n<\/tr>\n<tr class=\"row-23\">\n\t<td class=\"column-1\">27.07.2021<\/td><td class=\"column-2\"><a href=\"\/\/www.schilf-akademie.de\/linkshaendige-schueler-innen-in-der-grundschule\/\"> Online-Weiterbildung bei der Schilf-Akademie zur Linksh\u00e4ndigkeit am 11. August 2021<\/td>\n<\/tr>\n<tr class=\"row-24\">\n\t<td class=\"column-1\">23.03.2020<\/td><td class=\"column-2\">Verschiebungen wegen Corona-Krise bei der jeweiligen Veranstaltung<br \/>\nsiehe<br \/>\n<a href=\"https:\/\/lefthander-consulting.org\/deutsch\/aktuelles\/veranstaltungen\/\">Veranstaltungen zur Linksh\u00e4ndigkeit<\/td>\n<\/tr>\n<tr class=\"row-25\">\n\t<td class=\"column-1\">14.03.2020<\/td><td class=\"column-2\"><a href=\"https:\/\/lefthander-consulting.org\/deutsch\/netzwerk\/berater-finden\/\">Netzwerk der zert. Linksh\u00e4nder-BeraterInnen<\/td>\n<\/tr>\n<tr class=\"row-26\">\n\t<td class=\"column-1\">02.09.2019<\/td><td class=\"column-2\"><a href=\"https:\/\/lefthander-consulting.org\/deutsch\/information\/literatur\/schreibvoruebungen-fuer-linkshaender-mit-jobasa-teil-1-und-2\/\">Hinweis auf Homepage JOBASA eingef\u00fcgt<\/td>\n<\/tr>\n<tr class=\"row-27\">\n\t<td class=\"column-1\">13.08.2019<\/td><td class=\"column-2\"><a href=\"https:\/\/lefthander-consulting.org\/deutsch\/wp-content\/uploads\/2019\/08\/Pressebrief-Linksh%C3%A4ndertag-2019.pdf\">Presseerkl\u00e4rung zum Internationalen Linksh\u00e4ndertag 2019<\/td>\n<\/tr>\n<\/tbody>\n<\/table>\n<!-- #tablepress-100 from cache -->\n<p>&nbsp;<\/p>\n<p>&nbsp;<\/p>\n","protected":false},"excerpt":{"rendered":"<p>Folgende Seiten wurden erg\u00e4nzt, erweitert oder aktualisiert: &nbsp; &nbsp;<\/p>\n","protected":false},"author":4,"featured_media":0,"parent":25,"menu_order":55,"comment_status":"closed","ping_status":"closed","template":"","meta":{"_cbd_carousel_blocks":"[]","footnotes":""},"class_list":["post-6121","page","type-page","status-publish"],"_links":{"self":[{"href":"https:\/\/lefthander-consulting.org\/deutsch\/wp-json\/wp\/v2\/pages\/6121","targetHints":{"allow":["GET"]}}],"collection":[{"href":"https:\/\/lefthander-consulting.org\/deutsch\/wp-json\/wp\/v2\/pages"}],"about":[{"href":"https:\/\/lefthander-consulting.org\/deutsch\/wp-json\/wp\/v2\/types\/page"}],"author":[{"embeddable":true,"href":"https:\/\/lefthander-consulting.org\/deutsch\/wp-json\/wp\/v2\/users\/4"}],"replies":[{"embeddable":true,"href":"https:\/\/lefthander-consulting.org\/deutsch\/wp-json\/wp\/v2\/comments?post=6121"}],"version-history":[{"count":2,"href":"https:\/\/lefthander-consulting.org\/deutsch\/wp-json\/wp\/v2\/pages\/6121\/revisions"}],"predecessor-version":[{"id":6126,"href":"https:\/\/lefthander-consulting.org\/deutsch\/wp-json\/wp\/v2\/pages\/6121\/revisions\/6126"}],"up":[{"embeddable":true,"href":"https:\/\/lefthander-consulting.org\/deutsch\/wp-json\/wp\/v2\/pages\/25"}],"wp:attachment":[{"href":"https:\/\/lefthander-consulting.org\/deutsch\/wp-json\/wp\/v2\/media?parent=6121"}],"curies":[{"name":"wp","href":"https:\/\/api.w.org\/{rel}","templated":true}]}}