{"id":59,"date":"2018-06-07T15:21:24","date_gmt":"2018-06-07T13:21:24","guid":{"rendered":"https:\/\/lefthander-consulting.org\/?page_id=59"},"modified":"2025-08-15T14:34:42","modified_gmt":"2025-08-15T12:34:42","slug":"spielzeug-fuer-linkshaendige-kinder","status":"publish","type":"page","link":"https:\/\/lefthander-consulting.org\/deutsch\/information\/kindergartenalter\/spielzeug-fuer-linkshaendige-kinder\/","title":{"rendered":"Spielzeug f\u00fcr linksh\u00e4ndige Kinder"},"content":{"rendered":"<p><span style=\"font-size: 14pt\"><b><strong>Spielzeug, das sowohl linksh\u00e4ndigen als auch rechtsh\u00e4ndigen Kindern gerecht wird <img loading=\"lazy\" decoding=\"async\" class=\"size-full wp-image-14 alignright\" src=\"https:\/\/lefthander-consulting.org\/deutsch\/wp-content\/uploads\/2018\/06\/Image2.jpg\" alt=\"\" width=\"270\" height=\"196\" \/><br \/>\n<\/strong><\/b><\/span>Das, was den Kindern am n\u00e4chsten ist, was ihrer &#8222;allt\u00e4glichen Arbeit&#8220; entspricht, ist das Spiel. Dieser Bereich ist bisher im Zusammenhang mit Linksh\u00e4ndigkeit v\u00f6llig unber\u00fccksichtigt geblieben. Es ist aber eine p\u00e4dagogische Notwendigkeit, das zu ber\u00fccksichtigen, um linksh\u00e4ndige Kinder angemessen zu f\u00f6rdern und ihnen Spa\u00df und Freude an Spielsachen zu erhalten.<\/p>\n<p style=\"font-weight: 400\"><img loading=\"lazy\" decoding=\"async\" class=\"alignleft wp-image-15\" src=\"https:\/\/lefthander-consulting.org\/deutsch\/wp-content\/uploads\/2018\/06\/Image3.jpg\" alt=\"\" width=\"339\" height=\"225\" \/><\/p>\n<ul>\n<li style=\"font-weight: 400\">Wesentliche Kriterien f\u00fcr Spielzeug, das sowohl linksh\u00e4ndigen als auch rechtsh\u00e4ndigen Kindern gerecht wird:<\/li>\n<li style=\"text-align: left\">Eine F\u00f6rderung der linksh\u00e4ndigen Kinder ohne &#8222;Sonderstatus&#8220;.<\/li>\n<li style=\"text-align: left\">Links- und rechtsh\u00e4ndige Kinder k\u00f6nnen mit demselben Spielzeug spielen ohne Benachteiligung des einen oder anderen Kindes.<\/li>\n<li style=\"text-align: left\">Ein gleiches Modell muss nicht doppelt &#8211; je eins f\u00fcr Links- und eins f\u00fcr Rechtsh\u00e4nder &#8211; beschafft werden.<\/li>\n<li style=\"text-align: left\">Es entstehen keine doppelten Herstellungskosten.<\/li>\n<\/ul>\n<p style=\"font-weight: 400\">Die Forderung, dass nicht nur die Hersteller sondern auch die Designer die Bed\u00fcrfnisse von linksh\u00e4ndigen Kindern beim Spielzeug in Zukunft mehr besch\u00e4ftigen, wird in dem Artikel von Susanne von Rotberg\u00a0<a href=\"https:\/\/lefthander-consulting.org\/deutsch\/information\/spielzeug-fuer-linkshaendige-kinder\/\">&#8222;Spielzeug f\u00fcr linksh\u00e4ndige Kinder&#8220;<\/a>\u00a0erstmalig und ausf\u00fchrlich behandelt.<\/p>\n<p>Die j\u00e4hrliche\u00a0<a href=\"https:\/\/lefthander-consulting.org\/deutsch\/information\/kindergartenalter\/spielzeug-fuer-linkshaendige-kinder\/praemierung-von-spielzeug-fuer-linkshaendige-kinder\/\">Pr\u00e4mierung von Spielzeug f\u00fcr linksh\u00e4ndige Kinder<\/a>\u00a0durch fachlich qualifizierte Linksh\u00e4nder- BeraterInnen nach Methodik Dr. Johanna Barbara Sattler am 13. August, dem Internationalen Linksh\u00e4ndertag, soll einen Beitrag dazu leisten.<\/p>\n<p><a href=\"https:\/\/lefthander-consulting.org\/deutsch\/information\/kindergartenalter\/spielzeug-fuer-linkshaendige-kinder\/auszeichnung-2002-2013\/spielzeugbegruendung-2002\/\">Pr\u00e4miertes Spielzeug f\u00fcr linksh\u00e4ndige Kinder im Jahr 2002<\/a><\/p>\n<p><a href=\"https:\/\/lefthander-consulting.org\/deutsch\/information\/kindergartenalter\/spielzeug-fuer-linkshaendige-kinder\/auszeichnung-2002-2013\/spielzeugbegruendung-2003\/\">Pr\u00e4miertes Spielzeug f\u00fcr linksh\u00e4ndige Kinder im Jahr 2003<\/a><\/p>\n<p><a href=\"https:\/\/lefthander-consulting.org\/deutsch\/information\/kindergartenalter\/spielzeug-fuer-linkshaendige-kinder\/auszeichnung-2002-2013\/spielzeugbegruendung-2004\/\">Pr\u00e4miertes Spielzeug f\u00fcr linksh\u00e4ndige Kinder im Jahr 2004<\/a><\/p>\n<p><a href=\"https:\/\/lefthander-consulting.org\/deutsch\/information\/kindergartenalter\/spielzeug-fuer-linkshaendige-kinder\/auszeichnung-2002-2013\/spielzeugbegruendung-2005\">Pr\u00e4miertes Spielzeug f\u00fcr linksh\u00e4ndige Kinder im Jahr 2005<\/a><img loading=\"lazy\" decoding=\"async\" class=\"alignright wp-image-16\" src=\"https:\/\/lefthander-consulting.org\/deutsch\/wp-content\/uploads\/2018\/06\/Image4.jpg\" alt=\"\" width=\"400\" height=\"264\" \/><\/p>\n<p><a href=\"https:\/\/lefthander-consulting.org\/deutsch\/information\/kindergartenalter\/spielzeug-fuer-linkshaendige-kinder\/auszeichnung-2002-2013\/spielzeugbegruendung-2006\/\">Pr\u00e4miertes Spielzeug f\u00fcr linksh\u00e4ndige Kinder im Jahr 2006<\/a><\/p>\n<p><a href=\"https:\/\/lefthander-consulting.org\/deutsch\/information\/kindergartenalter\/spielzeug-fuer-linkshaendige-kinder\/auszeichnung-2002-2013\/spielzeugbegruendung-2007\/\/\">Pr\u00e4miertes Spielzeug f\u00fcr linksh\u00e4ndige Kinder im Jahr 2007<\/a><\/p>\n<p><a href=\"https:\/\/lefthander-consulting.org\/deutsch\/information\/kindergartenalter\/spielzeug-fuer-linkshaendige-kinder\/auszeichnung-2002-2013\/spielzeugbegruendung-2008\/\">Pr\u00e4miertes Spielzeug f\u00fcr linksh\u00e4ndige Kinder im Jahr 2008<\/a><\/p>\n<p><a href=\"https:\/\/lefthander-consulting.org\/deutsch\/information\/kindergartenalter\/spielzeug-fuer-linkshaendige-kinder\/auszeichnung-2002-2013\/spielzeugbegruendung-2009\/\">Pr\u00e4miertes Spielzeug f\u00fcr linksh\u00e4ndige Kinder im Jahr 2009<\/a><\/p>\n<p><a href=\"https:\/\/lefthander-consulting.org\/deutsch\/information\/kindergartenalter\/spielzeug-fuer-linkshaendige-kinder\/auszeichnung-2002-2013\/spielzeugbegrundung-2010\/\">Pr\u00e4miertes Spielzeug f\u00fcr linksh\u00e4ndige Kinder im Jahr 2010<\/a><\/p>\n<p><a href=\"https:\/\/lefthander-consulting.org\/deutsch\/information\/kindergartenalter\/spielzeug-fuer-linkshaendige-kinder\/auszeichnung-2002-2013\/spielzeugbegruendung-2011\">Pr\u00e4miertes Spielzeug f\u00fcr linksh\u00e4ndige Kinder im Jahr 2011<\/a><\/p>\n<p>Pr\u00e4miertes Spielzeug f\u00fcr linksh\u00e4ndige Kinder im Jahr 2012<br \/>\n&#8211;\u00a0\u00a0<a href=\"https:\/\/lefthander-consulting.org\/deutsch\/information\/kindergartenalter\/spielzeug-fuer-linkshaendige-kinder\/auszeichnung-2002-2013\/spielzeugbegruendung-2012\/spielzeugbegruendung-qwirkle\/\">Qwirkle<\/a><br \/>\n&#8211;\u00a0\u00a0<a href=\"https:\/\/lefthander-consulting.org\/deutsch\/information\/kindergartenalter\/spielzeug-fuer-linkshaendige-kinder\/auszeichnung-2002-2013\/spielzeugbegruendung-2012\/spielzeugbegruendung-kaleido-gears\/\">Kaleido Gears<\/a><br \/>\n&#8211;\u00a0\u00a0<a href=\"https:\/\/lefthander-consulting.org\/deutsch\/information\/kindergartenalter\/spielzeug-fuer-linkshaendige-kinder\/auszeichnung-2002-2013\/spielzeugbegruendung-2012\/spielzeugbegruendung-matador-baukasten\/\">Matador<\/a><\/p>\n<p><a href=\"https:\/\/lefthander-consulting.org\/deutsch\/information\/kindergartenalter\/spielzeug-fuer-linkshaendige-kinder\/auszeichnung-2002-2013\/spielzeugpraemierung-2013\/\">Pr\u00e4miertes Spielzeug f\u00fcr linksh\u00e4ndige Kinder im Jahr 2013<\/a><\/p>\n<p>&nbsp;<\/p>\n<p>\u00a9 Copyright: Erste deutsche Beratungs- und Informationsstelle f\u00fcr Linksh\u00e4nder und umgeschulte Linksh\u00e4nder, Sendlinger Str. 17, 80331 M\u00fcnchen, Tel. \/ Fax: +49 \/ 89 \/ 26 86 14<br \/>\n<a href=\"http:\/\/www.lefthander-consulting.org\">http:\/\/www.lefthander-consulting.org,<\/a>\u00a0 e-mail: info@lefthander-consulting.org<\/p>\n","protected":false},"excerpt":{"rendered":"<p>Spielzeug, das sowohl linksh\u00e4ndigen als auch rechtsh\u00e4ndigen Kindern gerecht wird Das, was den Kindern am n\u00e4chsten ist, was ihrer &#8222;allt\u00e4glichen Arbeit&#8220; entspricht, ist das Spiel. Dieser Bereich ist bisher im Zusammenhang mit Linksh\u00e4ndigkeit v\u00f6llig unber\u00fccksichtigt geblieben. Es ist aber eine p\u00e4dagogische Notwendigkeit, das zu ber\u00fccksichtigen, um linksh\u00e4ndige Kinder angemessen zu f\u00f6rdern und ihnen Spa\u00df und Freude an Spielsachen zu erhalten. Wesentliche Kriterien f\u00fcr Spielzeug, das sowohl linksh\u00e4ndigen als auch rechtsh\u00e4ndigen Kindern gerecht wird: Eine F\u00f6rderung der linksh\u00e4ndigen Kinder ohne &#8222;Sonderstatus&#8220;. Links- und rechtsh\u00e4ndige Kinder k\u00f6nnen mit demselben Spielzeug spielen ohne Benachteiligung des einen oder anderen Kindes. Ein gleiches Modell muss nicht doppelt &#8211; je eins f\u00fcr Links- und eins f\u00fcr Rechtsh\u00e4nder &#8211; beschafft werden. Es entstehen keine doppelten Herstellungskosten. Die Forderung, dass nicht nur die Hersteller sondern auch die Designer die Bed\u00fcrfnisse von linksh\u00e4ndigen Kindern beim Spielzeug in Zukunft mehr besch\u00e4ftigen, wird in dem Artikel von Susanne von Rotberg\u00a0&#8222;Spielzeug f\u00fcr linksh\u00e4ndige Kinder&#8220;\u00a0erstmalig und ausf\u00fchrlich &#8230; <a title=\"Spielzeug f\u00fcr linksh\u00e4ndige Kinder\" class=\"read-more\" href=\"https:\/\/lefthander-consulting.org\/deutsch\/information\/kindergartenalter\/spielzeug-fuer-linkshaendige-kinder\/\" aria-label=\"Mehr Informationen \u00fcber Spielzeug f\u00fcr linksh\u00e4ndige Kinder\">Read more<\/a><\/p>\n","protected":false},"author":1,"featured_media":0,"parent":5441,"menu_order":16,"comment_status":"closed","ping_status":"closed","template":"","meta":{"_cbd_carousel_blocks":"[]","footnotes":""},"class_list":["post-59","page","type-page","status-publish"],"_links":{"self":[{"href":"https:\/\/lefthander-consulting.org\/deutsch\/wp-json\/wp\/v2\/pages\/59","targetHints":{"allow":["GET"]}}],"collection":[{"href":"https:\/\/lefthander-consulting.org\/deutsch\/wp-json\/wp\/v2\/pages"}],"about":[{"href":"https:\/\/lefthander-consulting.org\/deutsch\/wp-json\/wp\/v2\/types\/page"}],"author":[{"embeddable":true,"href":"https:\/\/lefthander-consulting.org\/deutsch\/wp-json\/wp\/v2\/users\/1"}],"replies":[{"embeddable":true,"href":"https:\/\/lefthander-consulting.org\/deutsch\/wp-json\/wp\/v2\/comments?post=59"}],"version-history":[{"count":3,"href":"https:\/\/lefthander-consulting.org\/deutsch\/wp-json\/wp\/v2\/pages\/59\/revisions"}],"predecessor-version":[{"id":9154,"href":"https:\/\/lefthander-consulting.org\/deutsch\/wp-json\/wp\/v2\/pages\/59\/revisions\/9154"}],"up":[{"embeddable":true,"href":"https:\/\/lefthander-consulting.org\/deutsch\/wp-json\/wp\/v2\/pages\/5441"}],"wp:attachment":[{"href":"https:\/\/lefthander-consulting.org\/deutsch\/wp-json\/wp\/v2\/media?parent=59"}],"curies":[{"name":"wp","href":"https:\/\/api.w.org\/{rel}","templated":true}]}}