{"id":57,"date":"2018-06-07T15:18:38","date_gmt":"2018-06-07T13:18:38","guid":{"rendered":"https:\/\/lefthander-consulting.org\/?page_id=57"},"modified":"2025-08-15T14:34:42","modified_gmt":"2025-08-15T12:34:42","slug":"lehrplaene-und-linkshaendigkeit","status":"publish","type":"page","link":"https:\/\/lefthander-consulting.org\/deutsch\/information\/schule\/lehrplaene-und-linkshaendigkeit\/","title":{"rendered":"Lehrpl\u00e4ne und Linksh\u00e4ndigkeit"},"content":{"rendered":"<p><b>Aktuelles<\/b><\/p>\n<p>J. B. S a t t l e r, Erl\u00e4uterungen zur Linksh\u00e4ndigkeit. In: Margot Auer, Horst W. Hartwig (Hrsg.), Lehrplankommentar f\u00fcr die bayerische Grundschule. Didaktische Grundlagen und praktische Umsetzung. Band 1: Jahrgangsstufen 1 und 2, Auer Verlag, Donauw\u00f6rth 2001, S. 279-284.<\/p>\n<p>J. B. S a t t l e r, Erl\u00e4uterungen zur Linksh\u00e4ndigkeit. In: Margot Auer, Horst W. Hartwig (Hrsg.), Lehrplankommentar f\u00fcr die bayerische Grundschule. Didaktische Grundlagen und praktische Umsetzung. Band 2: Jahrgangsstufen 3 und 4, Auer Verlag, Donauw\u00f6rth 2003, S. 343-348.<\/p>\n<p><span style=\"font-size: small\">* * *<\/span>In der Neufassung des\u00a0Lehrplans f\u00fcr die Grundschulen in Bayern\u00a0(ver\u00f6ffentlicht am 25.9.2000) wird eindeutig formuliert,\u00a0<b>dass &#8222;Linksh\u00e4nder &#8230; nicht zum bevorzugten Gebrauch ihrer nicht dominanten Hand angehalten werden&#8220; d\u00fcrfen. &#8222;Die angeborene H\u00e4ndigkeit darf nicht umgeschult werden.&#8220;\u00a0<\/b>(S. 78)<\/p>\n<p>Auch f\u00fcr den Handarbeitsunterricht (Werken\/Textiles Gestalten) wird ausdr\u00fccklich betont:\u00a0<b>&#8222;Bei Linksh\u00e4ndigkeit sind den Sch\u00fclern fachlich ad\u00e4quate Hilfestellungen anzubieten.&#8220;<\/b>\u00a0(S. 45)<\/p>\n<p>Erstmals wurde Linksh\u00e4ndern in einem amtlichen Lehrplan eine derartige Ber\u00fccksichtigung zuteil.<\/p>\n<p>Die Erste deutsche Beratungs- und Informationsstelle f\u00fcr Linksh\u00e4nder und umgeschulte Linksh\u00e4nder hat sich durch ihre Leiterin Dr. Johanna Barbara Sattler aktiv bei der Ber\u00fccksichtigung der Bed\u00fcrfnisse von linksh\u00e4ndigen Sch\u00fclern im neuen Lehrplan beteiligt und m\u00f6chte mit der Zusammenstellung \u00fcber\u00a0Linksh\u00e4ndigkeit in der Neufassung des Lehrplans f\u00fcr die Grundschulen in Bayern\u00a0gezielt auf die ma\u00dfgeblichen Stellen aufmerksam machen.<\/p>\n<p><b>Allgemeines<\/b><\/p>\n<p>&#8222;Die Auswahl, Anordnung und Rechtfertigung von Lehrinhalten, die Lehrer zu unterrichten und Sch\u00fcler zu lernen haben, erfolgt, seit es Schulen gibt, \u00fcber verbindliche Lehrpl\u00e4ne. In ihnen wird das Gesamt alles Wiss- und Lernbaren auf Schulwissen und -k\u00f6nnen eingegrenzt, d.h. auf die Lerninhalte, die f\u00fcr Kinder und Jugendliche eines bestimmten Alters und Lern-Leistungsprofils in einer bestimmten Zeit und Gesellschaft aus bestimmten, vordefinierten Gr\u00fcnden f\u00fcr wissenswert und wissensnotwendig gehalten werden.&#8220; (Werner Wiater, Unterrichten und lernen in der Schule. 1997, S. 162)<\/p>\n<p>Diese Lehrpl\u00e4ne werden von ministeriell einberufenen Kommissionen vorbereitet und von den l\u00e4nderhoheitlichen Kultusministerien verabschiedet. Das bedeutet, dass jedes Bundesland in Deutschland eigene Lehrpl\u00e4ne erstellt. Verordnungen \u00fcber Berufsausbildungen sind bei manchen Berufen Bundesangelegenheit, bei anderen l\u00e4nderhoheitlich geregelt.<\/p>\n<p>Auf Linksh\u00e4ndigkeit muss bereits im Lehrplan f\u00fcr die Grundschulen eingegangen werden, um die Lehrer auf wichtige Eigenschaften und Bed\u00fcrfnisse linksh\u00e4ndiger Kinder hinzuweisen. Aber auch in den Lehrpl\u00e4nen f\u00fcr die Mittel- und Oberstufe sollten immer wieder entscheidende Hinweise erfasst werden.<\/p>\n<p>Zur Wahrung der Chancengleichheit, zur guten Integration und zur Unfallverh\u00fctung muss desweiteren gefordert werden, dass Verordnungen \u00fcber die Berufsausbildung in den verschiedenen Bereichen sich unbedingt auch mit<\/p>\n<p>Linksh\u00e4ndigkeit befassen.<\/p>\n<p>Im Laufe der Zeit soll hier eine Zusammenstellung entstehen \u00fcber Aussagen zur Linksh\u00e4ndigkeit in Lehrpl\u00e4nen und in Verordnungen \u00fcber die Berufsausbildung.<\/p>\n<p><b>Linksh\u00e4ndigkeit in den Lehrpl\u00e4nen f\u00fcr die Grundschulen der einzelnen Bundesl\u00e4nder in Deutschland<\/b><\/p>\n<p>Eine Zusammenstellung der Hinweise in den Lehrpl\u00e4nen der einzelnen Bundesl\u00e4nder zur Behandlung linksh\u00e4ndiger Kinder beim Erstschreiben findet sich in dem Buch &#8222;<a href=\"https:\/\/lefthander-consulting.org\/deutsch\/information\/literatur\/der-umgeschulte-linkshaender-oder-der-knoten-im-gehirn\/\">Der umgeschulte Linksh\u00e4nder oder Der Knoten im Gehirn<\/a>&#8222;, S. 359-370. Diese Aufstellung wird momentan aktualisiert.<\/p>\n<p>Zum\u00a0Lehrplan f\u00fcr die Grundschulen in Bayern\u00a0gibt es seit September 2000 eine Neufassung.<\/p>\n","protected":false},"excerpt":{"rendered":"<p>Aktuelles J. B. S a t t l e r, Erl\u00e4uterungen zur Linksh\u00e4ndigkeit. In: Margot Auer, Horst W. Hartwig (Hrsg.), Lehrplankommentar f\u00fcr die bayerische Grundschule. Didaktische Grundlagen und praktische Umsetzung. Band 1: Jahrgangsstufen 1 und 2, Auer Verlag, Donauw\u00f6rth 2001, S. 279-284. J. B. S a t t l e r, Erl\u00e4uterungen zur Linksh\u00e4ndigkeit. In: Margot Auer, Horst W. Hartwig (Hrsg.), Lehrplankommentar f\u00fcr die bayerische Grundschule. Didaktische Grundlagen und praktische Umsetzung. Band 2: Jahrgangsstufen 3 und 4, Auer Verlag, Donauw\u00f6rth 2003, S. 343-348. * * *In der Neufassung des\u00a0Lehrplans f\u00fcr die Grundschulen in Bayern\u00a0(ver\u00f6ffentlicht am 25.9.2000) wird eindeutig formuliert,\u00a0dass &#8222;Linksh\u00e4nder &#8230; nicht zum bevorzugten Gebrauch ihrer nicht dominanten Hand angehalten werden&#8220; d\u00fcrfen. &#8222;Die angeborene H\u00e4ndigkeit darf nicht umgeschult werden.&#8220;\u00a0(S. 78) Auch f\u00fcr den Handarbeitsunterricht (Werken\/Textiles Gestalten) wird ausdr\u00fccklich betont:\u00a0&#8222;Bei Linksh\u00e4ndigkeit sind den Sch\u00fclern fachlich ad\u00e4quate Hilfestellungen anzubieten.&#8220;\u00a0(S. 45) Erstmals wurde Linksh\u00e4ndern in einem amtlichen Lehrplan eine derartige Ber\u00fccksichtigung zuteil. Die Erste deutsche Beratungs- und &#8230; <a title=\"Lehrpl\u00e4ne und Linksh\u00e4ndigkeit\" class=\"read-more\" href=\"https:\/\/lefthander-consulting.org\/deutsch\/information\/schule\/lehrplaene-und-linkshaendigkeit\/\" aria-label=\"Mehr Informationen \u00fcber Lehrpl\u00e4ne und Linksh\u00e4ndigkeit\">Read more<\/a><\/p>\n","protected":false},"author":1,"featured_media":0,"parent":5448,"menu_order":35,"comment_status":"closed","ping_status":"closed","template":"","meta":{"_cbd_carousel_blocks":"[]","footnotes":""},"class_list":["post-57","page","type-page","status-publish"],"_links":{"self":[{"href":"https:\/\/lefthander-consulting.org\/deutsch\/wp-json\/wp\/v2\/pages\/57","targetHints":{"allow":["GET"]}}],"collection":[{"href":"https:\/\/lefthander-consulting.org\/deutsch\/wp-json\/wp\/v2\/pages"}],"about":[{"href":"https:\/\/lefthander-consulting.org\/deutsch\/wp-json\/wp\/v2\/types\/page"}],"author":[{"embeddable":true,"href":"https:\/\/lefthander-consulting.org\/deutsch\/wp-json\/wp\/v2\/users\/1"}],"replies":[{"embeddable":true,"href":"https:\/\/lefthander-consulting.org\/deutsch\/wp-json\/wp\/v2\/comments?post=57"}],"version-history":[{"count":4,"href":"https:\/\/lefthander-consulting.org\/deutsch\/wp-json\/wp\/v2\/pages\/57\/revisions"}],"predecessor-version":[{"id":2661,"href":"https:\/\/lefthander-consulting.org\/deutsch\/wp-json\/wp\/v2\/pages\/57\/revisions\/2661"}],"up":[{"embeddable":true,"href":"https:\/\/lefthander-consulting.org\/deutsch\/wp-json\/wp\/v2\/pages\/5448"}],"wp:attachment":[{"href":"https:\/\/lefthander-consulting.org\/deutsch\/wp-json\/wp\/v2\/media?parent=57"}],"curies":[{"name":"wp","href":"https:\/\/api.w.org\/{rel}","templated":true}]}}