{"id":5644,"date":"2019-06-07T13:17:59","date_gmt":"2019-06-07T11:17:59","guid":{"rendered":"https:\/\/lefthander-consulting.org\/deutsch\/information\/s-mh-konzept\/"},"modified":"2019-06-17T15:39:11","modified_gmt":"2019-06-17T13:39:11","slug":"s-mh-konzept-definition","status":"publish","type":"page","link":"https:\/\/lefthander-consulting.org\/deutsch\/information\/s-mh-konzept-definition\/","title":{"rendered":"S-MH\u00ae-Konzept &#8211; Definition"},"content":{"rendered":"<p><span style=\"font-family: arial, helvetica, sans-serif\">Unter dem S-MH<sup>\u00ae<\/sup>-Konzept ist ein holistischer Ansatz zu verstehen, der qualitativ orientiert ist und seit Mitte der 1980er Jahre durch die intensive Arbeit in der ersten deutschen Beratungs- und Informationsstelle f\u00fcr Linksh\u00e4nder und umgeschulte Linksh\u00e4nder in M\u00fcnchen entwickelt wurde. Das S-MH<sup>\u00ae<\/sup>-Konzept war und ist eng mit verschiedenen Forschungsprojekten verbunden. Den Studien liegt eine sehr gro\u00dfe Anzahl von H\u00e4ndigkeitsabkl\u00e4rungen zu Grunde, die vornehmlich an Probanden aus dem nicht-therapeutischen Bereich durchgef\u00fchrt wurden.<\/span><\/p>\n","protected":false},"excerpt":{"rendered":"<p>Unter dem S-MH\u00ae-Konzept ist ein holistischer Ansatz zu verstehen, der qualitativ orientiert ist und seit Mitte der 1980er Jahre durch die intensive Arbeit in der ersten deutschen Beratungs- und Informationsstelle f\u00fcr Linksh\u00e4nder und umgeschulte Linksh\u00e4nder in M\u00fcnchen entwickelt wurde. Das S-MH\u00ae-Konzept war und ist eng mit verschiedenen Forschungsprojekten verbunden. Den Studien liegt eine sehr gro\u00dfe Anzahl von H\u00e4ndigkeitsabkl\u00e4rungen zu Grunde, die vornehmlich an Probanden aus dem nicht-therapeutischen Bereich durchgef\u00fchrt wurden.<\/p>\n","protected":false},"author":4,"featured_media":0,"parent":811,"menu_order":0,"comment_status":"closed","ping_status":"closed","template":"","meta":{"_cbd_carousel_blocks":"[]","footnotes":""},"class_list":["post-5644","page","type-page","status-publish"],"_links":{"self":[{"href":"https:\/\/lefthander-consulting.org\/deutsch\/wp-json\/wp\/v2\/pages\/5644","targetHints":{"allow":["GET"]}}],"collection":[{"href":"https:\/\/lefthander-consulting.org\/deutsch\/wp-json\/wp\/v2\/pages"}],"about":[{"href":"https:\/\/lefthander-consulting.org\/deutsch\/wp-json\/wp\/v2\/types\/page"}],"author":[{"embeddable":true,"href":"https:\/\/lefthander-consulting.org\/deutsch\/wp-json\/wp\/v2\/users\/4"}],"replies":[{"embeddable":true,"href":"https:\/\/lefthander-consulting.org\/deutsch\/wp-json\/wp\/v2\/comments?post=5644"}],"version-history":[{"count":4,"href":"https:\/\/lefthander-consulting.org\/deutsch\/wp-json\/wp\/v2\/pages\/5644\/revisions"}],"predecessor-version":[{"id":5648,"href":"https:\/\/lefthander-consulting.org\/deutsch\/wp-json\/wp\/v2\/pages\/5644\/revisions\/5648"}],"up":[{"embeddable":true,"href":"https:\/\/lefthander-consulting.org\/deutsch\/wp-json\/wp\/v2\/pages\/811"}],"wp:attachment":[{"href":"https:\/\/lefthander-consulting.org\/deutsch\/wp-json\/wp\/v2\/media?parent=5644"}],"curies":[{"name":"wp","href":"https:\/\/api.w.org\/{rel}","templated":true}]}}