{"id":55,"date":"2018-06-07T15:17:47","date_gmt":"2018-06-07T13:17:47","guid":{"rendered":"https:\/\/lefthander-consulting.org\/?page_id=55"},"modified":"2025-08-15T14:34:42","modified_gmt":"2025-08-15T12:34:42","slug":"spiegelschrift","status":"publish","type":"page","link":"https:\/\/lefthander-consulting.org\/deutsch\/beratung\/rueckschulung\/spiegelschrift\/","title":{"rendered":"Spiegelschrift"},"content":{"rendered":"<p style=\"text-align: left\"><span style=\"font-size: 14pt\"><span style=\"font-family: Arial\">Spiegelschrift &#8211;\u00a0<\/span><span style=\"font-family: Arial,Helvetica\">das &#8222;Leonardo-Ph\u00e4nomen&#8220;<\/span><\/span><\/p>\n<p>Ein Ph\u00e4nomen, das allen mit dem Thema der Linksh\u00e4ndigkeit vertrauten Wissenschaftlern und ganz besonders Praktikern bekannt ist, betrifft die Spiegelschrift.<\/p>\n<p>Mit Spiegelschrift ist gemeint, dass mit dem Schreiben vom rechten Blattrand aus begonnen wird und nicht nur die Buchstaben, sondern auch ganze W\u00f6rter seitenverkehrt, linksl\u00e4ufig aufgeschrieben werden.<\/p>\n<p>Viele umgeschulte Linksh\u00e4nder k\u00f6nnen, meist ohne Schwierigkeiten, mit der dominanten linken Hand Spiegelschrift schreiben. Das kommt spontan, problemlos und ohne nachzudenken. H\u00e4ufig f\u00fchlen sich die Menschen dabei auch sehr wohl. Schwieriger ist f\u00fcr sie allerdings das Lesen von Spiegelschrift, selbst ihrer eigenen.<\/p>\n<p>Viele schaffen es auch ohne Anstrengung, von der Mitte der Zeile beginnend, gleichzeitig mit der rechten Hand nach rechts normale Schrift und mit der linken nach links gespiegelt zu schreiben.<\/p>\n<p>Der ber\u00fchmteste Linksh\u00e4nder, der all seine wissenschaftlichen, technischen und anatomischen Studien in Spiegelschrift geschrieben hat, ist der K\u00fcnstler der Hochrenaissance Leonardo da Vinci.<\/p>\n<p>Es ist anzunehmen, dass er ein umgeschulter Linksh\u00e4nder war und dass Spiegelschrift f\u00fcr ihn weniger einen Versuch, seine Schriften zu verschleiern und geheimzuhalten, darstellte, wie es heute noch manchmal interpretiert wird, sondern als ein spontaner Ausdruck seines Gedankenflusses zu verstehen ist. Inquisition und pr\u00fcde Vertreter der Kirche, die sich z.B. f\u00fcr seine anatomischen Studien interessieren konnten, w\u00e4ren schnell hinter das Geheimnis der Schrift gekommen und h\u00e4tten es mittels eines Spiegels gel\u00fcftet. Genauso leicht kann man die Schrift lesen, wenn man das Blatt umgekehrt gegen das Licht h\u00e4lt.<\/p>\n<p><img loading=\"lazy\" decoding=\"async\" class=\"size-full wp-image-142 alignright\" src=\"https:\/\/lefthander-consulting.org\/deutsch\/wp-content\/uploads\/2018\/06\/Leonardos_Notizen_kl.gif\" alt=\"\" width=\"283\" height=\"283\" \/>Anatomische Zeichnung Leonardo da Vincis mit Notizen in Spiegelschrift (K\u00f6nigliche Bibliothek auf Schloss Windsor). Abbildung aus Sattler, Der umgeschulte Linksh\u00e4nder oder Der Knoten im Gehirn, S. 230.<br \/>\nDie verdutzte Reaktion auf dieses Ph\u00e4nomen schildert auch der zeitgen\u00f6ssische K\u00fcnstler Bernhard Jott Keller in seinem\u00a0<b>Brief vom 25.2.1987\u00a0<\/b>an die Autorin:<\/p>\n<p>&#8222;Liebe Johanna Barbara Sattler,<\/p>\n<p>es gibt nahe zu nichts, was es nicht gibt. Durch Zufall stie\u00df ich auf Ihr &#8222;Portrait&#8220; vom 23.2.98 in der S\u00fcddeutschen Zeitung. Aber es war wahrscheinlich kein Zufall.<\/p>\n<p>Ich geh\u00f6re zu den linksh\u00e4ndigen Menschen, denen die Volksschule noch das rechtsh\u00e4ndige Schreiben eingebleut hat. Im Laufe meiner bildnerischen Arbeit entdeckte ich eines Tages, dass ich mit links v\u00f6llig locker Spiegelschrift schreiben konnte, ohne das jemals vorher ge\u00fcbt zu haben. Seither steht, wenn etwas auf meinen Bildern, die zum Gl\u00fcck schon immer linksh\u00e4ndigen gemalt wurden, zu lesen ist, alles in Spiegelschrift, einschlie\u00dflich der Signatur.<\/p>\n<p>Das Ph\u00e4nomen, etwas zu k\u00f6nnen, ohne es jemals trainiert zu haben, bleibt mir bis heute verborgen. Kennen Sie vielleicht den Schl\u00fcssel dazu?&#8220;<\/p>\n<p>In der Fachliteratur gibt es relativ wenig Hinweise auf das Ph\u00e4nomen der Spiegelschrift und noch weniger schl\u00fcssige und einleuchtende Erkl\u00e4rungsversuche. Vieles beruht auf Hypothesen \u00fcber die Lokalisation des Sprachzentrums<sup>I<\/sup>\u00a0und \u00fcber eine Spiegelung von Steuerbefehlen in die nicht dominante Hemisph\u00e4re bei Umschulung der H\u00e4ndigkeit<sup>II<\/sup>.\u00a0Ohne hier eine Wertung aussprechen zu wollen, soll aber darauf hingewiesen werden, dass bei vielen Prozessen unsere Wissenschaft z.T. noch recht d\u00fcrftige M\u00f6glichkeiten hat, sie angemessen zu erkl\u00e4ren. Es ist wohl wichtiger, dass dieses Ph\u00e4nomen regelm\u00e4\u00dfig auftritt und dass Spiegelschrift ein besonderes Merkmal vieler Menschen mit umgeschulter H\u00e4ndigkeit zu sein scheint.<\/p>\n<p><img loading=\"lazy\" decoding=\"async\" class=\"size-full wp-image-146 alignleft\" src=\"https:\/\/lefthander-consulting.org\/deutsch\/wp-content\/uploads\/2018\/06\/Wenig_Hoffnung_kl.gif\" alt=\"\" width=\"283\" height=\"224\" \/><i>Bernhard Jott Keller, &#8222;Wenig Hoffnung auf \u00c4nderung&#8220;, 1981. Mit der linken Hand gemalt und mit der rechten Hand den Text eingetragen.<\/i><\/p>\n<p>&nbsp;<\/p>\n<p>&nbsp;<\/p>\n<p>&nbsp;<\/p>\n<p>&nbsp;<\/p>\n<p><img loading=\"lazy\" decoding=\"async\" class=\"wp-image-141 alignleft\" src=\"https:\/\/lefthander-consulting.org\/deutsch\/wp-content\/uploads\/2018\/06\/Erleichterung_klein.gif\" alt=\"\" width=\"256\" height=\"261\" \/><i>Bernhard Jott Keller, &#8222;Erleichterung&#8220;, 1982. Im Jahr 1982 begann Keller auch mit links Texte zu schreiben und entdeckte \u00fcberrascht, dass die Worte spontan in Spiegelschrift erschienen. Seitdem integriert er diese Schriftform als Teil des k\u00fcnstlerischen Ausdrucks in seine Bilder<sup>III<\/sup>.<\/i><\/p>\n<p>Es gibt einfach verschiedene Ph\u00e4nomene im menschlichen Leben, die unsere Wissenschaft noch nicht ausreichend erkl\u00e4ren kann, aber mit deren Funktionsweise wir arbeiten m\u00fcssen und aus denen wir Nutzen ziehen sollen.<\/p>\n<p>Und so stellt der Arzt und Neurologe Manfred P. Heuser in diesem Zusammenhang fest: &#8222;Da die F\u00e4higkeit zum spiegelschriftlichen Mitschreiben auf der Gegenseite nicht trainiert werden muss, wird offenbar die hierf\u00fcr zust\u00e4ndige Hemisph\u00e4re automatisch, allerdings spiegelbildlich und mit entsprechender Latenzverz\u00f6gerung, informiert&#8220;, und er f\u00fcgt hinzu: &#8222;Als anatomische Variante gibt es das Ph\u00e4nomen der nicht unterdr\u00fcckbaren &#8222;simultanen&#8220; kontralateralen spiegelbildlichen Mitbewegungen (Synkinesien) der H\u00e4nde und F\u00fc\u00dfe&#8220;, und er weist darauf hin, dass erstaunlicherweise &#8222;r\u00e4umliche Trauminhalte gelegentlich spiegelbildliche Geographien aufweisen k\u00f6nnen&#8220;<sup>IV<\/sup>.<\/p>\n<p>In praktischen Untersuchen w\u00e4re zu hinterfragen, ob gerade die umgeschulten Linksh\u00e4nder \u00fcberproportional h\u00e4ufig und spontan Spiegelschrift schreiben k\u00f6nnen oder ob auch nicht-umgeschulte Linksh\u00e4nder ebenso spontan f\u00e4hig sind, Spiegelschrift zu schreiben. Diesbez\u00fcgliche Untersuchungen und Befragungen von umgeschulten und nicht umgeschulten Linksh\u00e4ndern in dem T\u00e4tigkeitsbereich der Beratungsstelle f\u00fcr Linksh\u00e4nder legen allerdings nahe, dass das Ph\u00e4nomen der Spiegelschrift bevorzugt bei umgeschulten Linksh\u00e4nder auftritt. Allerdings hat sich auch gezeigt, dass es keine einfachen Erkl\u00e4rungen gibt und wir die Zusammenh\u00e4nge noch nicht wirklich erkl\u00e4ren k\u00f6nnen. Auch bei Rechtsh\u00e4ndern kann diese F\u00e4higkeit manchmal auftreten. Umgekehrt sind auch nicht alle umgeschulte Linksh\u00e4nder f\u00e4hig, Spiegelschrift zu schreiben. Interessant ist auch der Fakt, dass manche umgeschulte Linksh\u00e4nder nach der R\u00fcckschulung &#8211; zum Schreiben mit der linken Hand &#8211; diese F\u00e4higkeit wieder verlieren.<\/p>\n<table border=\"0\" width=\"594\" cellspacing=\"0\" cellpadding=\"4\" bgcolor=\"#C0C0C0\">\n<tbody>\n<tr>\n<td valign=\"TOP\" bgcolor=\"#CCCCCC\"><b>Fallbeispiel:\u00a0<\/b>Matthias N.Matthias hatte sich, als er eingeschult wurde, an den anderen Kindern orientiert und sich selbst auf die rechte Hand umgestellt. Er bekam bald die verschiedenen Schulprobleme, die seine Eltern zwangen, ihn neunmal die Schule zu wechseln zu lassen. Er verlie\u00df schlie\u00dflich die Schule und machte eine Schuhmacherlehre. Doch die Arbeit f\u00fcllte ihn nicht wirklich aus, und nachdem er die entsprechenden Aufnahmeerfordernisse \u00fcber den zweiten Bildungsweg nachgeholt hatte, begann er im Alter von etwa drei\u00dfig Jahren, Musiktherapie an der Fachhochschule zu studieren.<\/p>\n<p>Da er meistens beim Rhythmus &#8222;daneben war&#8220;, ganz besonders, wenn er Schlagzeug spielte, machte ihn einmal sein Lehrer darauf aufmerksam, dass jeder Mensch eigentlich eine stabile F\u00fchrungsseite habe und dass dies bei ihm offensichtlich nicht die rechte Seite sei. Matthias wechselte nach links, und innerhalb k\u00fcrzester Zeit gelang es ihm, beim Schlagzeug den Rhythmus zu halten.<\/p>\n<p>In dieser Zeit entschloss er sich auch, die Gitarre umgekehrt zu spielen und sogar wieder links zu schreiben. Zu seiner gr\u00f6\u00dften \u00dcberraschung schrieb er intuitiv in Spiegelschrift und es ging fl\u00fcssig und leicht. Daher begann er seine Tagebuchaufzeichnungen und pers\u00f6nlichen Notizen in Spiegelschrift anzufertigen, und bald schrieb er auch so in Vorlesungen mit. Als Nebeneffekt stellte Matthias schnell fest, dass er derartig angefertigte Vorlesungsmitschriften weit besser im Ged\u00e4chtnis behalten konnte und sie sp\u00e4ter nur kurz durchzuschauen brauchte, um sich an den Inhalt richtig zu erinnern. Er empfand die Spiegelschrift subjektiv &#8222;als weit organischer.&#8220;<\/p>\n<p>Seit den zwei Jahren, in denen er dies praktiziert, f\u00fchlt er sich unvergleichlich wohler gegen\u00fcber fr\u00fcher und hat keine R\u00fcckf\u00e4lle mehr in seinem Studium erlitten. Im Gegenteil, seit dieser Zeit kann er sich Texte weit besser merken, er ist &#8222;f\u00e4higer, den Lernstoff gut zu strukturieren, &#8222;bekommt so viel mehr mit&#8220; als je zuvor, und seine Ged\u00e4chtnisleistungen sind gestiegen.<\/p>\n<p>Seit er entdeckt hat, dass er die Funktion der Spiegelschrift auf eine gewissen Art und Weise nachvollzieht, wenn er ein Buch &#8222;auf dem Kopf&#8220; liest, praktiziert er das inzwischen auch regelm\u00e4\u00dfig und oft zum gro\u00dfen Erstaunen seiner Kommilitonen.<\/p>\n<p><b>Fazit<\/b>: Matthias hat sich durch die Erleichterungen, die er mittels Spiegelschrift erfuhr, f\u00fcr sich allein einen Weg gefunden, die prim\u00e4ren Umschulungsfolgen deutlich zu reduzieren, und es gelang ihm, sein Studium ohne nennenswerte St\u00f6rungen fortzusetzen, zumindest innerhalb dieser zwei Jahren.<\/p>\n<p>Bei der so stark empfundenen Erleichterung durch die R\u00fcckschulung der H\u00e4ndigkeit hat sich sicher auf der einen Seite das beidh\u00e4ndige Spielen von Instrumenten als positiver Faktor ausgewirkt. Auf der anderen Seite hat aber seine eher chaotische Schullaufbahn, mit den entsprechenden Ergebnissen, eine wichtige Funktion ausge\u00fcbt. Es waren hier wahrscheinlich keine verfestigten Abl\u00e4ufe wirksam, die durch eine R\u00fcckschulung der H\u00e4ndigkeit und Andersbelastung der Gehirnfunktionen zu neuen St\u00f6rungen und Irritationen h\u00e4tten f\u00fchren k\u00f6nnen.<\/p>\n<p>Zu diesen seltenen, derartig positiven Ergebnissen bei einer R\u00fcckschulung der H\u00e4ndigkeit f\u00fchrte wahrscheinlich eine Art Multiplizierungseffekt von beidh\u00e4ndigem Musizieren ohne zu sehr verfestigte Lernstrukturen, die sonst auf Eselsbr\u00fccken und anderen mnemotechnischen Hilfsmitteln aufgebaut werden.<\/p>\n<p>Interessant ist, dass Matthias betont, dass er seine &#8222;gespiegelte Schrift&#8220; auch besser lesen, bzw. den Inhalt besser strukturiert im Ged\u00e4chtnis behalten kann. Das ist bei den wenigsten der &#8222;spiegelschriftf\u00e4higen Menschen&#8220; der Fall, die meisten haben eher Probleme, das von der linken Hand spontan und fl\u00fcssig Geschriebene dann auch lesen zu k\u00f6nnen.<\/td>\n<\/tr>\n<\/tbody>\n<\/table>\n<p><span style=\"font-family: Arial\">R\u00fcckschulung durch Spiegelschrift?<\/span><\/p>\n<p>Sicher ist nicht f\u00fcr jeden Betroffenen eine R\u00fcckschulung durch das Schreiben in Spiegelschrift verwirklichbar und akzeptabel. Aber auf der anderen Seite ist diese vielleicht etwas exzentrische und von anderen auch oft als exaltiert wahrgenommene Art zu schreiben doch bei vielen Betroffenen eine L\u00f6sungsm\u00f6glichkeit, die \u00fcberdacht werden sollte.<\/p>\n<p>F\u00fcr Menschen, die sehr wenig von Berufs wegen handschriftlich schreiben m\u00fcssen, ist die Anwendung dieser Technik m\u00f6glicherweise am unproblematischsten und sie k\u00f6nnen durch diese Methode, wie Leonardo da Vinci, ihrer Neigung und ihren F\u00e4higkeiten besser nachgehen. Und den R\u00fcckschulanforderungen entsprechen.<\/p>\n<p>Da jedoch die meisten Betroffenen ihre Spiegelschrift nicht automatisch lesen k\u00f6nnen und manches auch f\u00fcr andere entzifferbar sein sollte, kann man den Kunstgriff benutzen, dass man unter das Schreibblatt ein Blaupapier mit der abdruckenden Seite nach oben legt und sich so auf der R\u00fcckseite der Text in normaler Schrift abdruckt. Freunde und Bekannte, die solche Briefe bekommen, werden sich mit der Zeit schon daran gew\u00f6hnen. Ein normaler Kugelschreiber dr\u00fcckt ausreichend durch und dies kann sogar &#8222;Zeichen eines pers\u00f6nlichen Stils&#8220; werden. Auch die Verwendung eines Butterbrotpapiers, auf das mit Tinte geschrieben wird, erm\u00f6glicht diesen Effekt des Lesens auf der R\u00fcckseite.<\/p>\n<p>Menschen, die mehr handschriftlich schreiben m\u00fcssen, z.B. auch im Beruf, werden sich die Anwendung dieses Kunstgriffes nat\u00fcrlich sehr gut \u00fcberlegen m\u00fcssen, aber auch hier ist dies in vielen F\u00e4llen eine praktikable M\u00f6glichkeit. Auch der gr\u00f6\u00dfere Verbrauch an Papier (weil nur einseitig beschrieben) und die Kosten f\u00fcr das regelm\u00e4\u00dfig zu wechselnde Blaupapier sind sicher zu verschmerzen, wenn damit eine tats\u00e4chliche Erleichterung im Gedankenfluss und eine Verbesserung der sonst oft qu\u00e4lenden Ged\u00e4chtnis- und Konzentrationsschwierigkeiten einhergehen sollte.<\/p>\n<p>Etwas problematisch ist es nat\u00fcrlich mit Eintragungen in Terminkalendern, weil diese immer auch r\u00fcckseitig bedruckt sind, so dass man kein Blaupapier dazwischen legen kann.<\/p>\n<table border=\"0\" width=\"595\" cellspacing=\"0\" cellpadding=\"4\">\n<tbody>\n<tr>\n<td valign=\"TOP\" bgcolor=\"#CCCCCC\"><b>Fallbeispiel:\u00a0<\/b>Herr M.Bei Herrn M. wurde im Sommer 1994 eine Totaloperation des linken Schl\u00e4fenlappens vorgenommen. Diese war notwendig geworden, da er wegen eines Tumors bereits Wortfindungsprobleme hatte. Bei dem Sprachtest der linken Gehirnhemisph\u00e4re vor der Operation blieb die Sprache etwa zwanzig Sekunden weg und kam dann ziemlich gut wieder, und der Professor in der Klinik war irritiert und fragte, ob er wirklich Linksh\u00e4nder sei (hier hat sich offensichtlich die noch heute oft angenommene Hypothese \u00fcber die kausale Verbindung der H\u00e4ndigkeit und der Lokalisation des Sprachzentrums ausgewirkt).<\/p>\n<p>Herr M. konnte auch nach der Operation gleich wieder sprechen und hatte einzig leichte Probleme mit sehr schwierigen W\u00f6rtern und mit dem Kurzzeitged\u00e4chtnis.<\/p>\n<p>Herr M. wurde schon als Kind, noch vor Schuleintritt, von seiner Mutter auf die rechte Hand umgeschult, wobei er alles au\u00dfer Schreiben weiter links machte.<\/p>\n<p>Seit dem Alter von zehn Jahren hat er Geige gespielt und so erfolgreich und mit Freude, dass er dies im Orchester bis ins Erwachsenenalter, genauer bis kurz vor seiner Operation, zu tun pflegte, dann ging es nicht mehr. Er hat einen technischen Beruf erlernt und als hochqualifizierter Fachmann im Patentwesen gearbeitet.<\/p>\n<p>Interessanterweise sind seine beiden Kinder auch linksh\u00e4ndig veranlagt und wegen Fragen zu ihrer richtigen Schreibhaltung besuchte Herr M. die Beratungsstelle f\u00fcr Linksh\u00e4nder. Dabei erz\u00e4hlte er, dass er jetzt auch links schreiben m\u00fcsse, da die Motorik der rechten Hand nicht gut genug sei und er sagte, es ginge ganz gut, aber noch nicht so fl\u00fcssig, wie er sich das w\u00fcnschte. Als er aufgefordert wurde, Spiegelschrift zu schreiben, wobei man ein Blaupapier unter das Blatt mit der abdruckenden Seite nach oben legte, schrieb er fl\u00fcssig und leicht mit der linken Hand. Er war \u00e4u\u00dferst erstaunt, wie fl\u00fcssig seine Schrift auf der durchgedr\u00fcckten R\u00fcckseite war. Dann versuchte er, darunter einen \u00e4hnlichen Satz nochmal mit links zu schreiben, diesmal aber in normaler Schriftrichtung, also rechtsl\u00e4ufig. Es ist ph\u00e4nomenal, wie weit unsicherer seine Buchstaben dabei ausfielen und wie schwungvoll die linksl\u00e4ufige Spiegelschrift im Gegensatz dazu war.<\/td>\n<\/tr>\n<\/tbody>\n<\/table>\n<p><img loading=\"lazy\" decoding=\"async\" class=\"alignnone size-medium wp-image-143\" src=\"https:\/\/lefthander-consulting.org\/deutsch\/wp-content\/uploads\/2018\/06\/Spiegelschrift_kl-300x107.gif\" alt=\"\" width=\"300\" height=\"107\" srcset=\"https:\/\/lefthander-consulting.org\/deutsch\/wp-content\/uploads\/2018\/06\/Spiegelschrift_kl-300x107.gif 300w, https:\/\/lefthander-consulting.org\/deutsch\/wp-content\/uploads\/2018\/06\/Spiegelschrift_kl-150x54.gif 150w, https:\/\/lefthander-consulting.org\/deutsch\/wp-content\/uploads\/2018\/06\/Spiegelschrift_kl-65x23.gif 65w, https:\/\/lefthander-consulting.org\/deutsch\/wp-content\/uploads\/2018\/06\/Spiegelschrift_kl-220x79.gif 220w, https:\/\/lefthander-consulting.org\/deutsch\/wp-content\/uploads\/2018\/06\/Spiegelschrift_kl-250x89.gif 250w, https:\/\/lefthander-consulting.org\/deutsch\/wp-content\/uploads\/2018\/06\/Spiegelschrift_kl-86x31.gif 86w\" sizes=\"auto, (max-width: 300px) 100vw, 300px\" \/><i>Mit der linken Hand spontan in Spiegelschrift linksl\u00e4ufig geschrieben<\/i><\/p>\n<p><img loading=\"lazy\" decoding=\"async\" class=\"alignnone size-medium wp-image-144\" src=\"https:\/\/lefthander-consulting.org\/deutsch\/wp-content\/uploads\/2018\/06\/Spiegelschrift2-300x90.jpg\" alt=\"\" width=\"300\" height=\"90\" srcset=\"https:\/\/lefthander-consulting.org\/deutsch\/wp-content\/uploads\/2018\/06\/Spiegelschrift2-300x90.jpg 300w, https:\/\/lefthander-consulting.org\/deutsch\/wp-content\/uploads\/2018\/06\/Spiegelschrift2-150x45.jpg 150w, https:\/\/lefthander-consulting.org\/deutsch\/wp-content\/uploads\/2018\/06\/Spiegelschrift2-768x231.jpg 768w, https:\/\/lefthander-consulting.org\/deutsch\/wp-content\/uploads\/2018\/06\/Spiegelschrift2-1024x308.jpg 1024w, https:\/\/lefthander-consulting.org\/deutsch\/wp-content\/uploads\/2018\/06\/Spiegelschrift2-65x20.jpg 65w, https:\/\/lefthander-consulting.org\/deutsch\/wp-content\/uploads\/2018\/06\/Spiegelschrift2-220x66.jpg 220w, https:\/\/lefthander-consulting.org\/deutsch\/wp-content\/uploads\/2018\/06\/Spiegelschrift2-250x75.jpg 250w, https:\/\/lefthander-consulting.org\/deutsch\/wp-content\/uploads\/2018\/06\/Spiegelschrift2-510x153.jpg 510w, https:\/\/lefthander-consulting.org\/deutsch\/wp-content\/uploads\/2018\/06\/Spiegelschrift2-696x209.jpg 696w, https:\/\/lefthander-consulting.org\/deutsch\/wp-content\/uploads\/2018\/06\/Spiegelschrift2-807x242.jpg 807w, https:\/\/lefthander-consulting.org\/deutsch\/wp-content\/uploads\/2018\/06\/Spiegelschrift2-1040x312.jpg 1040w, https:\/\/lefthander-consulting.org\/deutsch\/wp-content\/uploads\/2018\/06\/Spiegelschrift2-86x26.jpg 86w, https:\/\/lefthander-consulting.org\/deutsch\/wp-content\/uploads\/2018\/06\/Spiegelschrift2.jpg 1501w\" sizes=\"auto, (max-width: 300px) 100vw, 300px\" \/><i>Mittels eines umgekehrten Blaupapiers entstandener Abdruck des in Spiegelschrift geschriebenen Satzes auf der R\u00fcckseite des Blattes.<\/i><\/p>\n<p><img loading=\"lazy\" decoding=\"async\" class=\"alignnone size-medium wp-image-145\" src=\"https:\/\/lefthander-consulting.org\/deutsch\/wp-content\/uploads\/2018\/06\/Spiegelschrift3-300x73.jpg\" alt=\"\" width=\"300\" height=\"73\" srcset=\"https:\/\/lefthander-consulting.org\/deutsch\/wp-content\/uploads\/2018\/06\/Spiegelschrift3-300x73.jpg 300w, https:\/\/lefthander-consulting.org\/deutsch\/wp-content\/uploads\/2018\/06\/Spiegelschrift3-150x36.jpg 150w, https:\/\/lefthander-consulting.org\/deutsch\/wp-content\/uploads\/2018\/06\/Spiegelschrift3-768x186.jpg 768w, https:\/\/lefthander-consulting.org\/deutsch\/wp-content\/uploads\/2018\/06\/Spiegelschrift3-1024x248.jpg 1024w, https:\/\/lefthander-consulting.org\/deutsch\/wp-content\/uploads\/2018\/06\/Spiegelschrift3-65x16.jpg 65w, https:\/\/lefthander-consulting.org\/deutsch\/wp-content\/uploads\/2018\/06\/Spiegelschrift3-220x53.jpg 220w, https:\/\/lefthander-consulting.org\/deutsch\/wp-content\/uploads\/2018\/06\/Spiegelschrift3-250x60.jpg 250w, https:\/\/lefthander-consulting.org\/deutsch\/wp-content\/uploads\/2018\/06\/Spiegelschrift3-510x123.jpg 510w, https:\/\/lefthander-consulting.org\/deutsch\/wp-content\/uploads\/2018\/06\/Spiegelschrift3-696x168.jpg 696w, https:\/\/lefthander-consulting.org\/deutsch\/wp-content\/uploads\/2018\/06\/Spiegelschrift3-807x195.jpg 807w, https:\/\/lefthander-consulting.org\/deutsch\/wp-content\/uploads\/2018\/06\/Spiegelschrift3-1040x252.jpg 1040w, https:\/\/lefthander-consulting.org\/deutsch\/wp-content\/uploads\/2018\/06\/Spiegelschrift3-86x21.jpg 86w, https:\/\/lefthander-consulting.org\/deutsch\/wp-content\/uploads\/2018\/06\/Spiegelschrift3.jpg 1451w\" sizes=\"auto, (max-width: 300px) 100vw, 300px\" \/><i>Normale, rechtsl\u00e4ufige Schrift von Herrn M. mit der linken Hand.<\/i><\/p>\n<p>&nbsp;<\/p>\n<p>&nbsp;<\/p>\n<p>____________________________________________________________<\/p>\n<p><b>Fu\u00dfnoten:<\/b><br \/>\n0 Aus: Sattler, Johanna Barbara, <a href=\"https:\/\/lefthander-consulting.org\/deutsch\/information\/literatur\/der-umgeschulte-linkshaender-oder-der-knoten-im-gehirn\/\">Der umgeschulte Linksh\u00e4nder oder Der Knoten im Gehirn<\/a>, Auer Verlag, Donauw\u00f6rth, 1995, 2019 (13), S. 229-238.<br \/>\nI\u00a0 Sch\u00e4fer, Ernst L., Das Hand-Buch. Die Linke und die Rechte. Geschichte und Alltag unserer zwei Seiten. Droste Verlag, D\u00fcsseldorf, 1988, S. 139f.<br \/>\nII Smetacek, Victor, &#8222;Mirror-script and left-handedness.&#8220; In: Nature, Bd. 355, 9.1.1992. S.118-119.<br \/>\nIII Beide Zeichnungen sind dem Katalog &#8222;Moment mal&#8220; entnommen. Die Bilder stammen von Bernhard J. Keller und die Texte von Felicitas Frischmuth. Kunstverein Coburg e.V., Dussa Verlag, S. 19 und 41, Format 59,4 x 42 cm, Mischtechnik.<br \/>\nIV Heuser, Manfred P., &#8222;Das R\u00e4tsel des Neckerschen W\u00fcrfels.&#8220; In: M\u00fcnchner Medizinische Wochenschrift, 125\u00a0 (1993), S.47\/13-48\/814.<\/p>\n<p>\u00a9 Copyright: Erste deutsche Beratungs- und Informationsstelle f\u00fcr Linksh\u00e4nder und umgeschulte Linksh\u00e4nder, Sendlinger Str. 17, 80331 M\u00fcnchen, Tel. \/ Fax: +49 \/ 89 \/ 26 86 14<br \/>\n<a href=\"https:\/\/lefthander-consulting.org\">https:\/\/lefthander-consulting.org,<\/a> e-mail: <a href=\"mailto:info@linkshaender-beratung.de\">info@lefthander-consulting.org<\/a><\/p>\n<p>&nbsp;<\/p>\n","protected":false},"excerpt":{"rendered":"<p>Spiegelschrift &#8211;\u00a0das &#8222;Leonardo-Ph\u00e4nomen&#8220; Ein Ph\u00e4nomen, das allen mit dem Thema der Linksh\u00e4ndigkeit vertrauten Wissenschaftlern und ganz besonders Praktikern bekannt ist, betrifft die Spiegelschrift. Mit Spiegelschrift ist gemeint, dass mit dem Schreiben vom rechten Blattrand aus begonnen wird und nicht nur die Buchstaben, sondern auch ganze W\u00f6rter seitenverkehrt, linksl\u00e4ufig aufgeschrieben werden. Viele umgeschulte Linksh\u00e4nder k\u00f6nnen, meist ohne Schwierigkeiten, mit der dominanten linken Hand Spiegelschrift schreiben. Das kommt spontan, problemlos und ohne nachzudenken. H\u00e4ufig f\u00fchlen sich die Menschen dabei auch sehr wohl. Schwieriger ist f\u00fcr sie allerdings das Lesen von Spiegelschrift, selbst ihrer eigenen. Viele schaffen es auch ohne Anstrengung, von der Mitte der Zeile beginnend, gleichzeitig mit der rechten Hand nach rechts normale Schrift und mit der linken nach links gespiegelt zu schreiben. Der ber\u00fchmteste Linksh\u00e4nder, der all seine wissenschaftlichen, technischen und anatomischen Studien in Spiegelschrift geschrieben hat, ist der K\u00fcnstler der Hochrenaissance Leonardo da Vinci. Es ist anzunehmen, dass er ein umgeschulter Linksh\u00e4nder war &#8230; <a title=\"Spiegelschrift\" class=\"read-more\" href=\"https:\/\/lefthander-consulting.org\/deutsch\/beratung\/rueckschulung\/spiegelschrift\/\" aria-label=\"Mehr Informationen \u00fcber Spiegelschrift\">Read more<\/a><\/p>\n","protected":false},"author":1,"featured_media":0,"parent":53,"menu_order":8,"comment_status":"closed","ping_status":"closed","template":"","meta":{"_cbd_carousel_blocks":"[]","footnotes":""},"class_list":["post-55","page","type-page","status-publish"],"_links":{"self":[{"href":"https:\/\/lefthander-consulting.org\/deutsch\/wp-json\/wp\/v2\/pages\/55","targetHints":{"allow":["GET"]}}],"collection":[{"href":"https:\/\/lefthander-consulting.org\/deutsch\/wp-json\/wp\/v2\/pages"}],"about":[{"href":"https:\/\/lefthander-consulting.org\/deutsch\/wp-json\/wp\/v2\/types\/page"}],"author":[{"embeddable":true,"href":"https:\/\/lefthander-consulting.org\/deutsch\/wp-json\/wp\/v2\/users\/1"}],"replies":[{"embeddable":true,"href":"https:\/\/lefthander-consulting.org\/deutsch\/wp-json\/wp\/v2\/comments?post=55"}],"version-history":[{"count":3,"href":"https:\/\/lefthander-consulting.org\/deutsch\/wp-json\/wp\/v2\/pages\/55\/revisions"}],"predecessor-version":[{"id":8472,"href":"https:\/\/lefthander-consulting.org\/deutsch\/wp-json\/wp\/v2\/pages\/55\/revisions\/8472"}],"up":[{"embeddable":true,"href":"https:\/\/lefthander-consulting.org\/deutsch\/wp-json\/wp\/v2\/pages\/53"}],"wp:attachment":[{"href":"https:\/\/lefthander-consulting.org\/deutsch\/wp-json\/wp\/v2\/media?parent=55"}],"curies":[{"name":"wp","href":"https:\/\/api.w.org\/{rel}","templated":true}]}}