{"id":5459,"date":"2019-05-21T11:01:25","date_gmt":"2019-05-21T09:01:25","guid":{"rendered":"https:\/\/lefthander-consulting.org\/deutsch\/information\/ausbildung\/"},"modified":"2025-08-15T14:34:42","modified_gmt":"2025-08-15T12:34:42","slug":"ausbildung","status":"publish","type":"page","link":"https:\/\/lefthander-consulting.org\/deutsch\/information\/ausbildung\/","title":{"rendered":"Ausbildung"},"content":{"rendered":"<p><strong>Informationen zur Berufsfindung<\/strong><\/p>\n<p>Heutzutage werden Sch\u00fclerInnen ab etwa der 8. Jahrgangsstufe \u00fcber Berufslaufbahnen informiert und sie absolvieren kurze berufsorientierte Praktika in verschiedenen Einrichtungen.<\/p>\n<p>In der Ausbildung und im Beruf kann H\u00e4ndigkeit eine wichtige, ja eine entscheidende Rolle spielen. Zum Beispiel sollten auch f\u00fcr Linksh\u00e4nder passende Ger\u00e4tschaften zur Verf\u00fcgung stehen und der Arbeitsplatz und die Maschinen auch den Bed\u00fcrfnissen von Linksh\u00e4ndern entsprechen.<\/p>\n<p>Leider ist festzustellen, dass die Chancengleichheit f\u00fcr Linksh\u00e4nder in der Ausbildung und am Arbeitsplatz noch lange nicht gegeben ist. Die Erfahrung zeigt, dass vielen Linksh\u00e4ndern nicht bewusst ist, dass sie f\u00fcr manche Arbeitsabl\u00e4ufe mehr Energie aufwenden m\u00fcssen, um zu einem guten Leistungsergebnis zu kommen. Anders ausgedr\u00fcckt, mit dem ad\u00e4quaten Linksh\u00e4nderwerkzeug und den richtigen Handlungsanweisungen, w\u00e4re Chancengleichheit in der Ausbildung und am Arbeitsplatz gegeben.<\/p>\n<p>Die Lehrpl\u00e4ne f\u00fcr Berufsschulen und Berufsfachschulen und entsprechende Handreichungen zur Vertiefung des Lernstoffs und der praktischen Anwendung sollten H\u00e4ndigkeit und unterschiedliche Abl\u00e4ufe thematisieren.<\/p>\n<p>In der Homepage der Beratungsstelle f\u00fcr Linksh\u00e4nder finden sich Hinweise auf verschiedene <a href=\"https:\/\/lefthander-consulting.org\/deutsch\/information\/beruf-und-linkshaendigkeit\/kurzinformationen-zur-linkshaendigkeit-in-verschiedenen-berufen\/\">Berufe und deren Eignung und Schwierigkeiten f\u00fcr Linksh\u00e4nder<\/a>.<\/p>\n<p>In Vorbereitung sind Infomaterialien f\u00fcr die Schulvorbereitung auf die Berufswahl f\u00fcr linksh\u00e4ndige Sch\u00fclerInnen und ihre Eltern, die Lehrkr\u00e4fte und die Berufsberatung.<\/p>\n<p>Informationen zur Linksh\u00e4ndigkeit am Arbeitsplatz finden Sie auf unserer Internetseite.<\/p>\n","protected":false},"excerpt":{"rendered":"<p>Informationen zur Berufsfindung Heutzutage werden Sch\u00fclerInnen ab etwa der 8. Jahrgangsstufe \u00fcber Berufslaufbahnen informiert und sie absolvieren kurze berufsorientierte Praktika in verschiedenen Einrichtungen. In der Ausbildung und im Beruf kann H\u00e4ndigkeit eine wichtige, ja eine entscheidende Rolle spielen. Zum Beispiel sollten auch f\u00fcr Linksh\u00e4nder passende Ger\u00e4tschaften zur Verf\u00fcgung stehen und der Arbeitsplatz und die Maschinen auch den Bed\u00fcrfnissen von Linksh\u00e4ndern entsprechen. Leider ist festzustellen, dass die Chancengleichheit f\u00fcr Linksh\u00e4nder in der Ausbildung und am Arbeitsplatz noch lange nicht gegeben ist. Die Erfahrung zeigt, dass vielen Linksh\u00e4ndern nicht bewusst ist, dass sie f\u00fcr manche Arbeitsabl\u00e4ufe mehr Energie aufwenden m\u00fcssen, um zu einem guten Leistungsergebnis zu kommen. Anders ausgedr\u00fcckt, mit dem ad\u00e4quaten Linksh\u00e4nderwerkzeug und den richtigen Handlungsanweisungen, w\u00e4re Chancengleichheit in der Ausbildung und am Arbeitsplatz gegeben. Die Lehrpl\u00e4ne f\u00fcr Berufsschulen und Berufsfachschulen und entsprechende Handreichungen zur Vertiefung des Lernstoffs und der praktischen Anwendung sollten H\u00e4ndigkeit und unterschiedliche Abl\u00e4ufe thematisieren. In der Homepage der Beratungsstelle f\u00fcr Linksh\u00e4nder &#8230; <a title=\"Ausbildung\" class=\"read-more\" href=\"https:\/\/lefthander-consulting.org\/deutsch\/information\/ausbildung\/\" aria-label=\"Mehr Informationen \u00fcber Ausbildung\">Read more<\/a><\/p>\n","protected":false},"author":4,"featured_media":0,"parent":811,"menu_order":36,"comment_status":"closed","ping_status":"closed","template":"","meta":{"_cbd_carousel_blocks":"[]","footnotes":""},"class_list":["post-5459","page","type-page","status-publish"],"_links":{"self":[{"href":"https:\/\/lefthander-consulting.org\/deutsch\/wp-json\/wp\/v2\/pages\/5459","targetHints":{"allow":["GET"]}}],"collection":[{"href":"https:\/\/lefthander-consulting.org\/deutsch\/wp-json\/wp\/v2\/pages"}],"about":[{"href":"https:\/\/lefthander-consulting.org\/deutsch\/wp-json\/wp\/v2\/types\/page"}],"author":[{"embeddable":true,"href":"https:\/\/lefthander-consulting.org\/deutsch\/wp-json\/wp\/v2\/users\/4"}],"replies":[{"embeddable":true,"href":"https:\/\/lefthander-consulting.org\/deutsch\/wp-json\/wp\/v2\/comments?post=5459"}],"version-history":[{"count":3,"href":"https:\/\/lefthander-consulting.org\/deutsch\/wp-json\/wp\/v2\/pages\/5459\/revisions"}],"predecessor-version":[{"id":7148,"href":"https:\/\/lefthander-consulting.org\/deutsch\/wp-json\/wp\/v2\/pages\/5459\/revisions\/7148"}],"up":[{"embeddable":true,"href":"https:\/\/lefthander-consulting.org\/deutsch\/wp-json\/wp\/v2\/pages\/811"}],"wp:attachment":[{"href":"https:\/\/lefthander-consulting.org\/deutsch\/wp-json\/wp\/v2\/media?parent=5459"}],"curies":[{"name":"wp","href":"https:\/\/api.w.org\/{rel}","templated":true}]}}