{"id":5448,"date":"2019-05-21T10:27:23","date_gmt":"2019-05-21T08:27:23","guid":{"rendered":"https:\/\/lefthander-consulting.org\/deutsch\/information\/schule\/"},"modified":"2025-08-15T14:34:42","modified_gmt":"2025-08-15T12:34:42","slug":"schule","status":"publish","type":"page","link":"https:\/\/lefthander-consulting.org\/deutsch\/information\/schule\/","title":{"rendered":"Schule"},"content":{"rendered":"<p>Die Vermittlung einer lockeren <a href=\"https:\/\/lefthander-consulting.org\/deutsch\/information\/literatur\/uebungen-fuer-linkshaender\/\">Schreib- und Stifthaltung<\/a> sind f\u00fcr das linksh\u00e4ndige Kind in der Zeit des Schulbeginns besonders wichtig. Dazu geh\u00f6rt auch die gute Blattlage beim Schreiben mit links, die durch eine Schreibtischauflage f\u00fcr Linksh\u00e4nder unterst\u00fctzt wird.<\/p>\n<p>Es gibt inzwischen verschiedene Schreibtischauflagen f\u00fcr Linksh\u00e4nder, die sich vornehmlich durch den Winkel der vorgegebenen Blattneigung unterscheiden.<\/p>\n<p>Bei der zeitlich zuerst von Dr. Johanna Barbara Sattler ver\u00f6ffentlichten <a href=\"https:\/\/lefthander-consulting.org\/deutsch\/netzwerk\/infomaterial\/schreibtischauflagen-fuer-links-und-rechtshaender\/\">Schreibunterlage<\/a> \u201ewurde eine leichte Schr\u00e4glage der Blattneigung nach rechts gew\u00e4hlt. Inzwischen ist aber deutlich geworden, dass eine st\u00e4rkere Neigung der Blattlage f\u00fcr Linksh\u00e4nder durchaus geeignet ist und auch P\u00e4dagogen sind offen, diese Haltung bei linksh\u00e4ndigen Kindern zuzulassen und zu unterst\u00fctzen. So wurde dann (um 2010) die neuere Schreibtischauflage <a href=\"https:\/\/lefthander-consulting.org\/deutsch\/information\/literatur\/desk-pad-lefty\/\">DESK-PAD Lefty<sup>\u00ae<\/sup><\/a> entwickelt und in Kindergruppen ausprobiert. Diese st\u00e4rkere Blattneigung f\u00f6rdert einerseits eine ergonomisch bequeme K\u00f6rperhaltung beim Schreiben und andererseits wird das Verwischen der Tinte noch mehr vermieden als bisher und das Kind kann besser sehen, was es schreibt. Allerdings muss diese Haltung von Anfang an eingef\u00fchrt werden und zwar m\u00f6glichst schon zu Beginn der Bet\u00e4tigung mit dem Stift zu Hause und dann unbedingt auch im Kindergarten. Dann gew\u00f6hnen sich linksh\u00e4ndige Kinder fr\u00fchzeitig an diese Haltung und m\u00fcssen sp\u00e4ter nicht umlernen.\u201c (Sattler, Schreibvor\u00fcbungen f\u00fcr \u201aLinksh\u00e4nder mit Jobasa, Teil 1, S.42)<\/p>\n<p><iframe loading=\"lazy\" title=\"Schreibhaltung mit links\" width=\"1200\" height=\"675\" src=\"https:\/\/www.youtube.com\/embed\/-oOqZQhFeZ4?feature=oembed\" frameborder=\"0\" allow=\"accelerometer; autoplay; encrypted-media; gyroscope; picture-in-picture\" allowfullscreen><\/iframe><\/p>\n<p>Die Durchf\u00fchrung der Buchstaben ist f\u00fcr Linksh\u00e4nder meist genauso, wie f\u00fcr rechtsh\u00e4ndige Kinder auch. In den <a href=\"https:\/\/lefthander-consulting.org\/deutsch\/information\/literatur\/schreibvoruebungen-fuer-linkshaender-mit-jobasa-teil-1-und-2\/\">Schreibvor\u00fcbungen f\u00fcr Linksh\u00e4nder mit Jobasa <\/a>werden die Buchstaben f\u00fcr linksh\u00e4ndige Vorschulkinder angelegt. Zu Schulbeginn kann es n\u00fctzlich sein, diese Schreibvor\u00fcbungen schulvorbereitend mit dem Kind durchzuf\u00fchren, um durch Nachspur- und Schwung\u00fcbungen die Fingerbeweglichkeit f\u00fcr das Schreiben zu unterst\u00fctzen.<\/p>\n<p>Eine Ver\u00f6ffentlichung \u00fcber das <u>Schreibtraining von Gro\u00df- und Kleinbuchstaben<\/u> als Erg\u00e4nzung f\u00fcr den Erstschreibeunterricht und f\u00fcr Zuhause ist in Vorbereitung.<\/p>\n<p>In einer vierj\u00e4hrigen <a href=\"https:\/\/lefthander-consulting.org\/deutsch\/wp-content\/uploads\/2019\/04\/Sattler_Sonderdruck.pdf\">Studie von Dr. Barbara Sattler und Dr. Christian Marquardt<\/a> wurde untersucht, ob sich linksh\u00e4ndige und rechtsh\u00e4ndige Kinder beim Schreiben Lernen unterscheiden.<\/p>\n","protected":false},"excerpt":{"rendered":"<p>Die Vermittlung einer lockeren Schreib- und Stifthaltung sind f\u00fcr das linksh\u00e4ndige Kind in der Zeit des Schulbeginns besonders wichtig. Dazu geh\u00f6rt auch die gute Blattlage beim Schreiben mit links, die durch eine Schreibtischauflage f\u00fcr Linksh\u00e4nder unterst\u00fctzt wird. Es gibt inzwischen verschiedene Schreibtischauflagen f\u00fcr Linksh\u00e4nder, die sich vornehmlich durch den Winkel der vorgegebenen Blattneigung unterscheiden. Bei der zeitlich zuerst von Dr. Johanna Barbara Sattler ver\u00f6ffentlichten Schreibunterlage \u201ewurde eine leichte Schr\u00e4glage der Blattneigung nach rechts gew\u00e4hlt. Inzwischen ist aber deutlich geworden, dass eine st\u00e4rkere Neigung der Blattlage f\u00fcr Linksh\u00e4nder durchaus geeignet ist und auch P\u00e4dagogen sind offen, diese Haltung bei linksh\u00e4ndigen Kindern zuzulassen und zu unterst\u00fctzen. So wurde dann (um 2010) die neuere Schreibtischauflage DESK-PAD Lefty\u00ae entwickelt und in Kindergruppen ausprobiert. Diese st\u00e4rkere Blattneigung f\u00f6rdert einerseits eine ergonomisch bequeme K\u00f6rperhaltung beim Schreiben und andererseits wird das Verwischen der Tinte noch mehr vermieden als bisher und das Kind kann besser sehen, was es schreibt. Allerdings muss diese &#8230; <a title=\"Schule\" class=\"read-more\" href=\"https:\/\/lefthander-consulting.org\/deutsch\/information\/schule\/\" aria-label=\"Mehr Informationen \u00fcber Schule\">Read more<\/a><\/p>\n","protected":false},"author":4,"featured_media":0,"parent":811,"menu_order":34,"comment_status":"closed","ping_status":"closed","template":"","meta":{"_cbd_carousel_blocks":"[]","footnotes":""},"class_list":["post-5448","page","type-page","status-publish"],"_links":{"self":[{"href":"https:\/\/lefthander-consulting.org\/deutsch\/wp-json\/wp\/v2\/pages\/5448","targetHints":{"allow":["GET"]}}],"collection":[{"href":"https:\/\/lefthander-consulting.org\/deutsch\/wp-json\/wp\/v2\/pages"}],"about":[{"href":"https:\/\/lefthander-consulting.org\/deutsch\/wp-json\/wp\/v2\/types\/page"}],"author":[{"embeddable":true,"href":"https:\/\/lefthander-consulting.org\/deutsch\/wp-json\/wp\/v2\/users\/4"}],"replies":[{"embeddable":true,"href":"https:\/\/lefthander-consulting.org\/deutsch\/wp-json\/wp\/v2\/comments?post=5448"}],"version-history":[{"count":16,"href":"https:\/\/lefthander-consulting.org\/deutsch\/wp-json\/wp\/v2\/pages\/5448\/revisions"}],"predecessor-version":[{"id":5496,"href":"https:\/\/lefthander-consulting.org\/deutsch\/wp-json\/wp\/v2\/pages\/5448\/revisions\/5496"}],"up":[{"embeddable":true,"href":"https:\/\/lefthander-consulting.org\/deutsch\/wp-json\/wp\/v2\/pages\/811"}],"wp:attachment":[{"href":"https:\/\/lefthander-consulting.org\/deutsch\/wp-json\/wp\/v2\/media?parent=5448"}],"curies":[{"name":"wp","href":"https:\/\/api.w.org\/{rel}","templated":true}]}}