{"id":5112,"date":"2019-04-16T10:33:07","date_gmt":"2019-04-16T08:33:07","guid":{"rendered":"https:\/\/lefthander-consulting.org\/netzwerk\/infomaterial\/sattler-tri-grip\/"},"modified":"2019-09-02T15:25:47","modified_gmt":"2019-09-02T13:25:47","slug":"sattler-tri-grip","status":"publish","type":"page","link":"https:\/\/lefthander-consulting.org\/deutsch\/netzwerk\/infomaterial\/sattler-tri-grip\/","title":{"rendered":"Sattler Tri-Grip"},"content":{"rendered":"<p><img loading=\"lazy\" decoding=\"async\" class=\"alignright wp-image-5104\" src=\"https:\/\/lefthander-consulting.org\/deutsch\/wp-content\/uploads\/2019\/04\/Blauer-Tri-Grip-300x200.jpg\" alt=\"\" width=\"160\" height=\"107\" srcset=\"https:\/\/lefthander-consulting.org\/deutsch\/wp-content\/uploads\/2019\/04\/Blauer-Tri-Grip-300x200.jpg 300w, https:\/\/lefthander-consulting.org\/deutsch\/wp-content\/uploads\/2019\/04\/Blauer-Tri-Grip.jpg 530w\" sizes=\"auto, (max-width: 160px) 100vw, 160px\" \/><\/p>\n<p><span style=\"font-family: Arial,Helvetica\">Bereits in der Vergangenheit haben die Firma gemeinsam mit Dr. Barbara Sattler ergonomische und hilfreiche Produkte entwickelt. Nach intensiver Arbeit in der Praxis mit Kindern und Erwachsenen ist schlie\u00dflich der Sattler Tri-Grip entstanden.<\/span><\/p>\n<p><span style=\"font-family: Arial,Helvetica\">Der Tri-Grip beg\u00fcnstigt eine optimale Tripot Haltung (Dreifingergriff), jedoch ohne die Finger zu stark einzuschr\u00e4nken, der pers\u00f6nlichen Eigenhaltung jedes Menschen kommt er hiermit entgegen.<br \/>\n<\/span><span style=\"font-family: Arial,Helvetica\"><img loading=\"lazy\" decoding=\"async\" class=\"alignleft wp-image-5109\" src=\"https:\/\/lefthander-consulting.org\/deutsch\/wp-content\/uploads\/2019\/04\/Tri-Grip_Stifthaltung_1-300x213.jpg\" alt=\"\" width=\"170\" height=\"121\" srcset=\"https:\/\/lefthander-consulting.org\/deutsch\/wp-content\/uploads\/2019\/04\/Tri-Grip_Stifthaltung_1-300x213.jpg 300w, https:\/\/lefthander-consulting.org\/deutsch\/wp-content\/uploads\/2019\/04\/Tri-Grip_Stifthaltung_1.jpg 720w\" sizes=\"auto, (max-width: 170px) 100vw, 170px\" \/>Eine falsche Haltung ist durch die Dreikantform und die klare Positionsvorgabe f\u00fcr den Mittelfinger kaum m\u00f6glich. Unterst\u00fctzt wird dies noch von der genoppten und gew\u00f6lbten Unterseite. Daumen und Zeigefinger befinden sich nahe am Stift in dezenten Fingermulden mit zur\u00fcckhaltenden Erhebungen. F\u00fcr ein angenehmes Schreibgef\u00fchl ist hiermit bestens gesorgt. Die abgeschr\u00e4gte Vorderseite des Tri-Grips sorgt f\u00fcr eine bessere Sicht auf das Geschriebene und die Stiftspitze. Das griffige Material sorgt daf\u00fcr, dass man trotz angenehmer glatter Oberfl\u00e4che nicht abrutscht. Auf der Oberseite des Tri-Grips ist ein angedeuteter Bleistift und zeigt die richtige Richtung, wie er am Stift anzubringen ist.<\/span><\/p>\n<ul>\n<li><span style=\"font-family: Arial,Helvetica\">Geeignet f\u00fcr alle g\u00e4ngigen Stiftformate und Pinsel<img loading=\"lazy\" decoding=\"async\" class=\"alignright wp-image-5110\" src=\"https:\/\/lefthander-consulting.org\/deutsch\/wp-content\/uploads\/2019\/04\/Tri-Grip-mit-Stift-300x200.jpg\" alt=\"\" width=\"180\" height=\"120\" srcset=\"https:\/\/lefthander-consulting.org\/deutsch\/wp-content\/uploads\/2019\/04\/Tri-Grip-mit-Stift-300x200.jpg 300w, https:\/\/lefthander-consulting.org\/deutsch\/wp-content\/uploads\/2019\/04\/Tri-Grip-mit-Stift-768x512.jpg 768w, https:\/\/lefthander-consulting.org\/deutsch\/wp-content\/uploads\/2019\/04\/Tri-Grip-mit-Stift-1024x683.jpg 1024w, https:\/\/lefthander-consulting.org\/deutsch\/wp-content\/uploads\/2019\/04\/Tri-Grip-mit-Stift.jpg 1440w\" sizes=\"auto, (max-width: 180px) 100vw, 180px\" \/><\/span><\/li>\n<li><span style=\"font-family: Arial,Helvetica\">Das angenehm griffige Material ist garantiert frei von toxischen Substanzen und vermeidet eine allergische Belastung<\/span><\/li>\n<li><span style=\"font-family: Arial,Helvetica\">Ergonomisch ideal geeignet f\u00fcr Links- und Rechtsh\u00e4nder<\/span><\/li>\n<\/ul>\n<p><img loading=\"lazy\" decoding=\"async\" class=\"alignleft wp-image-3605\" src=\"https:\/\/lefthander-consulting.org\/deutsch\/wp-content\/uploads\/2019\/02\/Handhaltung-300x300.jpg\" alt=\"\" width=\"170\" height=\"170\" srcset=\"https:\/\/lefthander-consulting.org\/deutsch\/wp-content\/uploads\/2019\/02\/Handhaltung-300x300.jpg 300w, https:\/\/lefthander-consulting.org\/deutsch\/wp-content\/uploads\/2019\/02\/Handhaltung-150x150.jpg 150w, https:\/\/lefthander-consulting.org\/deutsch\/wp-content\/uploads\/2019\/02\/Handhaltung.jpg 580w\" sizes=\"auto, (max-width: 170px) 100vw, 170px\" \/><\/p>\n<p>&nbsp;<\/p>\n<p>&nbsp;<\/p>\n<p><span style=\"font-family: arial, helvetica, sans-serif;font-size: 18pt\"><span style=\"font-size: 24pt\"> \u2192<\/span>\u00a0 <a href=\"https:\/\/lefthander-consulting.org\/deutsch\/netzwerk\/infomaterial\/sattler-grip\/\">Sattler-Grip\u00a0<\/a>\u00a0 <\/span><\/p>\n<p>&nbsp;<\/p>\n<p><span style=\"font-family: Arial,Helvetica\">\u00a9 Copyright: Erste deutsche Beratungs- und Informationsstelle f\u00fcr Linksh\u00e4nder und umgeschulte Linksh\u00e4nder, Sendlinger Str. 17, 80331 M\u00fcnchen, Tel. \/ Fax: +49 \/ 89 \/ 26 86 14<br \/>\n<span style=\"font-family: Arial,Helvetica\"><a href=\"https:\/\/lefthander-consulting.org\">https:\/\/lefthander-consulting.org,<\/a> e-mail: <a href=\"mailto:info@linkshaender-beratung.de\">info@lefthander-consulting.org<\/a> und KUM GmbH &amp; Co KG, Essenbacher Str. 2, 91054\u00a0Erlangen, Tel. \u00a0+49 \/ 89 \/ 9 13 18 26 80, Telefax:\u00a0+49 \/ 89 \/ 9 13 17 88 60, <a href=\"http:\/\/www.kum.net\/\">www.kum.net<\/a>, E-Mail: <\/span><a href=\"mailto:%20kum@kum.net\"><span style=\"font-family: arial, helvetica, sans-serif\">kum@kum.net<\/span><\/a><\/span><\/p>\n","protected":false},"excerpt":{"rendered":"<p>Bereits in der Vergangenheit haben die Firma gemeinsam mit Dr. Barbara Sattler ergonomische und hilfreiche Produkte entwickelt. Nach intensiver Arbeit in der Praxis mit Kindern und Erwachsenen ist schlie\u00dflich der Sattler Tri-Grip entstanden. Der Tri-Grip beg\u00fcnstigt eine optimale Tripot Haltung (Dreifingergriff), jedoch ohne die Finger zu stark einzuschr\u00e4nken, der pers\u00f6nlichen Eigenhaltung jedes Menschen kommt er hiermit entgegen. Eine falsche Haltung ist durch die Dreikantform und die klare Positionsvorgabe f\u00fcr den Mittelfinger kaum m\u00f6glich. Unterst\u00fctzt wird dies noch von der genoppten und gew\u00f6lbten Unterseite. Daumen und Zeigefinger befinden sich nahe am Stift in dezenten Fingermulden mit zur\u00fcckhaltenden Erhebungen. F\u00fcr ein angenehmes Schreibgef\u00fchl ist hiermit bestens gesorgt. Die abgeschr\u00e4gte Vorderseite des Tri-Grips sorgt f\u00fcr eine bessere Sicht auf das Geschriebene und die Stiftspitze. Das griffige Material sorgt daf\u00fcr, dass man trotz angenehmer glatter Oberfl\u00e4che nicht abrutscht. Auf der Oberseite des Tri-Grips ist ein angedeuteter Bleistift und zeigt die richtige Richtung, wie er am Stift anzubringen ist. &#8230; <a title=\"Sattler Tri-Grip\" class=\"read-more\" href=\"https:\/\/lefthander-consulting.org\/deutsch\/netzwerk\/infomaterial\/sattler-tri-grip\/\" aria-label=\"Mehr Informationen \u00fcber Sattler Tri-Grip\">Read more<\/a><\/p>\n","protected":false},"author":4,"featured_media":0,"parent":45,"menu_order":3,"comment_status":"closed","ping_status":"closed","template":"","meta":{"_cbd_carousel_blocks":"[]","footnotes":""},"class_list":["post-5112","page","type-page","status-publish"],"_links":{"self":[{"href":"https:\/\/lefthander-consulting.org\/deutsch\/wp-json\/wp\/v2\/pages\/5112","targetHints":{"allow":["GET"]}}],"collection":[{"href":"https:\/\/lefthander-consulting.org\/deutsch\/wp-json\/wp\/v2\/pages"}],"about":[{"href":"https:\/\/lefthander-consulting.org\/deutsch\/wp-json\/wp\/v2\/types\/page"}],"author":[{"embeddable":true,"href":"https:\/\/lefthander-consulting.org\/deutsch\/wp-json\/wp\/v2\/users\/4"}],"replies":[{"embeddable":true,"href":"https:\/\/lefthander-consulting.org\/deutsch\/wp-json\/wp\/v2\/comments?post=5112"}],"version-history":[{"count":20,"href":"https:\/\/lefthander-consulting.org\/deutsch\/wp-json\/wp\/v2\/pages\/5112\/revisions"}],"predecessor-version":[{"id":6241,"href":"https:\/\/lefthander-consulting.org\/deutsch\/wp-json\/wp\/v2\/pages\/5112\/revisions\/6241"}],"up":[{"embeddable":true,"href":"https:\/\/lefthander-consulting.org\/deutsch\/wp-json\/wp\/v2\/pages\/45"}],"wp:attachment":[{"href":"https:\/\/lefthander-consulting.org\/deutsch\/wp-json\/wp\/v2\/media?parent=5112"}],"curies":[{"name":"wp","href":"https:\/\/api.w.org\/{rel}","templated":true}]}}