{"id":4618,"date":"2019-03-25T16:27:09","date_gmt":"2019-03-25T15:27:09","guid":{"rendered":"https:\/\/lefthander-consulting.org\/information\/literatur\/linkshaender-ein-ratgeber\/"},"modified":"2019-05-07T14:04:15","modified_gmt":"2019-05-07T12:04:15","slug":"linkshaender-ein-ratgeber","status":"publish","type":"page","link":"https:\/\/lefthander-consulting.org\/deutsch\/information\/literatur\/linkshaender-ein-ratgeber\/","title":{"rendered":"Linksh\u00e4ndig? Ein Ratgeber"},"content":{"rendered":"<p><span style=\"font-size: 16pt\"><img loading=\"lazy\" decoding=\"async\" class=\"alignleft size-medium wp-image-5037\" src=\"https:\/\/lefthander-consulting.org\/deutsch\/wp-content\/uploads\/2019\/04\/Cover-Meyer-Buch-202x300.jpg\" alt=\"\" width=\"202\" height=\"300\" srcset=\"https:\/\/lefthander-consulting.org\/deutsch\/wp-content\/uploads\/2019\/04\/Cover-Meyer-Buch-202x300.jpg 202w, https:\/\/lefthander-consulting.org\/deutsch\/wp-content\/uploads\/2019\/04\/Cover-Meyer-Buch.jpg 336w\" sizes=\"auto, (max-width: 202px) 100vw, 202px\" \/><span style=\"font-family: arial, helvetica, sans-serif\">Rolf W. Meyer<\/span><\/span><\/p>\n<p><span style=\"font-family: Arial,Helvetica\">Dieses Buch richtet sich an eine breit gef\u00e4cherte Zielgruppe. Es gibt Auskunft zu p\u00e4dagogischen Problemen, \u00fcber die richtige Schreibhaltung, H\u00e4ndigkeitstests und Gebrauchsgegenst\u00e4nde f\u00fcr Linksh\u00e4nder, einschlie\u00dflich deren Erwerbsm\u00f6glichkeiten im In- und Ausland. <\/span><\/p>\n<p><span style=\"font-family: Arial,Helvetica\">Weiter wird auch auf die kulturelle Bewertung &#8222;des Links&#8220; eingegangen und auf Probleme linksh\u00e4ndiger Menschen im Alltag und es werden Schicksale von linksh\u00e4ndigen Menschen geschildert, in deren Lebensweg massiv durch die Umschulung auf die rechte Hand eingegriffen wurde. Ein spezielles Kapitel besch\u00e4ftigt sich mit den umgeschulten Linksh\u00e4ndern und ihren Schwierigkeiten \u00fcberhaupt. <\/span><\/p>\n<p><span style=\"font-family: Arial,Helvetica\">Auch zu einer Auswahl ber\u00fchmter Linksh\u00e4nder werden charakteristische Randbemerkungen gemacht, einschlie\u00dflich Abbildungen mit typisch linksh\u00e4ndig durchgef\u00fchrten T\u00e4tigkeiten. <\/span><\/p>\n<p><span style=\"font-family: Arial,Helvetica\">Das Buch \u00fcberzeugt durch seine \u00dcbersichtlichkeit, seine straffe Durcharbeitung ohne langatmige, abschweifende Passagen oder oft unverst\u00e4ndliches, wissenschaftliches Vokabular und hat selbstverst\u00e4ndlich auch ein ausf\u00fchrliches Register, ein Literaturverzeichnis und ein Verzeichnis von Linksh\u00e4nderinteressenvertretungen in In- und Ausland <\/span><\/p>\n<p><span style=\"font-family: Arial,Helvetica\">Es ist ein Buch f\u00fcr alle, die sich einen \u00dcberblick \u00fcber die heutige Situation der verschiedenen linksh\u00e4ndigen Bev\u00f6lkerungsgruppen schaffen m\u00f6chten und es ist ausgesprochen auf praktische Hinweise ausgerichtet. <\/span><\/p>\n<p><span style=\"font-family: Arial,Helvetica\">Humboldt-Verlag Baden-Baden, 1991, 7. mehrfach \u00fcberarbeitete und aktualisierte Auflage 2003, ISBN 3-89994-007-5, 128 Seiten. <\/span><\/p>\n<p><span style=\"font-family: Arial,Helvetica\"><b><span style=\"color: #ff0000\">Wichtige Mitteilung:<\/span><\/b> <\/span><\/p>\n<p><span style=\"font-family: Arial,Helvetica\"><span style=\"color: #ff0000\"><span style=\"color: #ff0000\">Die Humboldt-Taschenbuchreihe wird von dem <a href=\"https:\/\/www.humboldt.de\/\">Humboldt Verlag<\/a>, Baden-Baden weiter vertrieben. Das bezieht sich auch auf das Buch &#8222;Linksh\u00e4ndig?&#8220;<br \/>\n<\/span><\/span><\/span><\/p>\n<p><span style=\"font-family: Arial,Helvetica\"><span style=\"color: #ff0000\"><span style=\"color: #ff0000\">\u00a9 Copyright: Erste deutsche Beratungs- und Informationsstelle f\u00fcr Linksh\u00e4nder und umgeschulte Linksh\u00e4nder, Sendlinger Str. 17, 80331 M\u00fcnchen, Tel. \/ Fax: +49 \/ 89 \/ 26 86 14, <a href=\"https:\/\/lefthander-consulting.org\">http:\/\/www.linkshaender-beratung.de<\/a>,\u00a0 e-mail: info@lefthander-consulting.org<br \/>\n<\/span><\/span><\/span><\/p>\n<p>&nbsp;<\/p>\n","protected":false},"excerpt":{"rendered":"<p>Rolf W. Meyer Dieses Buch richtet sich an eine breit gef\u00e4cherte Zielgruppe. Es gibt Auskunft zu p\u00e4dagogischen Problemen, \u00fcber die richtige Schreibhaltung, H\u00e4ndigkeitstests und Gebrauchsgegenst\u00e4nde f\u00fcr Linksh\u00e4nder, einschlie\u00dflich deren Erwerbsm\u00f6glichkeiten im In- und Ausland. Weiter wird auch auf die kulturelle Bewertung &#8222;des Links&#8220; eingegangen und auf Probleme linksh\u00e4ndiger Menschen im Alltag und es werden Schicksale von linksh\u00e4ndigen Menschen geschildert, in deren Lebensweg massiv durch die Umschulung auf die rechte Hand eingegriffen wurde. Ein spezielles Kapitel besch\u00e4ftigt sich mit den umgeschulten Linksh\u00e4ndern und ihren Schwierigkeiten \u00fcberhaupt. Auch zu einer Auswahl ber\u00fchmter Linksh\u00e4nder werden charakteristische Randbemerkungen gemacht, einschlie\u00dflich Abbildungen mit typisch linksh\u00e4ndig durchgef\u00fchrten T\u00e4tigkeiten. Das Buch \u00fcberzeugt durch seine \u00dcbersichtlichkeit, seine straffe Durcharbeitung ohne langatmige, abschweifende Passagen oder oft unverst\u00e4ndliches, wissenschaftliches Vokabular und hat selbstverst\u00e4ndlich auch ein ausf\u00fchrliches Register, ein Literaturverzeichnis und ein Verzeichnis von Linksh\u00e4nderinteressenvertretungen in In- und Ausland Es ist ein Buch f\u00fcr alle, die sich einen \u00dcberblick \u00fcber die heutige Situation der verschiedenen &#8230; <a title=\"Linksh\u00e4ndig? Ein Ratgeber\" class=\"read-more\" href=\"https:\/\/lefthander-consulting.org\/deutsch\/information\/literatur\/linkshaender-ein-ratgeber\/\" aria-label=\"Mehr Informationen \u00fcber Linksh\u00e4ndig? Ein Ratgeber\">Read more<\/a><\/p>\n","protected":false},"author":4,"featured_media":0,"parent":41,"menu_order":0,"comment_status":"closed","ping_status":"closed","template":"","meta":{"_cbd_carousel_blocks":"[]","footnotes":""},"class_list":["post-4618","page","type-page","status-publish"],"_links":{"self":[{"href":"https:\/\/lefthander-consulting.org\/deutsch\/wp-json\/wp\/v2\/pages\/4618","targetHints":{"allow":["GET"]}}],"collection":[{"href":"https:\/\/lefthander-consulting.org\/deutsch\/wp-json\/wp\/v2\/pages"}],"about":[{"href":"https:\/\/lefthander-consulting.org\/deutsch\/wp-json\/wp\/v2\/types\/page"}],"author":[{"embeddable":true,"href":"https:\/\/lefthander-consulting.org\/deutsch\/wp-json\/wp\/v2\/users\/4"}],"replies":[{"embeddable":true,"href":"https:\/\/lefthander-consulting.org\/deutsch\/wp-json\/wp\/v2\/comments?post=4618"}],"version-history":[{"count":9,"href":"https:\/\/lefthander-consulting.org\/deutsch\/wp-json\/wp\/v2\/pages\/4618\/revisions"}],"predecessor-version":[{"id":5323,"href":"https:\/\/lefthander-consulting.org\/deutsch\/wp-json\/wp\/v2\/pages\/4618\/revisions\/5323"}],"up":[{"embeddable":true,"href":"https:\/\/lefthander-consulting.org\/deutsch\/wp-json\/wp\/v2\/pages\/41"}],"wp:attachment":[{"href":"https:\/\/lefthander-consulting.org\/deutsch\/wp-json\/wp\/v2\/media?parent=4618"}],"curies":[{"name":"wp","href":"https:\/\/api.w.org\/{rel}","templated":true}]}}