{"id":4593,"date":"2019-03-25T13:24:24","date_gmt":"2019-03-25T12:24:24","guid":{"rendered":"https:\/\/lefthander-consulting.org\/aktuelles\/zusatzausbildung-zum-s-mh-berater\/"},"modified":"2026-02-13T09:52:20","modified_gmt":"2026-02-13T08:52:20","slug":"zusatzausbildung-zum-s-mh-berater","status":"publish","type":"page","link":"https:\/\/lefthander-consulting.org\/deutsch\/aktuelles\/zusatzausbildung-zum-s-mh-berater\/","title":{"rendered":"Zusatzausbildung zum S-MH Berater"},"content":{"rendered":"<table width=\"100%\">\n<tbody>\n<tr>\n<td style=\"text-align: center\" width=\"33%\"><span style=\"font-size: 12pt;font-family: georgia, palatino, serif\"><img loading=\"lazy\" decoding=\"async\" class=\"wp-image-771 alignnone\" src=\"https:\/\/lefthander-consulting.org\/deutsch\/wp-content\/uploads\/2018\/09\/logo.svg\" alt=\"\" width=\"84\" height=\"113\" \/>\u00ae<\/span><\/td>\n<td><span style=\"font-size: 14pt;font-family: arial, helvetica, sans-serif\">Zusatzausbildung zum\/zur<\/span><\/p>\n<p><span style=\"font-family: arial, helvetica, sans-serif\"><strong><span style=\"font-size: 18pt\">S-MH<sup>\u00ae<\/sup> Linksh\u00e4nder-BeraterIn<\/span><\/strong><\/span><\/p>\n<p><span style=\"font-size: 14pt;font-family: arial, helvetica, sans-serif\">nach Methodik Dr. Johanna Barbara Sattler<\/span><\/p>\n<p><span style=\"font-size: 14pt;font-family: arial, helvetica, sans-serif\">mit Abschlusszertifikat<\/span><\/td>\n<\/tr>\n<\/tbody>\n<\/table>\n<p><span style=\"font-family: Arial,Helvetica\">\u00a0 <\/span><\/p>\n<p><span style=\"font-family: Arial,Helvetica\">Diese Zusatzausbildung k\u00f6nnen Fachleute erwerben, die eine Berufsausbildung und Berufserfahrungen in p\u00e4dagogischen, therapeutischen oder medizinischen Bereichen haben. <\/span><br \/>\n<span style=\"font-family: Arial,Helvetica\">\u00a0<\/span><\/p>\n<p><span style=\"font-family: Arial,Helvetica\"><strong>Ziel <\/strong>ist, dass die Teilnehmer aus den einzelnen Berufsgruppen sowohl wichtige Inhalte f\u00fcr ihr Fachgebiet bez\u00fcglich H\u00e4ndigkeit erarbeiten, als auch einen profunden Einblick in Fragestellungen zur Linksh\u00e4ndigkeit bekommen, die in anderen Fach- und Berufsrichtungen ma\u00dfgeblich auftauchen.<\/span><\/p>\n<p><span style=\"font-family: Arial,Helvetica\">Zugrunde liegt der qualitativ ausgerichtete Arbeitsansatz von Dr. Johanna Barbara Sattler.<\/span><\/p>\n<p><span style=\"font-family: Arial,Helvetica\">Die Teilnehmer sollen im Laufe der Zusatzausbildung mindestens <em>ein Fallbeispiel<\/em> beobachten, beschreiben und dar\u00fcber berichten. Des Weiteren sollen aus verschiedenen Themenbereichen <em>zwei Referate<\/em> erarbeitet und schriftlich abgegeben werden. <\/span><br \/>\n<span style=\"font-family: Arial,Helvetica\">\u00a0<\/span><\/p>\n<p><span style=\"font-family: arial, helvetica, sans-serif;font-size: 14pt\"><strong>Inhaltliche Schwerpunkte:<\/strong><\/span><\/p>\n<ul>\n<li><span style=\"font-family: Arial,Helvetica\">Bestimmung der H\u00e4ndigkeit (Test- und Beobachtungsm\u00f6glichkeiten, aber auch Grenzen der heutigen Testverfahren).<\/span><\/li>\n<li><span style=\"font-family: Arial,Helvetica\">Das Testen von Kindern mit Bewegungsauff\u00e4lligkeiten sollte von besonders qualifiziert LHB durchgef\u00fchrt werden, vornehmlich von Bewegungstherapeuten und Medizinern<\/span><\/li>\n<li><span style=\"font-family: Arial,Helvetica\">Wie geht man mit angeblichen &#8222;Beidh\u00e4ndern&#8220; um?<\/span><\/li>\n<li><span style=\"font-family: Arial,Helvetica\">Prim\u00e4r- und Sekund\u00e4rfolgen der Umschulung der H\u00e4ndigkeit.<\/span><\/li>\n<li><span style=\"font-family: Arial,Helvetica\">R\u00fcckschulung der H\u00e4ndigkeit bei Kindern und Erwachsenen &#8211; Chancen und Gefahren.<\/span><\/li>\n<li><span style=\"font-family: Arial,Helvetica\">Handhaltung beim Schreiben, Schneiden und anderen grundlegenden T\u00e4tigkeiten mit links.<\/span><\/li>\n<li><span style=\"font-family: Arial,Helvetica\">Arbeitsplatzanordnung und Gebrauchsgegenst\u00e4nde &#8211; ergonomische Fragestellungen.<\/span><\/li>\n<li><span style=\"font-family: Arial,Helvetica\">Elterngespr\u00e4che \u00fcber die H\u00e4ndigkeit des Kindes.<\/span><\/li>\n<li><span style=\"font-family: Arial,Helvetica\">Hinweise zu beruflichen Entscheidungen von Linksh\u00e4ndern.<\/span><\/li>\n<li><span style=\"font-family: Arial,Helvetica\">Typische Neigungen und Tendenzen des Links- und Rechtsh\u00e4nders zu denken und zu handeln.<\/span><\/li>\n<li><span style=\"font-family: Arial,Helvetica\">\u00d6ffentlichkeitsarbeit.<\/span><\/li>\n<\/ul>\n<p><span style=\"font-family: arial, helvetica, sans-serif\"><span style=\"font-size: 14pt\"><strong>Zielgruppen:<\/strong><\/span><span style=\"font-size: 14pt\">\u00a0<\/span> <\/span><br \/>\n<span style=\"font-family: Arial,Helvetica\">\u00c4rzte, P\u00e4dagogen, Erzieher, Psychotherapeuten, Ergotherapeuten, Heilp\u00e4dagogen, Motop\u00e4den, Logop\u00e4den, Physiotherapeuten, Sozialp\u00e4dagogen. <\/span><br \/>\n<span style=\"font-family: Arial,Helvetica\">\u00a0<\/span><span style=\"font-size: 12pt;font-family: georgia, palatino, serif\"><br \/>\n<\/span><\/p>\n<p><span style=\"font-family: arial, helvetica, sans-serif\"><span style=\"font-size: 14pt\"><strong>Voraussetzung:<\/strong><\/span><span style=\"font-size: 14pt\">\u00a0<\/span> <\/span><br \/>\n<span style=\"font-family: Arial,Helvetica\">Abgeschlossene Berufsausbildung und Berufserfahrung in einem der o.g. Fachgebiete.<\/span><\/p>\n<p>&nbsp;<\/p>\n<p><strong><span style=\"font-family: Arial,Helvetica\"><span style=\"font-size: 14pt\">Umfang der Zusatzausbildung:<\/span><br \/>\n<\/span><\/strong><span style=\"font-family: Arial,Helvetica\">6 Seminar-Bl\u00f6cke und ein oder zwei zwischenzeitliche Supervisions-Seminare, in denen vertiefend die Fragestellungen der eigenen Fachrichtung und Fallbesprechungen behandelt werden sollen. Der Gesamtumfang der Zusatzausbildung wird mindestens 100 Stunden (\u00e0 45 Minuten) betragen. M\u00f6glich ist 3 Seminar-Bl\u00f6cke in einer Kompaktveranstaltung zusammenzufassen. Besonders zwischen den beiden ersten Seminar-Bl\u00f6cken und dem Kompaktseminar soll eine angemessene Zeit der praktischen Arbeit an der Thematik liegen. <\/span><br \/>\n<span style=\"font-family: Arial,Helvetica\">Geplant ist eine Erweiterung um das Angebot einzelner Module. Das wird auch zu einer Verl\u00e4ngerung des Gesamtumfangs f\u00fchren.<\/span><\/p>\n<p><span style=\"font-family: Arial,Helvetica\">\u00a0 <\/span><\/p>\n<p><span style=\"font-family: arial, helvetica, sans-serif;font-size: 14pt\"><strong>Inhaltlicher Ablauf (\u00c4nderungen vorbehalten):<\/strong><\/span><\/p>\n<p><span style=\"font-family: arial, helvetica, sans-serif\">1. <u>Seminar-Block:<\/u> Linksh\u00e4nder und umgeschulte Linksh\u00e4nder im p\u00e4dagogischen und therapeutischen Bereich<br \/>\n<\/span><\/p>\n<p><span style=\"font-family: Arial,Helvetica\">2. <u>Seminar-Block:<\/u> Der umgeschulte Linksh\u00e4nder<\/span><\/p>\n<p><span style=\"font-family: Arial,Helvetica\">3. <u>Seminar-Block:<\/u> Der nicht umgeschulte Linksh\u00e4nder<\/span><\/p>\n<p><span style=\"font-family: Arial,Helvetica\">4. <u>Seminar-Block:<\/u> P\u00e4dagogik und Diagnostik<\/span><\/p>\n<p><span style=\"font-family: Arial,Helvetica\">5. <u>Seminar-Block:<\/u> Vertiefung der H\u00e4ndigkeitsbeobachtung und R\u00fcckschulung der H\u00e4ndigkeit. Beidh\u00e4nder und vermeintliche Beidh\u00e4nder<\/span><\/p>\n<p><span style=\"font-family: Arial,Helvetica\">6. <u>Seminar-Block:<\/u> <\/span><span style=\"font-family: arial, helvetica, sans-serif\">\u00d6ffentlichkeitsarbeit, Musik und Linksh\u00e4ndigkeit, noch offene Themen, Referate, Fallberichte und Kolloqui<\/span>um<\/p>\n<p><span style=\"font-family: Arial,Helvetica\"><u>Supervisions-Seminar(e):<\/u> Fallbesprechungen in kleineren Gruppen zwischen den Seminar-Bl\u00f6cken 1-6<\/span><\/p>\n<p><span style=\"font-family: Arial,Helvetica\">Fallberichte und Referate werden ab dem 3. Seminar-Block nach vorheriger Absprache eingebracht.<\/span><\/p>\n<p><span style=\"font-family: Arial,Helvetica\">Themen der geplanten einzelnen Module sind die Vertiefung der Auseinandersetzung mit Testmethodik und H\u00e4ndigkeit, Bewegungsauff\u00e4lligkeiten bei Kindern und die Auswirkung auf die H\u00e4ndigkeit und eine Vertiefung grafomotorischer Fragestellungen. <\/span><br \/>\n<span style=\"font-size: 12pt;font-family: georgia, palatino, serif\">\u00a0 <\/span><\/p>\n<p><span style=\"font-family: arial, helvetica, sans-serif\"><strong><span style=\"font-size: 14pt\">F\u00fcr Inhalt und fachliche Wissenvermittlung im Lehrgang verantwortlich:<\/span><\/strong><\/span><\/p>\n<p><span style=\"font-family: Arial,Helvetica\">Dr. Johanna Barbara Sattler, Psychologin, approbierte Psychotherapeutin, Leiterin der Ersten deutschen Beratungs- und Informationsstelle f\u00fcr Linksh\u00e4nder und umgeschulte Linksh\u00e4nder, M\u00fcnchen.<\/span><\/p>\n<p><span style=\"font-family: Arial,Helvetica\">Es ist geplant, einen Beirat zu schaffen, in dem Fachleute aus verschiedenen Berufsgruppen \u00fcber die Lerninhalte, die inhaltliche Relevanz der Zusatzausbildung, der vorgelegten Referate und Fallberichte beraten und wachen. Ein Curriculum ist in Vorbereitung. <\/span><br \/>\n<span style=\"font-family: Arial,Helvetica\">\u00a0<\/span><\/p>\n<p><span style=\"font-family: arial, helvetica, sans-serif\"><strong><span style=\"font-size: 14pt\">Zertifikat:<\/span><\/strong><\/span><\/p>\n<p><span style=\"font-family: Arial,Helvetica\">Das Zertifikat wird nach einem abschlie\u00dfenden Kolloquium erlangt, wobei zuvor ein Fallbericht (schriftlich ausgearbeitet) und zwei Referate (auch schriftlich) zu erbringen sind. Das Zertifikat wird von Dr. Johanna Barbara Sattler ausgestellt.<\/span><\/p>\n<p><span style=\"font-family: Arial,Helvetica\">Mit dem Erhalt des Zertifikats ist auch die Verpflichtung verbunden, regelm\u00e4\u00dfig in Supervisionsseminaren, Treffen mit anderen Linksh\u00e4nderberatern nach o.g. Methodik, Fachtagung,Arbeit in Klein- und Gro\u00dfgruppen aus zertifizierten Linksh\u00e4nder-BeraterInnen, Updates oder Wiederholung des einen oder anderen Seminar-Blocks sein Wissen aufzufrischen und zu aktualisieren. Der Nachweis dar\u00fcber ist regelm\u00e4\u00dfig vorzulegen (sp\u00e4testens jeweils vor dem Ablauf von f\u00fcnf Jahren, dann wird ein aktualisiertes Zertifikat ausgestellt).<\/span><\/p>\n<p><span style=\"font-family: Arial,Helvetica\">Zeitlicher Umfang dieser Weiterbildung betr\u00e4gt mindestens 50 UE. Dies entspricht einem Seminar von anderthalb Tagen j\u00e4hrlich. W\u00fcnschenswert w\u00e4re, dass etwa jedes Jahr eine diesbez\u00fcgliche Veranstaltung besucht wird und\/oder in Klein- und Gro\u00dfgruppen der zertifizierten Linksh\u00e4nder-BeraterInnen gearbeitet wird. <\/span><br \/>\n<span style=\"font-family: Arial,Helvetica\">\u00a0<\/span><\/p>\n<p><strong><span style=\"font-family: arial, helvetica, sans-serif;font-size: 14pt\">Veranstaltungsorte und Referenten:<\/span><\/strong><\/p>\n<p><span style=\"font-family: Arial,Helvetica\">Die Zusatzausbildung wird an verschiedenen Orten von verschiedenen Veranstaltern angeboten. Durchgef\u00fchrt werden die Seminare in der Regel von <strong>Dr. Sattler<\/strong>. Von anderen Referenten abgehaltene Seminare werden als Bestandteil dieser Zusatzausbildung nur dann anerkannt, wenn die jeweilige Veranstaltung zuvor von Dr. Sattler autorisiert wurde. <\/span><br \/>\n<span style=\"font-family: Arial,Helvetica\">\u00a0<\/span><\/p>\n<p><span style=\"font-family: Arial,Helvetica\"><a href=\"http:\/\/www.linkshaender-beratung.de\/deutsch\/Sattler%20Linkshaender-Berater%20Zusatzausbildung.htm\">Veranstalter und Termine<\/a>:<\/span><\/p>\n<p><span style=\"font-family: Arial,Helvetica\">Die gesamte Zusatzausbildung wird derzeit von folgenden Veranstaltern angeboten:<\/span><\/p>\n<p><span style=\"font-family: Arial,Helveticaf\"><u><a href=\"https:\/\/www.akademiebamberg.de\">Akademie f\u00fcr praxisnahe Bildung e.V.<\/a>,<\/u> Lichtenhaidestr. 15, 96049 Bamberg, Tel. 0951 \/ 20 20 76<\/span><br \/>\n<span style=\"font-family: Arial,Helvetica\"><u><a href=\"http:\/\/www.heimerer-akademie.de\/index.php?id=53\">Heimerer Akademie<\/a><\/u>, Schlo\u00dfstr. 26, 04860 Torgau, Tel. 03421 \/ 72 87 72 -0<\/span><br \/>\n<span style=\"font-family: Arial,Helvetica\">Termine und Kosten sind bei den Veranstaltern zu erfragen. <\/span><\/p>\n<ul>\n<li><strong>Seminare, <\/strong>die dem <strong> Seminar-Block<\/strong> entsprechen werden an verschiedenen Orten durchgef\u00fchrt, Informationen dazu in M\u00fcnchen, Tel. 089 \/ 26 86 14.<\/li>\n<\/ul>\n<p><span style=\"font-family: Arial,Helvetica\"><u>Wichtiger Hinweis:<\/u> \u00c4nderungen in der inhaltlichen Abfolge und bei der Zulassung unter Ber\u00fccksichtigung von Vorwissen sind vorbehalten.<\/span><\/p>\n<p>&nbsp;<\/p>\n<p><span style=\"font-family: Arial,Helvetica\">Stand: 15. November 2024<\/span><\/p>\n<p><span style=\"font-family: Arial,Helvetica\">\u00a9 Copyright: Erste deutsche Beratungs- und Informationsstelle f\u00fcr Linksh\u00e4nder und umgeschulte Linksh\u00e4nder <\/span><br \/>\n<span style=\"font-family: Arial,Helvetica\">Sendlinger Str. 17, 80331 M\u00fcnchen, Tel. \/ Fax: +49 \/ 89 \/ 26 86 14 <\/span><br \/>\n<span style=\"font-family: Arial,Helvetica\"><a href=\"http:\/\/www.linkshaender-beratung.de\/deutsch\/index.htm\">http:\/\/www.lefthander-consulting.org,<\/a> e-mail: <a href=\"mailto:info@linkshaender-beratung.de\">info@lefthander-consulting.org<\/a><\/span><\/p>\n","protected":false},"excerpt":{"rendered":"<p>\u00ae Zusatzausbildung zum\/zur S-MH\u00ae Linksh\u00e4nder-BeraterIn nach Methodik Dr. Johanna Barbara Sattler mit Abschlusszertifikat \u00a0 Diese Zusatzausbildung k\u00f6nnen Fachleute erwerben, die eine Berufsausbildung und Berufserfahrungen in p\u00e4dagogischen, therapeutischen oder medizinischen Bereichen haben. \u00a0 Ziel ist, dass die Teilnehmer aus den einzelnen Berufsgruppen sowohl wichtige Inhalte f\u00fcr ihr Fachgebiet bez\u00fcglich H\u00e4ndigkeit erarbeiten, als auch einen profunden Einblick in Fragestellungen zur Linksh\u00e4ndigkeit bekommen, die in anderen Fach- und Berufsrichtungen ma\u00dfgeblich auftauchen. Zugrunde liegt der qualitativ ausgerichtete Arbeitsansatz von Dr. Johanna Barbara Sattler. Die Teilnehmer sollen im Laufe der Zusatzausbildung mindestens ein Fallbeispiel beobachten, beschreiben und dar\u00fcber berichten. Des Weiteren sollen aus verschiedenen Themenbereichen zwei Referate erarbeitet und schriftlich abgegeben werden. \u00a0 Inhaltliche Schwerpunkte: Bestimmung der H\u00e4ndigkeit (Test- und Beobachtungsm\u00f6glichkeiten, aber auch Grenzen der heutigen Testverfahren). Das Testen von Kindern mit Bewegungsauff\u00e4lligkeiten sollte von besonders qualifiziert LHB durchgef\u00fchrt werden, vornehmlich von Bewegungstherapeuten und Medizinern Wie geht man mit angeblichen &#8222;Beidh\u00e4ndern&#8220; um? Prim\u00e4r- und Sekund\u00e4rfolgen der Umschulung der H\u00e4ndigkeit. &#8230; <a title=\"Zusatzausbildung zum S-MH Berater\" class=\"read-more\" href=\"https:\/\/lefthander-consulting.org\/deutsch\/aktuelles\/zusatzausbildung-zum-s-mh-berater\/\" aria-label=\"Mehr Informationen \u00fcber Zusatzausbildung zum S-MH Berater\">Read more<\/a><\/p>\n","protected":false},"author":4,"featured_media":0,"parent":25,"menu_order":0,"comment_status":"closed","ping_status":"closed","template":"","meta":{"_cbd_carousel_blocks":"[]","footnotes":""},"class_list":["post-4593","page","type-page","status-publish"],"_links":{"self":[{"href":"https:\/\/lefthander-consulting.org\/deutsch\/wp-json\/wp\/v2\/pages\/4593","targetHints":{"allow":["GET"]}}],"collection":[{"href":"https:\/\/lefthander-consulting.org\/deutsch\/wp-json\/wp\/v2\/pages"}],"about":[{"href":"https:\/\/lefthander-consulting.org\/deutsch\/wp-json\/wp\/v2\/types\/page"}],"author":[{"embeddable":true,"href":"https:\/\/lefthander-consulting.org\/deutsch\/wp-json\/wp\/v2\/users\/4"}],"replies":[{"embeddable":true,"href":"https:\/\/lefthander-consulting.org\/deutsch\/wp-json\/wp\/v2\/comments?post=4593"}],"version-history":[{"count":2,"href":"https:\/\/lefthander-consulting.org\/deutsch\/wp-json\/wp\/v2\/pages\/4593\/revisions"}],"predecessor-version":[{"id":15459,"href":"https:\/\/lefthander-consulting.org\/deutsch\/wp-json\/wp\/v2\/pages\/4593\/revisions\/15459"}],"up":[{"embeddable":true,"href":"https:\/\/lefthander-consulting.org\/deutsch\/wp-json\/wp\/v2\/pages\/25"}],"wp:attachment":[{"href":"https:\/\/lefthander-consulting.org\/deutsch\/wp-json\/wp\/v2\/media?parent=4593"}],"curies":[{"name":"wp","href":"https:\/\/api.w.org\/{rel}","templated":true}]}}