{"id":45,"date":"2018-06-07T15:05:00","date_gmt":"2018-06-07T13:05:12","guid":{"rendered":"https:\/\/lefthander-consulting.org\/?page_id=45"},"modified":"2025-08-15T14:34:43","modified_gmt":"2025-08-15T12:34:43","slug":"infomaterial","status":"publish","type":"page","link":"https:\/\/lefthander-consulting.org\/deutsch\/netzwerk\/infomaterial\/","title":{"rendered":"Infomaterial"},"content":{"rendered":"<p style=\"font-weight: 400\">Zur ersten Information \u00fcber die Thematik sind die folgenden Artikel zu empfehlen:<\/p>\n<ul>\n<li style=\"font-weight: 400\"><a href=\"https:\/\/lefthander-consulting.org\/deutsch\/netzwerk\/infomaterial\/links-vorbeitherapiert\/\">Links vorbeitherapiert<\/a>. M\u00fcnchener Medizinische Wochenschrift<\/li>\n<li style=\"font-weight: 400\"><a href=\"https:\/\/lefthander-consulting.org\/deutsch\/netzwerk\/infomaterial\/der-knacks-im-gedaechtnis\/\">Umgeschulte Linksh\u00e4nder &#8211; Der Knacks im Ged\u00e4chtnis<\/a><u>.<\/u>\u00a0M\u00fcnchener Medizinische Wochenschrift<\/li>\n<li style=\"font-weight: 400\"><a href=\"https:\/\/lefthander-consulting.org\/deutsch\/netzwerk\/infomaterial\/psychische-probleme-durch-umschulung\/\">Linksh\u00e4nder &#8211;<\/a><a href=\"https:\/\/lefthander-consulting.org\/deutsch\/netzwerk\/infomaterial\/psychische-probleme-durch-umschulung\/\"> Psy<\/a><a href=\"https:\/\/lefthander-consulting.org\/deutsch\/netzwerk\/infomaterial\/psychische-probleme-durch-umschulung\/\">c<\/a><a href=\"https:\/\/lefthander-consulting.org\/deutsch\/netzwerk\/infomaterial\/psychische-probleme-durch-umschulung\/\">hische<\/a><a href=\"https:\/\/lefthander-consulting.org\/deutsch\/netzwerk\/infomaterial\/psychische-probleme-durch-umschulung\/\"> Proble<\/a><a href=\"https:\/\/lefthander-consulting.org\/deutsch\/netzwerk\/infomaterial\/psychische-probleme-durch-umschulung\/\">me<\/a><a href=\"https:\/\/lefthander-consulting.org\/deutsch\/netzwerk\/infomaterial\/psychische-probleme-durch-umschulung\/\"> durch Umschulung<\/a>. Psychologie heute<\/li>\n<li style=\"font-weight: 400\"><a href=\"https:\/\/lefthander-consulting.org\/deutsch\/netzwerk\/infomaterial\/umschulung-der-haendigkeit\/\">Umschulung der<\/a><a href=\"https:\/\/lefthander-consulting.org\/deutsch\/netzwerk\/infomaterial\/umschulung-der-haendigkeit\/\">\u00a0H\u00e4n<\/a><a href=\"https:\/\/lefthander-consulting.org\/deutsch\/netzwerk\/infomaterial\/umschulung-der-haendigkeit\/\">digkeit.<\/a><a href=\"https:\/\/lefthander-consulting.org\/deutsch\/netzwerk\/infomaterial\/umschulung-der-haendigkeit\/\"> Ein massiver Eingriff ins menschliche Gehirn<\/a>.\u00a0Lernen-F\u00f6rdern. Zeitschrift f\u00fcr Eltern, Lehrer und Erzieher<\/li>\n<li style=\"font-weight: 400\"><a href=\"https:\/\/lefthander-consulting.org\/deutsch\/netzwerk\/infomaterial\/zur-testung-der-haendigkeit\/\">Z<\/a><a href=\"https:\/\/lefthander-consulting.org\/deutsch\/netzwerk\/infomaterial\/zur-testung-der-haendigkeit\/\">ur<\/a><a href=\"https:\/\/lefthander-consulting.org\/deutsch\/netzwerk\/infomaterial\/zur-testung-der-haendigkeit\/\"> Test<\/a><a href=\"https:\/\/lefthander-consulting.org\/deutsch\/netzwerk\/infomaterial\/zur-testung-der-haendigkeit\/\">ung<\/a><a href=\"https:\/\/lefthander-consulting.org\/deutsch\/netzwerk\/infomaterial\/zur-testung-der-haendigkeit\/\"> der\u00a0H\u00e4ndigkeit<\/a>.\u00a0Left\u00a0Hand Corner<\/li>\n<\/ul>\n<p style=\"font-weight: 400\">F\u00fcr Kinder bei der Einschulung und f\u00fcr sich r\u00fcckschulende Kinder und Erwachsene auf die dominante linke Hand findet man wichtige Hinweise in:<\/p>\n<ul>\n<li style=\"font-weight: 400\"><a href=\"https:\/\/lefthander-consulting.org\/deutsch\/InfoSchreiben.htm\">Infoblatt zur Schreibhaltung<\/a><\/li>\n<li style=\"font-weight: 400\"><a href=\"https:\/\/lefthander-consulting.org\/deutsch\/information\/literatur\/chancen-und-gefahren-einer-rueckschulung-de-haendigkeit-bei-erwachsenen\/\">Chancen und Gefahren einer R\u00fcckschulung der\u00a0H\u00e4ndigkeit\u00a0bei Erwachsenen<\/a>. Ausz\u00fcge aus dem Buch &#8222;R\u00fcckschulung der\u00a0H\u00e4ndigkeit\u00a0bei Kindern und Erwachsenen. Chancen und Gefahren f\u00fcr Linksh\u00e4nder und Rechtsh\u00e4nder&#8220; von Dr. Johanna Barbara Sattler, das im Jahr 2001 erscheinen soll. Erstver\u00f6ffentlichung in der Zeitschrift\u00a0Left\u00a0Hand Corner<\/li>\n<\/ul>\n<p style=\"font-weight: 400\">Die Liste mit\u00a0<a href=\"https:\/\/lefthander-consulting.org\/deutsch\/netzwerk\/laeden-und-versand\/\">L\u00e4den und Versandgesch\u00e4ften f\u00fcr Linksh\u00e4nder-Gebrauchsgegenst\u00e4nde<\/a>\u00a0wird regelm\u00e4\u00dfig aktualisiert.<\/p>\n<p style=\"font-weight: 400\"><u>Genauere Information finden Sie insbesondere in den Fachb\u00fcchern:<\/u><\/p>\n<ul>\n<li style=\"font-weight: 400\"><a href=\"https:\/\/lefthander-consulting.org\/deutsch\/information\/literatur\/das-linkshaendige-kind-in-der-grundschule\/\">Das linksh\u00e4ndige Kind in der Grundschule<\/a>. 18. Auflage 2021<\/li>\n<li style=\"font-weight: 400\"><a href=\"https:\/\/lefthander-consulting.org\/deutsch\/information\/literatur\/der-umgeschulte-linkshaender-oder-der-knoten-im-gehirn\/\">Der umgeschulte Linksh\u00e4nder oder Der Knoten im Gehirn<\/a>. 14. Auflage 2023<\/li>\n<li style=\"font-weight: 400\"><a href=\"https:\/\/lefthander-consulting.org\/deutsch\/information\/literatur\/uebungen-fuer-linkshaender\/\">\u00dcbungen f\u00fcr Linksh\u00e4nder. Schreiben und Hantieren mit links<\/a>. 14. Auflage 2019<\/li>\n<li style=\"font-weight: 400\"><a href=\"https:\/\/lefthander-consulting.org\/deutsch\/information\/literatur\/uebungsheft-fuer-linkshaender\/\">\u00dcbungsheft f\u00fcr Linksh\u00e4nder<\/a>. 14. Auflage 2019<\/li>\n<li style=\"font-weight: 400\"><a href=\"https:\/\/lefthander-consulting.org\/deutsch\/information\/literatur\/die-psyche-des-linkshaendigen-kindes\/\">Die Psyche des linksh\u00e4ndigen Kindes. Von der Seele, die mit Tieren spricht<\/a>. 10. Auflage 2022<\/li>\n<li style=\"font-weight: 400\"><a href=\"https:\/\/lefthander-consulting.org\/deutsch\/information\/literatur\/links-und-rechts-in-der-wahrnehmung-des-menschen\/\">Links und\u00a0Rechts\u00a0in der Wahrnehmung des Menschen. Zur Geschichte der Linksh\u00e4ndigkeit<\/a>. 2000<\/li>\n<li style=\"font-weight: 400\"><a href=\"https:\/\/lefthander-consulting.org\/deutsch\/information\/literatur\/das-linkshaendige-kind-seine-begabungen-und-seine-schwierigkeiten\/\">Das linksh\u00e4ndige Kind &#8211; seine Begabungen und seine Schwierigkeiten. Eine Hilfe f\u00fcr Lehrerinnen und Lehrer zur Information beim Elternabend.<\/a> 7. Auflage 2021<\/li>\n<li style=\"font-weight: 400\"><a href=\"https:\/\/lefthander-consulting.org\/deutsch\/information\/literatur\/linkshaendige-kinder-im-kindergartenalter\/\">Linksh\u00e4ndige Kinder im Kindergartenalter.<\/a> Eine illustrierte Praxishilfe f\u00fcr Erzieherinnen und Eltern. Auer Verlag, Donauw\u00f6rth, 2007, 5. Auflage 2021.<\/li>\n<li style=\"font-weight: 400\"><a href=\"https:\/\/lefthander-consulting.org\/deutsch\/information\/literatur\/linke-hand-rechte-hand-ein-ratgeber-zur-haendigkeit\/\">Linke Hand &#8211; Rechte Hand: Ein Ratgeber zur\u00a0H\u00e4ndigkeit<\/a>. F\u00fcr Eltern, P\u00e4dagogen und Therapeuten. Herausgegeben vom Deutschen Verband der Ergotherapeuten. In: Schulz-Kirchner Verlag GmbH, Idstein, 2011, 2. Auflage 2017<\/li>\n<li style=\"font-weight: 400\"><a href=\"https:\/\/lefthander-consulting.org\/deutsch\/information\/literatur\/linkshaender-ein-ratgeber\/\">Linksh\u00e4ndig? Ein Ratgeber<\/a>. 7. mehrfach \u00fcberarbeitete und aktualisierte Auflage 2003<\/li>\n<li style=\"font-weight: 400\"><a href=\"https:\/\/lefthander-consulting.org\/deutsch\/information\/literatur\/schreibvoruebungen-fuer-linkshaender-mit-jobasa-teil-1-und-2\/\">Schreibvor\u00fcbungen f\u00fcr Linksh\u00e4nder mit\u00a0Jobasa<\/a>, Teil 1 und Teil 2. Auer Verlag, Donauw\u00f6rth, 6.\u00a0 bzw. 5. Auflage 2022<\/li>\n<li><a href=\"https:\/\/lefthander-consulting.org\/deutsch\/information\/literatur\/zahlen-schreiben-fuer-linkshaender-mit-jobasa\/\">Zahlen schreiben f\u00fcr Linksh\u00e4nder mit Jobasa<\/a>, Donauw\u00f6rth, 3. Auflage 2019<\/li>\n<\/ul>\n<p style=\"font-weight: 400\"><u>Weitere Ausf\u00fchrungen in Fachartikeln:<\/u><\/p>\n<ul>\n<li style=\"font-weight: 400\"><a href=\"https:\/\/lefthander-consulting.org\/deutsch\/information\/literatur\/linkshaender-in-der-arztpraxis\/\">Linksh\u00e4nder in der Arztpraxis<\/a>.\u00a0Bayerisches \u00c4rzteblatt<\/li>\n<li style=\"font-weight: 400\"><a href=\"https:\/\/lefthander-consulting.org\/deutsch\/information\/literatur\/linkshaender-und-umgeschulte-linkshaender-in-der-ergotherapie\/\">Linksh\u00e4nder und umgeschulte Linksh\u00e4nder in der Ergotherapie<\/a>.\u00a0Praxis\u00a0Ergotherpie<\/li>\n<li style=\"font-weight: 400\">Zur Bedeutsamkeit einer H\u00e4ndigkeitsdiagnostik f\u00fcr die berufliche Praxis aus der Sicht der Beratungs- und Informationsstelle f\u00fcr Linksh\u00e4nder und umgeschulte Linksh\u00e4nder. Left Hand Corner<\/li>\n<li style=\"font-weight: 400\"><a href=\"https:\/\/lefthander-consulting.org\/deutsch\/netzwerk\/infomaterial\/linkshaendige-und-umgeschulte-linkshaendige-kinder-und-jugendliche\/\">Linksh\u00e4ndige und umgeschulte linksh\u00e4ndige Kinder und Jugendliche<\/a>. In: KINDER- UND JUGENDARZT, Zeitschrift des Berufsverbandes der \u00c4rzte f\u00fcr Kinderheilkunde und Jugendmedizin Deutschlands e.V., 32. Jg. (2001) Nr. 2, S. 139-147.<\/li>\n<li style=\"font-weight: 400\"><a href=\"https:\/\/lefthander-consulting.org\/deutsch\/wp-content\/uploads\/2019\/04\/kinderundjugendarzt-Linkshaendigkeit07_2014.pdf\">Linksh\u00e4ndigkeit &#8211; Praktische Fragen an und f\u00fcr den Kinder- und Jugendlicharzt<\/a>. In: BVKJ Zeitschrift des Berufsverbandes der Kinder- und Jugend\u00e4rzte e.V., 2014. Heft 07\/14, 45.\u00a0Jg.,\u00a0S. 345 \u2013 347.<\/li>\n<\/ul>\n<p><u>Gebrauchsgegenst\u00e4nde f\u00fcr Linksh\u00e4nder:<\/u><\/p>\n<ul>\n<li>Stiftverdicker\u00a0 &#8211; <a href=\"https:\/\/lefthander-consulting.org\/deutsch\/netzwerk\/infomaterial\/sattler-grip\/\">Sattler Grip<\/a> &#8211; <a href=\"https:\/\/lefthander-consulting.org\/deutsch\/netzwerk\/infomaterial\/sattler-tri-grip\/\">Sattler Tri Grip<\/a><\/li>\n<li>Scheren<\/li>\n<li>Spitzer<\/li>\n<\/ul>\n","protected":false},"excerpt":{"rendered":"<p>Zur ersten Information \u00fcber die Thematik sind die folgenden Artikel zu empfehlen: Links vorbeitherapiert. M\u00fcnchener Medizinische Wochenschrift Umgeschulte Linksh\u00e4nder &#8211; Der Knacks im Ged\u00e4chtnis.\u00a0M\u00fcnchener Medizinische Wochenschrift Linksh\u00e4nder &#8211; Psychische Probleme durch Umschulung. Psychologie heute Umschulung der\u00a0H\u00e4ndigkeit. Ein massiver Eingriff ins menschliche Gehirn.\u00a0Lernen-F\u00f6rdern. Zeitschrift f\u00fcr Eltern, Lehrer und Erzieher Zur Testung der\u00a0H\u00e4ndigkeit.\u00a0Left\u00a0Hand Corner F\u00fcr Kinder bei der Einschulung und f\u00fcr sich r\u00fcckschulende Kinder und Erwachsene auf die dominante linke Hand findet man wichtige Hinweise in: Infoblatt zur Schreibhaltung Chancen und Gefahren einer R\u00fcckschulung der\u00a0H\u00e4ndigkeit\u00a0bei Erwachsenen. Ausz\u00fcge aus dem Buch &#8222;R\u00fcckschulung der\u00a0H\u00e4ndigkeit\u00a0bei Kindern und Erwachsenen. Chancen und Gefahren f\u00fcr Linksh\u00e4nder und Rechtsh\u00e4nder&#8220; von Dr. Johanna Barbara Sattler, das im Jahr 2001 erscheinen soll. Erstver\u00f6ffentlichung in der Zeitschrift\u00a0Left\u00a0Hand Corner Die Liste mit\u00a0L\u00e4den und Versandgesch\u00e4ften f\u00fcr Linksh\u00e4nder-Gebrauchsgegenst\u00e4nde\u00a0wird regelm\u00e4\u00dfig aktualisiert. Genauere Information finden Sie insbesondere in den Fachb\u00fcchern: Das linksh\u00e4ndige Kind in der Grundschule. 18. Auflage 2021 Der umgeschulte Linksh\u00e4nder oder Der Knoten im Gehirn. 14. Auflage 2023 \u00dcbungen &#8230; <a title=\"Infomaterial\" class=\"read-more\" href=\"https:\/\/lefthander-consulting.org\/deutsch\/netzwerk\/infomaterial\/\" aria-label=\"Mehr Informationen \u00fcber Infomaterial\">Read more<\/a><\/p>\n","protected":false},"author":1,"featured_media":0,"parent":814,"menu_order":47,"comment_status":"closed","ping_status":"closed","template":"","meta":{"_cbd_carousel_blocks":"[]","footnotes":""},"class_list":["post-45","page","type-page","status-publish"],"_links":{"self":[{"href":"https:\/\/lefthander-consulting.org\/deutsch\/wp-json\/wp\/v2\/pages\/45","targetHints":{"allow":["GET"]}}],"collection":[{"href":"https:\/\/lefthander-consulting.org\/deutsch\/wp-json\/wp\/v2\/pages"}],"about":[{"href":"https:\/\/lefthander-consulting.org\/deutsch\/wp-json\/wp\/v2\/types\/page"}],"author":[{"embeddable":true,"href":"https:\/\/lefthander-consulting.org\/deutsch\/wp-json\/wp\/v2\/users\/1"}],"replies":[{"embeddable":true,"href":"https:\/\/lefthander-consulting.org\/deutsch\/wp-json\/wp\/v2\/comments?post=45"}],"version-history":[{"count":2,"href":"https:\/\/lefthander-consulting.org\/deutsch\/wp-json\/wp\/v2\/pages\/45\/revisions"}],"predecessor-version":[{"id":14875,"href":"https:\/\/lefthander-consulting.org\/deutsch\/wp-json\/wp\/v2\/pages\/45\/revisions\/14875"}],"up":[{"embeddable":true,"href":"https:\/\/lefthander-consulting.org\/deutsch\/wp-json\/wp\/v2\/pages\/814"}],"wp:attachment":[{"href":"https:\/\/lefthander-consulting.org\/deutsch\/wp-json\/wp\/v2\/media?parent=45"}],"curies":[{"name":"wp","href":"https:\/\/api.w.org\/{rel}","templated":true}]}}