{"id":4469,"date":"2019-03-14T13:34:44","date_gmt":"2019-03-14T12:34:44","guid":{"rendered":"https:\/\/lefthander-consulting.org\/information\/literatur\/desk-pad-righty-schreibtisch-auflage-2\/"},"modified":"2021-09-07T10:38:25","modified_gmt":"2021-09-07T08:38:25","slug":"desk-pad-righty-schreibtisch-auflage-2","status":"publish","type":"page","link":"https:\/\/lefthander-consulting.org\/deutsch\/information\/literatur\/desk-pad-righty-schreibtisch-auflage-2\/","title":{"rendered":"DESK-PAD Righty Schreibtisch-Auflage"},"content":{"rendered":"<table>\n<tbody>\n<tr>\n<td style=\"width: 916.2px\" colspan=\"2\"><span style=\"font-size: 24pt;font-family: Arial,Helvetica\"><strong>DESK-PAD RIGHTY<sup>\u00ae<\/sup> <\/strong><\/span><\/p>\n<p><span style=\"font-family: Arial,Helvetica;font-size: 20pt\">Schreibtisch-Auflage f\u00fcr Rechtsh\u00e4nder<br \/>\n<\/span><span style=\"font-family: Arial,Helvetica;font-size: 16pt\">Dr. Johanna Barbara Sattler<\/span><\/td>\n<\/tr>\n<tr>\n<td style=\"width: 449.333px\"><span style=\"font-family: Arial,Helvetica\"><strong>DESK-PAD RIGHTY<\/strong><sup><strong>\u00ae<\/strong><br \/>\n<\/sup>Schreibtisch-Auflage f\u00fcr Rechtsh\u00e4nder<strong>,<\/strong><\/span><br \/>\n<span style=\"font-family: Arial,Helvetica\">in strapazierf\u00e4higem, rutschfesten Kunststoff,<br \/>\n53 x 40 cm<\/span><\/td>\n<td style=\"width: 449.333px\"><a href=\"https:\/\/lefthander-consulting.org\/deutsch\/wp-content\/uploads\/2019\/02\/PVC_Schreibtischauflage_Re-28.07.11-1.jpg\"><span style=\"font-family: Arial,Helvetica\"><img loading=\"lazy\" decoding=\"async\" class=\"alignleft wp-image-3627\" src=\"https:\/\/lefthander-consulting.org\/deutsch\/wp-content\/uploads\/2019\/02\/PVC_Schreibtischauflage_Re-28.07.11-1-300x220.jpg\" alt=\"\" width=\"220\" height=\"162\" srcset=\"https:\/\/lefthander-consulting.org\/deutsch\/wp-content\/uploads\/2019\/02\/PVC_Schreibtischauflage_Re-28.07.11-1-300x220.jpg 300w, https:\/\/lefthander-consulting.org\/deutsch\/wp-content\/uploads\/2019\/02\/PVC_Schreibtischauflage_Re-28.07.11-1-768x564.jpg 768w, https:\/\/lefthander-consulting.org\/deutsch\/wp-content\/uploads\/2019\/02\/PVC_Schreibtischauflage_Re-28.07.11-1-1024x753.jpg 1024w, https:\/\/lefthander-consulting.org\/deutsch\/wp-content\/uploads\/2019\/02\/PVC_Schreibtischauflage_Re-28.07.11-1.jpg 1713w\" sizes=\"auto, (max-width: 220px) 100vw, 220px\" \/><\/span><\/a><\/td>\n<\/tr>\n<tr>\n<td style=\"width: 449.333px\"><strong><span style=\"font-family: Arial,Helvetica\">DESK-PAD RIGHTY<sup>\u00ae Paper<\/sup><\/span><\/strong><br \/>\n<span style=\"font-family: Arial,Helvetica\">Schreibunterlagen-Block f\u00fcr Rechtsh\u00e4nder,<br \/>\n20 Blatt, DIN A3<\/span><\/td>\n<td style=\"width: 449.333px\"><a href=\"https:\/\/lefthander-consulting.org\/deutsch\/wp-content\/uploads\/2019\/02\/Papier_Schreibtischauflage_rechts_innen-1-28.7.11.jpg\"><span style=\"font-family: Arial,Helvetica\"><img loading=\"lazy\" decoding=\"async\" class=\"alignleft wp-image-3622\" src=\"https:\/\/lefthander-consulting.org\/deutsch\/wp-content\/uploads\/2019\/02\/Papier_Schreibtischauflage_rechts_innen-1-28.7.11-300x215.jpg\" alt=\"\" width=\"220\" height=\"158\" srcset=\"https:\/\/lefthander-consulting.org\/deutsch\/wp-content\/uploads\/2019\/02\/Papier_Schreibtischauflage_rechts_innen-1-28.7.11-300x215.jpg 300w, https:\/\/lefthander-consulting.org\/deutsch\/wp-content\/uploads\/2019\/02\/Papier_Schreibtischauflage_rechts_innen-1-28.7.11-768x551.jpg 768w, https:\/\/lefthander-consulting.org\/deutsch\/wp-content\/uploads\/2019\/02\/Papier_Schreibtischauflage_rechts_innen-1-28.7.11-1024x734.jpg 1024w\" sizes=\"auto, (max-width: 220px) 100vw, 220px\" \/><\/span><\/a><\/td>\n<\/tr>\n<\/tbody>\n<\/table>\n<p>&nbsp;<\/p>\n<p><span style=\"font-family: Arial,Helvetica\">Auf der im Jahr 2011 erstmalig erarbeiteten Schreibtisch-Auflage <strong>DESK-PAD RIGHTY <\/strong><sup>\u00ae<\/sup><strong> f\u00fcr Rechtsh\u00e4nder<\/strong> wird durch die aufgedruckte Zeichnung eine Blattlage und Handhaltung vorgegeben, die dem Kind zu einer lockeren und unverkrampften Schreibhaltung verhilft.<\/span><\/p>\n<p><span style=\"font-family: Arial,Helvetica\">Die Zeichnung gibt eine leichte Neigung des Blattes nach links vor, die f\u00fcr rechtsh\u00e4ndiges Schreiben bequem und ergonomisch sinnvoll ist. Viele Rechtsh\u00e4nder eignen sich diese Haltung im Laufe der Zeit an und benutzen die linke Hand als Haltehand am linken Blattrand.<\/span><\/p>\n<p><span style=\"font-family: Arial,Helvetica\">Die Auflage f\u00fcr Rechtsh\u00e4nder stillt auch das Bed\u00fcrfnis vieler rechtsh\u00e4ndiger Kinder, den linksh\u00e4ndigen Kindern gegen\u00fcber nicht benachteiligt zu sein und erf\u00fcllt das Bed\u00fcrfnis von P\u00e4dagogen, keine Gruppe ausgrenzen zu m\u00fcssen. Fr\u00fchzeitig wird so eine lockere Haltung beim Malen und bei den ersten Schreibversuchen einge\u00fcbt und gef\u00f6rdert und auch der linken Haltehand ein sicherer Platz zugewiesen. Die Schreibtisch-Auflage passt auf jeden Schultisch und geh\u00f6rt auch in das Kinderzimmer des rechtsh\u00e4ndigen Kindes.<\/span><\/p>\n<p><span style=\"font-family: Arial,Helvetica\">Diese Auflage f\u00fcr den Arbeitplatz des Rechtsh\u00e4nders gibt es entweder als DIN A3-Block mit abget\u00f6ntem Papier (DESK-PAD RIGHTY<sup>\u00ae PAPER<\/sup>) oder in den Ma\u00dfen 53 x 40 cm in farbenfrohem, strapazierf\u00e4higem, abwaschbarem und rutschfestem Kunststoff.<\/span><\/p>\n<p><span style=\"font-family: Arial,Helvetica\">Als Bild f\u00fcr die Fingerbeweglichkeit dient der Kopf von <a href=\"https:\/\/lefthander-consulting.org\/deutsch\/information\/literatur\/schreibvoruebungen-fuer-linkshaender-mit-jobasa-teil-1-und-2\/\">Jobasa<\/a>, einer weisen Schildkr\u00f6te.<\/span><\/p>\n<p><span style=\"font-family: Arial,Helvetica\">Der Pfeil zeigt die Schriftrichtung an.<\/span><\/p>\n<p>&nbsp;<\/p>\n<table>\n<tbody>\n<tr>\n<td width=\"365\"><span style=\"font-family: Arial,Helvetica\"><a href=\"https:\/\/www.kum.net\/\">KUM GmbH<\/a>, Erlangen<\/span><\/p>\n<p><span style=\"font-family: Arial,Helvetica\">Kunststoffauflage Bestell-Nr. 512.01.19<\/span><br \/>\n<span style=\"font-family: Arial,Helvetica\">Papier-Block Bestell-Nr. 512.02.19<\/span><\/td>\n<td width=\"336\"><\/td>\n<\/tr>\n<\/tbody>\n<\/table>\n<p>&nbsp;<\/p>\n<table>\n<tbody>\n<tr>\n<td width=\"189\"><a href=\"https:\/\/lefthander-consulting.org\/deutsch\/information\/literatur\/schreibunterlagen-block\/\"><span style=\"font-family: Arial,Helvetica\"><img loading=\"lazy\" decoding=\"async\" class=\"alignleft wp-image-3633\" src=\"https:\/\/lefthander-consulting.org\/deutsch\/wp-content\/uploads\/2019\/02\/2926.jpg\" alt=\"\" width=\"220\" height=\"155\" \/><\/span><\/a><\/td>\n<td width=\"194\"><a href=\"https:\/\/lefthander-consulting.org\/deutsch\/netzwerk\/infomaterial\/schreibtischauflagen-fuer-links-und-rechtshaender\/\"><img loading=\"lazy\" decoding=\"async\" class=\"alignleft wp-image-3625\" src=\"https:\/\/lefthander-consulting.org\/deutsch\/wp-content\/uploads\/2019\/02\/alle-300x202.jpg\" alt=\"\" width=\"220\" height=\"148\" srcset=\"https:\/\/lefthander-consulting.org\/deutsch\/wp-content\/uploads\/2019\/02\/alle-300x202.jpg 300w, https:\/\/lefthander-consulting.org\/deutsch\/wp-content\/uploads\/2019\/02\/alle.jpg 561w\" sizes=\"auto, (max-width: 220px) 100vw, 220px\" \/><\/a><\/td>\n<td width=\"192\"><a href=\"https:\/\/lefthander-consulting.org\/deutsch\/information\/literatur\/desk-pad-lefty\/\"><img loading=\"lazy\" decoding=\"async\" class=\"alignleft wp-image-3626\" src=\"https:\/\/lefthander-consulting.org\/deutsch\/wp-content\/uploads\/2019\/02\/PVC_Schreibtischauflage_Li-28.07.11-1-300x226.jpg\" alt=\"\" width=\"220\" height=\"166\" srcset=\"https:\/\/lefthander-consulting.org\/deutsch\/wp-content\/uploads\/2019\/02\/PVC_Schreibtischauflage_Li-28.07.11-1-300x226.jpg 300w, https:\/\/lefthander-consulting.org\/deutsch\/wp-content\/uploads\/2019\/02\/PVC_Schreibtischauflage_Li-28.07.11-1-768x578.jpg 768w, https:\/\/lefthander-consulting.org\/deutsch\/wp-content\/uploads\/2019\/02\/PVC_Schreibtischauflage_Li-28.07.11-1-1024x771.jpg 1024w, https:\/\/lefthander-consulting.org\/deutsch\/wp-content\/uploads\/2019\/02\/PVC_Schreibtischauflage_Li-28.07.11-1.jpg 1125w\" sizes=\"auto, (max-width: 220px) 100vw, 220px\" \/><\/a><\/td>\n<td width=\"189\"><a href=\"https:\/\/lefthander-consulting.org\/deutsch\/information\/literatur\/desk-pad-lefty\/\"><img loading=\"lazy\" decoding=\"async\" class=\"alignleft wp-image-3621\" src=\"https:\/\/lefthander-consulting.org\/deutsch\/wp-content\/uploads\/2019\/02\/Papier_Schreibtischauflage_links_innen-28.7.11-300x214.jpg\" alt=\"\" width=\"220\" height=\"157\" srcset=\"https:\/\/lefthander-consulting.org\/deutsch\/wp-content\/uploads\/2019\/02\/Papier_Schreibtischauflage_links_innen-28.7.11-300x214.jpg 300w, https:\/\/lefthander-consulting.org\/deutsch\/wp-content\/uploads\/2019\/02\/Papier_Schreibtischauflage_links_innen-28.7.11-768x548.jpg 768w, https:\/\/lefthander-consulting.org\/deutsch\/wp-content\/uploads\/2019\/02\/Papier_Schreibtischauflage_links_innen-28.7.11-1024x731.jpg 1024w\" sizes=\"auto, (max-width: 220px) 100vw, 220px\" \/><\/a><\/td>\n<td width=\"189\"><img loading=\"lazy\" decoding=\"async\" class=\"alignleft wp-image-3649\" title=\"https:\/\/lefthander-consulting.org\/deutsch\/wp-content\/uploads\/2019\/02\/Flyer_Linkshaender_innen-jpg-1.jpg\" src=\"https:\/\/lefthander-consulting.org\/deutsch\/wp-content\/uploads\/2019\/02\/Flyer_Linkshaender_innen-jpg-1-300x216.jpg\" alt=\"\" width=\"220\" height=\"158\" srcset=\"https:\/\/lefthander-consulting.org\/deutsch\/wp-content\/uploads\/2019\/02\/Flyer_Linkshaender_innen-jpg-1-300x216.jpg 300w, https:\/\/lefthander-consulting.org\/deutsch\/wp-content\/uploads\/2019\/02\/Flyer_Linkshaender_innen-jpg-1-768x553.jpg 768w, https:\/\/lefthander-consulting.org\/deutsch\/wp-content\/uploads\/2019\/02\/Flyer_Linkshaender_innen-jpg-1-1024x737.jpg 1024w, https:\/\/lefthander-consulting.org\/deutsch\/wp-content\/uploads\/2019\/02\/Flyer_Linkshaender_innen-jpg-1.jpg 1484w\" sizes=\"auto, (max-width: 220px) 100vw, 220px\" \/><\/td>\n<td width=\"189\"><a href=\"https:\/\/lefthander-consulting.org\/deutsch\/wp-content\/uploads\/2019\/02\/Flyer_Rechtshaender_innen-jpg-1.jpg\"><img loading=\"lazy\" decoding=\"async\" class=\"alignleft wp-image-3650\" src=\"https:\/\/lefthander-consulting.org\/deutsch\/wp-content\/uploads\/2019\/02\/Flyer_Rechtshaender_innen-jpg-1-300x216.jpg\" alt=\"\" width=\"220\" height=\"158\" srcset=\"https:\/\/lefthander-consulting.org\/deutsch\/wp-content\/uploads\/2019\/02\/Flyer_Rechtshaender_innen-jpg-1-300x216.jpg 300w, https:\/\/lefthander-consulting.org\/deutsch\/wp-content\/uploads\/2019\/02\/Flyer_Rechtshaender_innen-jpg-1-768x552.jpg 768w, https:\/\/lefthander-consulting.org\/deutsch\/wp-content\/uploads\/2019\/02\/Flyer_Rechtshaender_innen-jpg-1-1024x736.jpg 1024w, https:\/\/lefthander-consulting.org\/deutsch\/wp-content\/uploads\/2019\/02\/Flyer_Rechtshaender_innen-jpg-1.jpg 1492w\" sizes=\"auto, (max-width: 220px) 100vw, 220px\" \/><\/a><\/td>\n<\/tr>\n<tr>\n<td width=\"189\"><span style=\"font-family: Arial,Helvetica\">Schreibunterlagen Block f\u00fcr <strong>Linksh\u00e4nder<\/strong>, DIN A2<\/span><\/td>\n<td width=\"194\"><span style=\"font-family: Arial,Helvetica\">Schreibtisch-Auflage f\u00fcr <strong>Linksh\u00e4nder<\/strong>, in strapazierf\u00e4higem, rutschfesten Kunststoff<\/span><\/td>\n<td width=\"192\"><span style=\"font-family: Arial,Helvetica\">DESK-PAD LEFTY<sup>\u00ae <\/sup>Schreibtisch-Auflage f\u00fcr <strong>Linksh\u00e4nder,<\/strong> in strapazierf\u00e4higem, rutschfesten Kunststoff<\/span><\/td>\n<td width=\"189\"><span style=\"font-family: Arial,Helvetica\">DESK-PAD LEFTY<sup>\u00ae Paper<\/sup> Schreibunterlagen-Block f\u00fcr <strong>Linksh\u00e4nder<\/strong>, DIN A3<\/span><\/td>\n<td width=\"189\"><span style=\"font-family: Arial,Helvetica\">\u00dcbersichtsbild aus dem siebensprachigen <strong>Flyer<\/strong> zur Schreibtisch-Auflage f\u00fcr <strong>Linksh\u00e4nder<\/strong><\/span><\/td>\n<td width=\"189\"><span style=\"font-family: Arial,Helvetica\">\u00dcbersichtsbild aus dem siebensprachigen <strong>Flyer<\/strong> zur Schreibtisch-Auflage f\u00fcr <strong>Rechtsh\u00e4nder<\/strong><\/span><\/td>\n<\/tr>\n<\/tbody>\n<\/table>\n<p>&nbsp;<\/p>\n<p><span style=\"font-family: Arial,Helvetica\">\u00a9 Copyright: Erste deutsche Beratungs- und Informationsstelle f\u00fcr Linksh\u00e4nder und umgeschulte Linksh\u00e4nder, Sendlinger Str. 17, 80331 M\u00fcnchen, Tel. \/ Fax: +49 \/ 89 \/ 26 86 14<\/span><br \/>\n<span style=\"font-family: Arial,Helvetica\"><a href=\"https:\/\/lefthander-consulting.org\">https:\/\/www.linkshaender-beratung.de,<\/a> e-mail: <a href=\"mailto:info@linkshaender-beratung.de\">info@lefthander-consulting.org<\/a><\/span><\/p>\n","protected":false},"excerpt":{"rendered":"<p>DESK-PAD RIGHTY\u00ae Schreibtisch-Auflage f\u00fcr Rechtsh\u00e4nder Dr. Johanna Barbara Sattler DESK-PAD RIGHTY\u00ae Schreibtisch-Auflage f\u00fcr Rechtsh\u00e4nder, in strapazierf\u00e4higem, rutschfesten Kunststoff, 53 x 40 cm DESK-PAD RIGHTY\u00ae Paper Schreibunterlagen-Block f\u00fcr Rechtsh\u00e4nder, 20 Blatt, DIN A3 &nbsp; Auf der im Jahr 2011 erstmalig erarbeiteten Schreibtisch-Auflage DESK-PAD RIGHTY \u00ae f\u00fcr Rechtsh\u00e4nder wird durch die aufgedruckte Zeichnung eine Blattlage und Handhaltung vorgegeben, die dem Kind zu einer lockeren und unverkrampften Schreibhaltung verhilft. Die Zeichnung gibt eine leichte Neigung des Blattes nach links vor, die f\u00fcr rechtsh\u00e4ndiges Schreiben bequem und ergonomisch sinnvoll ist. Viele Rechtsh\u00e4nder eignen sich diese Haltung im Laufe der Zeit an und benutzen die linke Hand als Haltehand am linken Blattrand. Die Auflage f\u00fcr Rechtsh\u00e4nder stillt auch das Bed\u00fcrfnis vieler rechtsh\u00e4ndiger Kinder, den linksh\u00e4ndigen Kindern gegen\u00fcber nicht benachteiligt zu sein und erf\u00fcllt das Bed\u00fcrfnis von P\u00e4dagogen, keine Gruppe ausgrenzen zu m\u00fcssen. Fr\u00fchzeitig wird so eine lockere Haltung beim Malen und bei den ersten Schreibversuchen einge\u00fcbt und gef\u00f6rdert und &#8230; <a title=\"DESK-PAD Righty Schreibtisch-Auflage\" class=\"read-more\" href=\"https:\/\/lefthander-consulting.org\/deutsch\/information\/literatur\/desk-pad-righty-schreibtisch-auflage-2\/\" aria-label=\"Mehr Informationen \u00fcber DESK-PAD Righty Schreibtisch-Auflage\">Read more<\/a><\/p>\n","protected":false},"author":4,"featured_media":0,"parent":41,"menu_order":8,"comment_status":"closed","ping_status":"closed","template":"","meta":{"_cbd_carousel_blocks":"[]","footnotes":"","tve_updated_post":"","tve_custom_css":"","tve_user_custom_css":"","tve_globals":{},"tcb2_ready":0,"tcb_editor_enabled":0,"tve_landing_page":"","_tve_header":"","_tve_footer":""},"class_list":["post-4469","page","type-page","status-publish"],"_links":{"self":[{"href":"https:\/\/lefthander-consulting.org\/deutsch\/wp-json\/wp\/v2\/pages\/4469","targetHints":{"allow":["GET"]}}],"collection":[{"href":"https:\/\/lefthander-consulting.org\/deutsch\/wp-json\/wp\/v2\/pages"}],"about":[{"href":"https:\/\/lefthander-consulting.org\/deutsch\/wp-json\/wp\/v2\/types\/page"}],"author":[{"embeddable":true,"href":"https:\/\/lefthander-consulting.org\/deutsch\/wp-json\/wp\/v2\/users\/4"}],"replies":[{"embeddable":true,"href":"https:\/\/lefthander-consulting.org\/deutsch\/wp-json\/wp\/v2\/comments?post=4469"}],"version-history":[{"count":2,"href":"https:\/\/lefthander-consulting.org\/deutsch\/wp-json\/wp\/v2\/pages\/4469\/revisions"}],"predecessor-version":[{"id":9599,"href":"https:\/\/lefthander-consulting.org\/deutsch\/wp-json\/wp\/v2\/pages\/4469\/revisions\/9599"}],"up":[{"embeddable":true,"href":"https:\/\/lefthander-consulting.org\/deutsch\/wp-json\/wp\/v2\/pages\/41"}],"wp:attachment":[{"href":"https:\/\/lefthander-consulting.org\/deutsch\/wp-json\/wp\/v2\/media?parent=4469"}],"curies":[{"name":"wp","href":"https:\/\/api.w.org\/{rel}","templated":true}]}}