{"id":41,"date":"2018-06-07T15:03:45","date_gmt":"2018-06-07T13:03:45","guid":{"rendered":"https:\/\/lefthander-consulting.org\/?page_id=41"},"modified":"2026-01-27T14:25:02","modified_gmt":"2026-01-27T13:25:02","slug":"literatur","status":"publish","type":"page","link":"https:\/\/lefthander-consulting.org\/deutsch\/information\/literatur\/","title":{"rendered":"Literatur"},"content":{"rendered":"<p style=\"font-weight: 400\"><b><strong>Eigene Publikationen<\/strong><\/b><\/p>\n<p style=\"font-weight: 400\"><b><strong><u>B\u00fccher<\/u><\/strong><\/b><\/p>\n<p style=\"font-weight: 400\">In Kooperation mit der wissenschaftlichen sowie der praxisbezogenen Arbeit der Ersten deutschen Beratungs- und Informationsstelle f\u00fcr Linksh\u00e4nder und umgeschulte Linksh\u00e4nder bzw. durch deren fachliche Konsultation sind folgende B\u00fccher entstanden:<\/p>\n<ul>\n<li>Sattler, Johanna Barbara, <a href=\"https:\/\/lefthander-consulting.org\/deutsch\/information\/literatur\/the-converted-left-hander-or-ther-knot-in-the-brain\/\">The Converted Left-Hander or the Knot in the Brain<\/a>, \u00dcbersetzung des Buches Der umgeschulte Linksh\u00e4nder oder Der Knoten im Gehirn.\u00a0 Auer Verlag, Augsburg, 1. Auflage 2025. Auch als E-Book erh\u00e4ltlich.<\/li>\n<li style=\"font-weight: 400\">Staatsinstitut f\u00fcr Schulp\u00e4dagogik und Bildungsforschung (Hrsg.),\u00a0<a href=\"https:\/\/lefthander-consulting.org\/deutsch\/information\/literatur\/das-linkshaendige-kind-in-der-grundschule\/\">Das linksh\u00e4ndige Kind in der Grundschule<\/a>. Erarbeitet im Auftrag des Bayerischen Kultusministeriums f\u00fcr Unterricht, Kultus, Wissenschaft und Kunst. Vertrieb Auer Verlag, Augsburg, 18. Auflage 2021<\/li>\n<li>Sattler, Johanna Barbara,\u00a0<a href=\"https:\/\/lefthander-consulting.org\/deutsch\/information\/literatur\/der-umgeschulte-linkshaender-oder-der-knoten-im-gehirn\/\">Der umgeschulte Linksh\u00e4nder oder Der Knoten im Gehirn<\/a>. Auer Verlag, Augsburg, 14. Auflage 2023<\/li>\n<li style=\"font-weight: 400\">Sattler, Johanna Barbara,\u00a0<a href=\"https:\/\/lefthander-consulting.org\/deutsch\/information\/literatur\/uebungen-fuer-linkshaender\/\">\u00dcbungen f\u00fcr Linksh\u00e4nder. Schreiben und Hantieren mit links<\/a>. Auer Verlag, Augsburg, 14. Auflage 2019<\/li>\n<li style=\"font-weight: 400\">Sattler, Johanna Barbara,\u00a0<a href=\"https:\/\/lefthander-consulting.org\/deutsch\/information\/literatur\/uebungsheft-fuer-linkshaender\/\">\u00dcbungsheft f\u00fcr Linksh\u00e4nder<\/a>. Auer Verlag, Augsburg, 16. Auflage 2021<\/li>\n<li style=\"font-weight: 400\">Sattler, Johanna Barbara,\u00a0<a href=\"https:\/\/lefthander-consulting.org\/deutsch\/information\/literatur\/die-psyche-des-linkshaendigen-kindes\/\">Die Psyche des linksh\u00e4ndigen Kindes. Von der Seele, die mit Tieren spricht<\/a>. Auer Verlag, Augsburg, 10. Auflage 2022. An achter Stelle der <a href=\"https:\/\/lefthander-consulting.org\/deutsch\/information\/literatur\/die-zeit-bestsellerliste\/\">Bestsellerliste der Zeitschrift DIE ZEIT<\/a>\u00a0vom 11.2.1999<\/li>\n<li style=\"font-weight: 400\">Sattler, Johanna Barbara,\u00a0<a href=\"https:\/\/lefthander-consulting.org\/deutsch\/information\/literatur\/links-und-rechts-in-der-wahrnehmung-des-menschen\/\">Links und Rechts in der Wahrnehmung des Menschen. Zur Geschichte der Linksh\u00e4ndigkeit<\/a>. Auer Verlag, Augsburg, 2000<\/li>\n<li style=\"font-weight: 400\">Sattler, Johanna Barbara,\u00a0<a href=\"https:\/\/lefthander-consulting.org\/deutsch\/information\/literatur\/das-linkshaendige-kind-seine-begabungen-und-seine-schwierigkeiten\/\">Das linksh\u00e4ndige Kind &#8211; seine Begabungen und seine Schwierigkeiten<\/a>. Eine Hilfe f\u00fcr Lehrerinnen und Lehrer zur Information beim Elternabend. Auer Verlag, Augsburg, 2003, 7. Auflage 2021<\/li>\n<li style=\"font-weight: 400\">Sattler, Johanna Barbara,\u00a0<a href=\"https:\/\/lefthander-consulting.org\/deutsch\/information\/literatur\/linkshaendige-kinder-im-kindergartenalter\/\">Linksh\u00e4ndige Kinder im Kindergartenalter.<\/a> Eine illustrierte Praxishilfe f\u00fcr Erzieherinnen und Eltern. Auer Verlag, Augsburg, 2007, 5. Auflage 2021<\/li>\n<li style=\"font-weight: 400\">Sattler, Johanna Barbara,\u00a0<a href=\"https:\/\/lefthander-consulting.org\/deutsch\/information\/literatur\/schreibvoruebungen-fuer-linkshaender-mit-jobasa-teil-1-und-2\/\">Schreibvor\u00fcbungen f\u00fcr Linksh\u00e4nder mit Jobasa<\/a>. Teil 1, Auer Verlag, Augsburg 2012, 6. Auflage 2022<\/li>\n<li style=\"font-weight: 400\">Sattler, Johanna Barbara,\u00a0<a href=\"https:\/\/lefthander-consulting.org\/deutsch\/information\/literatur\/schreibvoruebungen-fuer-linkshaender-mit-jobasa-teil-1-und-2\/\">Schreibvor\u00fcbungen f\u00fcr Linksh\u00e4nder mit Jobasa<\/a>. Teil 2, Auer Verlag, Augsburg, 2012, 4. Auflage 2019<\/li>\n<li style=\"font-weight: 400\">Sattler, Johanna Barbara,\u00a0<a href=\"https:\/\/lefthander-consulting.org\/deutsch\/information\/literatur\/zahlen-schreiben-fuer-linkshaender-mit-jobasa\/\">Zahlen schreiben f\u00fcr Linksh\u00e4nder mit Jobasa. Zahlen und Ziffern von 0 bis 10.<\/a> Auer Verlag, Augsburg, 2016, 2. Auflage 2019<\/li>\n<li>Sattler, Johanna Barbara, <a href=\"https:\/\/lefthander-consulting.org\/deutsch\/information\/literatur\/schreibuebungen-fuer-linkshaender-jobasa-set\/\">Schreib\u00fcbungen f\u00fcr Linksh\u00e4nder mit Jobasa. Gro\u00dfe und kleine Druckbuchstaben. <\/a>Set bestehend aus Begleitheft, \u00dcbungsheft und Abstandhaltern,\u00a0 Augsburg, 2021<\/li>\n<li>Sattler, Johanna Barbara, <a href=\"https:\/\/lefthander-consulting.org\/deutsch\/information\/literatur\/schreibuebungen-fuer-linkshaender-mit-jobasa\/\">Schreib\u00fcbungen f\u00fcr Linksh\u00e4nder mit Jobasa. Gro\u00dfe und kleine Druckbuchstaben<\/a>. \u00dcbungsheft mit Abstandhaltern, Auer Verlag, Augsburg, 2021<\/li>\n<li>Sattler, Johanna Barbara, <a href=\"https:\/\/lefthander-consulting.org\/deutsch\/information\/literatur\/linkshaender-starterset\/\">Linksh\u00e4nder-Starterset<\/a>, Augsburg, 2021<\/li>\n<li>Vasterling, Almuth, Gabriele Weiland, Johanna Barbara Sattler,\u00a0<a href=\"https:\/\/lefthander-consulting.org\/deutsch\/information\/literatur\/linke-hand-rechte-hand-ein-ratgeber-zur-haendigkeit\/\">Linke Hand \u2013 Rechte Hand: Ein Ratgeber zur H\u00e4ndigkeit<\/a>. F\u00fcr Eltern, P\u00e4dagogen und Therapeuten. Schulz-Kirchner Verlag, Idstein, Herbst 2011, 2. Auflage 2017<\/li>\n<li style=\"font-weight: 400\">Vasterling, Almuth, Thomas und der Dinopark. Eine Geschichte f\u00fcr Eltern von linksh\u00e4ndigen Kindern. Verlagshaus Schlosser, 2015, 2. Auflage 2017<\/li>\n<\/ul>\n<p style=\"font-weight: 400\">Dem\u00a0<a href=\"https:\/\/www.auer-verlag.de\/catalogsearch\/result\/?cat=0&amp;q=Linksh%C3%A4nder\">Auer Verlag<\/a>\u00a0mit Hauptsitz in Augsburg, einem der gr\u00f6\u00dften bayerischen Schulbuchverlage, ist das publizistische Engagement \u00fcber Linksh\u00e4ndigkeit zu verdanken. Durch ihn wurden vielen Betroffenen Rat- und Hilfeleistungen zuteil.<\/p>\n<p style=\"font-weight: 400\"><b><strong><u>Schreibtisch-Auflagen f\u00fcr Links- und Rechtsh\u00e4nder<\/u><\/strong><\/b><\/p>\n<ul>\n<li style=\"font-weight: 400\"><a href=\"https:\/\/lefthander-consulting.org\/deutsch\/information\/literatur\/desk-pad-lefty\/\">DESK-PAD LEFTY<sup>\u00ae\u00a0\u00a0<\/sup>Schreibtischauflage f\u00fcr Linksh\u00e4nder<\/a>,\u00a0in strapazierf\u00e4higem, rutschfesten Kunststoff in der Farbe blau, Auer Verlag, Augsburg\u00a0bzw. KUM, Erlangen, 2011<\/li>\n<li style=\"font-weight: 400\"><a href=\"https:\/\/lefthander-consulting.org\/deutsch\/information\/literatur\/desk-pad-lefty\/\">DESK-PAD LEFTY<sup>\u00ae Paper\u00a0<\/sup>\u00a0Schreibtisch-Auflage f\u00fcr Linksh\u00e4nder<\/a>, als\u00a0<b><strong>DIN A3-Papier-Block<\/strong><\/b>\u00a0mit 20 Blatt, Auer Verlag, Donauw\u00f6rth bzw. KUM, Erlangen, 2011<\/li>\n<li style=\"font-weight: 400\"><a href=\"https:\/\/lefthander-consulting.org\/deutsch\/netzwerk\/infomaterial\/schreibtischauflagen-fuer-links-und-rechtshaender\/\">Schreibtisch-Auflage f\u00fcr Linksh\u00e4nder<\/a>,\u00a0 seit 2004 in den Farben rot, gr\u00fcn, blau und schwarz, seit 2007 in der Farbe pink\u00a0 und seit 2009 in der Farbe froschgr\u00fcn, Auer Verlag, Augsburgh<\/li>\n<li style=\"font-weight: 400\"><a href=\"https:\/\/lefthander-consulting.org\/deutsch\/information\/literatur\/schreibunterlagen-block\/\">Schreibunterlagen-Block f\u00fcr Linksh\u00e4nder<\/a>,\u00a0als\u00a0<b><strong>DIN A2-Papier-Block<\/strong><\/b> mit 20 Blatt, Auer Verlag, Augsburg, 1996, 13. Auflage 2019<\/li>\n<li style=\"font-weight: 400\"><a href=\"https:\/\/lefthander-consulting.org\/deutsch\/information\/literatur\/desk-pad-righty-schreibtisch-auflage-2\/\">DESK-PAD RIGHTY\u00a0<sup>\u00ae\u00a0\u00a0<\/sup>Schreibtischauflage f\u00fcr Rechtsh\u00e4nder<\/a>,\u00a0in strapazierf\u00e4higem, rutschfesten Kunststoff in der Farbe blau, Brigg Verlag, Augsburg bzw. KUM, Erlangen, 2011<\/li>\n<li style=\"font-weight: 400\"><a href=\"https:\/\/lefthander-consulting.org\/deutsch\/information\/literatur\/desk-pad-righty-schreibtisch-auflage-2\/\">DESK-PAD RIGHTY<sup>\u00ae Paper<\/sup>\u00a0Schreibtisch-Auflage f\u00fcr Rechtsh\u00e4nder<\/a>, als\u00a0<b><strong>DIN A3-Papier-Block<\/strong><\/b>\u00a0mit 20 Blatt, Brigg Verlag, Augsburg bzw. KUM, Erlangen, 2011<\/li>\n<\/ul>\n<p style=\"font-weight: 400\"><b><strong><u>B\u00fccher in Vorbereitung<\/u><\/strong><\/b><\/p>\n<ul>\n<li style=\"font-weight: 400\">Cizek, Ivo-Kurt, Johanna Barbara Sattler, Abenteuer Linksh\u00e4ndigkeit. Bitte verzeihen Sie, dass ich noch lebe. Dieses Buch wird im Deutschsprachigen Ausland erscheinen. Ausz\u00fcge aus diesem Buch sind in Sattler, &#8222;<a href=\"https:\/\/lefthander-consulting.org\/deutsch\/information\/literatur\/links-und-rechts-in-der-wahrnehmung-des-menschen\/\">Links und rechts in der Wahrnehmung des Menschen. Zur Geschichte der Linksh\u00e4ndigkeit<\/a>&#8220; publiziert.<\/li>\n<li style=\"font-weight: 400\">Sattler, Johanna Barbara, R\u00fcckschulung der H\u00e4ndigkeit bei Kindern und Erwachsenen. Chancen und Gefahren f\u00fcr Linksh\u00e4nder und Rechtsh\u00e4nder. Auer Verlag, Donauw\u00f6rth<\/li>\n<\/ul>\n<p style=\"font-weight: 400\"><b><strong><u>Fachartikel<\/u><\/strong><\/b><\/p>\n<ul>\n<li style=\"font-weight: 400\">Sattler, J.B., &#8222;<a href=\"https:\/\/lefthander-consulting.org\/deutsch\/netzwerk\/infomaterial\/psychische-probleme-durch-umschulung\/\">Linksh\u00e4nder &#8211; Psychische Probleme durch Umschulung<\/a>&#8222;. In: Psychologie heute, Heft 10\/85, S. 8-10.<\/li>\n<li style=\"font-weight: 400\">Sattler, J.B., &#8222;<a href=\"https:\/\/lefthander-consulting.org\/deutsch\/netzwerk\/infomaterial\/umschulung-der-haendigkeit\/\">Umschulung der H\u00e4ndigkeit. Ein massiver Eingriff ins menschliche Gehirn<\/a>&#8222;. In: Lernen F\u00f6rdern. Zeitschrift f\u00fcr Eltern, Lehrer und Erzieher, Heft 5, 10\/86, S. 10-11.<\/li>\n<li style=\"font-weight: 400\">Sattler, J.B., &#8222;<a href=\"https:\/\/lefthander-consulting.org\/deutsch\/netzwerk\/infomaterial\/links-vorbeitherapiert\/\">Umgeschulte Linksh\u00e4nder &#8211; Links vorbeitherapiert<\/a>&#8222;. In: M\u00fcnchener Medizinische Wochenschrift, Nr. 14\/87, S. 16.<\/li>\n<li style=\"font-weight: 400\">Sattler, J.B., &#8222;Hilfe f\u00fcr Linksh\u00e4nder&#8220;. In: Psychologie heute. Heft 5\/87, S. 15-16.<\/li>\n<li style=\"font-weight: 400\">Sattler, J.B., &#8222;Psychische Probleme durch Umschulung der H\u00e4ndigkeit&#8220;.\u00a0In: 9. Congress on Physiological Sciences,\u00a0Istanbul; Faculty of Medicine,\u00a0University\u00a0of\u00a0Istanbul, 22.-25.09.1987, S. IV.<\/li>\n<li style=\"font-weight: 400\">Sattler, J.B., ,,Das linksh\u00e4ndige Kind bei Schuleintritt&#8220;. In: Materialien f\u00fcr Schulberatungsstellen: Staatsinstitut f\u00fcr Schulp\u00e4dagogik und Bildungsforschung, Herbst 1987.<\/li>\n<li style=\"font-weight: 400\">Sattler, J.B., &#8222;Die Linksh\u00e4ndigkeit. Ein Problem auch in der Zahnarzt-Praxis&#8220;. In: Dental Prisma, Nr. 10, Juli\/August 1988, S. 1.<\/li>\n<li style=\"font-weight: 400\">Sattler, J.B., &#8222;Das linksh\u00e4ndige Kind bei Schuleintritt&#8220;. In: Empfehlungen zur Aufnahme des Kindes in die Grundschule: Staatsinstitut f\u00fcr Schulp\u00e4dagogik und Bildungsforschung, 1989<\/li>\n<li style=\"font-weight: 400\">Sattler, J.B., &#8222;<a href=\"https:\/\/lefthander-consulting.org\/deutsch\/information\/literatur\/linkshaender-in-der-arztpraxis\/\">Linksh\u00e4nder in der Arztpraxis<\/a>&#8222;. In: Bayerisches \u00c4rzteblatt, Nr. 4. April 1991, S. 139.<\/li>\n<li style=\"font-weight: 400\">Sattler, J.B., &#8222;Der Linksh\u00e4nder. Ein irrationales Ph\u00e4nomen unserer Gesellschaft.&#8220; In: Motorik: Zs. f\u00fcr Motop\u00e4dagogik und Mototherapie, 3. Sept. 1992, S. 148-156.<\/li>\n<li style=\"font-weight: 400\">Sattler, J.B., &#8222;&#8218;Beidh\u00e4nder&#8216; sind hirngesch\u00e4digt&#8220;. In: M\u00fcnchener Medizinische Wochenschrift, Nr. 21, 28.05.93, S. 35-40.<\/li>\n<li style=\"font-weight: 400\">Sattler, J.B., &#8222;Linksh\u00e4ndigkeit: Sauerstoffmangel im Gehirn&#8220;. In: Psychologie heute, Febr. 94, S. 15-16.<\/li>\n<li style=\"font-weight: 400\">Sattler, J.B., &#8222;Links ist nicht linkisch&#8220;. In: Kinder. Das Journal des Kindergartens, September 1995, S. 6-10.<\/li>\n<li style=\"font-weight: 400\">Sattler, J.B., &#8222;<a href=\"https:\/\/lefthander-consulting.org\/deutsch\/information\/literatur\/linkshaender-und-umgeschulte-linkshaender-in-der-ergotherapie\/\">Linksh\u00e4nder und umgeschulte Linksh\u00e4nder in der Ergotherapie<\/a>&#8222;. In: praxis ergotherapie, Heft 2\/99, S. 98-110.<\/li>\n<li style=\"font-weight: 400\">Sattler, J.B., &#8222;<a href=\"https:\/\/lefthander-consulting.org\/deutsch\/netzwerk\/infomaterial\/zur-testung-der-haendigkeit\/\">Zur Testung der Linksh\u00e4ndigkeit<\/a>&#8222;. In: Left Hand Corner, Nr. 2, 1\/1998, Nr. 2, 1\/1998.<\/li>\n<li style=\"font-weight: 400\">Sattler, J.B.,\u00a0<a href=\"https:\/\/lefthander-consulting.org\/deutsch\/information\/literatur\/chancen-und-gefahren-einer-rueckschulung-de-haendigkeit-bei-erwachsenen\/\">&#8222;Chancen und Gefahren einer R\u00fcckschulung de H\u00e4ndigkeit bei Erwachsenen<\/a>&#8222;. In: Left Hand Corner, Teil 1, Nr. 6, 1\/1999, S. 10-20; Teil 2, Nr. 7, 4\/1999, S. 24-29; Teil 3, Nr. 9, 10\/1999, S. 12-16.<\/li>\n<li style=\"font-weight: 400\">Sattler, J.B., I.-K. Cizek, &#8222;Zur Bedeutsamkeit einer H\u00e4ndigkeitsdiagnostik f\u00fcr die berufliche Praxis aus der Sicht der Beratungs- und Informationsstelle f\u00fcr Linksh\u00e4nder und umgeschulte Linksh\u00e4nder&#8220;. In: Left Hand Corner, Nr. 8, 7\/1999, S. 16-21<\/li>\n<li style=\"font-weight: 400\">Sattler, J.B., &#8222;Gibt es einen zwingenden kausalen Zusammenhang zwischen Linksh\u00e4ndigkeit und Lese- und Rechtschreibschwierigkeiten?&#8220; In: Lese- Rechtschreib-Schwierigkeiten. Diagnose &#8211; F\u00f6rderung &#8211; Materialien. Ein Fortbildungsmodell der Akademie f\u00fcr Lehrerfortbildung und Personalf\u00fchrung Dillingen. Projektleitung Bernd Ganser. Auer Verlag, Donauw\u00f6rth, 2000, S. 199-202, S. 201.<\/li>\n<li style=\"font-weight: 400\">Sattler, J.B., &#8222;<a href=\"https:\/\/lefthander-consulting.org\/deutsch\/information\/literatur\/die-sache-der-linkshaender-zu-beginn-des-neuen-jahrtausends\/\">Die Sache der Linksh\u00e4nder zu Beginn des neuen Jahrtausends &#8211; Ein R\u00fcckblick in die Geschichte der Linksh\u00e4nder und ein Ausblick wie es vielleicht weitergeht&#8220;<\/a>. Vortrag auf der 2. Fachtagung am 30. September 2000, Bensberg.<\/li>\n<li style=\"font-weight: 400\">Sattler, J. B.,\u00a0&#8222;Linksh\u00e4ndige und umgeschulte linksh\u00e4ndige Kinder und Jugendliche&#8220;.\u00a0 In: Kinder- und Jugendarzt. Zeitschrift des Berufsverbandes der \u00c4rzte f\u00fcr Kinderheilkunde und Jugendmedizin Deutschlands e.V., 31. Jg., Februar 2001, S. 139-147.<\/li>\n<li style=\"font-weight: 400\">Sattler, J. B., Erl\u00e4uterungen zur Linksh\u00e4ndigkeit. In: Margot Auer, Horst W.Hartwig (Hrsg.), Lehrplankommentar f\u00fcr die bayerische Grundschule. Didaktische Grundlagen und praktische Umsetzung. Band 1: Jahrgangsstufen 1 und 2, Auer Verlag, Donauw\u00f6rth 2001, S. 279-284. Band 2: Jahrgangsstufen 3 und 4, Auer Verlag, Donauw\u00f6rth 2003, S. 343-348.<\/li>\n<li style=\"font-weight: 400\">Sattler, J. B., &#8222;<a href=\"https:\/\/lefthander-consulting.org\/deutsch\/information\/literatur\/linkshaender-und-umgeschulte-linkshaender-in-der-ergotherapie\/\">Linksh\u00e4ndige und umgeschulte linksh\u00e4ndige Kinder sowie Kinder mit wechselndem Handgebrauch in der Ergotherapie<\/a>&#8222;. In: Ergotherapie &amp; Rehabilitation, Herausgeber: Deutscher Verband der Ergotherapeuten e.V.,\u00a0<a href=\"http:\/\/www.schulz-kirchner.de\/\">Schulz-Kirchner Verlag GmbH<\/a>, 41. Jg., Mai 2002, S. 21-29. Die Frageb\u00f6gen &#8222;Fragebogen zur Bestimmung der H\u00e4ndigkeit&#8220; und &#8222;Erhebungsbogen von Defiziten und Entwicklungsverz\u00f6gerungen bei Kindern mit wechselndem Handgebrauch&#8220; stehen zum kostenlosen Download unter\u00a0www.forum-ergotherapie.de\u00a0zur Verf\u00fcgung.<\/li>\n<li style=\"font-weight: 400\">Sattler, J. B.,\u00a0<a href=\"https:\/\/lefthander-consulting.org\/deutsch\/information\/literatur\/das-mache-ich-doch-mit-links\/\">Das mach&#8216; ich doch mit links!<\/a>. In: F\u00fcrsorge und Aufsicht in Kinderg\u00e4rten und Kindertagesst\u00e4tten. Ratgeber Sicherheit. (B VIII 1). RAABE Fachverlag f\u00fcr Bildungsmanagement, Stuttgart, Berlin, Budapest, Prag, Sofia, Warschau, Mai 2004, S. 1-22,<\/li>\n<li style=\"font-weight: 400\">Sattler, J. B., C. Marquardt:\u00a0<a href=\"https:\/\/lefthander-consulting.org\/deutsch\/information\/literatur\/chancen-und-gefahren-einer-rueckschulung-de-haendigkeit-bei-erwachsenen\/\">R\u00fcckschulung bei erwachsenen umgeschulten Linksh\u00e4ndern<\/a>. Begleitung der R\u00fcckschulung und wissenschaftliche Untersuchungen der motorischen Schreibbewegungen, dokumentiert am<br \/>\nFallbeispiel einer R\u00fccksch\u00fclerin. In: Motorik, Zeitschrift f\u00fcr Motop\u00e4dagogik und Mototherapie, Heft 3, September 2006, S. 121-127.<\/li>\n<li style=\"font-weight: 400\">Sattler, J. B.,, C. Marquardt:\u00a0<a href=\"https:\/\/lefthander-consulting.org\/deutsch\/wp-content\/uploads\/2019\/04\/Sattler_Sonderdruck.pdf\">Wissenschaftlicher Artikel zum Schreibenlernen bei links- und rechtsh\u00e4ndigen Grundschulkindern<\/a>\u00a0 2010\u00a0J.B.Sattler, C. Marquardt, Motorische Schreibleistung von linksh\u00e4ndigen\u00a0und rechtsh\u00e4ndigen Kindern in der 1. bis 4. Grundschulklasse. In: Ergotherapie und Rehabilitation, 2010. Sonderdruck aus Et Reha 49. Jg., 2010, Nr. 1 u\u00a0nd 2 Hrsg. DVE, S. 1-12.<\/li>\n<li style=\"font-weight: 400\">Sattler, J. B., H. Ibel,\u00a0Linksh\u00e4ndigkeit &#8211; Praktische Fragen an und f\u00fcr den Kinder- und Jugendarzt. In:\u00a0BVKJ Zeitschrift des Berufsverbandes der Kinder- und Jugend\u00e4rzte e.V., 2014. Heft 07\/14, 45. Jg., S. 345-347.<\/li>\n<li style=\"font-weight: 400\">Sattler, J. B.,\u00a0Linksh\u00e4nder und umgeschulte Linksh\u00e4nder im therapeutischen und p\u00e4dagogischen Bereich. In: Praxis der Psychomotorik, Zeitschrift f\u00fcr Bewegungs- und Entwicklungsf\u00f6rderung, Verlag modernes lernen, Nr. 2\/2016, S. 79-82.<\/li>\n<li style=\"font-weight: 400\">Sattler, J. B.,\u00a0Linksh\u00e4nder und umgeschulte Linksh\u00e4nder im therapeutischen und p\u00e4dagogischen Bereich. In: praxis ergotherapie, Zeitschrift f\u00fcr Ergotherapie. Verlag modernes lernen, Nr. 3\/2016, S. 169-172<\/li>\n<\/ul>\n<p style=\"font-weight: 400\"><b><strong><u>\u00a0<\/u><\/strong><\/b><\/p>\n<p style=\"font-weight: 400\"><b><strong><u>Andere wichtige Publikationen<\/u><\/strong><\/b><\/p>\n<ul>\n<li style=\"font-weight: 400\">Meyer, Rolf W.,\u00a0<a href=\"https:\/\/lefthander-consulting.org\/deutsch\/information\/literatur\/linkshaender-ein-ratgeber\/\">Linksh\u00e4ndig?<\/a>, Humboldt Verlag, Baden-Baden, 7. Auflage 2003<\/li>\n<li style=\"font-weight: 400\">Scholtz, Andrea, Links-Rechts. Linksh\u00e4nder in einer rechten Welt<b><strong>.<\/strong><\/b>\u00a0FSB &#8211; Franz Schneider Brakel, Brakel, 1999<\/li>\n<li style=\"font-weight: 400\">Smits, Rik, Alles mit der linken Hand. Geschick und Geschichte einer Begabung. Rowohlt, Berlin 1994<\/li>\n<li style=\"font-weight: 400\">Springer, Sally P., Georg Deutsch, Linkes Rechtes Gehirn. Dt. \u00dcbersetzung, herausgegeben von Bruno Preilowski. Spektrum Akademischer Verlag, Heidelberg, Berlin, Oxford, 1995 (3)<\/li>\n<li style=\"font-weight: 400\">Sz\u00f3cska, Sarah, Stricken leichtgemacht f\u00fcr Linksh\u00e4nder. Vertrieb:\u00a0<a href=\"http:\/\/www.sinergo.com\/\">sinErgo<\/a>, Wasserburger Landstr. 167a, 81827 M\u00fcnchen 1998<\/li>\n<li style=\"font-weight: 400\">Weber, Sylvia,\u00a0Ist unser Kind linksh\u00e4ndig?\u00a0Linksh\u00e4ndigkeit erkennen und unterst\u00fctzen. Ernst Reinhardt Verlag, M\u00fcnchen, 2003, 2005 (2)<\/li>\n<li style=\"font-weight: 400\">Zuckrigl, Alfred, Linksh\u00e4ndige Kinder in Familie und Schule. Ernst Reinhardt Verlag, M\u00fcnchen, 1995 (5)<\/li>\n<li style=\"font-weight: 400\">Video &#8222;Linksh\u00e4nder&#8220; von Karl-Heinz Gruber, Dauer: 23 Minuten. Bezugsquelle: sinErgo Linksh\u00e4nder-Versand, Wasserburger Landstr. 167a, 81827 M\u00fcnchen, Tel. 089 \/ 45 36 26 08,\u00a0<a href=\"http:\/\/www.sinergo.de\/\">http:\/\/www.sinergo.de<\/a>; e-mail:\u00a0<a href=\"mailto:info@sinergo.de\">info@sinergo.de<\/a><\/li>\n<li style=\"font-weight: 400\">Zeitschrift Left Hand Corner, Redaktion: Norbert Martin, Verlag: Norbert Martin Verlag, Platzhoffstr. 13, 42115 Wuppertal, Tel.\/Fax 0202\/ 30 51 56, e-mail:\u00a0<a href=\"mailto:norbert.martin@wtal.de\">norbert.martin@wtal.de<\/a><\/li>\n<\/ul>\n<p style=\"font-weight: 400\"><b><strong>Am\u00fcsantes \/ Interessantes<\/strong><\/b><\/p>\n<ul>\n<li style=\"font-weight: 400\">Jardin, Alexandre, Die Insel der Linksh\u00e4nder. Roman. Marion v. Schr\u00f6der Verlag, D\u00fcsseldorf, 1996<\/li>\n<li style=\"font-weight: 400\">Zips, Martin, Linksh\u00e4nder. Ein fr\u00f6hliches W\u00f6rterbuch. Zeichnungen von Ernst H\u00fcrlimann. Tomus Verlag, M\u00fcnchen, 1997<\/li>\n<li style=\"font-weight: 400\">Kleine Bettlekt\u00fcre f\u00fcr Linksh\u00e4nder. Scherz Verlag, Bern ca.1997\/8<\/li>\n<li style=\"font-weight: 400\">Das kleine Buch f\u00fcr Linksh\u00e4nder. Wilhelm Heyne Verlag, M\u00fcnchen, 1996<\/li>\n<\/ul>\n<p>&nbsp;<\/p>\n","protected":false},"excerpt":{"rendered":"<p>Eigene Publikationen B\u00fccher In Kooperation mit der wissenschaftlichen sowie der praxisbezogenen Arbeit der Ersten deutschen Beratungs- und Informationsstelle f\u00fcr Linksh\u00e4nder und umgeschulte Linksh\u00e4nder bzw. durch deren fachliche Konsultation sind folgende B\u00fccher entstanden: Sattler, Johanna Barbara, The Converted Left-Hander or the Knot in the Brain, \u00dcbersetzung des Buches Der umgeschulte Linksh\u00e4nder oder Der Knoten im Gehirn.\u00a0 Auer Verlag, Augsburg, 1. Auflage 2025. Auch als E-Book erh\u00e4ltlich. Staatsinstitut f\u00fcr Schulp\u00e4dagogik und Bildungsforschung (Hrsg.),\u00a0Das linksh\u00e4ndige Kind in der Grundschule. Erarbeitet im Auftrag des Bayerischen Kultusministeriums f\u00fcr Unterricht, Kultus, Wissenschaft und Kunst. Vertrieb Auer Verlag, Augsburg, 18. Auflage 2021 Sattler, Johanna Barbara,\u00a0Der umgeschulte Linksh\u00e4nder oder Der Knoten im Gehirn. Auer Verlag, Augsburg, 14. Auflage 2023 Sattler, Johanna Barbara,\u00a0\u00dcbungen f\u00fcr Linksh\u00e4nder. Schreiben und Hantieren mit links. Auer Verlag, Augsburg, 14. Auflage 2019 Sattler, Johanna Barbara,\u00a0\u00dcbungsheft f\u00fcr Linksh\u00e4nder. Auer Verlag, Augsburg, 16. Auflage 2021 Sattler, Johanna Barbara,\u00a0Die Psyche des linksh\u00e4ndigen Kindes. Von der Seele, die mit Tieren spricht. Auer Verlag, &#8230; <a title=\"Literatur\" class=\"read-more\" href=\"https:\/\/lefthander-consulting.org\/deutsch\/information\/literatur\/\" aria-label=\"Mehr Informationen \u00fcber Literatur\">Read more<\/a><\/p>\n","protected":false},"author":1,"featured_media":0,"parent":811,"menu_order":14,"comment_status":"closed","ping_status":"closed","template":"","meta":{"_cbd_carousel_blocks":"[]","footnotes":""},"class_list":["post-41","page","type-page","status-publish"],"_links":{"self":[{"href":"https:\/\/lefthander-consulting.org\/deutsch\/wp-json\/wp\/v2\/pages\/41","targetHints":{"allow":["GET"]}}],"collection":[{"href":"https:\/\/lefthander-consulting.org\/deutsch\/wp-json\/wp\/v2\/pages"}],"about":[{"href":"https:\/\/lefthander-consulting.org\/deutsch\/wp-json\/wp\/v2\/types\/page"}],"author":[{"embeddable":true,"href":"https:\/\/lefthander-consulting.org\/deutsch\/wp-json\/wp\/v2\/users\/1"}],"replies":[{"embeddable":true,"href":"https:\/\/lefthander-consulting.org\/deutsch\/wp-json\/wp\/v2\/comments?post=41"}],"version-history":[{"count":2,"href":"https:\/\/lefthander-consulting.org\/deutsch\/wp-json\/wp\/v2\/pages\/41\/revisions"}],"predecessor-version":[{"id":15400,"href":"https:\/\/lefthander-consulting.org\/deutsch\/wp-json\/wp\/v2\/pages\/41\/revisions\/15400"}],"up":[{"embeddable":true,"href":"https:\/\/lefthander-consulting.org\/deutsch\/wp-json\/wp\/v2\/pages\/811"}],"wp:attachment":[{"href":"https:\/\/lefthander-consulting.org\/deutsch\/wp-json\/wp\/v2\/media?parent=41"}],"curies":[{"name":"wp","href":"https:\/\/api.w.org\/{rel}","templated":true}]}}