{"id":39,"date":"2018-06-07T15:02:55","date_gmt":"2018-06-07T13:02:55","guid":{"rendered":"https:\/\/lefthander-consulting.org\/?page_id=39"},"modified":"2025-08-15T14:34:43","modified_gmt":"2025-08-15T12:34:43","slug":"zusammenarbeit-mit-iweiterbildungsinstitutionen-und-universitaeten","status":"publish","type":"page","link":"https:\/\/lefthander-consulting.org\/deutsch\/netzwerk\/zusammenarbeit-mit-iweiterbildungsinstitutionen-und-universitaeten\/","title":{"rendered":"Zusammenarbeit"},"content":{"rendered":"<p style=\"font-weight: 400\"><span style=\"font-family: arial, helvetica, sans-serif\">ZUSAMMENARBEIT besteht mit:<\/span><\/p>\n<ul>\n<li style=\"font-weight: 400\"><span style=\"font-family: arial, helvetica, sans-serif\">Universit\u00e4ten, Hoch- und Fachhochschulen, Forschungsinstituten<\/span><\/li>\n<li style=\"font-weight: 400\"><span style=\"font-family: arial, helvetica, sans-serif\">postgraduellen Weiterbildungsinstitutionen, Erwachsenenbildungseinrichtungen<\/span><\/li>\n<li style=\"font-weight: 400\"><span style=\"font-family: arial, helvetica, sans-serif\">p\u00e4dagogischen und medizinisch-pr\u00e4ventiven Beratungsstellen, therapeutischen Einrichtungen und Praxen, einschlie\u00dflich Ergo- und Mototherapeuten und Heilp\u00e4dagogen, \u00c4rzten und Psychologen<\/span><\/li>\n<li style=\"font-weight: 400\"><span style=\"font-family: arial, helvetica, sans-serif\">Berufsvereinigungen der Behandler<\/span><\/li>\n<li style=\"font-weight: 400\"><span style=\"font-family: arial, helvetica, sans-serif\">Zusammenarbeit mit der Deutsche Brain-Breaking-Hilfe (s.a. Sattler, <a href=\"https:\/\/lefthander-consulting.org\/deutsch\/information\/literatur\/links-und-rechts-in-der-wahrnehmung-des-menschen\/\">Links und Rechts in der Wahrnehmung der Menschen. Zur Geschichte der Linksh\u00e4ndigkeit<\/a>, S. 22 f.)<\/span><\/li>\n<li style=\"font-weight: 400\"><span style=\"font-family: arial, helvetica, sans-serif\">Zeitschrift\u00a0Left Hand Corner, Redaktion: Norbert Martin, Verlag: Norbert Martin Verlag,\u00a0lefthandcorner.wtal.de<\/span><\/li>\n<li style=\"font-weight: 400\"><span style=\"font-family: arial, helvetica, sans-serif\">Interessenvereinigung f\u00fcr Linksh\u00e4nder (s.a. Sattler,\u00a0<a href=\"https:\/\/lefthander-consulting.org\/deutsch\/information\/literatur\/links-und-rechts-in-der-wahrnehmung-des-menschen\/\">Links und Rechts in der Wahrnehmung der Menschen. Zur Geschichte der Linksh\u00e4ndigkeit<\/a>, S. 22 f.)<\/span><\/li>\n<li style=\"font-weight: 400\"><span style=\"font-family: arial, helvetica, sans-serif\">Linksh\u00e4nderinitiativen und auf Linksh\u00e4ndigkeit spezialisierten Fachleuten verschiedenster Berufsgruppen<\/span><\/li>\n<li style=\"font-weight: 400\"><span style=\"font-family: arial, helvetica, sans-serif\"><a href=\"https:\/\/lefthander-consulting.org\/deutsch\/netzwerk\/laeden-und-versand\/\">L\u00e4den und Versandgesch\u00e4ften f\u00fcr Linksh\u00e4nderprodukte<\/a>\u00a0in Bezug auf die Weitergabe von Adressen und fachlichen Hinweisen bez\u00fcglich Linkshandprodukten<\/span><\/li>\n<li style=\"font-weight: 400\"><span style=\"font-family: arial, helvetica, sans-serif\">Le Monde de Deux Mains, Ein internationales, l\u00e4nder\u00fcbergreifendes Ereignis in Luxemburg vom 20. Januar 2007 bis 19. M\u00e4rz 2007<\/span><\/li>\n<\/ul>\n<p>&nbsp;<\/p>\n<p><span style=\"font-family: arial, helvetica, sans-serif\">\u00a9 Copyright: Erste deutsche Beratungs- und Informationsstelle f\u00fcr Linksh\u00e4nder und umgeschulte Linksh\u00e4nder, Sendlinger Str. 17, 80331 M\u00fcnchen, Tel. \/ Fax: +49 \/ 89 \/ 26 86 14, <a href=\"https:\/\/lefthander-consulting.org\">https:\/\/www.linkshaender-beratung.de<\/a>, e-mail: info@lefthander-consulting.org<\/span><\/p>\n","protected":false},"excerpt":{"rendered":"<p>ZUSAMMENARBEIT besteht mit: Universit\u00e4ten, Hoch- und Fachhochschulen, Forschungsinstituten postgraduellen Weiterbildungsinstitutionen, Erwachsenenbildungseinrichtungen p\u00e4dagogischen und medizinisch-pr\u00e4ventiven Beratungsstellen, therapeutischen Einrichtungen und Praxen, einschlie\u00dflich Ergo- und Mototherapeuten und Heilp\u00e4dagogen, \u00c4rzten und Psychologen Berufsvereinigungen der Behandler Zusammenarbeit mit der Deutsche Brain-Breaking-Hilfe (s.a. Sattler, Links und Rechts in der Wahrnehmung der Menschen. Zur Geschichte der Linksh\u00e4ndigkeit, S. 22 f.) Zeitschrift\u00a0Left Hand Corner, Redaktion: Norbert Martin, Verlag: Norbert Martin Verlag,\u00a0lefthandcorner.wtal.de Interessenvereinigung f\u00fcr Linksh\u00e4nder (s.a. Sattler,\u00a0Links und Rechts in der Wahrnehmung der Menschen. Zur Geschichte der Linksh\u00e4ndigkeit, S. 22 f.) Linksh\u00e4nderinitiativen und auf Linksh\u00e4ndigkeit spezialisierten Fachleuten verschiedenster Berufsgruppen L\u00e4den und Versandgesch\u00e4ften f\u00fcr Linksh\u00e4nderprodukte\u00a0in Bezug auf die Weitergabe von Adressen und fachlichen Hinweisen bez\u00fcglich Linkshandprodukten Le Monde de Deux Mains, Ein internationales, l\u00e4nder\u00fcbergreifendes Ereignis in Luxemburg vom 20. Januar 2007 bis 19. M\u00e4rz 2007 &nbsp; \u00a9 Copyright: Erste deutsche Beratungs- und Informationsstelle f\u00fcr Linksh\u00e4nder und umgeschulte Linksh\u00e4nder, Sendlinger Str. 17, 80331 M\u00fcnchen, Tel. \/ Fax: +49 \/ 89 \/ 26 86 14, https:\/\/www.linkshaender-beratung.de, &#8230; <a title=\"Zusammenarbeit\" class=\"read-more\" href=\"https:\/\/lefthander-consulting.org\/deutsch\/netzwerk\/zusammenarbeit-mit-iweiterbildungsinstitutionen-und-universitaeten\/\" aria-label=\"Mehr Informationen \u00fcber Zusammenarbeit\">Read more<\/a><\/p>\n","protected":false},"author":1,"featured_media":0,"parent":814,"menu_order":45,"comment_status":"closed","ping_status":"closed","template":"","meta":{"_cbd_carousel_blocks":"[]","footnotes":""},"class_list":["post-39","page","type-page","status-publish"],"_links":{"self":[{"href":"https:\/\/lefthander-consulting.org\/deutsch\/wp-json\/wp\/v2\/pages\/39","targetHints":{"allow":["GET"]}}],"collection":[{"href":"https:\/\/lefthander-consulting.org\/deutsch\/wp-json\/wp\/v2\/pages"}],"about":[{"href":"https:\/\/lefthander-consulting.org\/deutsch\/wp-json\/wp\/v2\/types\/page"}],"author":[{"embeddable":true,"href":"https:\/\/lefthander-consulting.org\/deutsch\/wp-json\/wp\/v2\/users\/1"}],"replies":[{"embeddable":true,"href":"https:\/\/lefthander-consulting.org\/deutsch\/wp-json\/wp\/v2\/comments?post=39"}],"version-history":[{"count":10,"href":"https:\/\/lefthander-consulting.org\/deutsch\/wp-json\/wp\/v2\/pages\/39\/revisions"}],"predecessor-version":[{"id":5204,"href":"https:\/\/lefthander-consulting.org\/deutsch\/wp-json\/wp\/v2\/pages\/39\/revisions\/5204"}],"up":[{"embeddable":true,"href":"https:\/\/lefthander-consulting.org\/deutsch\/wp-json\/wp\/v2\/pages\/814"}],"wp:attachment":[{"href":"https:\/\/lefthander-consulting.org\/deutsch\/wp-json\/wp\/v2\/media?parent=39"}],"curies":[{"name":"wp","href":"https:\/\/api.w.org\/{rel}","templated":true}]}}