{"id":3742,"date":"2019-02-08T11:14:51","date_gmt":"2019-02-08T10:14:51","guid":{"rendered":"https:\/\/lefthander-consulting.org\/information\/literatur\/links-und-rechts-in-der-wahrnehmung-des-menschen\/"},"modified":"2022-01-21T09:06:42","modified_gmt":"2022-01-21T08:06:42","slug":"links-und-rechts-in-der-wahrnehmung-des-menschen","status":"publish","type":"page","link":"https:\/\/lefthander-consulting.org\/deutsch\/information\/literatur\/links-und-rechts-in-der-wahrnehmung-des-menschen\/","title":{"rendered":"Links und Rechts in der Wahrnehmung des Menschen"},"content":{"rendered":"<p><img loading=\"lazy\" decoding=\"async\" class=\"buch-rahmen alignleft wp-image-3744 size-full\" src=\"https:\/\/lefthander-consulting.org\/deutsch\/wp-content\/uploads\/2019\/02\/3200.jpg\" alt=\"Links und Rechts in der Wahrnehmung des Menschen\" width=\"200\" height=\"284\" \/><\/p>\n<p style=\"text-align: left\"><span style=\"font-size: 18pt\"><b>Links und Rechts in der<\/b><\/span><\/p>\n<p style=\"text-align: left\"><span style=\"font-size: 18pt\"><b>Wahrnehmung des Menschen<\/b> <\/span><\/p>\n<p style=\"text-align: left\"><span style=\"font-size: 18pt\"><b>Zur Geschichte der Linksh\u00e4ndigkeit<\/b><\/span><\/p>\n<p>Johanna Barbara Sattler<\/p>\n<p><span style=\"font-size: 18pt\">\u00a0<\/span><\/p>\n<p>Die Wahrnehmung der Menschen: Die Darstellung von wissenschaftlichen Forschungsergebnissen der Wahrnehmungspsychologie im Hinblick auf die unterschiedliche Wirkung der rechten und linken Seite: Linksh\u00e4nder sehen anders als Rechtsh\u00e4nder! Die Asymmetrie der menschlichen Seitenwahrnehmung und die symbolisch tradierte Bedeutung von Links und Rechts schlagen sich auch in den bildenden K\u00fcnsten, in Sitten, Br\u00e4uchen und Aberglauben nieder.<\/p>\n<p>In vielen Bildwerken religi\u00f6ser Kunst des Abendlandes sind auf der linken Seite die Schlechten und auf der rechten Seite die Guten abgebildet. In Kirchen sitzen links die Frauen &#8211; als &#8222;irdisch&#8220; klassifiziert -, w\u00e4hrend den &#8222;geisterf\u00fcllten&#8220; M\u00e4nnern die rechte Seite geb\u00fchrt.<\/p>\n<p>Eng ist mit einer solchen Bewertung die Geschichte der Linksh\u00e4ndigkeit verbunden. Linksh\u00e4ndern wurden oft Eigenschaften zugeschrieben, die sich aus der geschichtlich tradierten Seitenbewertung von Links und Rechts herleiten lassen: Noch in unseren Tagen wird z.B. ein linksh\u00e4ndiges Kind hin und wieder als &#8222;linker Sch\u00e4cher&#8220; bezeichnet.<\/p>\n<p>Im zweiten Teil des Buches dokumentiert die Autorin heutige Emanzipationsentwicklungen der Linksh\u00e4nder zu einer immer selbstbewussteren Gesellschaftsgruppe. Aber auch dauerhafte Verletzungen, die vielen Linksh\u00e4ndern durch die Umschulung der H\u00e4ndigkeit widerfuhren, werden in Einzelbeschreibungen exemplarisch aufgezeigt.<br \/>\nEin Buch, das deutlich macht, wie tief eingewurzelt die Vorurteile gegen\u00fcber Linksh\u00e4ndern sind und wie leicht sich eine alte abwertende Einstellung bei Bedarf aktuell instrumentalisieren l\u00e4sst.<\/p>\n<p><a href=\"https:\/\/www.auer-verlag.de\/catalogsearch\/result\/?cat=0&amp;q=Linksh%C3%A4nder\">Auer Verlag<\/a>, Donauw\u00f6rth, 2000, ISBN 3-403-03200-0, 462 Seiten<\/p>\n<p>&nbsp;<\/p>\n<p>Inhalte des Buches werden auch in einem Vortrag von Dr. Johanna Barbara Sattler behandelt: <a href=\"https:\/\/lefthander-consulting.org\/deutsch\/information\/literatur\/die-sache-der-linkshaender-zu-beginn-des-neuen-jahrtausends\/\">Die Sache der Linksh\u00e4nder zu Beginn des neuen Jahrtausends &#8211; ein R\u00fcckblick in die Geschichte der Linksh\u00e4nder und ein Ausblick wie es vielleicht weitergeht<\/a> (gehalten auf der 2. Fachtagung und Austauschtreffen f\u00fcr Linksh\u00e4nder-Initiativen, Beratungsstellen und Therapeuten in Bensberg am 30. September 2000).<\/p>\n<p><b>Weiteres in dem <a href=\"https:\/\/lefthander-consulting.org\/deutsch\/information\/literatur\/links-und-rechts-in-der-wahrnehmung-des-menschen\/vorwort-zum-buch-links-und-rechts-in-der-wahrnehmung-des-menschen\/\">Vorwort zum Buch<\/a> von Professor Dr. Kurt M\u00fcller.<\/b><\/p>\n<p>\u00a9 Copyright: Erste deutsche Beratungs- und Informationsstelle f\u00fcr Linksh\u00e4nder und umgeschulte Linksh\u00e4nder, Sendlinger Str. 17, 80331 M\u00fcnchen, Tel. \/ Fax: +49 \/ 89 \/ 26 86 14<br \/>\n<a href=\"https:\/\/lefthander-consulting.org\">http:\/\/www.lefthander-consulting.org<\/a>,\u00a0 e-mail: info@lefthander-consulting.org<\/p>\n<p>&nbsp;<\/p>\n","protected":false},"excerpt":{"rendered":"<p>Links und Rechts in der Wahrnehmung des Menschen Zur Geschichte der Linksh\u00e4ndigkeit Johanna Barbara Sattler \u00a0 Die Wahrnehmung der Menschen: Die Darstellung von wissenschaftlichen Forschungsergebnissen der Wahrnehmungspsychologie im Hinblick auf die unterschiedliche Wirkung der rechten und linken Seite: Linksh\u00e4nder sehen anders als Rechtsh\u00e4nder! Die Asymmetrie der menschlichen Seitenwahrnehmung und die symbolisch tradierte Bedeutung von Links und Rechts schlagen sich auch in den bildenden K\u00fcnsten, in Sitten, Br\u00e4uchen und Aberglauben nieder. In vielen Bildwerken religi\u00f6ser Kunst des Abendlandes sind auf der linken Seite die Schlechten und auf der rechten Seite die Guten abgebildet. In Kirchen sitzen links die Frauen &#8211; als &#8222;irdisch&#8220; klassifiziert -, w\u00e4hrend den &#8222;geisterf\u00fcllten&#8220; M\u00e4nnern die rechte Seite geb\u00fchrt. Eng ist mit einer solchen Bewertung die Geschichte der Linksh\u00e4ndigkeit verbunden. Linksh\u00e4ndern wurden oft Eigenschaften zugeschrieben, die sich aus der geschichtlich tradierten Seitenbewertung von Links und Rechts herleiten lassen: Noch in unseren Tagen wird z.B. ein linksh\u00e4ndiges Kind hin und wieder als &#8222;linker &#8230; <a title=\"Links und Rechts in der Wahrnehmung des Menschen\" class=\"read-more\" href=\"https:\/\/lefthander-consulting.org\/deutsch\/information\/literatur\/links-und-rechts-in-der-wahrnehmung-des-menschen\/\" aria-label=\"Mehr Informationen \u00fcber Links und Rechts in der Wahrnehmung des Menschen\">Read more<\/a><\/p>\n","protected":false},"author":4,"featured_media":0,"parent":41,"menu_order":10,"comment_status":"closed","ping_status":"closed","template":"","meta":{"_cbd_carousel_blocks":"[]","footnotes":""},"class_list":["post-3742","page","type-page","status-publish"],"_links":{"self":[{"href":"https:\/\/lefthander-consulting.org\/deutsch\/wp-json\/wp\/v2\/pages\/3742","targetHints":{"allow":["GET"]}}],"collection":[{"href":"https:\/\/lefthander-consulting.org\/deutsch\/wp-json\/wp\/v2\/pages"}],"about":[{"href":"https:\/\/lefthander-consulting.org\/deutsch\/wp-json\/wp\/v2\/types\/page"}],"author":[{"embeddable":true,"href":"https:\/\/lefthander-consulting.org\/deutsch\/wp-json\/wp\/v2\/users\/4"}],"replies":[{"embeddable":true,"href":"https:\/\/lefthander-consulting.org\/deutsch\/wp-json\/wp\/v2\/comments?post=3742"}],"version-history":[{"count":2,"href":"https:\/\/lefthander-consulting.org\/deutsch\/wp-json\/wp\/v2\/pages\/3742\/revisions"}],"predecessor-version":[{"id":10167,"href":"https:\/\/lefthander-consulting.org\/deutsch\/wp-json\/wp\/v2\/pages\/3742\/revisions\/10167"}],"up":[{"embeddable":true,"href":"https:\/\/lefthander-consulting.org\/deutsch\/wp-json\/wp\/v2\/pages\/41"}],"wp:attachment":[{"href":"https:\/\/lefthander-consulting.org\/deutsch\/wp-json\/wp\/v2\/media?parent=3742"}],"curies":[{"name":"wp","href":"https:\/\/api.w.org\/{rel}","templated":true}]}}