{"id":37,"date":"2018-06-07T15:02:26","date_gmt":"2018-06-07T13:02:26","guid":{"rendered":"https:\/\/lefthander-consulting.org\/?page_id=37"},"modified":"2025-08-15T14:34:43","modified_gmt":"2025-08-15T12:34:43","slug":"angebote","status":"publish","type":"page","link":"https:\/\/lefthander-consulting.org\/deutsch\/netzwerk\/angebote\/","title":{"rendered":"Angebote"},"content":{"rendered":"<p><span style=\"font-size: 22pt\">Angebote der Ersten deutsche Beratungs- und Informationsstelle f\u00fcr Linksh\u00e4nder und umgeschulte Linksh\u00e4nder e.V.<br \/>\n<\/span><\/p>\n<p style=\"font-weight: 400\"><span style=\"font-size: 14pt\"><b><strong>Testuntersuchungen und Beratung nach telefonischer Vereinbarung<\/strong><\/b><\/span><\/p>\n<ul>\n<li style=\"font-weight: 400\">Erste deutsche Beratungs- und Informationsstelle f\u00fcr Linksh\u00e4nder und umgeschulte Linksh\u00e4hnder e.V., Sendlinger Str. 17, 80331 M\u00fcnchen &#8211;\u00a0\u00a0089 \/ 26 86 14<\/li>\n<li style=\"font-weight: 400\">Als zertifizierte Linksh\u00e4nder-Beraterin in einer <b><strong>Einrichtung der Landeshauptstadt M\u00fcnchen <\/strong><\/b>ist<b> <\/b>zu erreichen\n<ul>\n<li style=\"font-weight: 400\">Andrea Wenninger \u2013 Kindertageseinrichtung \u2013 Termin nach Vereinbarung, 089 \/\u00a0\u00a018 90 47 83 25<\/li>\n<\/ul>\n<\/li>\n<\/ul>\n<p style=\"font-weight: 400\"><b><strong>Telefonische Fachberatung in M\u00fcnchen<\/strong><\/b><\/p>\n<p style=\"font-weight: 400\">Beratungsstelle f\u00fcr Linksh\u00e4nder &#8211; mittwochs 14 bis 15 Uhr und nach Vereinbarung, 089 \/ 26 86 14<\/p>\n<p style=\"font-weight: 400\"><b><strong>Versendung von\u00a0<a href=\"https:\/\/lefthander-consulting.org\/deutsch\/netzwerk\/infomaterial\/\">Informationsmaterial<\/a><\/strong><\/b> gegen frankierten R\u00fcckumschlag (Liste mit L\u00e4den und Versandgesch\u00e4ften von Linkshandprodukten, Info-Blatt zur Schreibhaltung, Literaturtipps); gegen 2 x 0,85 EUR in Briefmarken (oder 2 Internationale Antwortcoupons) erweitertes Info-Material (zus\u00e4tzlich zu obigen Unterlagen Infos zur Linksh\u00e4ndigkeit, zu Umschulungsfolgen der H\u00e4ndigkeit und zur Testung der H\u00e4ndigkeit)<\/p>\n<p style=\"font-weight: 400\"><b><strong>Information \u00fcber Fachleute<\/strong><\/b>, die sich mit Linksh\u00e4ndigkeit auseinander setzen und praktische Hilfe leisten k\u00f6nnen und wollen. Schwerpunkte liegen im Bereich der P\u00e4dagogik, der Ergo- und Mototherapie, Heilp\u00e4dagogik, Sozialp\u00e4dagogik, sowie Psychotherapie und Medizin. Seit 1985 ist ein Netzwerk aus lockeren, kollegialen Kontakten mit Fachleuten, die sich mit Fragen der Linksh\u00e4ndigkeit besch\u00e4ftigen, im ganzen deutschsprachigen Raum entstanden. Ein gro\u00dfer Teil dieser Fachleute wurde von und bei uns ausgebildet und viele besuchten auch weiter Supervisions-Veranstaltungen und Fachtagung und Fachtreffen (<a href=\"https:\/\/lefthander-consulting.org\/deutsch\/beratung\/berater-finden\/\">Netzwerk der Linksh\u00e4nder Beraterinnen und Linksh\u00e4nder-Berater<\/a>). Bei Anfragen von Betroffenen und von Hilfe- und Ratsuchenden bem\u00fchen wir uns, einen f\u00fcr die jeweilige individuelle Situation passenden Fachmann unter dieser Gruppe zu finden.<\/p>\n<p style=\"font-weight: 400\"><b><strong>Vortr\u00e4ge und Seminare<\/strong><\/b> f\u00fcr Betroffene, Interessierte und mit H\u00e4ndigkeit befasste Berufsgruppen. Eine diesbez\u00fcgliche Liste umfasst Veranstaltungsangebote von mit uns kooperierenden Fachleuten und Initiativen im deutschsprachigen Raum. Sie kann auf Wunsch zugeschickt werden. Darin sind auch Termine und Informationen zur <a href=\"https:\/\/lefthander-consulting.org\/deutsch\/aktuelles\/veranstaltungen\/\"><strong>Zusatzausbildung zum\/zur &#8222;Linksh\u00e4nder-BeraterIn nach Methodik Dr. Johanna Barbara Sattler<\/strong>&#8222;<\/a> gibt es f\u00fcr Fachleute mit Berufserfahrung enthalten. Diese Zusatzausbildung zum\/zur Linksh\u00e4nderberaterIn k\u00f6nnen Fachleute erwerben, die eine Berufsausbildung und Berufserfahrungen in p\u00e4dagogischen, therapeutischen oder medizinischen Bereichen haben. Genauere Einzelheiten finden Sie auf unserer Seite \u201eZusatzausbildung\u201c.<\/p>\n","protected":false},"excerpt":{"rendered":"<p>Angebote der Ersten deutsche Beratungs- und Informationsstelle f\u00fcr Linksh\u00e4nder und umgeschulte Linksh\u00e4nder e.V. Testuntersuchungen und Beratung nach telefonischer Vereinbarung Erste deutsche Beratungs- und Informationsstelle f\u00fcr Linksh\u00e4nder und umgeschulte Linksh\u00e4hnder e.V., Sendlinger Str. 17, 80331 M\u00fcnchen &#8211;\u00a0\u00a0089 \/ 26 86 14 Als zertifizierte Linksh\u00e4nder-Beraterin in einer Einrichtung der Landeshauptstadt M\u00fcnchen ist zu erreichen Andrea Wenninger \u2013 Kindertageseinrichtung \u2013 Termin nach Vereinbarung, 089 \/\u00a0\u00a018 90 47 83 25 Telefonische Fachberatung in M\u00fcnchen Beratungsstelle f\u00fcr Linksh\u00e4nder &#8211; mittwochs 14 bis 15 Uhr und nach Vereinbarung, 089 \/ 26 86 14 Versendung von\u00a0Informationsmaterial gegen frankierten R\u00fcckumschlag (Liste mit L\u00e4den und Versandgesch\u00e4ften von Linkshandprodukten, Info-Blatt zur Schreibhaltung, Literaturtipps); gegen 2 x 0,85 EUR in Briefmarken (oder 2 Internationale Antwortcoupons) erweitertes Info-Material (zus\u00e4tzlich zu obigen Unterlagen Infos zur Linksh\u00e4ndigkeit, zu Umschulungsfolgen der H\u00e4ndigkeit und zur Testung der H\u00e4ndigkeit) Information \u00fcber Fachleute, die sich mit Linksh\u00e4ndigkeit auseinander setzen und praktische Hilfe leisten k\u00f6nnen und wollen. Schwerpunkte liegen im Bereich der P\u00e4dagogik, &#8230; <a title=\"Angebote\" class=\"read-more\" href=\"https:\/\/lefthander-consulting.org\/deutsch\/netzwerk\/angebote\/\" aria-label=\"Mehr Informationen \u00fcber Angebote\">Read more<\/a><\/p>\n","protected":false},"author":1,"featured_media":0,"parent":814,"menu_order":50,"comment_status":"closed","ping_status":"closed","template":"","meta":{"_cbd_carousel_blocks":"[]","footnotes":""},"class_list":["post-37","page","type-page","status-publish"],"_links":{"self":[{"href":"https:\/\/lefthander-consulting.org\/deutsch\/wp-json\/wp\/v2\/pages\/37","targetHints":{"allow":["GET"]}}],"collection":[{"href":"https:\/\/lefthander-consulting.org\/deutsch\/wp-json\/wp\/v2\/pages"}],"about":[{"href":"https:\/\/lefthander-consulting.org\/deutsch\/wp-json\/wp\/v2\/types\/page"}],"author":[{"embeddable":true,"href":"https:\/\/lefthander-consulting.org\/deutsch\/wp-json\/wp\/v2\/users\/1"}],"replies":[{"embeddable":true,"href":"https:\/\/lefthander-consulting.org\/deutsch\/wp-json\/wp\/v2\/comments?post=37"}],"version-history":[{"count":3,"href":"https:\/\/lefthander-consulting.org\/deutsch\/wp-json\/wp\/v2\/pages\/37\/revisions"}],"predecessor-version":[{"id":8347,"href":"https:\/\/lefthander-consulting.org\/deutsch\/wp-json\/wp\/v2\/pages\/37\/revisions\/8347"}],"up":[{"embeddable":true,"href":"https:\/\/lefthander-consulting.org\/deutsch\/wp-json\/wp\/v2\/pages\/814"}],"wp:attachment":[{"href":"https:\/\/lefthander-consulting.org\/deutsch\/wp-json\/wp\/v2\/media?parent=37"}],"curies":[{"name":"wp","href":"https:\/\/api.w.org\/{rel}","templated":true}]}}