{"id":3598,"date":"2019-02-07T10:40:15","date_gmt":"2019-02-07T09:40:15","guid":{"rendered":"https:\/\/lefthander-consulting.org\/netzwerk\/infomaterial\/sattler-grip\/"},"modified":"2019-09-02T14:55:40","modified_gmt":"2019-09-02T12:55:40","slug":"sattler-grip","status":"publish","type":"page","link":"https:\/\/lefthander-consulting.org\/deutsch\/netzwerk\/infomaterial\/sattler-grip\/","title":{"rendered":"Sattler Grip"},"content":{"rendered":"<p><img loading=\"lazy\" decoding=\"async\" class=\"alignright wp-image-3603\" src=\"https:\/\/lefthander-consulting.org\/deutsch\/wp-content\/uploads\/2019\/02\/406.00.24_KUM\u00aeSattlerGrip-300x200.jpg\" alt=\"\" width=\"250\" height=\"167\" srcset=\"https:\/\/lefthander-consulting.org\/deutsch\/wp-content\/uploads\/2019\/02\/406.00.24_KUM\u00aeSattlerGrip-300x200.jpg 300w, https:\/\/lefthander-consulting.org\/deutsch\/wp-content\/uploads\/2019\/02\/406.00.24_KUM\u00aeSattlerGrip-768x512.jpg 768w, https:\/\/lefthander-consulting.org\/deutsch\/wp-content\/uploads\/2019\/02\/406.00.24_KUM\u00aeSattlerGrip-1024x682.jpg 1024w, https:\/\/lefthander-consulting.org\/deutsch\/wp-content\/uploads\/2019\/02\/406.00.24_KUM\u00aeSattlerGrip.jpg 1772w\" sizes=\"auto, (max-width: 250px) 100vw, 250px\" \/><\/p>\n<p>Der Sattler Grip ist eine patente Neuentwicklung, welche die Finger behutsam in die ergonomisch geeignete Schreibhaltung bringt.<\/p>\n<p>Dieses Produkt wurde von Dr. Johanna Barbara Sattler gemeinsam mit <strong><a href=\"http:\/\/www.kum.net\/\">KUM\u00ae<\/a><\/strong> entwickelt, um f\u00fcr Links- und Rechtsh\u00e4nder eine ideale Schreibhilfe zu bieten<\/p>\n<p><span style=\"font-size: 14pt\"><strong>Vorteile des Sattler Grip:<\/strong><\/span><\/p>\n<ul>\n<li>Aufgrund seiner Form bringt der Sattler Grip die Finger automatisch und behutsam in eine ergonomische Schreibhaltung.<img loading=\"lazy\" decoding=\"async\" class=\"Bild-rahmen alignright wp-image-3604\" src=\"https:\/\/lefthander-consulting.org\/deutsch\/wp-content\/uploads\/2019\/02\/406.00.24_KUMSattlerGRIP-Bleistift-2-300x200.jpg\" alt=\"\" width=\"250\" height=\"167\" srcset=\"https:\/\/lefthander-consulting.org\/deutsch\/wp-content\/uploads\/2019\/02\/406.00.24_KUMSattlerGRIP-Bleistift-2-300x200.jpg 300w, https:\/\/lefthander-consulting.org\/deutsch\/wp-content\/uploads\/2019\/02\/406.00.24_KUMSattlerGRIP-Bleistift-2-768x512.jpg 768w, https:\/\/lefthander-consulting.org\/deutsch\/wp-content\/uploads\/2019\/02\/406.00.24_KUMSattlerGRIP-Bleistift-2-1024x682.jpg 1024w, https:\/\/lefthander-consulting.org\/deutsch\/wp-content\/uploads\/2019\/02\/406.00.24_KUMSattlerGRIP-Bleistift-2.jpg 1772w\" sizes=\"auto, (max-width: 250px) 100vw, 250px\" \/><\/li>\n<li>Das \u201ePressure Feedback System\u201c federt einen zu intensiven Druck ab und verhindert so, dass der Stift mit zu starkem Kraftaufwand gehalten und gef\u00fchrt wird.<\/li>\n<li>Der Wulstrand verhindert ein \u00dcberkreuzen der Finger<\/li>\n<li>Ergonomisch ideal geeignet f\u00fcr Links- und Rechtsh\u00e4nder<\/li>\n<li>Das angenehm griffige Material ist garantiert frei von toxischen Substanzen und es vermeidet eine allergene Belastung<\/li>\n<li>Geeignet f\u00fcr alle g\u00e4ngigen Stiftformate und Pinsel.<\/li>\n<\/ul>\n<p><img loading=\"lazy\" decoding=\"async\" class=\"size-medium wp-image-3605 alignleft\" src=\"https:\/\/lefthander-consulting.org\/deutsch\/wp-content\/uploads\/2019\/02\/Handhaltung-300x300.jpg\" alt=\"\" width=\"300\" height=\"300\" srcset=\"https:\/\/lefthander-consulting.org\/deutsch\/wp-content\/uploads\/2019\/02\/Handhaltung-300x300.jpg 300w, https:\/\/lefthander-consulting.org\/deutsch\/wp-content\/uploads\/2019\/02\/Handhaltung-150x150.jpg 150w, https:\/\/lefthander-consulting.org\/deutsch\/wp-content\/uploads\/2019\/02\/Handhaltung.jpg 580w\" sizes=\"auto, (max-width: 300px) 100vw, 300px\" \/><\/p>\n<p>&nbsp;<\/p>\n<p>&nbsp;<\/p>\n<p>&nbsp;<\/p>\n<p><span style=\"font-size: 24pt;font-family: arial, helvetica, sans-serif\">\u2192\u00a0 <a href=\"https:\/\/lefthander-consulting.org\/deutsch\/netzwerk\/infomaterial\/sattler-tri-grip\/\">Sattler Tri-Grip\u00a0<\/a><\/span><\/p>\n<p>&nbsp;<\/p>\n<p>&nbsp;<\/p>\n<p>&nbsp;<\/p>\n<p>&nbsp;<\/p>\n<p>\u00a9 Copyright: Erste deutsche Beratungs- und Informationsstelle f\u00fcr Linksh\u00e4nder und umgeschulte Linksh\u00e4nder, Sendlinger Str. 17, 80331 M\u00fcnchen, Tel. \/ Fax: +49 \/ 89 \/ 26 86 14<br \/>\n<a href=\"http:\/\/www.linkshaender-beratung.de\/deutsch\/index.htm\">http:\/\/www.lefthander-consulting.org,<\/a> e-mail: <a href=\"mailto:info@linkshaender-beratung.de\">info@lefthander-consulting.org<\/a> und KUM GmbH &amp; Co KG, Essenbacher Str. 2, 91054\u00a0Erlangen, Tel. \u00a0+49 \/ 89 \/ 9 13 18 26 80, Telefax:\u00a0+49 \/ 89 \/ 9 13 17 88 60<br \/>\n<a href=\"http:\/\/www.kum.net\/\">www.kum.net<\/a>, Email: <a href=\"mailto:%20kum@kum.net\">kum@kum.net<\/a><\/p>\n","protected":false},"excerpt":{"rendered":"<p>Der Sattler Grip ist eine patente Neuentwicklung, welche die Finger behutsam in die ergonomisch geeignete Schreibhaltung bringt. Dieses Produkt wurde von Dr. Johanna Barbara Sattler gemeinsam mit KUM\u00ae entwickelt, um f\u00fcr Links- und Rechtsh\u00e4nder eine ideale Schreibhilfe zu bieten Vorteile des Sattler Grip: Aufgrund seiner Form bringt der Sattler Grip die Finger automatisch und behutsam in eine ergonomische Schreibhaltung. Das \u201ePressure Feedback System\u201c federt einen zu intensiven Druck ab und verhindert so, dass der Stift mit zu starkem Kraftaufwand gehalten und gef\u00fchrt wird. Der Wulstrand verhindert ein \u00dcberkreuzen der Finger Ergonomisch ideal geeignet f\u00fcr Links- und Rechtsh\u00e4nder Das angenehm griffige Material ist garantiert frei von toxischen Substanzen und es vermeidet eine allergene Belastung Geeignet f\u00fcr alle g\u00e4ngigen Stiftformate und Pinsel. &nbsp; &nbsp; &nbsp; \u2192\u00a0 Sattler Tri-Grip\u00a0 &nbsp; &nbsp; &nbsp; &nbsp; \u00a9 Copyright: Erste deutsche Beratungs- und Informationsstelle f\u00fcr Linksh\u00e4nder und umgeschulte Linksh\u00e4nder, Sendlinger Str. 17, 80331 M\u00fcnchen, Tel. \/ Fax: +49 \/ 89 \/ &#8230; <a title=\"Sattler Grip\" class=\"read-more\" href=\"https:\/\/lefthander-consulting.org\/deutsch\/netzwerk\/infomaterial\/sattler-grip\/\" aria-label=\"Mehr Informationen \u00fcber Sattler Grip\">Read more<\/a><\/p>\n","protected":false},"author":4,"featured_media":0,"parent":45,"menu_order":0,"comment_status":"closed","ping_status":"closed","template":"","meta":{"_cbd_carousel_blocks":"[]","footnotes":""},"class_list":["post-3598","page","type-page","status-publish"],"_links":{"self":[{"href":"https:\/\/lefthander-consulting.org\/deutsch\/wp-json\/wp\/v2\/pages\/3598","targetHints":{"allow":["GET"]}}],"collection":[{"href":"https:\/\/lefthander-consulting.org\/deutsch\/wp-json\/wp\/v2\/pages"}],"about":[{"href":"https:\/\/lefthander-consulting.org\/deutsch\/wp-json\/wp\/v2\/types\/page"}],"author":[{"embeddable":true,"href":"https:\/\/lefthander-consulting.org\/deutsch\/wp-json\/wp\/v2\/users\/4"}],"replies":[{"embeddable":true,"href":"https:\/\/lefthander-consulting.org\/deutsch\/wp-json\/wp\/v2\/comments?post=3598"}],"version-history":[{"count":13,"href":"https:\/\/lefthander-consulting.org\/deutsch\/wp-json\/wp\/v2\/pages\/3598\/revisions"}],"predecessor-version":[{"id":6226,"href":"https:\/\/lefthander-consulting.org\/deutsch\/wp-json\/wp\/v2\/pages\/3598\/revisions\/6226"}],"up":[{"embeddable":true,"href":"https:\/\/lefthander-consulting.org\/deutsch\/wp-json\/wp\/v2\/pages\/45"}],"wp:attachment":[{"href":"https:\/\/lefthander-consulting.org\/deutsch\/wp-json\/wp\/v2\/media?parent=3598"}],"curies":[{"name":"wp","href":"https:\/\/api.w.org\/{rel}","templated":true}]}}