{"id":35,"date":"2018-06-07T15:02:01","date_gmt":"2018-06-07T13:02:01","guid":{"rendered":"https:\/\/lefthander-consulting.org\/?page_id=35"},"modified":"2025-08-15T14:34:42","modified_gmt":"2025-08-15T12:34:42","slug":"taetigkeits-schwerpunkte","status":"publish","type":"page","link":"https:\/\/lefthander-consulting.org\/deutsch\/beratung\/taetigkeits-schwerpunkte\/","title":{"rendered":"T\u00e4tigkeits-Schwerpunkte"},"content":{"rendered":"<p><span style=\"font-family: Arial,Helvetica\">Intensive Zusammenarbeit in der Forschung \u00fcber H\u00e4ndigkeit, umgeschulte H\u00e4ndigkeit und \u00fcber\u00a0<a href=\"https:\/\/lefthander-consulting.org\/deutsch\/beratung\/rueckschulung\/\">R\u00fcckschulungen<\/a>\u00a0von umgeschulten Linksh\u00e4ndern wieder auf ihre eigentlich dominante linke Hand (dazu ist eine Buchver\u00f6ffentlichung in Vorbereitung \u00fcber &#8222;R\u00fcckschulung der H\u00e4ndigkeit bei Kindern und Erwachsenen. Chancen und Gefahren f\u00fcr Linksh\u00e4nder und Rechtsh\u00e4nder&#8220;). Erweiterung des fundierten und gesicherten Wissens \u00fcber Chancen und Gefahren einer R\u00fcckschulung der H\u00e4ndigkeit auf die urspr\u00fcnglich dominante Hand.<\/span><\/p>\n<p><span style=\"font-family: Arial,Helvetica\">Weiter werden\u00a0<a href=\"https:\/\/lefthander-consulting.org\/deutsch\/beratung\/testung\/\">Testuntersuchungen<\/a>\u00a0der H\u00e4ndigkeit und Beratungen bei Kindern und Erwachsenen durchgef\u00fchrt und Kontakte zu anderen Fachleuten vermittelt.<\/span><\/p>\n<p><span style=\"font-family: Arial,Helvetica\">Ein Schwerpunkt liegt auf der kontinuierlichen\u00a0<a href=\"https:\/\/lefthander-consulting.org\/deutsch\/netzwerk\/oeffentlichkeitsarbeit\/\">\u00d6ffentlichkeitsarbeit<\/a>\u00a0als Pr\u00e4ventivma\u00dfnahme zur Verhinderung der Umschulung der H\u00e4ndigkeit.<\/span><\/p>\n<p><span style=\"font-family: Arial,Helvetica\">Diese Aufkl\u00e4rungsarbeit wird nicht nur in Bezug auf die betroffenen Gesellschaftsgruppen vollzogen, sondern wesentlich ist auch die Transformation der in der Beratungsstelle und mit ihr kooperierenden Forschungsprojekten gewonnenen Erkenntnissen in das Wissen anderer Berufsgruppen, wie \u00c4rzte, Ergotherapeuten, Heil- und Mototherapeuten, Lehrer, Erzieher, Psychologen und Sozialp\u00e4dagogen. Dies geschieht sowohl in Seminaren und Vortr\u00e4gen, als auch in Artikeln und durch die Vermittlung von Fachkontakten.<\/span><\/p>\n<p><span style=\"font-family: Arial,Helvetica\">Aus den T\u00e4tigkeit der Ersten deutschen Beratungs- und Informationsstelle f\u00fcr Linksh\u00e4nder und umgeschulte Linksh\u00e4nder ist auch das im Auftrag des Bayerischen Kultusministeriums f\u00fcr Unterricht, Kultus, Wissenschaft und Kunst erarbeitete Buch &#8222;<a href=\"https:\/\/lefthander-consulting.org\/deutsch\/information\/literatur\/das-linkshaendige-kind-in-der-grundschule\/\">Das linksh\u00e4ndige Kind in der Grundschule<\/a>&#8222;, das vom Staatsinstitut f\u00fcr Schulp\u00e4dagogik und Bildungsforschung herausgegeben wurde, hervorgegangen. Das Buch wurde 1993 \u00fcber die Schul\u00e4mter an alle bayerischen Grundschulen verteilt und anderen Bundesl\u00e4ndern zur Verf\u00fcgung gestellt und dort benutzt. Es ist seit 1993 im Buchhandel erh\u00e4ltlich.<\/span><\/p>\n<p><span style=\"font-family: arial, helvetica, sans-serif\">\u00a9 Copyright: Erste deutsche Beratungs- und Informationsstelle f\u00fcr Linksh\u00e4nder und umgeschulte Linksh\u00e4nder, Sendlinger Str. 17, 80331 M\u00fcnchen, Tel. \/ Fax: +49 \/ 89 \/ 26 86 14, <a href=\"https:\/\/lefthander-consulting.org\">https:\/\/www.linkshaender-beratung.de<\/a>, e-mail: info@lefthander-consulting.org<\/span><\/p>\n","protected":false},"excerpt":{"rendered":"<p>Intensive Zusammenarbeit in der Forschung \u00fcber H\u00e4ndigkeit, umgeschulte H\u00e4ndigkeit und \u00fcber\u00a0R\u00fcckschulungen\u00a0von umgeschulten Linksh\u00e4ndern wieder auf ihre eigentlich dominante linke Hand (dazu ist eine Buchver\u00f6ffentlichung in Vorbereitung \u00fcber &#8222;R\u00fcckschulung der H\u00e4ndigkeit bei Kindern und Erwachsenen. Chancen und Gefahren f\u00fcr Linksh\u00e4nder und Rechtsh\u00e4nder&#8220;). Erweiterung des fundierten und gesicherten Wissens \u00fcber Chancen und Gefahren einer R\u00fcckschulung der H\u00e4ndigkeit auf die urspr\u00fcnglich dominante Hand. Weiter werden\u00a0Testuntersuchungen\u00a0der H\u00e4ndigkeit und Beratungen bei Kindern und Erwachsenen durchgef\u00fchrt und Kontakte zu anderen Fachleuten vermittelt. Ein Schwerpunkt liegt auf der kontinuierlichen\u00a0\u00d6ffentlichkeitsarbeit\u00a0als Pr\u00e4ventivma\u00dfnahme zur Verhinderung der Umschulung der H\u00e4ndigkeit. Diese Aufkl\u00e4rungsarbeit wird nicht nur in Bezug auf die betroffenen Gesellschaftsgruppen vollzogen, sondern wesentlich ist auch die Transformation der in der Beratungsstelle und mit ihr kooperierenden Forschungsprojekten gewonnenen Erkenntnissen in das Wissen anderer Berufsgruppen, wie \u00c4rzte, Ergotherapeuten, Heil- und Mototherapeuten, Lehrer, Erzieher, Psychologen und Sozialp\u00e4dagogen. Dies geschieht sowohl in Seminaren und Vortr\u00e4gen, als auch in Artikeln und durch die Vermittlung von Fachkontakten. Aus den T\u00e4tigkeit &#8230; <a title=\"T\u00e4tigkeits-Schwerpunkte\" class=\"read-more\" href=\"https:\/\/lefthander-consulting.org\/deutsch\/beratung\/taetigkeits-schwerpunkte\/\" aria-label=\"Mehr Informationen \u00fcber T\u00e4tigkeits-Schwerpunkte\">Read more<\/a><\/p>\n","protected":false},"author":1,"featured_media":0,"parent":808,"menu_order":3,"comment_status":"closed","ping_status":"closed","template":"","meta":{"_cbd_carousel_blocks":"[]","footnotes":""},"class_list":["post-35","page","type-page","status-publish"],"_links":{"self":[{"href":"https:\/\/lefthander-consulting.org\/deutsch\/wp-json\/wp\/v2\/pages\/35","targetHints":{"allow":["GET"]}}],"collection":[{"href":"https:\/\/lefthander-consulting.org\/deutsch\/wp-json\/wp\/v2\/pages"}],"about":[{"href":"https:\/\/lefthander-consulting.org\/deutsch\/wp-json\/wp\/v2\/types\/page"}],"author":[{"embeddable":true,"href":"https:\/\/lefthander-consulting.org\/deutsch\/wp-json\/wp\/v2\/users\/1"}],"replies":[{"embeddable":true,"href":"https:\/\/lefthander-consulting.org\/deutsch\/wp-json\/wp\/v2\/comments?post=35"}],"version-history":[{"count":9,"href":"https:\/\/lefthander-consulting.org\/deutsch\/wp-json\/wp\/v2\/pages\/35\/revisions"}],"predecessor-version":[{"id":5565,"href":"https:\/\/lefthander-consulting.org\/deutsch\/wp-json\/wp\/v2\/pages\/35\/revisions\/5565"}],"up":[{"embeddable":true,"href":"https:\/\/lefthander-consulting.org\/deutsch\/wp-json\/wp\/v2\/pages\/808"}],"wp:attachment":[{"href":"https:\/\/lefthander-consulting.org\/deutsch\/wp-json\/wp\/v2\/media?parent=35"}],"curies":[{"name":"wp","href":"https:\/\/api.w.org\/{rel}","templated":true}]}}