{"id":3446,"date":"2019-02-04T12:34:00","date_gmt":"2019-02-04T11:34:00","guid":{"rendered":"https:\/\/lefthander-consulting.org\/information\/spielzeug-fuer-linkshaendige-kinder\/praemierung-von-spielzeug-fuer-linkshaendige-kinder\/"},"modified":"2025-08-15T14:34:42","modified_gmt":"2025-08-15T12:34:42","slug":"praemierung-von-spielzeug-fuer-linkshaendige-kinder","status":"publish","type":"page","link":"https:\/\/lefthander-consulting.org\/deutsch\/information\/kindergartenalter\/spielzeug-fuer-linkshaendige-kinder\/praemierung-von-spielzeug-fuer-linkshaendige-kinder\/","title":{"rendered":"Pr\u00e4mierung von Spielzeug f\u00fcr linksh\u00e4ndige Kinder"},"content":{"rendered":"<p>&nbsp;<\/p>\n<p><strong><img loading=\"lazy\" decoding=\"async\" class=\"alignleft wp-image-2809\" src=\"https:\/\/lefthander-consulting.org\/deutsch\/wp-content\/uploads\/2019\/01\/Logo-Pr\u00e4mierung-Spielzeug-des-Jahres-300x300.jpg\" alt=\"\" width=\"250\" height=\"250\" srcset=\"https:\/\/lefthander-consulting.org\/deutsch\/wp-content\/uploads\/2019\/01\/Logo-Pr\u00e4mierung-Spielzeug-des-Jahres-300x300.jpg 300w, https:\/\/lefthander-consulting.org\/deutsch\/wp-content\/uploads\/2019\/01\/Logo-Pr\u00e4mierung-Spielzeug-des-Jahres-150x150.jpg 150w, https:\/\/lefthander-consulting.org\/deutsch\/wp-content\/uploads\/2019\/01\/Logo-Pr\u00e4mierung-Spielzeug-des-Jahres.jpg 617w\" sizes=\"auto, (max-width: 250px) 100vw, 250px\" \/><\/strong><\/p>\n<p>&nbsp;<\/p>\n<p><span style=\"font-size: 14pt\"><strong>Pr\u00e4mierung\u00a0<\/strong><\/span><\/p>\n<p><span style=\"font-size: 14pt\"><strong>von <\/strong><\/span><\/p>\n<p><span style=\"font-size: 14pt\"><strong>Spielzeug f\u00fcr <\/strong><\/span><span style=\"font-size: 14pt\"><strong>linksh\u00e4ndige Kinder<\/strong><\/span><\/p>\n<p>&nbsp;<\/p>\n<p>&nbsp;<\/p>\n<p>&nbsp;<\/p>\n<ul>\n<li>Einmal im Jahr &#8211; zum 13. August, dem Internationalen Linksh\u00e4ndertag &#8211; m\u00f6chte unsere Jury Ihren Vorschlag zum &#8222;Spielzeug f\u00fcr linksh\u00e4ndige Kinder des Jahres&#8220; pr\u00e4mieren.<\/li>\n<li>Dieses Spielzeug soll sowohl linksh\u00e4ndigen als auch rechtsh\u00e4ndigen Kindern gerecht werden. Es ist Spielzeug gemeint, bei dem z.B. bei Drehvorrichtungen oder T\u00fcren L\u00f6sungen gefunden wurden, die weder die linksh\u00e4ndigen noch die rechtsh\u00e4ndigen Kinder benachteiligen. Das kann durch Vorrichtungen gel\u00f6st werden, die mit der linken als auch mit der rechten Hand gleich gut erreichbar sind oder auch durch einfache Umsteckm\u00f6glichkeiten, so dass eine asymmetrische Vorrichtung ohne gro\u00dfe Probleme umzu\u00e4ndern also &#8222;umzur\u00fcsten&#8220; ist.<\/li>\n<li>Vorschl\u00e4ge kann jeder einreichen: sowohl Eltern, Kinderg\u00e4rten, Schulen und alle anderen.<\/li>\n<li>Einsendeschluss f\u00fcr die zehnte Pr\u00e4mierung ist der 1. Mai 2011.<\/li>\n<li>Der Hersteller des pr\u00e4mierten Spielzeuges erh\u00e4lt eine Urkunde und ein Label.<\/li>\n<li>Das pr\u00e4mierte Spielzeug wird Ihnen anschlie\u00dfend auf diesen Seiten vorgestellt (Begr\u00fcndung f\u00fcr die Pr\u00e4mierung des\u00a0 Spielzeugs f\u00fcr linksh\u00e4ndige Kinder im <a href=\"https:\/\/lefthander-consulting.org\/deutsch\/information\/kindergartenalter\/spielzeug-fuer-linkshaendige-kinder\/auszeichnung-2002-2013\/spielzeugbegruendung-2002\/\">Jahr 2002<\/a> , <a href=\"https:\/\/lefthander-consulting.org\/deutsch\/information\/kindergartenalter\/spielzeug-fuer-linkshaendige-kinder\/auszeichnung-2002-2013\/spielzeugbegruendung-2003\/\">2003<\/a>, <a href=\"https:\/\/lefthander-consulting.org\/deutsch\/information\/kindergartenalter\/spielzeug-fuer-linkshaendige-kinder\/auszeichnung-2002-2013\/spielzeugbegruendung-2004\/\">2004<\/a>, <a href=\"https:\/\/lefthander-consulting.org\/deutsch\/information\/kindergartenalter\/spielzeug-fuer-linkshaendige-kinder\/auszeichnung-2002-2013\/spielzeugbegruendung-2005\/\">2005<\/a>, <a href=\"https:\/\/lefthander-consulting.org\/deutsch\/information\/kindergartenalter\/spielzeug-fuer-linkshaendige-kinder\/auszeichnung-2002-2013\/spielzeugbegruendung-2006\/\">2006<\/a>, <a href=\"https:\/\/lefthander-consulting.org\/deutsch\/information\/kindergartenalter\/spielzeug-fuer-linkshaendige-kinder\/auszeichnung-2002-2013\/spielzeugbegruendung-2007\/\">2007<\/a>, <a href=\"https:\/\/lefthander-consulting.org\/deutsch\/information\/kindergartenalter\/spielzeug-fuer-linkshaendige-kinder\/auszeichnung-2002-2013\/spielzeugbegruendung-2008\/\">2008<\/a>, <a href=\"https:\/\/lefthander-consulting.org\/deutsch\/information\/kindergartenalter\/spielzeug-fuer-linkshaendige-kinder\/auszeichnung-2002-2013\/spielzeugbegruendung-2009\/\">2009<\/a>, <a href=\"https:\/\/lefthander-consulting.org\/deutsch\/information\/kindergartenalter\/spielzeug-fuer-linkshaendige-kinder\/auszeichnung-2002-2013\/spielzeugbegrundung-2010\/\">2010<\/a>, <a href=\"https:\/\/lefthander-consulting.org\/deutsch\/information\/kindergartenalter\/spielzeug-fuer-linkshaendige-kinder\/auszeichnung-2002-2013\/spielzeugbegruendung-2011\/\">2011<\/a>, <a href=\"https:\/\/lefthander-consulting.org\/deutsch\/information\/kindergartenalter\/spielzeug-fuer-linkshaendige-kinder\/auszeichnung-2002-2013\/spielzeugbegruendung-2012\/spielzeugbegruendung-kaleido-gears\/\">Kaleido Gears<\/a>, <a href=\"https:\/\/lefthander-consulting.org\/deutsch\/information\/kindergartenalter\/spielzeug-fuer-linkshaendige-kinder\/auszeichnung-2002-2013\/spielzeugbegruendung-2012\/spielzeugbegruendung-matador-baukasten\/\">Matador Baukasten<\/a> und <a href=\"https:\/\/lefthander-consulting.org\/deutsch\/information\/kindergartenalter\/spielzeug-fuer-linkshaendige-kinder\/auszeichnung-2002-2013\/spielzeugbegruendung-2012\/spielzeugbegruendung-qwirkle\/\">Qwirkl<\/a>e und <a href=\"https:\/\/lefthander-consulting.org\/deutsch\/information\/kindergartenalter\/spielzeug-fuer-linkshaendige-kinder\/auszeichnung-2002-2013\/spielzeugpraemierung-2013\/\">2013<\/a> )<\/li>\n<\/ul>\n<p>&nbsp;<\/p>\n<p><img loading=\"lazy\" decoding=\"async\" class=\"size-full wp-image-12 alignleft\" src=\"https:\/\/lefthander-consulting.org\/deutsch\/wp-content\/uploads\/2018\/06\/Image5.jpg\" alt=\"\" width=\"278\" height=\"185\" \/><\/p>\n<p>&nbsp;<\/p>\n<ul>\n<li>Helfen Sie mit, schicken Sie uns Ihre Vorschl\u00e4ge!<\/li>\n<li>Bitte begr\u00fcnden Sie ihren Vorschlag kurz schriftlich.<\/li>\n<li>Bitte geben Sie unbedingt den Hersteller (mit Adresse) an.<\/li>\n<\/ul>\n<p>&nbsp;<\/p>\n<p>&nbsp;<\/p>\n<p>Vorschl\u00e4ge senden Sie bitte per Post an:<br \/>\nErste deutsche Beratungs- und Informationsstelle f\u00fcr Linksh\u00e4nder und umgeschulte Linksh\u00e4nder<br \/>\nSendlinger Str. 17, 80331 M\u00fcnchen<\/p>\n<p>Per E-Mail:<br \/>\ninfo@lefthander-consulting.org<\/p>\n","protected":false},"excerpt":{"rendered":"<p>&nbsp; &nbsp; Pr\u00e4mierung\u00a0 von Spielzeug f\u00fcr linksh\u00e4ndige Kinder &nbsp; &nbsp; &nbsp; Einmal im Jahr &#8211; zum 13. August, dem Internationalen Linksh\u00e4ndertag &#8211; m\u00f6chte unsere Jury Ihren Vorschlag zum &#8222;Spielzeug f\u00fcr linksh\u00e4ndige Kinder des Jahres&#8220; pr\u00e4mieren. Dieses Spielzeug soll sowohl linksh\u00e4ndigen als auch rechtsh\u00e4ndigen Kindern gerecht werden. Es ist Spielzeug gemeint, bei dem z.B. bei Drehvorrichtungen oder T\u00fcren L\u00f6sungen gefunden wurden, die weder die linksh\u00e4ndigen noch die rechtsh\u00e4ndigen Kinder benachteiligen. Das kann durch Vorrichtungen gel\u00f6st werden, die mit der linken als auch mit der rechten Hand gleich gut erreichbar sind oder auch durch einfache Umsteckm\u00f6glichkeiten, so dass eine asymmetrische Vorrichtung ohne gro\u00dfe Probleme umzu\u00e4ndern also &#8222;umzur\u00fcsten&#8220; ist. Vorschl\u00e4ge kann jeder einreichen: sowohl Eltern, Kinderg\u00e4rten, Schulen und alle anderen. Einsendeschluss f\u00fcr die zehnte Pr\u00e4mierung ist der 1. Mai 2011. Der Hersteller des pr\u00e4mierten Spielzeuges erh\u00e4lt eine Urkunde und ein Label. Das pr\u00e4mierte Spielzeug wird Ihnen anschlie\u00dfend auf diesen Seiten vorgestellt (Begr\u00fcndung f\u00fcr die Pr\u00e4mierung des\u00a0 Spielzeugs &#8230; <a title=\"Pr\u00e4mierung von Spielzeug f\u00fcr linksh\u00e4ndige Kinder\" class=\"read-more\" href=\"https:\/\/lefthander-consulting.org\/deutsch\/information\/kindergartenalter\/spielzeug-fuer-linkshaendige-kinder\/praemierung-von-spielzeug-fuer-linkshaendige-kinder\/\" aria-label=\"Mehr Informationen \u00fcber Pr\u00e4mierung von Spielzeug f\u00fcr linksh\u00e4ndige Kinder\">Read more<\/a><\/p>\n","protected":false},"author":4,"featured_media":0,"parent":59,"menu_order":33,"comment_status":"closed","ping_status":"closed","template":"","meta":{"_cbd_carousel_blocks":"[]","footnotes":""},"class_list":["post-3446","page","type-page","status-publish"],"_links":{"self":[{"href":"https:\/\/lefthander-consulting.org\/deutsch\/wp-json\/wp\/v2\/pages\/3446","targetHints":{"allow":["GET"]}}],"collection":[{"href":"https:\/\/lefthander-consulting.org\/deutsch\/wp-json\/wp\/v2\/pages"}],"about":[{"href":"https:\/\/lefthander-consulting.org\/deutsch\/wp-json\/wp\/v2\/types\/page"}],"author":[{"embeddable":true,"href":"https:\/\/lefthander-consulting.org\/deutsch\/wp-json\/wp\/v2\/users\/4"}],"replies":[{"embeddable":true,"href":"https:\/\/lefthander-consulting.org\/deutsch\/wp-json\/wp\/v2\/comments?post=3446"}],"version-history":[{"count":2,"href":"https:\/\/lefthander-consulting.org\/deutsch\/wp-json\/wp\/v2\/pages\/3446\/revisions"}],"predecessor-version":[{"id":9141,"href":"https:\/\/lefthander-consulting.org\/deutsch\/wp-json\/wp\/v2\/pages\/3446\/revisions\/9141"}],"up":[{"embeddable":true,"href":"https:\/\/lefthander-consulting.org\/deutsch\/wp-json\/wp\/v2\/pages\/59"}],"wp:attachment":[{"href":"https:\/\/lefthander-consulting.org\/deutsch\/wp-json\/wp\/v2\/media?parent=3446"}],"curies":[{"name":"wp","href":"https:\/\/api.w.org\/{rel}","templated":true}]}}