{"id":3351,"date":"2019-02-01T13:28:06","date_gmt":"2019-02-01T12:28:06","guid":{"rendered":"https:\/\/lefthander-consulting.org\/information\/spielzeug-fuer-linkshaendige-kinder\/auszeichnung-2002-2013\/spielzeugpraemierung-2013\/"},"modified":"2025-08-15T14:34:42","modified_gmt":"2025-08-15T12:34:42","slug":"spielzeugpraemierung-2013","status":"publish","type":"page","link":"https:\/\/lefthander-consulting.org\/deutsch\/information\/kindergartenalter\/spielzeug-fuer-linkshaendige-kinder\/auszeichnung-2002-2013\/spielzeugpraemierung-2013\/","title":{"rendered":"Spielzeugbegr\u00fcndung 2013"},"content":{"rendered":"<p>&nbsp;<\/p>\n<p><strong><img loading=\"lazy\" decoding=\"async\" class=\"alignleft wp-image-2809\" src=\"https:\/\/lefthander-consulting.org\/deutsch\/wp-content\/uploads\/2019\/01\/Logo-Pr\u00e4mierung-Spielzeug-des-Jahres-300x300.jpg\" alt=\"\" width=\"250\" height=\"250\" srcset=\"https:\/\/lefthander-consulting.org\/deutsch\/wp-content\/uploads\/2019\/01\/Logo-Pr\u00e4mierung-Spielzeug-des-Jahres-300x300.jpg 300w, https:\/\/lefthander-consulting.org\/deutsch\/wp-content\/uploads\/2019\/01\/Logo-Pr\u00e4mierung-Spielzeug-des-Jahres-150x150.jpg 150w, https:\/\/lefthander-consulting.org\/deutsch\/wp-content\/uploads\/2019\/01\/Logo-Pr\u00e4mierung-Spielzeug-des-Jahres.jpg 617w\" sizes=\"auto, (max-width: 250px) 100vw, 250px\" \/><\/strong><\/p>\n<p>&nbsp;<\/p>\n<p><span style=\"font-size: 14pt\"><strong>Erste deutsche Beratungs- und Informationsstelle f\u00fcr <\/strong><\/span><br \/>\n<span style=\"font-size: 14pt\"><strong>Linksh\u00e4nder und umgeschulte Linksh\u00e4nder e.V.<\/strong><\/span><br \/>\n<span style=\"font-size: 14pt\">Sendlinger Str. 17<\/span><br \/>\n<span style=\"font-size: 14pt\">80331 M\u00fcnchen<\/span><br \/>\n<span style=\"font-size: 14pt\">Tel.\/Fax 089 \/ 26 86 14<\/span><\/p>\n<p>&nbsp;<\/p>\n<p>&nbsp;<\/p>\n<p style=\"text-align: center\"><span style=\"font-size: 14pt\">Begr\u00fcndung der Auszeichnung<\/span><\/p>\n<p style=\"text-align: center\"><span style=\"font-size: 18pt\"><strong>Spielzeug f\u00fcr linksh\u00e4ndige Kinder des Jahres 2013<\/strong><\/span><\/p>\n<p style=\"text-align: center\"><span style=\"font-size: 14pt\">an das Konstruktionsspielzeug mic-o-mic <\/span><\/p>\n<p style=\"text-align: center\"><span style=\"font-size: 16pt\"><strong>der Firma Sch\u00e4fter Toy Company GmbH\u00a0<\/strong><\/span><\/p>\n<p>Die Firma Sch\u00e4fer hat mit ihren Konstruktionsbaus\u00e4tzen ,,mic-o-mic\u2019\u2019 ein edukatives Spielzeug mit lernp\u00e4dagogischen Ideen in Farb- und Formvollendung f\u00fcr linksh\u00e4ndige und rechtsh\u00e4ndige Kinder geschaffen. In besonderem Ma\u00dfe werden die Feinmotorik, die Auge- Hand Koordination und das Vorstellungs-verm\u00f6gen gef\u00f6rdert. Die in allen Bereichen vollkommen h\u00e4ndigkeitsneutralen Baus\u00e4tze und auch das Werkzeug sind so gestaltet, dass sowohl linsh\u00e4ndige wie auch rechtsh\u00e4ndige Kinder problemlos damit werken und hantieren k\u00f6nnen.<strong>\u00a0<\/strong><\/p>\n<p style=\"text-align: center\"><span style=\"font-size: 14pt\">Deshalb verleihen wir der Firma <strong>Sch\u00e4fer Toy Company GmbH<br \/>\n<\/strong><\/span><span style=\"font-size: 14pt\">f\u00fcr ihr Konstruktionsspielzeug <em>mic-o-mic<\/em> die Auszeichnung<\/span><\/p>\n<p style=\"text-align: center\"><span style=\"font-size: 14pt\"><strong>Spielzeug f\u00fcr linksh\u00e4ndige Kinder im Jahr 2013<\/strong><\/span><\/p>\n<p><span style=\"font-size: 14pt\"><strong>Ein Designspielzeug mit vielen Vorteilen<\/strong><\/span><\/p>\n<p><span style=\"font-size: 14pt\"><strong>Design und Material<img loading=\"lazy\" decoding=\"async\" class=\"alignright wp-image-3361\" src=\"https:\/\/lefthander-consulting.org\/deutsch\/wp-content\/uploads\/2019\/02\/micomic_089027-300x249.jpg\" alt=\"\" width=\"320\" height=\"266\" srcset=\"https:\/\/lefthander-consulting.org\/deutsch\/wp-content\/uploads\/2019\/02\/micomic_089027-300x249.jpg 300w, https:\/\/lefthander-consulting.org\/deutsch\/wp-content\/uploads\/2019\/02\/micomic_089027.jpg 500w\" sizes=\"auto, (max-width: 320px) 100vw, 320px\" \/><br \/>\n<\/strong><\/span>Die vom Designer Klaus Miglitz gestalteten Baus\u00e4tze in harmonischen Farben und Formen sprechen Kinder nicht nur wegen ihrer Farbgebung, sondern auch wegen ihrer interessanten Bauweise an. Der verwendete Material-mix aus handschmeichelnden, abgerundeten und angerauten Kunststoffteilen, gummierten Laschen und Kunststoffpins, macht Lust auf das Verbauen und das Konstruieren.<\/p>\n<p><span style=\"font-size: 14pt\"><strong>Produktqualit\u00e4t und Produktsicherheit<br \/>\n<\/strong><\/span>Alle mic-o-mic Produkte sind nach strengen Produktionsvorgaben gefertigt. Die Produkte erf\u00fcllen die Regelungen f\u00fcr Spielzeugsicherheit nach beispielsweise folgenden Normen: Richtlinie 88\/378\/EG (Sicherheit von Spielzeug), EN71 Teil 1, 2, 3 &amp; 9 \u2013 Bedarfsgegenst\u00e4ndeverordnung, Chemikalienverbotsverordnung.<\/p>\n<p><img loading=\"lazy\" decoding=\"async\" class=\" wp-image-3363 alignleft\" src=\"https:\/\/lefthander-consulting.org\/deutsch\/wp-content\/uploads\/2019\/02\/micomic_plan-300x199.jpg\" alt=\"\" width=\"333\" height=\"221\" srcset=\"https:\/\/lefthander-consulting.org\/deutsch\/wp-content\/uploads\/2019\/02\/micomic_plan-300x199.jpg 300w, https:\/\/lefthander-consulting.org\/deutsch\/wp-content\/uploads\/2019\/02\/micomic_plan.jpg 500w\" sizes=\"auto, (max-width: 333px) 100vw, 333px\" \/><\/p>\n<p><span style=\"font-size: 14pt\"><strong>Baus\u00e4tze<br \/>\n<\/strong><\/span>Die Konstruktionsbaus\u00e4tze werden in unterschiedlichen Gr\u00f6\u00dfen und Arten angeboten, mit Fl\u00fcgeln, R\u00e4dern oder Segeln.<br \/>\nUntersucht wurden zwei Baus\u00e4tze:<br \/>\n&#8211;\u00a0 gro\u00dfe Lokomotive Artikelnr. 089.027<br \/>\n(ab 5 Jahren, Gr\u00f6\u00dfe 8,3&#215;19,1&#215;10,5 cm)<br \/>\n&#8211;\u00a0 kleiner Doppeldecker Artikelnr. 089.005<br \/>\n(ab 3 Jahren, 14,5x11x7 cm)<\/p>\n<p><span style=\"font-size: 14pt\"><strong>Alter<br \/>\n<\/strong><\/span>Die Altersbeschr\u00e4nkung ist von Bausatz zu Bausatz unterschiedlich. Kein Bausatz ist jedoch f\u00fcr Kinder unter drei Jahren geeignet.<\/p>\n<p><span style=\"font-size: 14pt\"><strong>F\u00f6rderm\u00f6glichkeiten<br \/>\n<\/strong><\/span>Die F\u00f6rderm\u00f6glichkeiten aller Baus\u00e4tze gliedern sich in drei Bereiche:<\/p>\n<p>1) die soziale und emotionale Entwicklung (Durchhalteverm\u00f6gen, Geduld, Selbstvertrauen),<\/p>\n<p>2) die kognitive Entwicklung (Aufmerksamkeit, Konzentration, Planungsf\u00e4higkeit, logisches Denken, visuelle Wahrnehmung) und in h\u00f6chstem Ma\u00dfe<\/p>\n<p>3) die motorische Entwicklung, welche hervorzuheben ist in der F\u00f6rderung der Feinmotorik und der Auge-Hand-Koordination.<\/p>\n<p><span style=\"font-size: 14pt\"><strong>Begr\u00fcndung der Auszeichnung<img loading=\"lazy\" decoding=\"async\" class=\"alignright wp-image-3362\" src=\"https:\/\/lefthander-consulting.org\/deutsch\/wp-content\/uploads\/2019\/02\/micomic_bau-300x272.jpg\" alt=\"\" width=\"275\" height=\"249\" srcset=\"https:\/\/lefthander-consulting.org\/deutsch\/wp-content\/uploads\/2019\/02\/micomic_bau-300x272.jpg 300w, https:\/\/lefthander-consulting.org\/deutsch\/wp-content\/uploads\/2019\/02\/micomic_bau.jpg 600w\" sizes=\"auto, (max-width: 275px) 100vw, 275px\" \/><br \/>\n<\/strong><\/span>Die verwendeten Bauteile in den unterschiedlich angebotenen Baus\u00e4tzen der mic-o-mic Reihe lassen zu jeder Zeit eine f\u00fcr Linksh\u00e4nder und Rechtsh\u00e4nder angenehme Bauweise zu. Alle Dreh-, Steck- und Bewegungsrichtungen sind m\u00f6glich, um die entsprechenden Teile zu verbinden. Halte- und Bewegungshand sind immer frei w\u00e4hlbar, was f\u00fcr ein ungetr\u00fcbtes Spielen unverzichtbar ist.<\/p>\n<p>Die Steckpins und Laschen zum Verbinden der Bauteile fordern. die Kinder heraus, f\u00f6rdern aber auch gleichzeitig. Verwundert zeigten sich alle Kinder dar\u00fcber, dass dem Produkt keine detaillierte Aufbauanleitung beiliegt, was gewollt ist. F\u00fcr den Zusammenbau liegt dem Bausatz ein Vorlagenblatt mit einer Anweisung f\u00fcr die Bauanleitung bei. Dieses enth\u00e4lt auf der Vorderseite eine Abbildung der zu verbauenden Teile mit den entsprechenden Teilnummern und auf der R\u00fcckseite einzelne Bilder als Hilfestellung bei der Konstruktion.<\/p>\n<p><img loading=\"lazy\" decoding=\"async\" class=\"bild-rahmen alignleft wp-image-3364 \" src=\"https:\/\/lefthander-consulting.org\/deutsch\/wp-content\/uploads\/2019\/02\/micomic_werkzeug-300x200.jpg\" alt=\"\" width=\"342\" height=\"228\" srcset=\"https:\/\/lefthander-consulting.org\/deutsch\/wp-content\/uploads\/2019\/02\/micomic_werkzeug-300x200.jpg 300w, https:\/\/lefthander-consulting.org\/deutsch\/wp-content\/uploads\/2019\/02\/micomic_werkzeug.jpg 600w\" sizes=\"auto, (max-width: 342px) 100vw, 342px\" \/>Das mitgelieferte Werkzeug in Form. einer zusammensteckbaren Zange, ist ebenfalls h\u00e4ndigkeitsneutral gestaltet. linksh\u00e4ndige und rechtsh\u00e4ndige Kinder k\u00f6nnen mit diesem Werkzeug Pins und Laschen leicht verbinden und l\u00f6sen.<\/p>\n<p><em>Fazit: <\/em>Das farb- und formsch\u00f6ne Konstruktionsspielzeug mic-o-mic. entspricht in hohem Ma\u00dfe den Erwartungen an ein kindgerechtes Spielzeug, in Bezug auf Material, Stabilit\u00e4t und F\u00f6rderung. Der Designaspekt weckt sogar das Interesse von Erwachsenen.<\/p>\n<p><span style=\"font-size: 14pt\"><strong>Adresse:<br \/>\n<\/strong><\/span>mic-o-mic, <strong>Sch\u00e4fer Toy Company GmbH, <\/strong>Industriestrasse 13, D-56307 Daufenbach<br \/>\n<a href=\"http:\/\/www.mic-o-mic.com\/\">www.mic-o-mic.com<\/a>, E-Mail: <a href=\"mailto:info@schaefertoys.de\">info@schaefertoys.de<\/a><\/p>\n<p>Fotos: Cerstin Bayer<\/p>\n<p>Der <strong>Text<\/strong> basiert auf den Ausarbeitungen von <strong>Cerstin<\/strong><strong> Bayer<\/strong>, zertifizierte Linksh\u00e4nder-Beraterin nach Methodik Dr. Sattler, f\u00fcr die Pr\u00e4mierung.<\/p>\n","protected":false},"excerpt":{"rendered":"<p>&nbsp; &nbsp; Erste deutsche Beratungs- und Informationsstelle f\u00fcr Linksh\u00e4nder und umgeschulte Linksh\u00e4nder e.V. Sendlinger Str. 17 80331 M\u00fcnchen Tel.\/Fax 089 \/ 26 86 14 &nbsp; &nbsp; Begr\u00fcndung der Auszeichnung Spielzeug f\u00fcr linksh\u00e4ndige Kinder des Jahres 2013 an das Konstruktionsspielzeug mic-o-mic der Firma Sch\u00e4fter Toy Company GmbH\u00a0 Die Firma Sch\u00e4fer hat mit ihren Konstruktionsbaus\u00e4tzen ,,mic-o-mic\u2019\u2019 ein edukatives Spielzeug mit lernp\u00e4dagogischen Ideen in Farb- und Formvollendung f\u00fcr linksh\u00e4ndige und rechtsh\u00e4ndige Kinder geschaffen. In besonderem Ma\u00dfe werden die Feinmotorik, die Auge- Hand Koordination und das Vorstellungs-verm\u00f6gen gef\u00f6rdert. Die in allen Bereichen vollkommen h\u00e4ndigkeitsneutralen Baus\u00e4tze und auch das Werkzeug sind so gestaltet, dass sowohl linsh\u00e4ndige wie auch rechtsh\u00e4ndige Kinder problemlos damit werken und hantieren k\u00f6nnen.\u00a0 Deshalb verleihen wir der Firma Sch\u00e4fer Toy Company GmbH f\u00fcr ihr Konstruktionsspielzeug mic-o-mic die Auszeichnung Spielzeug f\u00fcr linksh\u00e4ndige Kinder im Jahr 2013 Ein Designspielzeug mit vielen Vorteilen Design und Material Die vom Designer Klaus Miglitz gestalteten Baus\u00e4tze in harmonischen Farben und Formen sprechen &#8230; <a title=\"Spielzeugbegr\u00fcndung 2013\" class=\"read-more\" href=\"https:\/\/lefthander-consulting.org\/deutsch\/information\/kindergartenalter\/spielzeug-fuer-linkshaendige-kinder\/auszeichnung-2002-2013\/spielzeugpraemierung-2013\/\" aria-label=\"Mehr Informationen \u00fcber Spielzeugbegr\u00fcndung 2013\">Read more<\/a><\/p>\n","protected":false},"author":4,"featured_media":0,"parent":63,"menu_order":32,"comment_status":"closed","ping_status":"closed","template":"","meta":{"_cbd_carousel_blocks":"[]","footnotes":""},"class_list":["post-3351","page","type-page","status-publish"],"_links":{"self":[{"href":"https:\/\/lefthander-consulting.org\/deutsch\/wp-json\/wp\/v2\/pages\/3351","targetHints":{"allow":["GET"]}}],"collection":[{"href":"https:\/\/lefthander-consulting.org\/deutsch\/wp-json\/wp\/v2\/pages"}],"about":[{"href":"https:\/\/lefthander-consulting.org\/deutsch\/wp-json\/wp\/v2\/types\/page"}],"author":[{"embeddable":true,"href":"https:\/\/lefthander-consulting.org\/deutsch\/wp-json\/wp\/v2\/users\/4"}],"replies":[{"embeddable":true,"href":"https:\/\/lefthander-consulting.org\/deutsch\/wp-json\/wp\/v2\/comments?post=3351"}],"version-history":[{"count":24,"href":"https:\/\/lefthander-consulting.org\/deutsch\/wp-json\/wp\/v2\/pages\/3351\/revisions"}],"predecessor-version":[{"id":3468,"href":"https:\/\/lefthander-consulting.org\/deutsch\/wp-json\/wp\/v2\/pages\/3351\/revisions\/3468"}],"up":[{"embeddable":true,"href":"https:\/\/lefthander-consulting.org\/deutsch\/wp-json\/wp\/v2\/pages\/63"}],"wp:attachment":[{"href":"https:\/\/lefthander-consulting.org\/deutsch\/wp-json\/wp\/v2\/media?parent=3351"}],"curies":[{"name":"wp","href":"https:\/\/api.w.org\/{rel}","templated":true}]}}