{"id":3232,"date":"2019-02-01T11:29:15","date_gmt":"2019-02-01T10:29:15","guid":{"rendered":"https:\/\/lefthander-consulting.org\/information\/spielzeug-fuer-linkshaendige-kinder\/auszeichnung-2002-2013\/spielzeugbegruendung-2012\/spielzeugbegruendung-qwirkle\/"},"modified":"2025-08-15T14:34:42","modified_gmt":"2025-08-15T12:34:42","slug":"spielzeugbegruendung-qwirkle","status":"publish","type":"page","link":"https:\/\/lefthander-consulting.org\/deutsch\/information\/kindergartenalter\/spielzeug-fuer-linkshaendige-kinder\/auszeichnung-2002-2013\/spielzeugbegruendung-2012\/spielzeugbegruendung-qwirkle\/","title":{"rendered":"Spielzeugbegr\u00fcndung 2012 &#8211; Qwirkle"},"content":{"rendered":"<p>&nbsp;<\/p>\n<p><strong><img loading=\"lazy\" decoding=\"async\" class=\"alignleft wp-image-2809\" src=\"https:\/\/lefthander-consulting.org\/deutsch\/wp-content\/uploads\/2019\/01\/Logo-Pr\u00e4mierung-Spielzeug-des-Jahres-300x300.jpg\" alt=\"\" width=\"250\" height=\"250\" srcset=\"https:\/\/lefthander-consulting.org\/deutsch\/wp-content\/uploads\/2019\/01\/Logo-Pr\u00e4mierung-Spielzeug-des-Jahres-300x300.jpg 300w, https:\/\/lefthander-consulting.org\/deutsch\/wp-content\/uploads\/2019\/01\/Logo-Pr\u00e4mierung-Spielzeug-des-Jahres-150x150.jpg 150w, https:\/\/lefthander-consulting.org\/deutsch\/wp-content\/uploads\/2019\/01\/Logo-Pr\u00e4mierung-Spielzeug-des-Jahres.jpg 617w\" sizes=\"auto, (max-width: 250px) 100vw, 250px\" \/><\/strong><\/p>\n<p>&nbsp;<\/p>\n<p><span style=\"font-size: 14pt\"><strong>Erste deutsche Beratungs- und Informationsstelle f\u00fcr <\/strong><\/span><br \/>\n<span style=\"font-size: 14pt\"><strong>Linksh\u00e4nder und umgeschulte Linksh\u00e4nder e.V.<\/strong><\/span><br \/>\n<span style=\"font-size: 14pt\">Sendlinger Str. 17<\/span><br \/>\n<span style=\"font-size: 14pt\">80331 M\u00fcnchen<\/span><br \/>\n<span style=\"font-size: 14pt\">Tel.\/Fax 089 \/ 26 86 14<\/span><\/p>\n<p>&nbsp;<\/p>\n<p>&nbsp;<\/p>\n<p style=\"text-align: center\"><span style=\"font-size: 14pt\">Begr\u00fcndung der Auszeichnung<\/span><\/p>\n<p style=\"text-align: center\"><span style=\"font-size: 18pt\"><strong>Spielzeug f\u00fcr linksh\u00e4ndige Kinder des Jahres 2012<\/strong><\/span><\/p>\n<p style=\"text-align: center\"><span style=\"font-size: 14pt\">an das Strategiespiel Qwirkle\u00a0<\/span><\/p>\n<p style=\"text-align: center\"><span style=\"font-size: 16pt\">der Firma Schmidt Spiele GmbH<\/span><\/p>\n<p>Das Spiel <em>Qwirkle<\/em> von der Autorin Susan McKinley Ross ist ein Strategiespiel, welches an eine Kombination aus den Spielen Domino und Sudoku erinnert.<img loading=\"lazy\" decoding=\"async\" class=\"alignright wp-image-3314\" src=\"https:\/\/lefthander-consulting.org\/deutsch\/wp-content\/uploads\/2019\/02\/Qwirkle_Tobias-3-August-2012-Foto-Sattler-300x200.jpg\" alt=\"\" width=\"263\" height=\"175\" srcset=\"https:\/\/lefthander-consulting.org\/deutsch\/wp-content\/uploads\/2019\/02\/Qwirkle_Tobias-3-August-2012-Foto-Sattler-300x200.jpg 300w, https:\/\/lefthander-consulting.org\/deutsch\/wp-content\/uploads\/2019\/02\/Qwirkle_Tobias-3-August-2012-Foto-Sattler-768x512.jpg 768w, https:\/\/lefthander-consulting.org\/deutsch\/wp-content\/uploads\/2019\/02\/Qwirkle_Tobias-3-August-2012-Foto-Sattler-1024x683.jpg 1024w\" sizes=\"auto, (max-width: 263px) 100vw, 263px\" \/><\/p>\n<p>Bei Qwirkle m\u00fcssen aus schwarzen Holzspielsteinen, die mit unterschiedlichen Farben und Mustern bedruckt sind, 6er Reihe aneinandergelegt werden. Und zwar gut \u00fcberlegt und kombiniert. Denn Vorsicht &#8211; wer den f\u00fcnften Stein legt, verhilft dem Nachbarn zu einem Qwirkle und damit zu 12 Punkten.<img loading=\"lazy\" decoding=\"async\" class=\"alignleft wp-image-3312\" src=\"https:\/\/lefthander-consulting.org\/deutsch\/wp-content\/uploads\/2019\/02\/Qwirkle_Tobias-1-August-2012-Foto-Sattler-300x200.jpg\" alt=\"\" width=\"263\" height=\"175\" srcset=\"https:\/\/lefthander-consulting.org\/deutsch\/wp-content\/uploads\/2019\/02\/Qwirkle_Tobias-1-August-2012-Foto-Sattler-300x200.jpg 300w, https:\/\/lefthander-consulting.org\/deutsch\/wp-content\/uploads\/2019\/02\/Qwirkle_Tobias-1-August-2012-Foto-Sattler-768x512.jpg 768w, https:\/\/lefthander-consulting.org\/deutsch\/wp-content\/uploads\/2019\/02\/Qwirkle_Tobias-1-August-2012-Foto-Sattler-1024x683.jpg 1024w\" sizes=\"auto, (max-width: 263px) 100vw, 263px\" \/><\/p>\n<p>Durch die quadratische Form der Spielsteine und den mittigen Aufdruck der Farben und Formen ist Qwirkle f\u00fcr Linksh\u00e4nder und Rechtsh\u00e4nder gleicherma\u00dfen gut geeignet. Die Spielsteine werden senkrecht und waagerecht sowie links und rechts nebeneinander angelegt. Lediglich \u00fcber die Spielrichtung muss vor Spielbeginn Einigung erzielt werden.<\/p>\n<p>&nbsp;<\/p>\n<p style=\"text-align: center\"><span style=\"font-size: 14pt\">Deshalb verleihen wir der <strong>Firma Schmidt Spiele GmbH<\/strong><\/span><br \/>\n<span style=\"font-size: 14pt\">f\u00fcr ihr Strategiespiel <em>Qwirkle <\/em>die Auszeichnung<\/span><\/p>\n<p style=\"text-align: center\"><span style=\"font-size: 14pt\">\u00a0<\/span><span style=\"font-size: 14pt\"><strong>Spielzeug f\u00fcr linksh\u00e4ndige Kinder im Jahr 2012<\/strong><\/span><\/p>\n<p><span style=\"font-size: 14pt\"><strong>Material<img loading=\"lazy\" decoding=\"async\" class=\"alignright wp-image-3316\" src=\"https:\/\/lefthander-consulting.org\/deutsch\/wp-content\/uploads\/2019\/02\/Qwirkle_Tobias-5-August-2012-Foto-Sattler-300x200.jpg\" alt=\"\" width=\"263\" height=\"175\" srcset=\"https:\/\/lefthander-consulting.org\/deutsch\/wp-content\/uploads\/2019\/02\/Qwirkle_Tobias-5-August-2012-Foto-Sattler-300x200.jpg 300w, https:\/\/lefthander-consulting.org\/deutsch\/wp-content\/uploads\/2019\/02\/Qwirkle_Tobias-5-August-2012-Foto-Sattler-768x512.jpg 768w, https:\/\/lefthander-consulting.org\/deutsch\/wp-content\/uploads\/2019\/02\/Qwirkle_Tobias-5-August-2012-Foto-Sattler-1024x683.jpg 1024w\" sizes=\"auto, (max-width: 263px) 100vw, 263px\" \/><br \/>\n<\/strong><\/span>Die schwarzen Holzspielsteine sind mit 6 verschiedenen Farben bedruckt. Die Spielsteine jeder Farbe sind mit 6 verschiedenen Formen bedruckt. Jeder Spielstein kommt dreimal vor, sodass Qwirkle aus 108 Spielsteinen besteht. Zu dem Spiel geh\u00f6rt au\u00dferdem ein Stoffbeutel, da die Spielsteine aus dem Beutel gezogen werden.<\/p>\n<p><span style=\"font-size: 14pt\"><strong><img loading=\"lazy\" decoding=\"async\" class=\"alignleft wp-image-3315\" src=\"https:\/\/lefthander-consulting.org\/deutsch\/wp-content\/uploads\/2019\/02\/Qwirkle_Tobias-4-August-2012-Foto-Sattler-300x200.jpg\" alt=\"\" width=\"263\" height=\"175\" srcset=\"https:\/\/lefthander-consulting.org\/deutsch\/wp-content\/uploads\/2019\/02\/Qwirkle_Tobias-4-August-2012-Foto-Sattler-300x200.jpg 300w, https:\/\/lefthander-consulting.org\/deutsch\/wp-content\/uploads\/2019\/02\/Qwirkle_Tobias-4-August-2012-Foto-Sattler-768x512.jpg 768w, https:\/\/lefthander-consulting.org\/deutsch\/wp-content\/uploads\/2019\/02\/Qwirkle_Tobias-4-August-2012-Foto-Sattler-1024x683.jpg 1024w\" sizes=\"auto, (max-width: 263px) 100vw, 263px\" \/>Alter<br \/>\n<\/strong><\/span>Das Spiel ist f\u00fcr Kinder ab dem Alter von 6 Jahren geeignet.<\/p>\n<p><span style=\"font-size: 14pt\"><strong>Das Spiel<br \/>\n<\/strong><\/span>Bei Qwirkle geht es darum, Reihen gleicher Farbe oder gleicher Form zu bilden und zu erweitern. Dabei darf die Farbe oder<br \/>\ndie Form in jeder Reihe nur einmal vorkommen.<img loading=\"lazy\" decoding=\"async\" class=\"alignright wp-image-3318\" src=\"https:\/\/lefthander-consulting.org\/deutsch\/wp-content\/uploads\/2019\/02\/Qwirkle_Tobias-8-August-2012-Foto-Sattler-300x200.jpg\" alt=\"\" width=\"263\" height=\"175\" srcset=\"https:\/\/lefthander-consulting.org\/deutsch\/wp-content\/uploads\/2019\/02\/Qwirkle_Tobias-8-August-2012-Foto-Sattler-300x200.jpg 300w, https:\/\/lefthander-consulting.org\/deutsch\/wp-content\/uploads\/2019\/02\/Qwirkle_Tobias-8-August-2012-Foto-Sattler-768x512.jpg 768w, https:\/\/lefthander-consulting.org\/deutsch\/wp-content\/uploads\/2019\/02\/Qwirkle_Tobias-8-August-2012-Foto-Sattler-1024x683.jpg 1024w\" sizes=\"auto, (max-width: 263px) 100vw, 263px\" \/><br \/>\nDas gelbe Quadrat zum Beispiel darf in einer Reihe mit Quadraten nur einmal gelegt werden sowie in einer Reihe mit gelben<br \/>\nFormen nur einmal vorkommen. Neue Reihen k\u00f6nnen jederzeit gebildet werden, sie m\u00fcssen jedoch eine direkte <img loading=\"lazy\" decoding=\"async\" class=\"alignleft wp-image-3317\" src=\"https:\/\/lefthander-consulting.org\/deutsch\/wp-content\/uploads\/2019\/02\/Qwirkle_Tobias-7-August-2012-Foto-Sattler-300x200.jpg\" alt=\"\" width=\"263\" height=\"175\" srcset=\"https:\/\/lefthander-consulting.org\/deutsch\/wp-content\/uploads\/2019\/02\/Qwirkle_Tobias-7-August-2012-Foto-Sattler-300x200.jpg 300w, https:\/\/lefthander-consulting.org\/deutsch\/wp-content\/uploads\/2019\/02\/Qwirkle_Tobias-7-August-2012-Foto-Sattler-768x512.jpg 768w, https:\/\/lefthander-consulting.org\/deutsch\/wp-content\/uploads\/2019\/02\/Qwirkle_Tobias-7-August-2012-Foto-Sattler-1024x683.jpg 1024w\" sizes=\"auto, (max-width: 263px) 100vw, 263px\" \/>Verbindung zu bereits abgelegten Steinen haben. Jeder abgelegte Stein bringt Punkte und das Vervollst\u00e4ndigen einer 6er-Reihe ist ein Qwirkle. Gewonnen hat, wer am Ende die meisten Punkte erzielt hat.<\/p>\n<p><strong><span style=\"font-size: 14pt\">Die Besonderheiten von Qwirkle<\/span><img loading=\"lazy\" decoding=\"async\" class=\"alignright wp-image-3319\" src=\"https:\/\/lefthander-consulting.org\/deutsch\/wp-content\/uploads\/2019\/02\/Qwirkle_Tobias-9-August-2012-Foto-Sattler-300x200.jpg\" alt=\"\" width=\"263\" height=\"175\" srcset=\"https:\/\/lefthander-consulting.org\/deutsch\/wp-content\/uploads\/2019\/02\/Qwirkle_Tobias-9-August-2012-Foto-Sattler-300x200.jpg 300w, https:\/\/lefthander-consulting.org\/deutsch\/wp-content\/uploads\/2019\/02\/Qwirkle_Tobias-9-August-2012-Foto-Sattler-768x512.jpg 768w, https:\/\/lefthander-consulting.org\/deutsch\/wp-content\/uploads\/2019\/02\/Qwirkle_Tobias-9-August-2012-Foto-Sattler-1024x683.jpg 1024w\" sizes=\"auto, (max-width: 263px) 100vw, 263px\" \/><br \/>\n<\/strong>Das Spiel f\u00f6rdert das strategische Denken, die Konzentration und die Kombinationsf\u00e4higkeit. Ebenso die mathematischen F\u00e4higkeiten, da jeder abgelegte<br \/>\nSpielstein, je nachdem wo er angelegt wird, unterschiedlich viele Punkte bringen kann. Sehr positiv ist weiter zu vermerken, dass das Spiel auch eine <img loading=\"lazy\" decoding=\"async\" class=\"alignleft wp-image-3320\" src=\"https:\/\/lefthander-consulting.org\/deutsch\/wp-content\/uploads\/2019\/02\/Qwirkle_Tobias-10-August-2012-Foto-Sattler-300x200.jpg\" alt=\"\" width=\"263\" height=\"175\" srcset=\"https:\/\/lefthander-consulting.org\/deutsch\/wp-content\/uploads\/2019\/02\/Qwirkle_Tobias-10-August-2012-Foto-Sattler-300x200.jpg 300w, https:\/\/lefthander-consulting.org\/deutsch\/wp-content\/uploads\/2019\/02\/Qwirkle_Tobias-10-August-2012-Foto-Sattler-768x512.jpg 768w, https:\/\/lefthander-consulting.org\/deutsch\/wp-content\/uploads\/2019\/02\/Qwirkle_Tobias-10-August-2012-Foto-Sattler-1024x683.jpg 1024w\" sizes=\"auto, (max-width: 263px) 100vw, 263px\" \/>gewisse Ordnung im Vorausplanen von Handlungen ein\u00fcbt und die Orientierung auf der Fl\u00e4che und das Bilden von Reihenfolgen. Qwirkle wurde als <em>Spiel des Jahres 2011<\/em> ausgezeichnet.<img loading=\"lazy\" decoding=\"async\" class=\"alignright wp-image-3313\" src=\"https:\/\/lefthander-consulting.org\/deutsch\/wp-content\/uploads\/2019\/02\/Qwirkle_Tobias-2-August-2012-Foto-Sattler-300x200.jpg\" alt=\"\" width=\"263\" height=\"175\" srcset=\"https:\/\/lefthander-consulting.org\/deutsch\/wp-content\/uploads\/2019\/02\/Qwirkle_Tobias-2-August-2012-Foto-Sattler-300x200.jpg 300w, https:\/\/lefthander-consulting.org\/deutsch\/wp-content\/uploads\/2019\/02\/Qwirkle_Tobias-2-August-2012-Foto-Sattler-768x512.jpg 768w, https:\/\/lefthander-consulting.org\/deutsch\/wp-content\/uploads\/2019\/02\/Qwirkle_Tobias-2-August-2012-Foto-Sattler-1024x683.jpg 1024w\" sizes=\"auto, (max-width: 263px) 100vw, 263px\" \/><\/p>\n<p><span style=\"font-size: 12pt\"><em>Fazit: <\/em>Q<\/span>wirkle ist ein sehr sch\u00f6nes Gesellschaftsspiel, welches ab 6 Jahren und mit 2 bis 4 Personen gespielt werden kann. Die vielen Kombinationsm\u00f6glichkeiten beim Auslegen der Spielsteine machen Qwirkle immer wieder spannend und interessant.<\/p>\n<p><strong>\u00a0<\/strong><span style=\"font-size: 14pt\"><strong>Adresse:<br \/>\n<\/strong><\/span> Schmidt Spiele GmbH, Postfach 470437, 12313 Berlin<br \/>\n<a href=\"http:\/\/www.schmidtspiele.de\/\">www.schmidtspiele.de\/<\/a>, E-mail: <a href=\"mailto:info@schmidtspiele.de\">mailto:info@schmidtspiele.de<\/a><\/p>\n<p><strong>Fotos: Dr. Johanna Barbara Sattler<\/strong> und Tobias<\/p>\n<p>Die Idee f\u00fcr die Pr\u00e4mierung stammt von <strong>Isabel Ravli<\/strong><strong>\u0107<\/strong> im Rahmen der Zusatzausbildung zur S-MH Linksh\u00e4nder-Beraterin. Den <strong>Text<\/strong> hat <strong>Britta Dehn<\/strong>, zertifizierte Linksh\u00e4nderberaterin nach der Methodik von Dr. Sattler, f\u00fcr die Pr\u00e4mierung erarbeitet.<\/p>\n","protected":false},"excerpt":{"rendered":"<p>&nbsp; &nbsp; Erste deutsche Beratungs- und Informationsstelle f\u00fcr Linksh\u00e4nder und umgeschulte Linksh\u00e4nder e.V. Sendlinger Str. 17 80331 M\u00fcnchen Tel.\/Fax 089 \/ 26 86 14 &nbsp; &nbsp; Begr\u00fcndung der Auszeichnung Spielzeug f\u00fcr linksh\u00e4ndige Kinder des Jahres 2012 an das Strategiespiel Qwirkle\u00a0 der Firma Schmidt Spiele GmbH Das Spiel Qwirkle von der Autorin Susan McKinley Ross ist ein Strategiespiel, welches an eine Kombination aus den Spielen Domino und Sudoku erinnert. Bei Qwirkle m\u00fcssen aus schwarzen Holzspielsteinen, die mit unterschiedlichen Farben und Mustern bedruckt sind, 6er Reihe aneinandergelegt werden. Und zwar gut \u00fcberlegt und kombiniert. Denn Vorsicht &#8211; wer den f\u00fcnften Stein legt, verhilft dem Nachbarn zu einem Qwirkle und damit zu 12 Punkten. Durch die quadratische Form der Spielsteine und den mittigen Aufdruck der Farben und Formen ist Qwirkle f\u00fcr Linksh\u00e4nder und Rechtsh\u00e4nder gleicherma\u00dfen gut geeignet. Die Spielsteine werden senkrecht und waagerecht sowie links und rechts nebeneinander angelegt. Lediglich \u00fcber die Spielrichtung muss vor Spielbeginn Einigung &#8230; <a title=\"Spielzeugbegr\u00fcndung 2012 &#8211; Qwirkle\" class=\"read-more\" href=\"https:\/\/lefthander-consulting.org\/deutsch\/information\/kindergartenalter\/spielzeug-fuer-linkshaendige-kinder\/auszeichnung-2002-2013\/spielzeugbegruendung-2012\/spielzeugbegruendung-qwirkle\/\" aria-label=\"Mehr Informationen \u00fcber Spielzeugbegr\u00fcndung 2012 &#8211; Qwirkle\">Read more<\/a><\/p>\n","protected":false},"author":4,"featured_media":0,"parent":3222,"menu_order":31,"comment_status":"closed","ping_status":"closed","template":"","meta":{"_cbd_carousel_blocks":"[]","footnotes":""},"class_list":["post-3232","page","type-page","status-publish"],"_links":{"self":[{"href":"https:\/\/lefthander-consulting.org\/deutsch\/wp-json\/wp\/v2\/pages\/3232","targetHints":{"allow":["GET"]}}],"collection":[{"href":"https:\/\/lefthander-consulting.org\/deutsch\/wp-json\/wp\/v2\/pages"}],"about":[{"href":"https:\/\/lefthander-consulting.org\/deutsch\/wp-json\/wp\/v2\/types\/page"}],"author":[{"embeddable":true,"href":"https:\/\/lefthander-consulting.org\/deutsch\/wp-json\/wp\/v2\/users\/4"}],"replies":[{"embeddable":true,"href":"https:\/\/lefthander-consulting.org\/deutsch\/wp-json\/wp\/v2\/comments?post=3232"}],"version-history":[{"count":29,"href":"https:\/\/lefthander-consulting.org\/deutsch\/wp-json\/wp\/v2\/pages\/3232\/revisions"}],"predecessor-version":[{"id":3340,"href":"https:\/\/lefthander-consulting.org\/deutsch\/wp-json\/wp\/v2\/pages\/3232\/revisions\/3340"}],"up":[{"embeddable":true,"href":"https:\/\/lefthander-consulting.org\/deutsch\/wp-json\/wp\/v2\/pages\/3222"}],"wp:attachment":[{"href":"https:\/\/lefthander-consulting.org\/deutsch\/wp-json\/wp\/v2\/media?parent=3232"}],"curies":[{"name":"wp","href":"https:\/\/api.w.org\/{rel}","templated":true}]}}