{"id":3230,"date":"2019-02-01T11:28:50","date_gmt":"2019-02-01T10:28:50","guid":{"rendered":"https:\/\/lefthander-consulting.org\/information\/spielzeug-fuer-linkshaendige-kinder\/auszeichnung-2002-2013\/spielzeugbegruendung-2012\/spielzeugbegruendung-matador-baukasten\/"},"modified":"2025-08-15T14:34:42","modified_gmt":"2025-08-15T12:34:42","slug":"spielzeugbegruendung-matador-baukasten","status":"publish","type":"page","link":"https:\/\/lefthander-consulting.org\/deutsch\/information\/kindergartenalter\/spielzeug-fuer-linkshaendige-kinder\/auszeichnung-2002-2013\/spielzeugbegruendung-2012\/spielzeugbegruendung-matador-baukasten\/","title":{"rendered":"Spielzeugbegr\u00fcndung 2012 &#8211; Matador Baukasten"},"content":{"rendered":"<p>&nbsp;<\/p>\n<p><strong><img loading=\"lazy\" decoding=\"async\" class=\"alignleft wp-image-2809\" src=\"https:\/\/lefthander-consulting.org\/deutsch\/wp-content\/uploads\/2019\/01\/Logo-Pr\u00e4mierung-Spielzeug-des-Jahres-300x300.jpg\" alt=\"\" width=\"250\" height=\"250\" srcset=\"https:\/\/lefthander-consulting.org\/deutsch\/wp-content\/uploads\/2019\/01\/Logo-Pr\u00e4mierung-Spielzeug-des-Jahres-300x300.jpg 300w, https:\/\/lefthander-consulting.org\/deutsch\/wp-content\/uploads\/2019\/01\/Logo-Pr\u00e4mierung-Spielzeug-des-Jahres-150x150.jpg 150w, https:\/\/lefthander-consulting.org\/deutsch\/wp-content\/uploads\/2019\/01\/Logo-Pr\u00e4mierung-Spielzeug-des-Jahres.jpg 617w\" sizes=\"auto, (max-width: 250px) 100vw, 250px\" \/><\/strong><\/p>\n<p>&nbsp;<\/p>\n<p><span style=\"font-size: 14pt\"><strong>Erste deutsche Beratungs- und Informationsstelle f\u00fcr <\/strong><\/span><br \/>\n<span style=\"font-size: 14pt\"><strong>Linksh\u00e4nder und umgeschulte Linksh\u00e4nder e.V.<\/strong><\/span><br \/>\n<span style=\"font-size: 14pt\">Sendlinger Str. 17<\/span><br \/>\n<span style=\"font-size: 14pt\">80331 M\u00fcnchen<\/span><br \/>\n<span style=\"font-size: 14pt\">Tel.\/Fax 089 \/ 26 86 14<\/span><\/p>\n<p>&nbsp;<\/p>\n<p>&nbsp;<\/p>\n<p style=\"text-align: center\"><span style=\"font-size: 14pt\">Begr\u00fcndung der Auszeichnung<\/span><\/p>\n<p style=\"text-align: center\"><span style=\"font-size: 18pt\"><strong>Spielzeug f\u00fcr linksh\u00e4ndige Kinder des Jahres 2012<\/strong><\/span><\/p>\n<p style=\"text-align: center\"><span style=\"font-size: 14pt\">an das Konstruktionsspiel Matador Baukasten<br \/>\n<\/span><\/p>\n<p style=\"text-align: center\"><span style=\"font-size: 16pt\">der Firma Matador Spielwaren GmbH<\/span><\/p>\n<p>&nbsp;<\/p>\n<p><span style=\"font-size: 14pt\"><strong>Geschichte und Entstehung<img loading=\"lazy\" decoding=\"async\" class=\"alignright size-medium wp-image-3275\" src=\"https:\/\/lefthander-consulting.org\/deutsch\/wp-content\/uploads\/2019\/02\/Matador_Bauteile-August-2012-Foto-Sattler-300x200.jpg\" alt=\"\" width=\"300\" height=\"200\" srcset=\"https:\/\/lefthander-consulting.org\/deutsch\/wp-content\/uploads\/2019\/02\/Matador_Bauteile-August-2012-Foto-Sattler-300x200.jpg 300w, https:\/\/lefthander-consulting.org\/deutsch\/wp-content\/uploads\/2019\/02\/Matador_Bauteile-August-2012-Foto-Sattler-768x512.jpg 768w, https:\/\/lefthander-consulting.org\/deutsch\/wp-content\/uploads\/2019\/02\/Matador_Bauteile-August-2012-Foto-Sattler-1024x683.jpg 1024w\" sizes=\"auto, (max-width: 300px) 100vw, 300px\" \/><br \/>\n<\/strong><\/span>Die Entstehung des Spielzeugs Matador geht auf den Eisenbahningenieur Johann Korbuly zur\u00fcck. Inspiriert von den Holzbauwerken seiner S\u00f6hne, machte er sich zur Aufgabe, eine M\u00f6glichkeit zu<br \/>\nfinden, dass diese nicht durch einen leichten Sto\u00df wie ein Kartenhaus in sich zusammenfielen. Er kam auf die Idee, in die Holzw\u00fcrfel L\u00f6cher zu bohren und diese durch Holzst\u00e4bchen zu verbinden. Dadurch war der Grundgedanke f\u00fcr den seit 1903 weltbekannt gewordenen \u201cMatadorbaukasten\u201c geboren.<\/p>\n<p><img loading=\"lazy\" decoding=\"async\" class=\"size-medium wp-image-3276 alignleft\" src=\"https:\/\/lefthander-consulting.org\/deutsch\/wp-content\/uploads\/2019\/02\/Matador_Frieda-1-August-2012-Foto-Sattler-300x200.jpg\" alt=\"\" width=\"300\" height=\"200\" srcset=\"https:\/\/lefthander-consulting.org\/deutsch\/wp-content\/uploads\/2019\/02\/Matador_Frieda-1-August-2012-Foto-Sattler-300x200.jpg 300w, https:\/\/lefthander-consulting.org\/deutsch\/wp-content\/uploads\/2019\/02\/Matador_Frieda-1-August-2012-Foto-Sattler-768x512.jpg 768w, https:\/\/lefthander-consulting.org\/deutsch\/wp-content\/uploads\/2019\/02\/Matador_Frieda-1-August-2012-Foto-Sattler-1024x683.jpg 1024w\" sizes=\"auto, (max-width: 300px) 100vw, 300px\" \/>Im Jahre 1901 lie\u00df sich Korbuly diese Idee patentieren und begann im Jahr 1903 die ersten Bauk\u00e4sten selbst herzustellen. Mit Erfolg. Es folgten Wettbewerbe und eine eigene \u201eMatadorzeitung\u201c. Der Baukasten wurde auch in Deutschland, Italien und in der Schweiz bekannt.<\/p>\n<p>Schon damals gab es verschiedene Kastengr\u00f6\u00dfen, Erg\u00e4nzungsbauk\u00e4sten und Spezialerg\u00e4nzungen, wie beispielsweise \u201eZahnr\u00e4der\u201c oder den \u201eGetriebemotor\u201c. Zum Ende des 2. Weltkrieges brannte die Fabrik ab, wurde aber bald wieder aufgebaut. 1978 wurde die Firma verkauft, der neue Inhaber erstellte ein neues Konzept, es wurden z.B. vermehrt Kunststoff anstatt Holzteile verwendet, und \u00e4nderte die Kastenzusammenstellung in ein Modellkastensystem mit dem sich nur ein Modell bauen lie\u00df. Diese Ver\u00e4nderungen wirkten sich jedoch nicht positiv auf Matador aus. Aus diesem Grund wurde die Produktion 1987 stillgelegt.<\/p>\n<p>Im November 1998 kaufte Michael Tobias die Marke und sp\u00e4ter auch die Maschinen. Familie Tobias versuchte nun das urspr\u00fcngliche Erg\u00e4nzungs-Baukastensystem wieder zu entwickeln. Grundsatz der Familie Tobias: \u201eWir sehen es als unsere Aufgabe, die Tradition, des legend\u00e4ren \u00f6sterreichischen Spielzeug weiterzuf\u00fchren und f\u00fcr die n\u00e4chste Generation zu erhalten.\u201c<\/p>\n<p>&nbsp;<\/p>\n<p><span style=\"font-size: 14pt\"><strong>Zur Begr\u00fcndung der Auszeichnung<br \/>\n<\/strong><\/span>Matodor Spielwaren ist es gelungen, f\u00fcr Kinder ab 3 Jahren einen Baukasten zu entwickeln, der Spielfreude, Spa\u00df am Konstruieren und kreative Entfaltungsm\u00f6glichkeiten schafft &#8211; kurzum einen<img loading=\"lazy\" decoding=\"async\" class=\"alignright size-medium wp-image-3279\" src=\"https:\/\/lefthander-consulting.org\/deutsch\/wp-content\/uploads\/2019\/02\/Matador_Frieda-9-August-2012-Foto-Sattler-300x200.jpg\" alt=\"\" width=\"300\" height=\"200\" srcset=\"https:\/\/lefthander-consulting.org\/deutsch\/wp-content\/uploads\/2019\/02\/Matador_Frieda-9-August-2012-Foto-Sattler-300x200.jpg 300w, https:\/\/lefthander-consulting.org\/deutsch\/wp-content\/uploads\/2019\/02\/Matador_Frieda-9-August-2012-Foto-Sattler-768x512.jpg 768w, https:\/\/lefthander-consulting.org\/deutsch\/wp-content\/uploads\/2019\/02\/Matador_Frieda-9-August-2012-Foto-Sattler-1024x683.jpg 1024w\" sizes=\"auto, (max-width: 300px) 100vw, 300px\" \/> Baukasten f\u00fcr Jung und Alt.<\/p>\n<p>Durch die Gestaltung der Bauteile und der Werkzeuge sind die Matador Bauk\u00e4sten sehr gut f\u00fcr links- und rechtsh\u00e4ndige Kinder geeignet. Die Bohrungen in den Bauteilen sind entweder mittig oder parallel links und rechts angeordnet. Durch die Steckverbindungen werden auch keine Drehrichtungen der motorischen Teile vorgegeben. Die Werkzeuge (Hammer, Durchdruckstift und Ausziehhilfe) sind seitengleich gearbeitet.<\/p>\n<p>Die Spielm\u00f6glichkeiten sind h\u00e4ndigkeitsneutral und es werden weder linksh\u00e4ndige noch rechtsh\u00e4ndige Kinder bevorzugt.<\/p>\n<p>&nbsp;<\/p>\n<p style=\"text-align: center\"><span style=\"font-size: 14pt\">Deshalb verleihen wir der <strong>Firma Matador Spielwaren GmbH<\/strong><\/span><br \/>\n<span style=\"font-size: 14pt\">f\u00fcr ihr Konstruktionsspiel <em>Matador Baukasten <\/em>die Auszeichnung<\/span><\/p>\n<p style=\"text-align: center\"><span style=\"font-size: 14pt\"><strong>Spielzeug f\u00fcr linksh\u00e4ndige Kinder im Jahr 2012.<\/strong><\/span><\/p>\n<p><strong>\u00a0<\/strong><\/p>\n<p><span style=\"font-size: 14pt\"><strong><img loading=\"lazy\" decoding=\"async\" class=\"alignleft wp-image-3277\" src=\"https:\/\/lefthander-consulting.org\/deutsch\/wp-content\/uploads\/2019\/02\/Matador_Frieda-5-August-2012-Foto-Sattler-e1549020260466-200x300.jpg\" alt=\"\" width=\"180\" height=\"270\" srcset=\"https:\/\/lefthander-consulting.org\/deutsch\/wp-content\/uploads\/2019\/02\/Matador_Frieda-5-August-2012-Foto-Sattler-e1549020260466-200x300.jpg 200w, https:\/\/lefthander-consulting.org\/deutsch\/wp-content\/uploads\/2019\/02\/Matador_Frieda-5-August-2012-Foto-Sattler-e1549020260466-768x1152.jpg 768w, https:\/\/lefthander-consulting.org\/deutsch\/wp-content\/uploads\/2019\/02\/Matador_Frieda-5-August-2012-Foto-Sattler-e1549020260466-683x1024.jpg 683w, https:\/\/lefthander-consulting.org\/deutsch\/wp-content\/uploads\/2019\/02\/Matador_Frieda-5-August-2012-Foto-Sattler-e1549020260466.jpg 1424w\" sizes=\"auto, (max-width: 180px) 100vw, 180px\" \/>Spielmaterial<br \/>\n<\/strong><\/span>Jeder Baukasten enth\u00e4lt verschiedene Holzteile (Kl\u00f6tze, Scheiben, etc.) aus Rotbuchenholz, die mit speziellen Bohrungen (Matador- Lochbausteinsystem) versehen sind. Die Holzteile werden mit Verbindungsst\u00e4ben in unterschiedlichen L\u00e4ngen und Ausf\u00fchrungen miteinander verbunden. Als Werkzeug ist dem Baukasten jeweils ein Holzhammer beigef\u00fcgt, damit die Holzteile stabil mit den Verbindungsst\u00e4ben verbunden werden k\u00f6nnen. Zur sp\u00e4teren Demontage bzw. f\u00fcr Ver\u00e4nderungen beim Konstruieren sind ein Durchdruckstift (Durchsto\u00dfer) und eine Rausziehhilfe (Zieher) f\u00fcr die Verbindungsst\u00e4be ebenfalls im Baukasten enthalten.<\/p>\n<p>Erg\u00e4nzt werden die Holzteile und die Verbindungsst\u00e4be durch Metallh\u00fclsen, Wellenverbindungen und Distanzst\u00fccke, um ein Konstruieren von Autos, Windm\u00fchlen, Traktoren, Flugzeugen, etc. mit mechanischen Abl\u00e4ufen zu erm\u00f6glichen.<img loading=\"lazy\" decoding=\"async\" class=\"alignright size-medium wp-image-3278\" src=\"https:\/\/lefthander-consulting.org\/deutsch\/wp-content\/uploads\/2019\/02\/Matador_Frieda-6-August-2012-Foto-Sattler-300x200.jpg\" alt=\"\" width=\"300\" height=\"200\" srcset=\"https:\/\/lefthander-consulting.org\/deutsch\/wp-content\/uploads\/2019\/02\/Matador_Frieda-6-August-2012-Foto-Sattler-300x200.jpg 300w, https:\/\/lefthander-consulting.org\/deutsch\/wp-content\/uploads\/2019\/02\/Matador_Frieda-6-August-2012-Foto-Sattler-768x512.jpg 768w, https:\/\/lefthander-consulting.org\/deutsch\/wp-content\/uploads\/2019\/02\/Matador_Frieda-6-August-2012-Foto-Sattler-1024x683.jpg 1024w\" sizes=\"auto, (max-width: 300px) 100vw, 300px\" \/><\/p>\n<p>Gebaut wird entweder nach der eigenen Phantasie und Kreativit\u00e4t oder mit Hilfe einer der zahlreichen Bauanleitungen, die man auch aus dem Internet als pdf-Datei herunterladen kann.<\/p>\n<p><span style=\"font-size: 14pt\"><strong>Alter<br \/>\n<\/strong><\/span>Der Baukasten ist f\u00fcr Kinder ab dem Alter von 3 Jahren (Baukastensatz <em>Matador Ki 3 &#8211; Mit meinem Hammer baue ich mir meine eigene Welt)<\/em> bzw. ab 5 Jahre (Baukastensatz <em>Matador-Klassik<\/em> &#8211; <em>Alles dreht sich und bewegt sich)<\/em> geeignet.<\/p>\n<p>Nachweislich tr\u00e4umen noch M\u00e4nner in gestandenem Alter von diesem Baukasten und holen ihn vom Dachboden herunter, um dem Kind im Manne wieder Seelennahrung zu geben.<\/p>\n<p><span style=\"font-size: 14pt\"><strong>Kinder lernen, weil sie spielen, aber spielen nicht um zu lernen<br \/>\n<\/strong><\/span>Dies ist ein Leitsatz der Firma Matador Spielwaren und verdeutlicht, wie wichtig der Firma gutes, durchdachtes und konstruktives Spielzeug ist.<\/p>\n<p>Und Kinder lernen spielerisch sehr viel mit dem Matador Baukasten. Sie erweitern ihre r\u00e4umlichen-konstruktiven F\u00e4higkeiten, erwerben technische Kenntnisse, planen Abl\u00e4ufe und verbessern <img loading=\"lazy\" decoding=\"async\" class=\"alignright size-medium wp-image-3281\" src=\"https:\/\/lefthander-consulting.org\/deutsch\/wp-content\/uploads\/2019\/02\/Matador_Frieda-12-August-2012-Foto-Sattler-300x200.jpg\" alt=\"\" width=\"300\" height=\"200\" srcset=\"https:\/\/lefthander-consulting.org\/deutsch\/wp-content\/uploads\/2019\/02\/Matador_Frieda-12-August-2012-Foto-Sattler-300x200.jpg 300w, https:\/\/lefthander-consulting.org\/deutsch\/wp-content\/uploads\/2019\/02\/Matador_Frieda-12-August-2012-Foto-Sattler-768x512.jpg 768w, https:\/\/lefthander-consulting.org\/deutsch\/wp-content\/uploads\/2019\/02\/Matador_Frieda-12-August-2012-Foto-Sattler-1024x683.jpg 1024w\" sizes=\"auto, (max-width: 300px) 100vw, 300px\" \/>ihre motorischen F\u00e4higkeiten. Ebenso werden die Hand-Hand und die Auge-Hand-Koordination gef\u00f6rdert. Nicht zu vergessen die Anregung der Phantasie, Kreativit\u00e4t, Ausdauer und Konzentration.<\/p>\n<p><span style=\"font-size: 14pt\"><strong>Ein Baukasten \u2013 viele Bauk\u00e4sten<br \/>\n<\/strong><\/span>Matador Spielwaren bietet seine Bauk\u00e4sten f\u00fcr Kinder in den ganz unterschiedlichen Ausf\u00fchrungen an. Es gibt Einstiegs-, Basis-, Erweiterungs-, Modell- und Zubeh\u00f6rk\u00e4sten. Bereits mit den Einstiegs- und Basisk\u00e4sten ist ein vielf\u00e4ltiges, lebendiges und kreatives Bauen m\u00f6glich.<\/p>\n<p><img loading=\"lazy\" decoding=\"async\" class=\"size-medium wp-image-3280 alignleft\" src=\"https:\/\/lefthander-consulting.org\/deutsch\/wp-content\/uploads\/2019\/02\/Matador_Frieda-11-August-2012-Foto-Sattler-300x200.jpg\" alt=\"\" width=\"300\" height=\"200\" srcset=\"https:\/\/lefthander-consulting.org\/deutsch\/wp-content\/uploads\/2019\/02\/Matador_Frieda-11-August-2012-Foto-Sattler-300x200.jpg 300w, https:\/\/lefthander-consulting.org\/deutsch\/wp-content\/uploads\/2019\/02\/Matador_Frieda-11-August-2012-Foto-Sattler-768x512.jpg 768w, https:\/\/lefthander-consulting.org\/deutsch\/wp-content\/uploads\/2019\/02\/Matador_Frieda-11-August-2012-Foto-Sattler-1024x683.jpg 1024w\" sizes=\"auto, (max-width: 300px) 100vw, 300px\" \/>\u00a0\u00a0\u00a0\u00a0\u00a0<img loading=\"lazy\" decoding=\"async\" class=\"size-medium wp-image-3273 alignnone\" src=\"https:\/\/lefthander-consulting.org\/deutsch\/wp-content\/uploads\/2019\/02\/Matador-12-August-2012-Foto-Ahrens-200x300.jpg\" alt=\"\" width=\"200\" height=\"300\" srcset=\"https:\/\/lefthander-consulting.org\/deutsch\/wp-content\/uploads\/2019\/02\/Matador-12-August-2012-Foto-Ahrens-200x300.jpg 200w, https:\/\/lefthander-consulting.org\/deutsch\/wp-content\/uploads\/2019\/02\/Matador-12-August-2012-Foto-Ahrens-768x1152.jpg 768w, https:\/\/lefthander-consulting.org\/deutsch\/wp-content\/uploads\/2019\/02\/Matador-12-August-2012-Foto-Ahrens-683x1024.jpg 683w, https:\/\/lefthander-consulting.org\/deutsch\/wp-content\/uploads\/2019\/02\/Matador-12-August-2012-Foto-Ahrens.jpg 1200w\" sizes=\"auto, (max-width: 200px) 100vw, 200px\" \/>\u00a0\u00a0\u00a0\u00a0\u00a0\u00a0\u00a0\u00a0\u00a0\u00a0\u00a0\u00a0\u00a0\u00a0\u00a0\u00a0\u00a0\u00a0\u00a0\u00a0\u00a0\u00a0\u00a0\u00a0\u00a0\u00a0\u00a0\u00a0\u00a0\u00a0\u00a0\u00a0\u00a0\u00a0\u00a0\u00a0\u00a0\u00a0<img loading=\"lazy\" decoding=\"async\" class=\"size-medium wp-image-3274 alignleft\" src=\"https:\/\/lefthander-consulting.org\/deutsch\/wp-content\/uploads\/2019\/02\/Matador-13-August-2012-Foto-Ahrens-300x225.jpg\" alt=\"\" width=\"300\" height=\"225\" srcset=\"https:\/\/lefthander-consulting.org\/deutsch\/wp-content\/uploads\/2019\/02\/Matador-13-August-2012-Foto-Ahrens-300x225.jpg 300w, https:\/\/lefthander-consulting.org\/deutsch\/wp-content\/uploads\/2019\/02\/Matador-13-August-2012-Foto-Ahrens-768x576.jpg 768w, https:\/\/lefthander-consulting.org\/deutsch\/wp-content\/uploads\/2019\/02\/Matador-13-August-2012-Foto-Ahrens-1024x768.jpg 1024w, https:\/\/lefthander-consulting.org\/deutsch\/wp-content\/uploads\/2019\/02\/Matador-13-August-2012-Foto-Ahrens.jpg 1600w\" sizes=\"auto, (max-width: 300px) 100vw, 300px\" \/><\/p>\n<p><em>Fazit: <\/em>Kinder lieben Werkzeug und diesem Bed\u00fcrfnis wird auf eine sch\u00f6ne und ansprechende Weise nachgekommen. Die Matador Bauk\u00e4sten sind ein tolles Spielzeug \u2013 nicht nur f\u00fcr Kinder.<\/p>\n<p><span style=\"font-size: 14pt\"><strong>Adresse:<br \/>\n<\/strong><\/span>Matador Spielwaren GmbH, Mamauer Kellerweg 2, A-3100 St. P\u00f6lten, \u00d6sterreich,<br \/>\n<a href=\"http:\/\/www.matador.at\/\">www.matador.at<\/a>, E-mail: matador@matador.at<\/p>\n<p><strong>Fotos: Dr. Johanna Barbara Sattler<\/strong>, Frieda und Finlay und <strong>Nicole Ahrens<\/strong><\/p>\n<p>Der Text stammt zum Teil aus einer Seminararbeit von <strong>Nicole Ahrens <\/strong>im Rahmen der Zusatzausbildung zur S-MH Linksh\u00e4nder-Beraterin und aus den Ausarbeitungen von <strong>Britta Dehn<\/strong>, zertifizierte Linksh\u00e4nderberaterin nach der Methodik von Dr. Sattler, f\u00fcr die Pr\u00e4mierung.<\/p>\n<p>&nbsp;<\/p>\n","protected":false},"excerpt":{"rendered":"<p>&nbsp; &nbsp; Erste deutsche Beratungs- und Informationsstelle f\u00fcr Linksh\u00e4nder und umgeschulte Linksh\u00e4nder e.V. Sendlinger Str. 17 80331 M\u00fcnchen Tel.\/Fax 089 \/ 26 86 14 &nbsp; &nbsp; Begr\u00fcndung der Auszeichnung Spielzeug f\u00fcr linksh\u00e4ndige Kinder des Jahres 2012 an das Konstruktionsspiel Matador Baukasten der Firma Matador Spielwaren GmbH &nbsp; Geschichte und Entstehung Die Entstehung des Spielzeugs Matador geht auf den Eisenbahningenieur Johann Korbuly zur\u00fcck. Inspiriert von den Holzbauwerken seiner S\u00f6hne, machte er sich zur Aufgabe, eine M\u00f6glichkeit zu finden, dass diese nicht durch einen leichten Sto\u00df wie ein Kartenhaus in sich zusammenfielen. Er kam auf die Idee, in die Holzw\u00fcrfel L\u00f6cher zu bohren und diese durch Holzst\u00e4bchen zu verbinden. Dadurch war der Grundgedanke f\u00fcr den seit 1903 weltbekannt gewordenen \u201cMatadorbaukasten\u201c geboren. Im Jahre 1901 lie\u00df sich Korbuly diese Idee patentieren und begann im Jahr 1903 die ersten Bauk\u00e4sten selbst herzustellen. Mit Erfolg. Es folgten Wettbewerbe und eine eigene \u201eMatadorzeitung\u201c. Der Baukasten wurde auch in Deutschland, Italien &#8230; <a title=\"Spielzeugbegr\u00fcndung 2012 &#8211; Matador Baukasten\" class=\"read-more\" href=\"https:\/\/lefthander-consulting.org\/deutsch\/information\/kindergartenalter\/spielzeug-fuer-linkshaendige-kinder\/auszeichnung-2002-2013\/spielzeugbegruendung-2012\/spielzeugbegruendung-matador-baukasten\/\" aria-label=\"Mehr Informationen \u00fcber Spielzeugbegr\u00fcndung 2012 &#8211; Matador Baukasten\">Read more<\/a><\/p>\n","protected":false},"author":4,"featured_media":0,"parent":3222,"menu_order":30,"comment_status":"closed","ping_status":"closed","template":"","meta":{"_cbd_carousel_blocks":"[]","footnotes":""},"class_list":["post-3230","page","type-page","status-publish"],"_links":{"self":[{"href":"https:\/\/lefthander-consulting.org\/deutsch\/wp-json\/wp\/v2\/pages\/3230","targetHints":{"allow":["GET"]}}],"collection":[{"href":"https:\/\/lefthander-consulting.org\/deutsch\/wp-json\/wp\/v2\/pages"}],"about":[{"href":"https:\/\/lefthander-consulting.org\/deutsch\/wp-json\/wp\/v2\/types\/page"}],"author":[{"embeddable":true,"href":"https:\/\/lefthander-consulting.org\/deutsch\/wp-json\/wp\/v2\/users\/4"}],"replies":[{"embeddable":true,"href":"https:\/\/lefthander-consulting.org\/deutsch\/wp-json\/wp\/v2\/comments?post=3230"}],"version-history":[{"count":27,"href":"https:\/\/lefthander-consulting.org\/deutsch\/wp-json\/wp\/v2\/pages\/3230\/revisions"}],"predecessor-version":[{"id":3307,"href":"https:\/\/lefthander-consulting.org\/deutsch\/wp-json\/wp\/v2\/pages\/3230\/revisions\/3307"}],"up":[{"embeddable":true,"href":"https:\/\/lefthander-consulting.org\/deutsch\/wp-json\/wp\/v2\/pages\/3222"}],"wp:attachment":[{"href":"https:\/\/lefthander-consulting.org\/deutsch\/wp-json\/wp\/v2\/media?parent=3230"}],"curies":[{"name":"wp","href":"https:\/\/api.w.org\/{rel}","templated":true}]}}